{"id":460,"date":"2011-03-14T05:08:22","date_gmt":"2011-03-14T05:08:22","guid":{"rendered":"http:\/\/yachtcharter-connection.com.w01e47c6.kasserver.com\/yachtcharter-panama\/"},"modified":"2018-02-23T17:23:32","modified_gmt":"2018-02-23T15:23:32","slug":"yachtcharter-panama","status":"publish","type":"page","link":"https:\/\/yachtcharter-connection.com\/de\/land\/yachtcharter-panama\/","title":{"rendered":"Panama"},"content":{"rendered":"<h1><strong>Yachtcharter Panama<\/strong><\/h1>\n<p>Das Land Panama in Mittelamerika ist unter Seglern vor allem f\u00fcr den Panama-Kanal bekannt, der das Karibische Meer \/ den Atlantischen Ozean mit dem Pazifik verbindet. Panama bietet aber auch spannende Cruising-Reviere: F\u00fcr Luxusmotoryacht-Charter ist schon die Gegend um Panama City eine Reise wert &#8211; fantastische exotische Destinationen f\u00fcr einen Segelurlaub sind sowohl das Traumrevier San Blas Archipel an der karibischen K\u00fcste und das Las Perlas Archipel auf der pazifischen Seite.<\/p>\n<h2><strong>Yachtcharter San Blas Archipel &#8211; Katamarane und Segelyachten mit Crew<\/strong><\/h2>\n<p><a href=\"https:\/\/yachtcharter-connection.com\/wp-content\/uploads\/2014\/05\/2018San-Blas-Islands-Cat-Air-800.jpg\"><img loading=\"lazy\" class=\"alignleft size-full wp-image-26023\" src=\"https:\/\/yachtcharter-connection.com\/wp-content\/uploads\/2014\/05\/2018San-Blas-Islands-Cat-Air-800.jpg\" alt=\"Alquiler barcos Islas San Blas\" width=\"600\" height=\"445\" srcset=\"https:\/\/yachtcharter-connection.com\/wp-content\/uploads\/2014\/05\/2018San-Blas-Islands-Cat-Air-800.jpg 600w, https:\/\/yachtcharter-connection.com\/wp-content\/uploads\/2014\/05\/2018San-Blas-Islands-Cat-Air-800-300x223.jpg 300w\" sizes=\"(max-width: 600px) 100vw, 600px\" \/><\/a>Das beliebteste und spektakul\u00e4rste Segelrevier sind die San Blas Inseln &#8211; rund 365 wundersch\u00f6ne Inseln in t\u00fcrkisfarbenem Wasser mit wei\u00dfen Str\u00e4nden und Kokospalmen. Bareboat-Yachtcharter ist in diesem gesch\u00fctzten Bereich nicht erlaubt. F\u00fcr Yachtcharter-Urlaube stehen Katamarane und Segelyachten mit Crew zur Verf\u00fcgung &#8211; cruisen wie im Paradies.<\/p>\n<p>Das Archipel wird autonom von den Guna (Kuna-Indianern) regiert, um ihre traditionelle Lebensweise zu sch\u00fctzen und die wundersch\u00f6ne Natur zu erhalten. Sie leben schon seit Jahrhunderten in &#8220;Guna Yala&#8221;, wie sie die Inselgruppe in ihrer eigenen Sprache nennen. Seit 1938, nach der Guna-Revolution gegen die Versuche der panamaischen Regierung, die westliche Zivilisation einzuf\u00fchren, einschlie\u00dflich der Verbannung der lokalen Sprache und Traditionen, haben sie fast volle Autonomie erlangt und regieren ihr eigenes Territorium.<\/p>\n<p>In diesem gesch\u00fctzten Bereich ist die unber\u00fchrte Natur noch gut erhalten:\u00a0 In der umliegende Bergkette von San Blas gibt es noch immer Urw\u00e4lder, Fl\u00fcsse wie Rio Diablo und Rio Manglar laden zum Kajakfahren ein. Sie k\u00f6nnen Tukane, Seeadler oder Reiher, Klammeraffen und mehr wilde Tiere w\u00e4hrend Ihres Aufenthalts sehen. Nur etwa 10 Prozent der Inseln sind bewohnt, auf den anderen leben nur wenige Familien eher isoliert.<\/p>\n<p>Yachtcharter-Touristen k\u00f6nnen die Kultur der Kuna Indianer erleben, schwimmen und Wassersportarten wie Schnorcheln, Angeln, Tauchen, Kajaks oder Paddelboards ausprobieren, die Inseln erkunden, andere Boote auf einem der Ankerpl\u00e4tze treffen oder einsam in einer kleinen Bucht vor Anker entspannen. Sie werden k\u00f6stliche Mahlzeiten an Bord mit Meeresfr\u00fcchten genie\u00dfen: der Catch of the Day mit verschiedenen Fischarten, frischem Hummer oder Riesenkrabben, tropischen Fr\u00fcchten oder auch ausgezeichnetem Fleisch, das aus Panama City importiert wird.<\/p>\n<h2><strong>Das Segelrevier im San Blas Archipel<\/strong><\/h2>\n<p><a href=\"https:\/\/yachtcharter-connection.com\/wp-content\/uploads\/2014\/05\/2018San-Blas-Kuna-boat-800.jpg\"><img loading=\"lazy\" class=\"alignleft size-full wp-image-26024\" src=\"https:\/\/yachtcharter-connection.com\/wp-content\/uploads\/2014\/05\/2018San-Blas-Kuna-boat-800.jpg\" alt=\"San Blas Segelrevier\" width=\"600\" height=\"444\" srcset=\"https:\/\/yachtcharter-connection.com\/wp-content\/uploads\/2014\/05\/2018San-Blas-Kuna-boat-800.jpg 600w, https:\/\/yachtcharter-connection.com\/wp-content\/uploads\/2014\/05\/2018San-Blas-Kuna-boat-800-300x222.jpg 300w\" sizes=\"(max-width: 600px) 100vw, 600px\" \/><\/a>Die beste Gegend zum Cruisen befindet sich zwischen Porvenir und Rio Diablo (Corazon de Jesus) mit ruhigen Gew\u00e4ssern, gesch\u00fctzt durch Riffe.<\/p>\n<p>Die Cayos Chichime befinden sich im Norden von Carti, wo San Blas beginnt, ideal f\u00fcr einen mehrt\u00e4gigen Kurzurlaub. Cayos Coco Bandero besteht aus sehr kleinen, eher idyllischen Inseln im Nordwesten von Isla Verde. Sie bieten einen der besten Ankerpl\u00e4tze, gesch\u00fctzt durch eine \u00e4u\u00dferes Korallenriff, das etwa 4 Meilen lang ist.<\/p>\n<p>Im n\u00f6rdlichen Teil des Archipels von San Blas sind die Cayos Holandes, eine Gruppe von 21 unbewohnten Inseln, sogar durch ein 7 Meilen langes Barriereriff gesch\u00fctzt. Ziemlich weit weg von der K\u00fcste des Festlandes sind die Gew\u00e4sser hier unglaublich klar.<\/p>\n<p>Die Reiserouten f\u00fcr den Urlaub an Bord in San Blas sind nat\u00fcrlich flexibel &#8211; Details werden mit dem Kapit\u00e4n besprochen und sind abh\u00e4ngig von der Dauer der Charter und den Vorlieben der G\u00e4ste.<\/p>\n<p>Mehr <span style=\"color: #003366;\"><strong><a style=\"color: #003366;\" href=\"https:\/\/yachtcharter-connection.com\/de\/segeln-san-blas-impressionen\/\" target=\"_blank\">Fotos finden Sie hier in der Bildergalerie.<\/a><\/strong><\/span><\/p>\n<h3><strong>Yachtcharter San Blas Islands &#8211; das Klima<\/strong><\/h3>\n<p>Panama ist vor Hurrikanen gesch\u00fctzt, Chartert\u00f6rns sind das ganze Jahr \u00fcber m\u00f6glich. Hochsaison im San Blas Archipel ist von Dezember bis April: bei regelm\u00e4ssigen Winden und wenig oder gar keinem Regen die ideale Jahreszeit f\u00fcr passionierte Segler. In der Nebensaison von Mai bis November sind die Winde meist lauer und es gibt einige Schauer &#8211; die Sicht unter Wasser ist viel besser. Taucher haben die M\u00f6glichkeit, die &#8220;Au\u00dfenseite&#8221; der Korallenriffs und die Meeresfauna zu erkunden. Die Temperaturen sind w\u00e4hrend des ganzen Jahres ideal &#8211; zwischen 27 und 35 Grad Celsius am Tag, bei einer Wassertemperatur von ungef\u00e4hr 26 Grad.<\/p>\n<h2><strong>Charteryachten Panama &#8211; Archipel von San Blas &#8211; Las Perlas<\/strong><\/h2>\n<p>F\u00fcr Yachtcharter in Panama bieten wir ein einige luxuri\u00f6se Motoryachten an sowie eine gute Auswahl an Katamaranen und Segelyachten mit Crew\u00a0 &#8211; bitte fragen Sie nach Angeboten!<\/p>\n<p>&nbsp;<\/p>\n<p><a href=\"https:\/\/yachtcharter-connection.com\/wp-content\/uploads\/2014\/05\/Panama-sailing-areas.jpg\"><img loading=\"lazy\" class=\"alignleft size-full wp-image-26025\" src=\"https:\/\/yachtcharter-connection.com\/wp-content\/uploads\/2014\/05\/Panama-sailing-areas.jpg\" alt=\"Panama Segelreviere\" width=\"490\" height=\"359\" srcset=\"https:\/\/yachtcharter-connection.com\/wp-content\/uploads\/2014\/05\/Panama-sailing-areas.jpg 490w, https:\/\/yachtcharter-connection.com\/wp-content\/uploads\/2014\/05\/Panama-sailing-areas-300x220.jpg 300w\" sizes=\"(max-width: 490px) 100vw, 490px\" \/><\/a><\/p>\n<table class=\"RegionsAndSubregions\" style=\"border-collapse: collapse;\" border=\"0\" cellspacing=\"0\">\n<tbody>\n<tr>\n<td>\n<div class=\"SubregionRepeaterTitle\">\n<h2><a href=\"https:\/\/yachtcharter-connection.com\/yachtcharter-zentralamerika\"> Zentralamerika <\/a><\/h2>\n<\/div>\n<div class=\"SmallLinks\">\n<ul>\n<li><a class=\"SmallLinks\" title=\"\" href=\"https:\/\/yachtcharter-connection.com\/san-blas-el-porvenir-478\"> San Blas \/ El Porvenir <\/a><\/li>\n<\/ul>\n<\/div>\n<\/td>\n<\/tr>\n<\/tbody>\n<\/table>\n","protected":false},"excerpt":{"rendered":"<p>Yachtcharter Panama Das Land Panama in Mittelamerika ist unter Seglern vor allem f\u00fcr den Panama-Kanal bekannt, der das Karibische Meer \/ den Atlantischen Ozean mit dem Pazifik verbindet. Panama bietet aber auch spannende Cruising-Reviere: F\u00fcr Luxusmotoryacht-Charter ist schon die Gegend um Panama City eine Reise wert &#8211; fantastische exotische Destinationen<\/p>\n","protected":false},"author":11,"featured_media":0,"parent":101,"menu_order":0,"comment_status":"open","ping_status":"open","template":"","meta":[],"aioseo_notices":[],"_links":{"self":[{"href":"https:\/\/yachtcharter-connection.com\/de\/wp-json\/wp\/v2\/pages\/460"}],"collection":[{"href":"https:\/\/yachtcharter-connection.com\/de\/wp-json\/wp\/v2\/pages"}],"about":[{"href":"https:\/\/yachtcharter-connection.com\/de\/wp-json\/wp\/v2\/types\/page"}],"author":[{"embeddable":true,"href":"https:\/\/yachtcharter-connection.com\/de\/wp-json\/wp\/v2\/users\/11"}],"replies":[{"embeddable":true,"href":"https:\/\/yachtcharter-connection.com\/de\/wp-json\/wp\/v2\/comments?post=460"}],"version-history":[{"count":5,"href":"https:\/\/yachtcharter-connection.com\/de\/wp-json\/wp\/v2\/pages\/460\/revisions"}],"predecessor-version":[{"id":26078,"href":"https:\/\/yachtcharter-connection.com\/de\/wp-json\/wp\/v2\/pages\/460\/revisions\/26078"}],"up":[{"embeddable":true,"href":"https:\/\/yachtcharter-connection.com\/de\/wp-json\/wp\/v2\/pages\/101"}],"wp:attachment":[{"href":"https:\/\/yachtcharter-connection.com\/de\/wp-json\/wp\/v2\/media?parent=460"}],"curies":[{"name":"wp","href":"https:\/\/api.w.org\/{rel}","templated":true}]}}