{"id":461,"date":"2015-08-10T05:53:32","date_gmt":"2015-08-10T05:53:32","guid":{"rendered":"http:\/\/yachtcharter-connection.com.w01e47c6.kasserver.com\/yachtcharter-polynesien\/"},"modified":"2025-10-10T10:17:10","modified_gmt":"2025-10-10T08:17:10","slug":"yachtcharter-polynesien","status":"publish","type":"page","link":"https:\/\/yachtcharter-connection.com\/de\/land\/yachtcharter-polynesien\/","title":{"rendered":"Franz\u00f6sisch-Polynesien"},"content":{"rendered":"<h1><strong>Yachtcharter Franz\u00f6sisch-Polynesien<\/strong><\/h1>\n<p style=\"text-align: center;\">\n<span style=\"color: #ff0000;\">Hinweis: Bitte etwas Geduld, die Ladezeit der Charterangebote dauern evtl. einen kleinen Moment.<\/span><\/p>\n<p><iframe loading=\"lazy\" width=\"100%\" height=\"1000\" frameborder=\"0\" scrolling=\"auto\" src=\"https:\/\/www.booking-manager.com\/wbm2\/page.html?companyid=662&amp;setlang=de&amp;bm_view=SearchResult&amp;filter_flexibility=in_year&amp;sortBy=11&amp;sortDirection=-1&amp;filter_country=PF\"><\/iframe><\/p>\n<p>&nbsp;<\/p>\n<p><img loading=\"lazy\" class=\"content-image\" src=\"https:\/\/yachtcharter-connection.com\/wp-content\/uploads\/converted_files\/18933\/18933-56222609f062f.jpg\" alt=\"Polynesien_Dinghy_Dock\" width=\"300\" height=\"225\" \/>Paradies S\u00fcdsee \u2013 kaum ein Segler, der nicht davon tr\u00e4umt. Tahiti, Bora Bora, Raiatea &#8211; schon wenn man die klingenden Namen der Inseln h\u00f6rt, denkt man an zauberhafte Inseln, blaue Lagunen, Palwedel im Wind, blitzsaubere Str\u00e4nde, fr\u00f6hliche Menschen und S\u00fcdseekl\u00e4nge.<\/p>\n<p>Die S\u00fcdsee, das ist zwar offiziell ein Oberbegriff f\u00fcr den gesamten S\u00fcdpazifik \u2013 mit Melanesien, Mikronesien und Polynesien. Aber oft wird S\u00fcdsee mit Polynesien gleichgesetzt &#8211; einem riesiges Gebiet im Pazifik mit weit \u00fcber 1000 Inseln und Inselgruppen, das sich von Hawaii im Norden bis zu den chilenischen Osterinseln und Neuseeland erstreckt. Als Yachtcharter-Reviere der S\u00fcdsee besonders beliebt sind dabei die Inselgruppen von Franz\u00f6sisch- Polynesien (und hier die sogenannten Gesellschaftsinseln mit Tahiti und Bora Bora) und Tonga. Dabei handelt es sich speziell bei Tonga eher um ein anspruchsvolles Reviere f\u00fcr erfahrene Charter-Skipper: Zum einen weht meist der Nordostpassat mit seinen vier bis sechs Windst\u00e4rken und entsprechendem Seegang, zum anderen gibt es vor allem in den Inseln um Tonga viele Lagunen, die naturgem\u00e4\u00df von (unbetonnten) Korallenriffen umgeben sind. H\u00e4fen oder Marinas sind kaum zu finden, daf\u00fcr aber unz\u00e4hlige einsame Ankerbuchten \u2013 Natur pur.<\/p>\n<p><strong>Wenn Segler von der S\u00fcdsee reden, dem absoluten Traumrevier, das sich auch auf Yachtcharter-Crews eingestellt hat, meinen sie meist Franz\u00f6sisch-Polynesien mit dem Archipel der Gesellschaftsinseln: Die Hauptinsel der Iles-du-Vent, der Inselns \u00fcber dem Wind, ist Tahiti mit der Hauptstadt Papeete, die Charter-Crews erkunden meist die Iles-sous-le-Vent, die Inseln unter Wind wie Raiatea, Bora Bora, Huahine, Tahaa, Maupiti, oder Tupai. Raiatea ist die zweitgr\u00f6\u00dfte der Gesellschaftsinseln und wichtigste Charter-Basis. Bei einem zweiw\u00f6chigen T\u00f6rn lassen sich auch die Iles-du-Vent mit Tahiti in den T\u00f6rnplan einbeziehen.<\/strong><\/p>\n<p>Ein Paradies f\u00fcr Schnorchler ist Tahaa, das durch eine Lagune mit der Ausgangsbasis Raiatea verbunden ist \u2013 mit farbig-schillernden Fisch-Schw\u00e4rmen und wei\u00dfen Delphinen. Maupiti, eine typische Atoll-Insel, bietet \u00fcberwiegend unber\u00fchrte Natur.<\/p>\n<p>Bora Bora mit etwa 9.000 Einwohnern ist wohl die sch\u00f6nste der Inseln und mit Tahiti diejenige, die am meisten f\u00fcr den Tourismus erschlossen ist. In der gro\u00dfen Traumlagune fasziniert die Unterwasserwelt mit Koralleng\u00e4rten und ungeheurer Vielfalt an Meerestieren. Berge und Regenwald lassen sich bei einem Ausflug erkunden \u2013 per Zweirad, Bus oder Elektroauto. Den sch\u00f6nsten Panorama-Blick hat man vom Mount Otemanu. In einer Grotte am Berg nisten viele Fregatt-V\u00f6gel. Im S\u00fcdosten der Insel gibt es einen nat\u00fcrlichen Unterwasserpark in Coral Garden, de Haamaire Bay ist ein Schnorchelparadies. Der Hauptort Vaitape auf der Westseite der Insel hat rund 4000 Einwohner \u2013 hier gegen\u00fcber der Hauptpassage der Lagune, der Passe Teavanui, gehen auf Kreuzfahrtschiffe auf Reede. Poofai und Faanui hei\u00dfen die Buchten mit den sch\u00f6nsten Str\u00e4nden, die ber\u00fchmteste Strandbar ist das Bloody Mary\u2019s.<\/p>\n<p>Das Huahine-Atoll mit etwa 6000 Einwohnern besteht aus zwei Vulkaninseln um einen schmalen Kanal und einigen Motus, wie man die kleinen Riffinseln hier nennt. Der Ort Fare lockt mit kolonialem Charme.<\/p>\n<p>Die Anreise nach Franz\u00f6sisch-Polynesien erfolgt via Papeete. Beste Segelzeit in dem Revier mit subtropisch bis tropischem Klima ist von Dezember bis April. Da fast alles aus Frankreich importiert werden muss, ist das Leben hier entsprechend teuer. Bora Bora gilt als eines der teuersten Reiseziele der Welt.<\/p>\n<h2><strong>Yachtcharter-Angebote Polynesien \/ S\u00fcdsee<\/strong><\/h2>\n<p><strong>Es gibt wichtige Yachtcharter-Flotten mit Segelyachte und Katamaranen f\u00fcr Bareboat-Charter in Franz\u00f6sisch-Polynesien, die nicht in unserem Yachtfinder gelistet sind &#8211; bitte fragen Sie nach Angeboten. Und nat\u00fcrlich senden wir Ihnen gerne auch Angebote f\u00fcr\u00a0 die sch\u00f6nsten Luxus-Charteryachten mit Crew in dieser Region zu.<\/strong><\/p>\n<table class=\"RegionsAndSubregions\" style=\"border-collapse: collapse;\" border=\"0\" cellspacing=\"0\">\n<tbody>\n<tr>\n<td>\n<div class=\"SmallLinks\">\n<ul>\n<li><a class=\"SmallLinks\" title=\"\" href=\"https:\/\/yachtcharter-connection.com\/de\/polynesien-raiatea\"> Polynesien \/ Raiatea <\/a><\/li>\n<\/ul>\n<\/div>\n<\/td>\n<\/tr>\n<\/tbody>\n<\/table>\n","protected":false},"excerpt":{"rendered":"<p>Yachtcharter Franz\u00f6sisch-Polynesien Hinweis: Bitte etwas Geduld, die Ladezeit der Charterangebote dauern evtl. einen kleinen Moment. &nbsp; Paradies S\u00fcdsee \u2013 kaum ein Segler, der nicht davon tr\u00e4umt. Tahiti, Bora Bora, Raiatea &#8211; schon wenn man die klingenden Namen der Inseln h\u00f6rt, denkt man an zauberhafte Inseln, blaue Lagunen, Palwedel im Wind,<\/p>\n","protected":false},"author":11,"featured_media":0,"parent":101,"menu_order":0,"comment_status":"open","ping_status":"open","template":"","meta":[],"aioseo_notices":[],"_links":{"self":[{"href":"https:\/\/yachtcharter-connection.com\/de\/wp-json\/wp\/v2\/pages\/461"}],"collection":[{"href":"https:\/\/yachtcharter-connection.com\/de\/wp-json\/wp\/v2\/pages"}],"about":[{"href":"https:\/\/yachtcharter-connection.com\/de\/wp-json\/wp\/v2\/types\/page"}],"author":[{"embeddable":true,"href":"https:\/\/yachtcharter-connection.com\/de\/wp-json\/wp\/v2\/users\/11"}],"replies":[{"embeddable":true,"href":"https:\/\/yachtcharter-connection.com\/de\/wp-json\/wp\/v2\/comments?post=461"}],"version-history":[{"count":9,"href":"https:\/\/yachtcharter-connection.com\/de\/wp-json\/wp\/v2\/pages\/461\/revisions"}],"predecessor-version":[{"id":31414,"href":"https:\/\/yachtcharter-connection.com\/de\/wp-json\/wp\/v2\/pages\/461\/revisions\/31414"}],"up":[{"embeddable":true,"href":"https:\/\/yachtcharter-connection.com\/de\/wp-json\/wp\/v2\/pages\/101"}],"wp:attachment":[{"href":"https:\/\/yachtcharter-connection.com\/de\/wp-json\/wp\/v2\/media?parent=461"}],"curies":[{"name":"wp","href":"https:\/\/api.w.org\/{rel}","templated":true}]}}