{"id":462,"date":"2015-08-10T05:53:32","date_gmt":"2015-08-10T05:53:32","guid":{"rendered":"http:\/\/yachtcharter-connection.com.w01e47c6.kasserver.com\/yachtcharter-polen\/"},"modified":"2017-07-11T20:09:43","modified_gmt":"2017-07-11T18:09:43","slug":"yachtcharter-polen","status":"publish","type":"page","link":"https:\/\/yachtcharter-connection.com\/de\/land\/yachtcharter-polen\/","title":{"rendered":"Polen"},"content":{"rendered":"<h3>Yachtcharter Polen<\/h3>\n<p>\nWassersport wird in Polen gro\u00df geschrieben: Neben der polnischen Ostseek\u00fcste mit fast 500 Kilometer L\u00e4nge gibt es viele Seen, insbesondere die masurische Seenplatte ist ein beliebtes Segel- und Yachtcharter-Revier.<\/p>\n<p>An der K\u00fcste und in der Danziger Bucht gibt es zahlreiche sehr gut ausgestattete Marinas. Allerdings ist die K\u00fcste wenig gesch\u00fctzt, wenn im Sommer die stetigen Westwinde auf Nordwest drehen und auffrischen, ist das Einlaufen auf der gesamten Strecke zwischen Stettin und der Halbinsel Hela oft schwierig &ndash; Charter-Skipper sollten \u00fcber viel Erfahrung verf\u00fcgen. Ein- und Ausklarieren ist mittlerweile unproblematisch. Die polnische Ostseek\u00fcste dient gern auch als Ausgangsbasis f\u00fcr T\u00f6rns nach Bornholm.<\/p>\n<p>Beliebte H\u00e4fen sind Danzig und die Marina Gdynia in der Danziger Bucht, Port Jachtowy Hela in einem der sch\u00f6nsten Ferienorte an der Halbinsel Hela, Jachtowy Leba, Port Ustka, Fischereihafen und beliebter Badeort und Wladyslawowo mit einer kleinen Marina im Fischereihafen.<\/p>\n<p>Einsame Natur und Traumbuchten finden Segler in der Masurischen Seenplatte im Nordosten Polens. Insbesondere die beiden Gro\u00dfen Masurischen Seen Mamry und Sniardwy sind bei Charterern beliebt, der Sniardwy, zu deutsch Spirdingsee, ist der gr\u00f6\u00dfte Binnensee des Landes mit einer Fl\u00e4che von 114 Quadratkilometern, der Mamry, zu deutsch Mauersee, misst ebenfalls \u00fcber 100 Quadratkilometer. Beide sind miteinander durch Kan\u00e4le, weitere Seen und Fl\u00fcsse verbunden. Viele Inseln sind Vogelschutzgebiete. An den Ufern gibt es malerische Ferienorte &ndash; einer der bekanntesten ist Nikolaien, auch als masurisches Venedig bezeichnet. \u00dcberall sind sch\u00f6ne Anker- und Badepl\u00e4tze zu finden. Kleinere Steganlagen gibt es h\u00e4ufig, gro\u00dfe Yachth\u00e4fen weniger. Bedeutende Segelzentren sind Gizycko, Nikolaiken mit gro\u00dfem Yachthafen, Wegorzewo \/ Angerburg und Osterode. Die Region ist \u00fcber den Flughafen Mazury per Inlandsflug erreichbar.<\/p>\n<p>Wegorzewo \/ Angerburg liegt im Nordes des Mamry (Mauersees) und ist ein bedeutendes Touristenzentrum. Sehenswert sind die restaurierte Kreuzritterburg und das kleine Heimatmuseum.<\/p>\n<table  class=\"RegionsAndSubregions\" cellspacing=\"0\" border=\"0\" style=\"border-collapse:collapse;\">\n<tbody>\n<tr>\n<td>\n<div class=\"SubregionRepeaterTitle\">\n<h2><a href=\"https:\/\/yachtcharter-connection.com\/yachtcharter-deutsche-ostsee\"> Deutsche Ostsee <\/h2>\n<\/div>\n<div class=\"SmallLinks\">\n<ul>\n<li><a class=\"SmallLinks\" href=\"https:\/\/yachtcharter-connection.com\/yachtcharter-usedom-swinem%c3%bcnde\" title=\"\"> Usedom \/ Swinem\u00fcnde <\/a><\/li>\n<\/ul>\n<\/div>\n<\/td>\n<td>\n<div class=\"SubregionRepeaterTitle\">\n<h2><a href=\"https:\/\/yachtcharter-connection.com\/yachtcharter-masuren\"> Masuren <\/h2>\n<\/div>\n<div class=\"SmallLinks\">\n<ul>\n<li><a class=\"SmallLinks\" href=\"https:\/\/yachtcharter-connection.com\/gi%c5%bcycko-311\" title=\"\"> Gi\u017cycko <\/a><\/li>\n<li><a class=\"SmallLinks\" href=\"https:\/\/yachtcharter-connection.com\/mazury-954\" title=\"\"> Mazury <\/a><\/li>\n<li><a class=\"SmallLinks\" href=\"https:\/\/yachtcharter-connection.com\/wegorzewo-130\" title=\"\"> Wegorzewo <\/a><\/li>\n<\/ul>\n<\/div>\n<\/td>\n<\/tr>\n<tr><\/tr>\n<\/tbody>\n<\/table>\n","protected":false},"excerpt":{"rendered":"<p>Yachtcharter Polen Wassersport wird in Polen gro\u00df geschrieben: Neben der polnischen Ostseek\u00fcste mit fast 500 Kilometer L\u00e4nge gibt es viele Seen, insbesondere die masurische Seenplatte ist ein beliebtes Segel- und Yachtcharter-Revier. An der K\u00fcste und in der Danziger Bucht gibt es zahlreiche sehr gut ausgestattete Marinas. Allerdings ist die K\u00fcste<\/p>\n","protected":false},"author":11,"featured_media":0,"parent":101,"menu_order":0,"comment_status":"open","ping_status":"open","template":"","meta":[],"aioseo_notices":[],"_links":{"self":[{"href":"https:\/\/yachtcharter-connection.com\/de\/wp-json\/wp\/v2\/pages\/462"}],"collection":[{"href":"https:\/\/yachtcharter-connection.com\/de\/wp-json\/wp\/v2\/pages"}],"about":[{"href":"https:\/\/yachtcharter-connection.com\/de\/wp-json\/wp\/v2\/types\/page"}],"author":[{"embeddable":true,"href":"https:\/\/yachtcharter-connection.com\/de\/wp-json\/wp\/v2\/users\/11"}],"replies":[{"embeddable":true,"href":"https:\/\/yachtcharter-connection.com\/de\/wp-json\/wp\/v2\/comments?post=462"}],"version-history":[{"count":1,"href":"https:\/\/yachtcharter-connection.com\/de\/wp-json\/wp\/v2\/pages\/462\/revisions"}],"predecessor-version":[{"id":12376,"href":"https:\/\/yachtcharter-connection.com\/de\/wp-json\/wp\/v2\/pages\/462\/revisions\/12376"}],"up":[{"embeddable":true,"href":"https:\/\/yachtcharter-connection.com\/de\/wp-json\/wp\/v2\/pages\/101"}],"wp:attachment":[{"href":"https:\/\/yachtcharter-connection.com\/de\/wp-json\/wp\/v2\/media?parent=462"}],"curies":[{"name":"wp","href":"https:\/\/api.w.org\/{rel}","templated":true}]}}