{"id":463,"date":"2015-08-10T05:53:32","date_gmt":"2015-08-10T05:53:32","guid":{"rendered":"http:\/\/yachtcharter-connection.com.w01e47c6.kasserver.com\/yachtcharter-portugal\/"},"modified":"2017-07-12T03:45:25","modified_gmt":"2017-07-12T01:45:25","slug":"yachtcharter-portugal","status":"publish","type":"page","link":"https:\/\/yachtcharter-connection.com\/de\/land\/yachtcharter-portugal\/","title":{"rendered":"Portugal"},"content":{"rendered":"<h3>Yachtcharter Portugal<\/h3>\n<p>\n<img loading=\"lazy\" class=\"content-image\"  height=\"200\" width=\"300\" src=\"https:\/\/yachtcharter-connection.com\/wp-content\/uploads\/converted_files\/18935\/18935-5622260b5a11f.jpg\" alt=\"Portugal - Yachten vor dem Turm von Belem\" \/>Einst waren die Portugiesen eine gro\u00dfe Seefahrernation, auch wenn Columbus schlie\u00dflich die neue Welt f\u00fcr die spanische Krone entdeckte, weil der K\u00f6nig von Portugal seinen Pl\u00e4nen f\u00fcr die Suche einer westlichen Route nach Indien nicht finanzieren wollte. Heute wird das s\u00fcdeurop\u00e4ische Land mit 850 Kilometern Atlantikk\u00fcste verst\u00e4rkt zum beliebten Segelrevier &ndash; f\u00fcr den America&rsquo;s Cup 2007 war Cascais zun\u00e4chst als Austragungsort im Gespr\u00e4ch, die ISAF-Weltmeisterschaften fanden hier auch schon statt.  <\/p>\n<p>Von Cascais als Ausgangspunkt kann man per Charteryacht die vielf\u00e4ltige K\u00fcste um Lissabon erkunden, mond\u00e4ne Yachth\u00e4fen entdecken und poetisch-melancholischen Fado-Kl\u00e4ngen lauschen. Das beliebtere Yachtcharter-Revier ist aber die Algarve &ndash; schon wegen der rund 3.000 Sonnenstunden im Jahr und des ganzj\u00e4hrig milden Klimas, selbst im Winter wird es selten k\u00e4lter als 15 Grad. N\u00f6rdlich der Algarve halten die Berge der Alto Algarve k\u00fchle Nordwinde ab, die K\u00fcste liegt damit in Lee, extreme Wetterlagen gibt es kaum. Der Atlantik zeigt sich hier ebenfalls von seiner milderen Seite, mit relativ wenig Seegang. Das Revier ist auch f\u00fcr Einsteiger und Familien geeignet. Wei\u00dfe Str\u00e4nde, traumhafte Buchten, bizarre Felsformationen und H\u00f6hlen pr\u00e4gen das Bild der K\u00fcste, die Landschaft mit Zitrusb\u00e4umen im Hinterland ist gr\u00fcn. .<\/p>\n<p>Charteryachten gibt es in Faro, Vilamoura und Portimao &ndash; alle St\u00fctzpunkte sind vom Flughafen Faro aus leicht erreichbar. Die maritime Infrastruktur mit Marinas und Versorgungsm\u00f6glichkeiten ist gut ausgebaut. Wer einfach Buchten bummeln will, kann bei kurzen Schl\u00e4gen entspanntes Segeln mit Mu\u00dfe genie\u00dfen &ndash; beispielsweise beim T\u00f6rn von Faro nach Vilamoura, nach Albufera, Portimao und Lagos oder auch bis zum S\u00fcdwestcap Cabo de Sao Vicente. Aber auch die spanische K\u00fcste k\u00f6nnte T\u00f6rnziel f\u00fcr Yachtcharter-Crews sein: Huelva, Cadiz oder Tarifa im \u00e4u\u00dfersten spanischen S\u00fcden sind f\u00fcr Chartersegler ebenso in erreichbarer Entfernung wie der Felsen von Gibraltar.  <\/p>\n<p><\/p>\n<table  class=\"RegionsAndSubregions\" cellspacing=\"0\" border=\"0\" style=\"border-collapse:collapse;\">\n<tbody>\n<tr>\n<td>\n<div class=\"SubregionRepeaterTitle\">\n<h2><a href=\"https:\/\/yachtcharter-connection.com\/yachtcharter-algarve-costa-de-la-luz\"> Algarve &#8211; Costa de la Luz <\/h2>\n<\/div>\n<div class=\"SmallLinks\">\n<ul>\n<li><a class=\"SmallLinks\" href=\"https:\/\/yachtcharter-connection.com\/faro-marina-vilamoura-868\" title=\"\"> Faro \/ Marina Vilamoura <\/a><\/li>\n<li><a class=\"SmallLinks\" href=\"https:\/\/yachtcharter-connection.com\/lagos-390\" title=\"\"> Lagos <\/a><\/li>\n<li><a class=\"SmallLinks\" href=\"https:\/\/yachtcharter-connection.com\/lissabon-marina-cascais\" title=\"\"> Lissabon \/ Marina Cascais <\/a><\/li>\n<li><a class=\"SmallLinks\" href=\"https:\/\/yachtcharter-connection.com\/lissabon-oeiras\" title=\"\"> Lissabon \/ Oeiras <\/a><\/li>\n<li><a class=\"SmallLinks\" href=\"https:\/\/yachtcharter-connection.com\/portimao-216\" title=\"\"> Portimao <\/a><\/li>\n<li><a class=\"SmallLinks\" href=\"https:\/\/yachtcharter-connection.com\/yachtcharter-troia\" title=\"\"> Tr\u00f3ia <\/a><\/li>\n<\/ul>\n<\/div>\n<\/td>\n<td>\n<div class=\"SubregionRepeaterTitle\">\n<h2><a href=\"https:\/\/yachtcharter-connection.com\/yachtcharter-azoren\"> Azoren <\/h2>\n<\/div>\n<div class=\"SmallLinks\">\n<ul>\n<li><a class=\"SmallLinks\" href=\"https:\/\/yachtcharter-connection.com\/azoren-faial-horta\" title=\"\"> Azoren \/ Faial \/ Horta <\/a><\/li>\n<li><a class=\"SmallLinks\" href=\"https:\/\/yachtcharter-connection.com\/yachtcharter-azoren-santa-maria-vila-do-porto\" title=\"\"> Azoren \/ Santa Maria \/ Vila do Porto <\/a><\/li>\n<li><a class=\"SmallLinks\" href=\"https:\/\/yachtcharter-connection.com\/azoren-s%c3%a3o-jorge-velas\" title=\"\"> Azoren \/ S\u00e3o Jorge \/ Velas <\/a><\/li>\n<li><a class=\"SmallLinks\" href=\"https:\/\/yachtcharter-connection.com\/yachtcharter-azoren-s%c3%a3o-miguel-ponta-delgada\" title=\"\"> Azoren \/ S\u00e3o Miguel \/ Ponta Delgada <\/a><\/li>\n<\/ul>\n<\/div>\n<\/td>\n<\/tr>\n<tr>\n<td>\n<div class=\"SubregionRepeaterTitle\">\n<h2><a href=\"https:\/\/yachtcharter-connection.com\/yachtcharter-kanarische-inseln\"> Kanarische Inseln <\/h2>\n<\/div>\n<div class=\"SmallLinks\">\n<ul>\n<li><a class=\"SmallLinks\" href=\"https:\/\/yachtcharter-connection.com\/azoren-ilha-do-pico\" title=\"\"> Azoren \/ Ilha do Pico <\/a><\/li>\n<li><a class=\"SmallLinks\" href=\"https:\/\/yachtcharter-connection.com\/azoren-st-miguel\" title=\"\"> Azoren \/ St. Miguel <\/a><\/li>\n<li><a class=\"SmallLinks\" href=\"https:\/\/yachtcharter-connection.com\/yachtcharter-madeira-funchal\" title=\"\"> Madeira \/ Funchal <\/a><\/li>\n<\/ul>\n<\/div>\n<\/td>\n<td>\n<div class=\"SubregionRepeaterTitle\">\n<h2><a href=\"https:\/\/yachtcharter-connection.com\/yachtcharter-portugal-rio-douro\"> Portugal \/ Rio Douro <\/h2>\n<\/div>\n<div class=\"SmallLinks\">\n<ul>\n<li><a class=\"SmallLinks\" href=\"https:\/\/yachtcharter-connection.com\/yachtcharter-vila-nova-de-gaia\" title=\"\"> Porto \/ Vila Nova de Gaia <\/a><\/li>\n<\/ul>\n<\/div>\n<\/td>\n<\/tr>\n<tr><\/tr>\n<\/tbody>\n<\/table>\n","protected":false},"excerpt":{"rendered":"<p>Yachtcharter Portugal Einst waren die Portugiesen eine gro\u00dfe Seefahrernation, auch wenn Columbus schlie\u00dflich die neue Welt f\u00fcr die spanische Krone entdeckte, weil der K\u00f6nig von Portugal seinen Pl\u00e4nen f\u00fcr die Suche einer westlichen Route nach Indien nicht finanzieren wollte. Heute wird das s\u00fcdeurop\u00e4ische Land mit 850 Kilometern Atlantikk\u00fcste verst\u00e4rkt zum<\/p>\n","protected":false},"author":11,"featured_media":0,"parent":101,"menu_order":0,"comment_status":"open","ping_status":"open","template":"","meta":[],"aioseo_notices":[],"_links":{"self":[{"href":"https:\/\/yachtcharter-connection.com\/de\/wp-json\/wp\/v2\/pages\/463"}],"collection":[{"href":"https:\/\/yachtcharter-connection.com\/de\/wp-json\/wp\/v2\/pages"}],"about":[{"href":"https:\/\/yachtcharter-connection.com\/de\/wp-json\/wp\/v2\/types\/page"}],"author":[{"embeddable":true,"href":"https:\/\/yachtcharter-connection.com\/de\/wp-json\/wp\/v2\/users\/11"}],"replies":[{"embeddable":true,"href":"https:\/\/yachtcharter-connection.com\/de\/wp-json\/wp\/v2\/comments?post=463"}],"version-history":[{"count":1,"href":"https:\/\/yachtcharter-connection.com\/de\/wp-json\/wp\/v2\/pages\/463\/revisions"}],"predecessor-version":[{"id":12296,"href":"https:\/\/yachtcharter-connection.com\/de\/wp-json\/wp\/v2\/pages\/463\/revisions\/12296"}],"up":[{"embeddable":true,"href":"https:\/\/yachtcharter-connection.com\/de\/wp-json\/wp\/v2\/pages\/101"}],"wp:attachment":[{"href":"https:\/\/yachtcharter-connection.com\/de\/wp-json\/wp\/v2\/media?parent=463"}],"curies":[{"name":"wp","href":"https:\/\/api.w.org\/{rel}","templated":true}]}}