{"id":464,"date":"2015-08-10T05:53:32","date_gmt":"2015-08-10T05:53:32","guid":{"rendered":"http:\/\/yachtcharter-connection.com.w01e47c6.kasserver.com\/yachtcharter-seychellen\/"},"modified":"2025-10-10T10:16:34","modified_gmt":"2025-10-10T08:16:34","slug":"yachtcharter-seychellen","status":"publish","type":"page","link":"https:\/\/yachtcharter-connection.com\/de\/land\/yachtcharter-seychellen\/","title":{"rendered":"Seychellen"},"content":{"rendered":"<h1><strong>Yachtcharter Seychellen<\/strong><\/h1>\n<p style=\"text-align: center;\">\n<span style=\"color: #ff0000;\">Hinweis: Bitte etwas Geduld, die Ladezeit der Charterangebote dauern evtl. einen kleinen Moment.<\/span><\/p>\n<p><iframe loading=\"lazy\" width=\"100%\" height=\"1000\" frameborder=\"0\" scrolling=\"auto\" src=\"https:\/\/www.booking-manager.com\/wbm2\/page.html?companyid=662&amp;setlang=de&amp;bm_view=SearchResult&amp;filter_flexibility=in_year&amp;sortBy=11&amp;sortDirection=-1&amp;filter_country=SC\"><\/iframe><\/p>\n<p>&nbsp;<\/p>\n<p><a href=\"https:\/\/yachtcharter-connection.com\/wp-content\/uploads\/2015\/08\/Seychelles-Sailing.jpg\"><img loading=\"lazy\" class=\"alignleft size-full wp-image-25447\" src=\"https:\/\/yachtcharter-connection.com\/wp-content\/uploads\/2015\/08\/Seychelles-Sailing.jpg\" alt=\"Yachtcharter Seychellen\" width=\"600\" height=\"399\" srcset=\"https:\/\/yachtcharter-connection.com\/wp-content\/uploads\/2015\/08\/Seychelles-Sailing.jpg 600w, https:\/\/yachtcharter-connection.com\/wp-content\/uploads\/2015\/08\/Seychelles-Sailing-300x200.jpg 300w\" sizes=\"(max-width: 600px) 100vw, 600px\" \/><\/a>Kristallklares Wasser mit angenehmer Badetemperatur, schneewei\u00dfe Str\u00e4nde, tropische Vegetation mit viel Dschungel, intakte Korallenriffs, gleichm\u00e4\u00dfige Monsunwinde, kurze Distanzen, Traumbuchten, weder Hurricans noch giftige Tiere noch Tropenkrankheiten noch Armut noch Kriminalit\u00e4t \u2013 die Seychellen sind ein ideales Segelrevier, das ganzj\u00e4hrig Spa\u00df macht und der Beschreibung des Paradieses ziemlich nahe kommt.<\/p>\n<p>Im Osten Afrikas, n\u00f6rdlich von Madagascar und Mauritius und knapp s\u00fcdlich vom \u00c4quator liegt die unabh\u00e4ngige Inselrepublik, die im Kern aus 32 gr\u00f6\u00dferen gebirgigen Inseln besteht \u2013 \u00fcberwiegend aus Granit. Um diese herum verteilen sich zahllosen Koralleninseln auf einer Fl\u00e4che von \u00fcber 400.000 Quadratkilometern, die Outer Islands. Der gr\u00f6\u00dfte Teil der Bev\u00f6lkerung \u2013 insgesamt sind es nicht einmal 100.000 Einwohner &#8211; lebt auf den Inner Islands um Mah\u00e9 mit der Hauptstadt Victoria als Ausgangspunkt f\u00fcr Yachtcharter, Praslin und La Digue. Zusammen bilden sie den Kern der Seychelles Bank, zu der auch die Inseln Ile Denis, Ile aux Vache, Cousin, Cousine, die Hotel-Insel Fr\u00e9gate, Ile du Nord und Silhouette geh\u00f6ren. Zu den Outer Islands z\u00e4hlen die Inselgruppe der Almiranten mit 24 Koralleninseln (mit St. Joseph, Poivre und African Banks), das riesige Atoll Aldabra (mit Providence, Aldabra, Cosmoldeo und Farquhar) sowie die Inseln Plate und Coetivy.<\/p>\n<p>Wichtigste wirtschaftliche Basis ist der Tourismus, hier wurde viel in den Luxusbereich investiert. Um nicht nur von Urlaubern abh\u00e4ngig zu sein, werden Fischfang und Landwirtschaft forciert. Der wichtigste Wirtschaftsfaktor in Bezug auf die Reiseindustrie d\u00fcrfte die intakte Natur sein: Fast die H\u00e4lfte der gesamten Grundfl\u00e4che \u2013 sowohl auf den Inseln als auch der Meeresfl\u00e4che \u2013 ist als Naturschutzgebiet ausgewiesen, zwei Gebiete z\u00e4hlen zum Weltnaturerbe der Unesco. Zahlreiche endemische Tier- und Pflanzenarten sind nur auf den Seychellen zu finden.<\/p>\n<p><img loading=\"lazy\" class=\"content-image\" src=\"https:\/\/yachtcharter-connection.com\/wp-content\/uploads\/converted_files\/18936\/18936-5622260d00625.jpg\" alt=\"Seychellen_Ankerbucht_Strand\" width=\"300\" height=\"202\" \/>Yachtcharter-Crews treffen \u00fcberall auf freundliche Menschen und farbenfrohe Kultur \u2013 und auf hervorragende kulinarische Infrastruktur mit K\u00f6stlichkeiten aus der indischen, arabischen, franz\u00f6sischen und chinesischen K\u00fcche. Der Geruch von Zimt- und Vanilleplantagen liegt ohnehin in der Luft. Die meisten Segler erkunden mit ihren Katamaranen die zahllosen Buchten, die Unterwasserwelt mit nur geringer Wassertiefe ist ein faszinierendes Schnorchelrevier. \u00dcbernachtung vor Anker ist die Regel. Auf Mahe gibt es neben Port Victoria auch weitere Marinas, Wasser und Diesel kann auch auf Praslin in der Bay St. Anne und La Digue gebunkert werden. Sehenswert auf La Digue: das Freilichtmuseum La Dique Estate mit einer Kokosnussplantage auf den Spuren der Vergangenheit. Mehr \u00fcber Kultur und Geschichte der Inseln erfahren Interessierte auch im National Museum in Victoria.<\/p>\n<h2><strong>Charteryachten Seychellen<\/strong><\/h2>\n<p><strong>Es gibt wichtige Yachtcharter Flotten mit Segelyachte und Katamaranen f\u00fcr Bareboat-Charter in Franz\u00f6sisch-Polynesien, die nicht in unserem Yachtfinder gelistet sind &#8211; bitte fragen Sie nach Angeboten. Und nat\u00fcrlich senden wir Ihnen gerne auch Angebote f\u00fcr\u00a0 die sch\u00f6nsten Luxus-Charteryachten mit Crew in dieser Region zu.<\/strong><\/p>\n<p>&nbsp;<\/p>\n<h2><strong>Luxusyacht-Charter-Seychellen<\/strong><\/h2>\n<p><strong>Die Seychellen sind auch eine beliebte Destination f\u00fcr Luxusyacht-Charter und Charter auf Luxuskatamaranen mit Crew . Hier finden Sie mehr <span style=\"color: #0000ff;\"><a style=\"color: #0000ff;\" href=\"https:\/\/yachtcharter-connection.com\/de\/luxus-charteryachten\/\" target=\"_blank\" rel=\"noopener\">Informationen \u00fcber Luxusyacht-Charter.<\/a><\/span> Wir organisieren gerne Ihren Luxusyacht-Charterurlaub auf den Seychellen \u2013 bitte fragen Sie nach Angeboten!<\/strong><\/p>\n<p><strong><a href=\"https:\/\/yachtcharter-connection.com\/de\/luxusyachten-indischer-ozean\/\">Luxusyachten Indischer Ozean<\/a><\/strong><\/p>\n<p>&nbsp;<\/p>\n<table class=\"RegionsAndSubregions\" style=\"border-collapse: collapse;\" border=\"0\" cellspacing=\"0\">\n<tbody>\n<tr>\n<td>\n<div class=\"SubregionRepeaterTitle\">\n<h2><a href=\"https:\/\/yachtcharter-connection.com\/yachtcharter-seychellen-archipel\"> Seychellen Archipel <\/a><\/h2>\n<\/div>\n<div class=\"SmallLinks\">\n<ul>\n<li><a class=\"SmallLinks\" title=\"\" href=\"https:\/\/yachtcharter-connection.com\/de\/roche-caiman-victoria-405\"> Roche Caiman \/ Victoria <\/a><\/li>\n<li><a class=\"SmallLinks\" title=\"\" href=\"https:\/\/yachtcharter-connection.com\/de\/seychellen-mahe\"> Seychellen \/ Mahe <\/a><\/li>\n<li><a class=\"SmallLinks\" title=\"\" href=\"https:\/\/yachtcharter-connection.com\/de\/seychellen-praslin\"> Seychellen \/ Praslin <\/a><\/li>\n<\/ul>\n<\/div>\n<\/td>\n<\/tr>\n<\/tbody>\n<\/table>\n","protected":false},"excerpt":{"rendered":"<p>Yachtcharter Seychellen Hinweis: Bitte etwas Geduld, die Ladezeit der Charterangebote dauern evtl. einen kleinen Moment. &nbsp; Kristallklares Wasser mit angenehmer Badetemperatur, schneewei\u00dfe Str\u00e4nde, tropische Vegetation mit viel Dschungel, intakte Korallenriffs, gleichm\u00e4\u00dfige Monsunwinde, kurze Distanzen, Traumbuchten, weder Hurricans noch giftige Tiere noch Tropenkrankheiten noch Armut noch Kriminalit\u00e4t \u2013 die Seychellen sind<\/p>\n","protected":false},"author":11,"featured_media":0,"parent":101,"menu_order":0,"comment_status":"open","ping_status":"open","template":"","meta":[],"aioseo_notices":[],"_links":{"self":[{"href":"https:\/\/yachtcharter-connection.com\/de\/wp-json\/wp\/v2\/pages\/464"}],"collection":[{"href":"https:\/\/yachtcharter-connection.com\/de\/wp-json\/wp\/v2\/pages"}],"about":[{"href":"https:\/\/yachtcharter-connection.com\/de\/wp-json\/wp\/v2\/types\/page"}],"author":[{"embeddable":true,"href":"https:\/\/yachtcharter-connection.com\/de\/wp-json\/wp\/v2\/users\/11"}],"replies":[{"embeddable":true,"href":"https:\/\/yachtcharter-connection.com\/de\/wp-json\/wp\/v2\/comments?post=464"}],"version-history":[{"count":11,"href":"https:\/\/yachtcharter-connection.com\/de\/wp-json\/wp\/v2\/pages\/464\/revisions"}],"predecessor-version":[{"id":31413,"href":"https:\/\/yachtcharter-connection.com\/de\/wp-json\/wp\/v2\/pages\/464\/revisions\/31413"}],"up":[{"embeddable":true,"href":"https:\/\/yachtcharter-connection.com\/de\/wp-json\/wp\/v2\/pages\/101"}],"wp:attachment":[{"href":"https:\/\/yachtcharter-connection.com\/de\/wp-json\/wp\/v2\/media?parent=464"}],"curies":[{"name":"wp","href":"https:\/\/api.w.org\/{rel}","templated":true}]}}