{"id":465,"date":"2015-08-10T05:53:32","date_gmt":"2015-08-10T05:53:32","guid":{"rendered":"http:\/\/yachtcharter-connection.com.w01e47c6.kasserver.com\/yachtcharter-schweden\/"},"modified":"2017-07-12T04:10:15","modified_gmt":"2017-07-12T02:10:15","slug":"yachtcharter-schweden","status":"publish","type":"page","link":"https:\/\/yachtcharter-connection.com\/de\/land\/yachtcharter-schweden\/","title":{"rendered":"Schweden"},"content":{"rendered":"<h3>Yachtcharter Schweden<\/h3>\n<p>\n<img loading=\"lazy\" class=\"content-image\"  width=\"300\" height=\"200\" src=\"https:\/\/yachtcharter-connection.com\/wp-content\/uploads\/converted_files\/18937\/18937-5622260ebe5b3.jpg\" alt=\"Schweden_Ostsee_Angermanland\" \/>Ein Labyrinth von Inseln, Inselchen und Felsbrocken knapp \u00fcber oder unter der Wasseroberfl\u00e4che, gr\u00fcne pure Natur und karge steinige K\u00fcste, bunte Holzh\u00e4uschen, kleine Stege &ndash; die Sch\u00e4ren sind das beliebteste Segelrevier Schwedens. Allein um die Hauptstadt Stockholm an der Ostk\u00fcste liegen rund 24.000 Eilande und Steinhaufen, viele ohne Einwohner. Charter-Yachten sind an der Westk\u00fcste im Kattegat bei G\u00f6teborg und in Marstrand, im S\u00fcden bei Karlshamm, Karlskrona und der Insel \u00d6land zu finden, oder aber auch auf der Insel Gotland. Von Stockholm aus starten Yachtcharter-Crews auch gern auf die finnischen Aland-Inseln oder zur Insel Bornholm.<\/p>\n<p>Die Distanzen sind zwar meist kurz, aber Schweden ist kein Revier f\u00fcr Charter-Neulinge: Die Navigation ist anspruchsvoll, Karte, Revierf\u00fchrer und GPS-Plotter sollten gleichzeitig im Einsatz sein, um nicht schnell mit den Felsen in n\u00e4here Ber\u00fchrung zu kommen. Angelegt wird oft an kleinen Stegen in kleinen Dorfh\u00e4fen, geankert wird h\u00e4ufig vor Heckanker mit Landleine am Bug. <\/p>\n<table  class=\"RegionsAndSubregions\" cellspacing=\"0\" border=\"0\" style=\"border-collapse:collapse;\">\n<tbody>\n<tr>\n<td>\n<div class=\"SubregionRepeaterTitle\">\n<h2><a href=\"https:\/\/yachtcharter-connection.com\/yachtcharter-ost-schweden-finnland\"> Ost-Schweden \/ Finnland <\/h2>\n<\/div>\n<div class=\"SmallLinks\">\n<ul>\n<li><a class=\"SmallLinks\" href=\"https:\/\/yachtcharter-connection.com\/loftahammar-v%c3%a4stervik-631\" title=\"\"> Loftahammar \/ V\u00e4stervik <\/a><\/li>\n<li><a class=\"SmallLinks\" href=\"https:\/\/yachtcharter-connection.com\/lulea-230\" title=\"\"> Lulea <\/a><\/li>\n<li><a class=\"SmallLinks\" href=\"https:\/\/yachtcharter-connection.com\/stockholm-712\" title=\"\"> Stockholm <\/a><\/li>\n<li><a class=\"SmallLinks\" href=\"https:\/\/yachtcharter-connection.com\/stockholm-biskopsudden-200\" title=\"\"> Stockholm \/ Biskopsudden <\/a><\/li>\n<li><a class=\"SmallLinks\" href=\"https:\/\/yachtcharter-connection.com\/stockholm-bulland%c3%b6-497\" title=\"\"> Stockholm \/ Bulland\u00f6 <\/a><\/li>\n<li><a class=\"SmallLinks\" href=\"https:\/\/yachtcharter-connection.com\/stockholm-dalar%c3%b6-509\" title=\"\"> Stockholm \/ Dalar\u00f6 <\/a><\/li>\n<li><a class=\"SmallLinks\" href=\"https:\/\/yachtcharter-connection.com\/stockholm-gustavsberg-424\" title=\"\"> Stockholm \/ Gustavsberg <\/a><\/li>\n<li><a class=\"SmallLinks\" href=\"https:\/\/yachtcharter-connection.com\/stockholm-karlslund-696\" title=\"\"> Stockholm \/ Karlslund <\/a><\/li>\n<li><a class=\"SmallLinks\" href=\"https:\/\/yachtcharter-connection.com\/stockholm-liding%c3%b6-703\" title=\"\"> Stockholm \/ Liding\u00f6 <\/a><\/li>\n<li><a class=\"SmallLinks\" href=\"https:\/\/yachtcharter-connection.com\/stockholm-nyk%c3%b6ping-752\" title=\"\"> Stockholm \/ Nyk\u00f6ping <\/a><\/li>\n<li><a class=\"SmallLinks\" href=\"https:\/\/yachtcharter-connection.com\/stockholm-%c3%b6stersk%c3%a4r-823\" title=\"\"> Stockholm \/ \u00d6stersk\u00e4r <\/a><\/li>\n<li><a class=\"SmallLinks\" href=\"https:\/\/yachtcharter-connection.com\/stockholm-oxel%c3%b6sund-855\" title=\"\"> Stockholm \/ Oxel\u00f6sund <\/a><\/li>\n<li><a class=\"SmallLinks\" href=\"https:\/\/yachtcharter-connection.com\/stockholm-saltsj%c3%b6-duvn%c3%a4s-475\" title=\"\"> Stockholm \/ Saltsj\u00f6-Duvn\u00e4s <\/a><\/li>\n<li><a class=\"SmallLinks\" href=\"https:\/\/yachtcharter-connection.com\/stockholm-saltsj%c3%b6baden-309\" title=\"\"> Stockholm \/ Saltsj\u00f6baden <\/a><\/li>\n<li><a class=\"SmallLinks\" href=\"https:\/\/yachtcharter-connection.com\/stockholm-svinninge-249\" title=\"\"> Stockholm \/ Svinninge <\/a><\/li>\n<li><a class=\"SmallLinks\" href=\"https:\/\/yachtcharter-connection.com\/stockholm-vaxholm-606\" title=\"\"> Stockholm \/ Vaxholm <\/a><\/li>\n<li><a class=\"SmallLinks\" href=\"https:\/\/yachtcharter-connection.com\/uppsala-368\" title=\"\"> Uppsala <\/a><\/li>\n<\/ul>\n<\/div>\n<\/td>\n<td>\n<div class=\"SubregionRepeaterTitle\">\n<h2><a href=\"https:\/\/yachtcharter-connection.com\/yachtcharter-west-schweden-bohusl%c3%a4n\"> West-Schweden \/ Bohusl\u00e4n <\/h2>\n<\/div>\n<div class=\"SmallLinks\">\n<ul>\n<li><a class=\"SmallLinks\" href=\"https:\/\/yachtcharter-connection.com\/fiskeb%c3%a4ckskil-132\" title=\"\"> Fiskeb\u00e4ckskil <\/a><\/li>\n<li><a class=\"SmallLinks\" href=\"https:\/\/yachtcharter-connection.com\/fj%c3%a4llbacka-441\" title=\"\"> Fj\u00e4llbacka <\/a><\/li>\n<li><a class=\"SmallLinks\" href=\"https:\/\/yachtcharter-connection.com\/g%c3%b6teborg-887\" title=\"\"> G\u00f6teborg <\/a><\/li>\n<li><a class=\"SmallLinks\" href=\"https:\/\/yachtcharter-connection.com\/g%c3%b6teborg-ahlstr%c3%b6ms-pir-363\" title=\"\"> G\u00f6teborg \/ Ahlstr\u00f6ms Pir <\/a><\/li>\n<li><a class=\"SmallLinks\" href=\"https:\/\/yachtcharter-connection.com\/g%c3%b6teborg-amund%c3%b6n-714\" title=\"\"> G\u00f6teborg \/ Amund\u00f6n <\/a><\/li>\n<li><a class=\"SmallLinks\" href=\"https:\/\/yachtcharter-connection.com\/g%c3%b6teborg-bj%c3%b6rland-kile-584\" title=\"\"> G\u00f6teborg \/ Bj\u00f6rland Kile <\/a><\/li>\n<li><a class=\"SmallLinks\" href=\"https:\/\/yachtcharter-connection.com\/yachtcharter-g%c3%b6teborg-city-marina\" title=\"\"> G\u00f6teborg \/ City Marina <\/a><\/li>\n<li><a class=\"SmallLinks\" href=\"https:\/\/yachtcharter-connection.com\/g%c3%b6teborg-fiskeb%c3%a4ck-216\" title=\"\"> G\u00f6teborg \/ Fiskeb\u00e4ck <\/a><\/li>\n<li><a class=\"SmallLinks\" href=\"https:\/\/yachtcharter-connection.com\/g%c3%b6teborg-h%c3%a4ls%c3%b6-863\" title=\"\"> G\u00f6teborg \/ H\u00e4ls\u00f6 <\/a><\/li>\n<li><a class=\"SmallLinks\" href=\"https:\/\/yachtcharter-connection.com\/g%c3%b6teborg-hinsholmen-275\" title=\"\"> G\u00f6teborg \/ Hinsholmen <\/a><\/li>\n<li><a class=\"SmallLinks\" href=\"https:\/\/yachtcharter-connection.com\/g%c3%b6teborg-h%c3%b6n%c3%b6-r%c3%b6d-871\" title=\"\"> G\u00f6teborg \/ H\u00f6n\u00f6 R\u00f6d <\/a><\/li>\n<li><a class=\"SmallLinks\" href=\"https:\/\/yachtcharter-connection.com\/g%c3%b6teborg-hovas-766\" title=\"\"> G\u00f6teborg \/ Hovas <\/a><\/li>\n<li><a class=\"SmallLinks\" href=\"https:\/\/yachtcharter-connection.com\/g%c3%b6teborg-klippan-813\" title=\"\"> G\u00f6teborg \/ Klippan <\/a><\/li>\n<li><a class=\"SmallLinks\" href=\"https:\/\/yachtcharter-connection.com\/g%c3%b6teborg-kullavik-572\" title=\"\"> G\u00f6teborg \/ Kullavik <\/a><\/li>\n<li><a class=\"SmallLinks\" href=\"https:\/\/yachtcharter-connection.com\/g%c3%b6teborg-langedrag-231\" title=\"\"> G\u00f6teborg \/ L\u00e5ngedrag <\/a><\/li>\n<li><a class=\"SmallLinks\" href=\"https:\/\/yachtcharter-connection.com\/g%c3%b6teborg-lerkil-189\" title=\"\"> G\u00f6teborg \/ Lerkil <\/a><\/li>\n<li><a class=\"SmallLinks\" href=\"https:\/\/yachtcharter-connection.com\/g%c3%b6teborg-lindholmen-941\" title=\"\"> G\u00f6teborg \/ Lindholmen <\/a><\/li>\n<li><a class=\"SmallLinks\" href=\"https:\/\/yachtcharter-connection.com\/g%c3%b6teborg-malevik-702\" title=\"\"> G\u00f6teborg \/ Malevik <\/a><\/li>\n<li><a class=\"SmallLinks\" href=\"https:\/\/yachtcharter-connection.com\/g%c3%b6teborg-marina-eriksberg-131\" title=\"\"> G\u00f6teborg \/ Marina Eriksberg <\/a><\/li>\n<li><a class=\"SmallLinks\" href=\"https:\/\/yachtcharter-connection.com\/g%c3%b6teborg-n%c3%a4set-326\" title=\"\"> G\u00f6teborg \/ N\u00e4set <\/a><\/li>\n<li><a class=\"SmallLinks\" href=\"https:\/\/yachtcharter-connection.com\/g%c3%b6teborg-%c3%b6nnered-956\" title=\"\"> G\u00f6teborg \/ \u00d6nnered <\/a><\/li>\n<li><a class=\"SmallLinks\" href=\"https:\/\/yachtcharter-connection.com\/g%c3%b6teborg-saltholmen-939\" title=\"\"> G\u00f6teborg \/ Saltholmen <\/a><\/li>\n<li><a class=\"SmallLinks\" href=\"https:\/\/yachtcharter-connection.com\/g%c3%b6teborg-tangudden-547\" title=\"\"> G\u00f6teborg \/ Tangudden <\/a><\/li>\n<li><a class=\"SmallLinks\" href=\"https:\/\/yachtcharter-connection.com\/g%c3%b6teborg-tj%c3%b6rn-482\" title=\"\"> G\u00f6teborg \/ Tj\u00f6rn <\/a><\/li>\n<li><a class=\"SmallLinks\" href=\"https:\/\/yachtcharter-connection.com\/g%c3%b6teborg-yttre-saltholmen-333\" title=\"\"> G\u00f6teborg \/ Yttre Saltholmen <\/a><\/li>\n<li><a class=\"SmallLinks\" href=\"https:\/\/yachtcharter-connection.com\/grebbestad-816\" title=\"\"> Grebbestad <\/a><\/li>\n<li><a class=\"SmallLinks\" href=\"https:\/\/yachtcharter-connection.com\/helsingborg-765\" title=\"\"> Helsingborg <\/a><\/li>\n<li><a class=\"SmallLinks\" href=\"https:\/\/yachtcharter-connection.com\/k%c3%a4llviken-890\" title=\"\"> K\u00e4llviken <\/a><\/li>\n<li><a class=\"SmallLinks\" href=\"https:\/\/yachtcharter-connection.com\/karlshamn-560\" title=\"\"> Karlshamn <\/a><\/li>\n<li><a class=\"SmallLinks\" href=\"https:\/\/yachtcharter-connection.com\/karlskrona-795\" title=\"\"> Karlskrona <\/a><\/li>\n<li><a class=\"SmallLinks\" href=\"https:\/\/yachtcharter-connection.com\/kl%c3%a4desholmen-194\" title=\"\"> Kl\u00e4desholmen <\/a><\/li>\n<li><a class=\"SmallLinks\" href=\"https:\/\/yachtcharter-connection.com\/kungshamn-717\" title=\"\"> Kungshamn <\/a><\/li>\n<li><a class=\"SmallLinks\" href=\"https:\/\/yachtcharter-connection.com\/lysekil-434\" title=\"\"> Lysekil <\/a><\/li>\n<li><a class=\"SmallLinks\" href=\"https:\/\/yachtcharter-connection.com\/lysekil-ormestad-685\" title=\"\"> Lysekil \/ Ormestad <\/a><\/li>\n<li><a class=\"SmallLinks\" href=\"https:\/\/yachtcharter-connection.com\/marstrand-620\" title=\"\"> Marstrand <\/a><\/li>\n<li><a class=\"SmallLinks\" href=\"https:\/\/yachtcharter-connection.com\/moll%c3%b6sund-259\" title=\"\"> Moll\u00f6sund <\/a><\/li>\n<li><a class=\"SmallLinks\" href=\"https:\/\/yachtcharter-connection.com\/orust-allmag-608\" title=\"\"> Orust \/ Allmag <\/a><\/li>\n<li><a class=\"SmallLinks\" href=\"https:\/\/yachtcharter-connection.com\/orust-ell%c3%b6s-243\" title=\"\"> Orust \/ Ell\u00f6s <\/a><\/li>\n<li><a class=\"SmallLinks\" href=\"https:\/\/yachtcharter-connection.com\/sk%c3%a4rhamn-129\" title=\"\"> Sk\u00e4rhamn <\/a><\/li>\n<li><a class=\"SmallLinks\" href=\"https:\/\/yachtcharter-connection.com\/stenungssund-320\" title=\"\"> Stenungssund <\/a><\/li>\n<li><a class=\"SmallLinks\" href=\"https:\/\/yachtcharter-connection.com\/stenungsund-asker%c3%b6n-919\" title=\"\"> Stenungsund \/ Asker\u00f6n <\/a><\/li>\n<li><a class=\"SmallLinks\" href=\"https:\/\/yachtcharter-connection.com\/tj%c3%b6rn-bj%c3%b6rholmen-858\" title=\"\"> Tj\u00f6rn \/ Bj\u00f6rholmen <\/a><\/li>\n<li><a class=\"SmallLinks\" href=\"https:\/\/yachtcharter-connection.com\/tj%c3%b6rn-mossholmen-750\" title=\"\"> Tj\u00f6rn \/ Mossholmen <\/a><\/li>\n<li><a class=\"SmallLinks\" href=\"https:\/\/yachtcharter-connection.com\/tj%c3%b6rn-myggen%c3%a4s-569\" title=\"\"> Tj\u00f6rn \/ Myggen\u00e4s <\/a><\/li>\n<li><a class=\"SmallLinks\" href=\"https:\/\/yachtcharter-connection.com\/tj%c3%b6rn-r%c3%b6nn%c3%a4ng-443\" title=\"\"> Tj\u00f6rn \/ R\u00f6nn\u00e4ng <\/a><\/li>\n<li><a class=\"SmallLinks\" href=\"https:\/\/yachtcharter-connection.com\/tj%c3%b6rn-sk%c3%a4rhamn-936\" title=\"\"> Tj\u00f6rn \/ Sk\u00e4rhamn <\/a><\/li>\n<li><a class=\"SmallLinks\" href=\"https:\/\/yachtcharter-connection.com\/uddevalla-k%c3%a4llviken-662\" title=\"\"> Uddevalla \/ K\u00e4llviken <\/a><\/li>\n<li><a class=\"SmallLinks\" href=\"https:\/\/yachtcharter-connection.com\/wallhamn-marina-312\" title=\"\"> Wallhamn Marina <\/a><\/li>\n<\/ul>\n<\/div>\n<\/td>\n<\/tr>\n<tr><\/tr>\n<\/tbody>\n<\/table>\n","protected":false},"excerpt":{"rendered":"<p>Yachtcharter Schweden Ein Labyrinth von Inseln, Inselchen und Felsbrocken knapp \u00fcber oder unter der Wasseroberfl\u00e4che, gr\u00fcne pure Natur und karge steinige K\u00fcste, bunte Holzh\u00e4uschen, kleine Stege &ndash; die Sch\u00e4ren sind das beliebteste Segelrevier Schwedens. Allein um die Hauptstadt Stockholm an der Ostk\u00fcste liegen rund 24.000 Eilande und Steinhaufen, viele ohne<\/p>\n","protected":false},"author":11,"featured_media":0,"parent":101,"menu_order":0,"comment_status":"open","ping_status":"open","template":"","meta":[],"aioseo_notices":[],"_links":{"self":[{"href":"https:\/\/yachtcharter-connection.com\/de\/wp-json\/wp\/v2\/pages\/465"}],"collection":[{"href":"https:\/\/yachtcharter-connection.com\/de\/wp-json\/wp\/v2\/pages"}],"about":[{"href":"https:\/\/yachtcharter-connection.com\/de\/wp-json\/wp\/v2\/types\/page"}],"author":[{"embeddable":true,"href":"https:\/\/yachtcharter-connection.com\/de\/wp-json\/wp\/v2\/users\/11"}],"replies":[{"embeddable":true,"href":"https:\/\/yachtcharter-connection.com\/de\/wp-json\/wp\/v2\/comments?post=465"}],"version-history":[{"count":1,"href":"https:\/\/yachtcharter-connection.com\/de\/wp-json\/wp\/v2\/pages\/465\/revisions"}],"predecessor-version":[{"id":12388,"href":"https:\/\/yachtcharter-connection.com\/de\/wp-json\/wp\/v2\/pages\/465\/revisions\/12388"}],"up":[{"embeddable":true,"href":"https:\/\/yachtcharter-connection.com\/de\/wp-json\/wp\/v2\/pages\/101"}],"wp:attachment":[{"href":"https:\/\/yachtcharter-connection.com\/de\/wp-json\/wp\/v2\/media?parent=465"}],"curies":[{"name":"wp","href":"https:\/\/api.w.org\/{rel}","templated":true}]}}