{"id":466,"date":"2015-08-10T05:53:32","date_gmt":"2015-08-10T05:53:32","guid":{"rendered":"http:\/\/yachtcharter-connection.com.w01e47c6.kasserver.com\/yachtcharter-thailand\/"},"modified":"2025-10-10T10:16:00","modified_gmt":"2025-10-10T08:16:00","slug":"yachtcharter-thailand","status":"publish","type":"page","link":"https:\/\/yachtcharter-connection.com\/de\/land\/yachtcharter-thailand\/","title":{"rendered":"Thailand"},"content":{"rendered":"<h1><strong>Yachtcharter Thailand<\/strong><\/h1>\n<p style=\"text-align: center;\">\n<span style=\"color: #ff0000;\">Hinweis: Bitte etwas Geduld, die Ladezeit der Charterangebote dauern evtl. einen kleinen Moment.<\/span><\/p>\n<p><iframe loading=\"lazy\" width=\"100%\" height=\"1000\" frameborder=\"0\" scrolling=\"auto\" src=\"https:\/\/www.booking-manager.com\/wbm2\/page.html?companyid=662&amp;setlang=de&amp;bm_view=SearchResult&amp;filter_flexibility=in_year&amp;sortBy=11&amp;sortDirection=-1&amp;filter_country=TH\"><\/iframe><\/p>\n<p>&nbsp;<\/p>\n<p><a href=\"https:\/\/yachtcharter-connection.com\/wp-content\/uploads\/2015\/08\/Thailand-yacht-charters.jpg\"><img loading=\"lazy\" class=\"alignleft size-full wp-image-25430\" src=\"https:\/\/yachtcharter-connection.com\/wp-content\/uploads\/2015\/08\/Thailand-yacht-charters.jpg\" alt=\"Thailand yacht charter\" width=\"600\" height=\"373\" srcset=\"https:\/\/yachtcharter-connection.com\/wp-content\/uploads\/2015\/08\/Thailand-yacht-charters.jpg 600w, https:\/\/yachtcharter-connection.com\/wp-content\/uploads\/2015\/08\/Thailand-yacht-charters-300x187.jpg 300w\" sizes=\"(max-width: 600px) 100vw, 600px\" \/><\/a>Thailand hat sich in den letzten Jahren zur beliebten Charter-Destination entwickelt. Mit dem Ausbau von Marinas wurde das Land auch f\u00fcr die Regattaszene interessant, die sich zum Beispiel allj\u00e4hrlich beim King\u2019s Cup in Phuket trifft. Segelreviere in Thailand sind die Andamanensee, die Phang Na Bay und der Golf von Thailand. Phuket in der Andamanensee, Ko Chang in der Bucht vonThailand oder Ko Samui sind den auch die wichtigsten Charterausgangsorte \u2013 wenn man nicht etwa in Burma oder im benachbarten Langkawi in Malaysia startet, um vor der K\u00fcste Thailands zu segeln. Bei der Orientierung hilfreich: Ko hei\u00dft Insel \u2013 wird aber auch Koh oder Kho geschrieben.<\/p>\n<p>Das Revier kann gut von Yachtcharter-Crews mit etwas Erfahrung besegelt werden. Beste Segelzeit ist von November bis April, \u00fcberwiegend mit Winden aus Nordost. Danach gibt es mehr Regenschauer, es wird hei\u00dfer, der Wind kommt \u00fcberwiegend aus S\u00fcdwest. Im Sommer ist allerdings die gut gesch\u00fctzte gro\u00dfe Bucht von Phang Na ein sch\u00f6nes Revier \u2013 die Bay, nur etwa zwei Segelstunden von Phuket entfernt, ist nur im S\u00fcden mit dem offenen Meer verbunden und als Naturpark gesch\u00fctzt \u2013 bekannt ist sie vor allem f\u00fcr ihre bizarren Kalkstein-Formationen.<\/p>\n<p><img class=\"content-image\" style=\"width: 300px; height: 449px;\" src=\"https:\/\/yachtcharter-connection.com\/wp-content\/uploads\/converted_files\/18938\/18938-562226100e208.jpg\" alt=\"Thailand_Andamanensee\" \/>Wie auch in anderen tropischen Revieren bietet die Landschaft viel sehenswerte Natur wie Regenwald und Wasserf\u00e4lle. Zahlreiche Buchten laden zum Ankern ein \u2013 und an Land herrscht viel Leben mit Restaurants und Bars. Die leichte leckere Thai-K\u00fcche und die freundlichen Menschen im Land des L\u00e4chelns erwarten die Segel-Crews beim Landgang. Pittoreske Fischerd\u00f6rfer und Holzh\u00e4uschen auf Pf\u00e4hlen sind beliebte Fotomotive.<\/p>\n<p>Die Insel Phuket, gr\u00f6\u00dfte Insel Thailands, ist nur durch einen schmalen Kanal vom Festland getrennt. Der Tourismus hat hier schon vor drei Jahrzehnten Einzug gehalten, die Stadt Patong gilt als Touristenzentrum. Die Einwohner betreiben au\u00dferdem uner anderem Landwirtschaft mit Kautschuk-Plantagen, Ananas und Bananenanbau und Kokospalmen, von denen sie Kopra gewinnen, Fischerei und Perlenzucht. Besonders im Westen der Insel gibt es traumhafte Str\u00e4nde, im Nationalpark im Osten wuchert noch urspr\u00fcnglicher Dschungel. Highlights auf Phuket: Der Sonnenuntergang am S\u00fcdkap in Laem Phrompthep mit Blick auf das Meer und die vorgelagerten Inseln, der Panoramablick vom 3-Bay View Point s\u00fcdlich von Kata mit Blick auf die Str\u00e4nde Karon, Kata Noi und Kata Yai, der buddhische Tempel Wat Chalong im S\u00fcdwesten und Put Yaw, ein chinesischer Tempel in Phuket Stadt.<\/p>\n<p>Von Phuket aus segeln die meisten Yachten Richtung Ko Phi Phi und Similan Islands. Nur eine Dreiviertelstunde von der Chalong Bay Phukets entfernt liegt das Ko Raya Archipel. Kokospalmen, Dschungel, nur wenige Bewohner und vor allem Traumstr\u00e4nde gibt es auf Ko Raya Yai, Ko Raya Noi ist von Dschungel \u00fcberwuchert und hat keine Str\u00e4nde, aber sch\u00f6ne fischreiche Spots f\u00fcr Schnorchler. Ein herrliches Tauchrevier finden Freunde der Unterwasserwelt auch vor den neun Similan-Inseln westlich von Phuket, die zusammen mit zwei weiteren Eilanden den Mu Ko Similan Nationalpark bilden. Die Inselgruppe Ko Phi Phi wurde vor allem durch den Film \u201eThe Beach\u201c bekannt,der auf Ko Phi Leh gedreht wurde. Zu Inselgruppe geh\u00f6ren unter anderem die hauptinsel Ko Phi Phi Don, die f\u00fcr ihre steilen Felsw\u00e4nde ber\u00fchmten und vor allem f\u00fcr Taucher interessanten Inseln Ko Bida Nok und Ko Bida Nai, die Fischerinsel Ko Yung, die Bambus-Insel Ko Mai Phai.<\/p>\n<p>An der Ostk\u00fcste Thailands im Golf von Thailand, in dem sich mehr als 50 Inseln locken, liegt die Yachtcharter-Basis auf der nach ihren Umrissen benannten Elefanteninsel Ko Chang, der zweitgr\u00f6\u00dften Insel Thailands. Hua Hin ist ein Ferienort, der insbesondere bei den Thail\u00e4ndern selbst beliebt ist. Phuket ist Sitz mehrerer Charterunternehmen und verf\u00fcgt \u00fcber moderne Marinas.In und um die Marinas gibt es Gesch\u00e4fte, alle relevanten Service-Einrichtungen und nat\u00fcrlich zahlreiche Restaurants.<\/p>\n<p>&nbsp;<\/p>\n<h3><strong>Yachtcharter Malaysia und Myanmar \/ Mergui archipelago:<\/strong><\/h3>\n<p>Es gibt auch einen Yachtcharter-St\u00fctzpunkt in Langkawi in Malaysia &#8211; One-way Charter zwischen Thailand \/ Phuket und Langkawi sind in beide Richtungen m\u00f6glich. Die sch\u00f6ne K\u00fcste von Myanmar (Burma \/ Birma) &#8211; mit dem faszinierenden Mergui Archilel &#8211; kann nur an Bord einer Yacht mit Crew erkundet werden. Fragen Sie uns nach Angeboten.<\/p>\n<p>&nbsp;<\/p>\n<h2>Charteryachten Thailand<\/h2>\n<p><strong>Es gibt wichtige Yachtcharter Flotten mit Segelyachte und Katamaranen f\u00fcr Bareboat-Charter in Thailand, die nicht in unserem Yachtfinder gelistet sind &#8211; bitte fragen Sie nach Angeboten. Und nat\u00fcrlich senden wir Ihnen gerne auch Angebote f\u00fcr\u00a0 die sch\u00f6nsten Luxus-Charteryachten mit Crew in dieser Region zu.<\/strong><\/p>\n<p>&nbsp;<\/p>\n<h2>Luxusyacht-Charter Thailand<\/h2>\n<p><strong>Thailand ist auch eine sehr beliebte Destination f\u00fcr Charterurlaub an Bord von Luxusyachten, Superyachten und Katamaranen mit Crew. Hier finden Sie mehr <span style=\"color: #0000ff;\"><a style=\"color: #0000ff;\" href=\"https:\/\/yachtcharter-connection.com\/de\/luxus-charteryachten\/\" target=\"_blank\" rel=\"noopener\">Informationen \u00fcber Luxusyacht-Charter.<\/a><\/span> Gern organisieren wir Ihre Luxusyacht-Charter in Thailand oder Myanmar &#8211; bitte fragen Sie uns nach Angeboten.<\/strong><\/p>\n<p><strong><a href=\"https:\/\/yachtcharter-connection.com\/de\/luxusyachten-indischer-ozean\/\">Luxusyachten Indischer Ozean<\/a><\/strong><\/p>\n<p>&nbsp;<\/p>\n<p><b>Nautische Literatur:<\/b><br \/>\nSegeln in Thailand \u2013 Christian Eschenburg<br \/>\nAndaman Sea Pilot \u2013 O\u2019Leary &amp; Dowden<\/p>\n<table class=\"RegionsAndSubregions\" style=\"border-collapse: collapse;\" border=\"0\" cellspacing=\"0\">\n<tbody>\n<tr>\n<td>\n<div class=\"SubregionRepeaterTitle\">\n<h2><a href=\"https:\/\/yachtcharter-connection.com\/yachtcharter-thailand-burma\"> Thailand \/ Burma <\/a><\/h2>\n<\/div>\n<div class=\"SmallLinks\">\n<ul>\n<li><a class=\"SmallLinks\" title=\"\" href=\"https:\/\/yachtcharter-connection.com\/de\/hua-hin-399\"> Hua Hin <\/a><\/li>\n<li><a class=\"SmallLinks\" title=\"\" href=\"https:\/\/yachtcharter-connection.com\/de\/ko-chang-ao-salak-phed-918\"> Ko Chang \/ Ao Salak Phed <\/a><\/li>\n<li><a class=\"SmallLinks\" title=\"\" href=\"https:\/\/yachtcharter-connection.com\/de\/phuket-ao-chalong-403\"> Phuket \/ Ao Chalong <\/a><\/li>\n<li><a class=\"SmallLinks\" title=\"\" href=\"https:\/\/yachtcharter-connection.com\/de\/phuket-boat-lagoon-926\"> Phuket \/ Boat Lagoon <\/a><\/li>\n<li><a class=\"SmallLinks\" title=\"\" href=\"https:\/\/yachtcharter-connection.com\/de\/phuket-laem-phrao-372\"> Phuket \/ Laem Phrao <\/a><\/li>\n<li><a class=\"SmallLinks\" title=\"\" href=\"https:\/\/yachtcharter-connection.com\/de\/phuket-yacht-haven-marina-433\"> Phuket \/ Yacht Haven Marina <\/a><\/li>\n<\/ul>\n<\/div>\n<\/td>\n<\/tr>\n<\/tbody>\n<\/table>\n","protected":false},"excerpt":{"rendered":"<p>Yachtcharter Thailand Hinweis: Bitte etwas Geduld, die Ladezeit der Charterangebote dauern evtl. einen kleinen Moment. &nbsp; Thailand hat sich in den letzten Jahren zur beliebten Charter-Destination entwickelt. Mit dem Ausbau von Marinas wurde das Land auch f\u00fcr die Regattaszene interessant, die sich zum Beispiel allj\u00e4hrlich beim King\u2019s Cup in Phuket<\/p>\n","protected":false},"author":11,"featured_media":0,"parent":101,"menu_order":0,"comment_status":"open","ping_status":"open","template":"","meta":[],"aioseo_notices":[],"_links":{"self":[{"href":"https:\/\/yachtcharter-connection.com\/de\/wp-json\/wp\/v2\/pages\/466"}],"collection":[{"href":"https:\/\/yachtcharter-connection.com\/de\/wp-json\/wp\/v2\/pages"}],"about":[{"href":"https:\/\/yachtcharter-connection.com\/de\/wp-json\/wp\/v2\/types\/page"}],"author":[{"embeddable":true,"href":"https:\/\/yachtcharter-connection.com\/de\/wp-json\/wp\/v2\/users\/11"}],"replies":[{"embeddable":true,"href":"https:\/\/yachtcharter-connection.com\/de\/wp-json\/wp\/v2\/comments?post=466"}],"version-history":[{"count":12,"href":"https:\/\/yachtcharter-connection.com\/de\/wp-json\/wp\/v2\/pages\/466\/revisions"}],"predecessor-version":[{"id":31412,"href":"https:\/\/yachtcharter-connection.com\/de\/wp-json\/wp\/v2\/pages\/466\/revisions\/31412"}],"up":[{"embeddable":true,"href":"https:\/\/yachtcharter-connection.com\/de\/wp-json\/wp\/v2\/pages\/101"}],"wp:attachment":[{"href":"https:\/\/yachtcharter-connection.com\/de\/wp-json\/wp\/v2\/media?parent=466"}],"curies":[{"name":"wp","href":"https:\/\/api.w.org\/{rel}","templated":true}]}}