{"id":467,"date":"2015-08-10T05:53:32","date_gmt":"2015-08-10T05:53:32","guid":{"rendered":"http:\/\/yachtcharter-connection.com.w01e47c6.kasserver.com\/yachtcharter-t%c3%bcrkei\/"},"modified":"2025-10-10T10:13:51","modified_gmt":"2025-10-10T08:13:51","slug":"yachtcharter-tuerkei","status":"publish","type":"page","link":"https:\/\/yachtcharter-connection.com\/de\/land\/yachtcharter-tuerkei\/","title":{"rendered":"T\u00fcrkei"},"content":{"rendered":"<h1><strong>Yachtcharter T\u00fcrkei<\/strong><\/h1>\n<p style=\"text-align: center;\">\n<span style=\"color: #ff0000;\">Hinweis: Bitte etwas Geduld, die Ladezeit der Charterangebote dauern evtl. einen kleinen Moment.<\/span><\/p>\n<p><iframe loading=\"lazy\" width=\"100%\" height=\"1000\" frameborder=\"0\" scrolling=\"auto\" src=\"https:\/\/www.booking-manager.com\/wbm2\/page.html?companyid=662&amp;setlang=de&amp;bm_view=SearchResult&amp;filter_flexibility=in_year&amp;sortBy=11&amp;sortDirection=-1&amp;filter_country=TR\"><\/iframe><\/p>\n<p>&nbsp;<\/p>\n<p><img class=\"content-image\" style=\"width: 300px; height: 200px;\" src=\"https:\/\/yachtcharter-connection.com\/wp-content\/uploads\/converted_files\/18939\/18939-56222612e3478.jpg\" alt=\"Yachtcharter T\u00fcrkei - Hafen Marmaris\" \/>Die Zeiten, als die <a href=\"https:\/\/yachtcharter-connection.com\/wp-content\/uploads\/converted_files\/18939\/18939-5622261450790.jpg\">t\u00fcrkische K\u00fcste<\/a> unter Yachtcharter-Seglern eher als Geheimtipp galt, sind l\u00e4ngst vorbei. Insbesondere der S\u00fcdwesten des Landes ist im Yachtcharter T\u00fcrkei-Tourismus mittlerweile sehr beliebt, das Angebot der Yachtcharter T\u00fcrkei-Unternehmen ist hervorragend, das Preisniveau f\u00fcr die Yachtcharter T\u00fcrkei selbst und f\u00fcr den Bedarf w\u00e4hrend des Yachtcharter T\u00fcrkei-T\u00f6rns immer noch moderat. Der Gegensatz von Abend- und Morgenland fasziniert immer noch, und die t\u00fcrkische K\u00fcche sorgt f\u00fcr manche Gaumenfreuden.<\/p>\n<p>Die maritime Infrastruktur f\u00fcr Yachtcharter in der T\u00fcrkei wurde in den letzten Jahren deutlich verbessert: Zahlreiche moderne Marinas stehen mittlerweile den Yachtcharter T\u00fcrkei-Crews zur Verf\u00fcgung. Einsame Traumbuchten, die man sich nur mit wenigen Yachten und einigen Ziegen teilt, gibt es aber immer noch, au\u00dferdem unz\u00e4hlige gesch\u00fctzte Buchten mit Lokalen. Vielfach haben gastfreundliche Restaurantbesitzer f\u00fcr ihre segelnden Yachtcharter T\u00fcrkei-G\u00e4ste Mooringbojen oder Stege ausgebracht, die zunehmend Wasser- und Stromanschluss ausger\u00fcstet sind. Das Festmachen ist meist kostenlos. Es ist meist erw\u00fcnscht, aber trotzdem keine Pflicht, etwas an Land zu verzehren.<\/p>\n<p><img class=\"content-image\" style=\"width: 300px; height: 199px;\" src=\"https:\/\/yachtcharter-connection.com\/wp-content\/uploads\/converted_files\/18939\/18939-562226157a51b.jpg\" alt=\"Yachtcharter T\u00fcrkei - \u00c4g\u00e4is\" \/>Die t\u00fcrkischen Gew\u00e4sser sind auch f\u00fcr weniger erfahrene Yachtcharter T\u00fcrkei-Skipper, Genuss-Segler und Familien ein ideales Yachtcharter-Revier. Auch auf kurzen Distanzen bieten sich jederzeit neue spannende T\u00f6rnziele an, in den Sommermonaten bl\u00e4st nur selten Starkwind. Und f\u00fcr Landausfl\u00fcgler hat das Revier einiges zu bieten: hei\u00dfe Quellen, Wasserf\u00e4lle oder Felsengr\u00e4ber, die per Flussfahrt zu erreichen sind. Felsengr\u00e4ber in Myra, Highlights der Antike wir Ephesus oder Xanthos oder Kaunos liegen in K\u00fcstenn\u00e4he und sind auch f\u00fcr Yacht-Wanderer leicht erreichbar.<\/p>\n<h3>Yachtcharter T\u00fcrkei &#8211; die Ausgangsh\u00e4fen<\/h3>\n<p>Die beliebtesten Ausgangspunkte f\u00fcr den Yachtcharter-T\u00f6rn in der T\u00fcrkei sind die zahlreichen Yachtcharter T\u00fcrkei-St\u00fctzpunkte in <strong><a href=\"https:\/\/yachtcharter-connection.com\/de\/regionen\/mittelmeer\/yachtcharter-t%c3%bcrkische-k%c3%bcste\/bodrum-277\/\">Bodrum<\/a>, <a href=\"https:\/\/yachtcharter-connection.com\/de\/regionen\/mittelmeer\/yachtcharter-t%c3%bcrkische-k%c3%bcste\/yalikavak-bodrum-halbinsel\/\">Yalikavak <\/a><\/strong>auf der Bodrum-Halbinsel, <strong><a href=\"https:\/\/yachtcharter-connection.com\/de\/regionen\/mittelmeer\/yachtcharter-t%c3%bcrkische-k%c3%bcste\/marmaris-884\/\">Marmaris<\/a><\/strong>, <strong><a href=\"https:\/\/yachtcharter-connection.com\/de\/regionen\/mittelmeer\/yachtcharter-t%c3%bcrkische-k%c3%bcste\/g%c3%b6cek-632\/\">Port G\u00f6cek<\/a><\/strong> und<strong> <a href=\"https:\/\/yachtcharter-connection.com\/de\/regionen\/mittelmeer\/yachtcharter-t%c3%bcrkische-k%c3%bcste\/fethiye-938\/\">Fethiye<\/a><\/strong>, aber auch in Kusadasi gibt es einige Charteryachten. Das Revier reicht von der Yachtcharter-Basis <strong><a href=\"https:\/\/yachtcharter-connection.com\/de\/regionen\/mittelmeer\/yachtcharter-t%c3%bcrkische-k%c3%bcste\/cesme-marina-alacati-207\/\">Cesme \/ Marina Alacati<\/a><\/strong> und <a href=\"https:\/\/yachtcharter-connection.com\/de\/regionen\/mittelmeer\/yachtcharter-t%c3%bcrkische-k%c3%bcste\/izmir-teos-326\/\">Teos Marina in Sigacik<\/a> nahe Izmir an der Westk\u00fcste bis Antalya an der t\u00fcrkischen Riviera, Die meisten Yachtcharter T\u00fcrkei-Crews segeln allerdings in der Gegend von Bodrum, im G\u00f6kova-Golf, bei Marmaris und im Fethye-Golf \u2013 und auch der kurze Sprung auf die griechischen Inseln Kos, Rhodos oder Symi ist heute von den Beh\u00f6rden f\u00fcr Yachtcharter T\u00fcrkei-Touristen erleichtert worden.<\/p>\n<p>&nbsp;<\/p>\n<h2><strong>Luxusyacht-Charter T\u00fcrkei:<\/strong><\/h2>\n<p><strong>Die T\u00fcrkei ist eine sehr beliebte Destination f\u00fcr Luxusyacht-Charter und Charter auf luxuri\u00f6sen Gulets \/ Motorseglern.<\/strong> <strong>Wenn Sie sich f\u00fcr das Chartern einer Luxusyacht oder eines Gulets in der T\u00fcrkei interessierten, finden Sie mehr Informationen unter <\/strong><a href=\"https:\/\/yachtcharter-connection.com\/de\/luxusyachten-gulets-tuerkei\/\" target=\"_blank\" rel=\"noopener\"><span style=\"color: #0000ff;\"><strong>Yachtcharter Luxusyachten in der T\u00fcrkei.<\/strong><\/span><\/a><\/p>\n<p><strong><a href=\"https:\/\/yachtcharter-connection.com\/de\/luxurioese-motoryachten-tuerkei\/\">Luxus-Motoryachten T\u00fcrkei<\/a><\/strong><\/p>\n<p><strong><a href=\"https:\/\/yachtcharter-connection.com\/de\/motorsegler-gulets-tuerkei\/\">Motorsegler \/ Gulets T\u00fcrkei<\/a><\/strong><\/p>\n<p>&nbsp;<\/p>\n<p><b>Nautische Literatur f\u00fcr Yachtcharter T\u00fcrkei: <\/b><br \/>\nT\u00fcrkische K\u00fcste \u2013 Vom Bosporus bis Antalya, Revierf\u00fchrer von Gerd Radspieler<\/p>\n<p><b>Seewetter T\u00fcrkei:<\/b><br \/>\nK\u00fcstenfunkstellen auf Kanal 67 um 9.00, 12.00, 15.00, 18.00 und 21.00, Ank\u00fcndigung \u00fcber Kanal 16<\/p>\n<p><strong>Yachtcharter T\u00fcrkei &#8211; L\u00e4nderinformationen:<\/strong><\/p>\n<p>Amtssprache: T\u00fcrkisch &#8211; in den Touristenregionen auch Deutsch und Englisch<br \/>\nHauptstadt: Ankara<\/p>\n<p>W\u00e4hrung: Neue T\u00fcrkische Lira (TLY)<\/p>\n<p>Uhrzeit: Eastern European Time EET = MEZ +1 \/ UTC \/ GMT + 2 Stunden<br \/>\nim Sommer EESZ Eastern European Summer Time<br \/>\nNetzspannung: 220 V<\/p>\n<p>Die wichtigsten Flugh\u00e4fen f\u00fcr Yachtcharter T\u00fcrkei-Crews:<\/p>\n<p>&#8211; Bodrum-Milas -BJV<br \/>\n&#8211; Dalaman &#8211; DLM<br \/>\n&#8211; Antalya &#8211; AYT<br \/>\n&#8211; Izmir &#8211; ADB<\/p>\n<table class=\"RegionsAndSubregions\" style=\"border-collapse: collapse;\" border=\"0\" cellspacing=\"0\">\n<tbody>\n<tr>\n<td>\n<div class=\"SubregionRepeaterTitle\">\n<h2><a href=\"https:\/\/yachtcharter-connection.com\/de\/yachtcharter-insel-zypern\"> Insel Zypern <\/a><\/h2>\n<\/div>\n<div class=\"SmallLinks\">\n<ul>\n<li><a class=\"SmallLinks\" title=\"\" href=\"https:\/\/yachtcharter-connection.com\/de\/girne-235\"> Girne <\/a><\/li>\n<\/ul>\n<\/div>\n<\/td>\n<td>\n<div class=\"SubregionRepeaterTitle\">\n<h2><a href=\"https:\/\/yachtcharter-connection.com\/de\/yachtcharter-tuerkische-kueste\"> T\u00fcrkische K\u00fcste <\/a><\/h2>\n<\/div>\n<div class=\"SmallLinks\">\n<ul>\n<li><a class=\"SmallLinks\" title=\"\" href=\"https:\/\/yachtcharter-connection.com\/de\/antalya-680\"> Antalya <\/a><\/li>\n<li><a class=\"SmallLinks\" title=\"\" href=\"https:\/\/yachtcharter-connection.com\/de\/bodrum-277\"> Bodrum <\/a><\/li>\n<li><a class=\"SmallLinks\" title=\"\" href=\"https:\/\/yachtcharter-connection.com\/de\/bozburun-960\"> Bozburun <\/a><\/li>\n<li><a class=\"SmallLinks\" title=\"\" href=\"https:\/\/yachtcharter-connection.com\/de\/cesme-marina-alacati-207\"> Cesme \/ Marina Ala\u00e7ati <\/a><\/li>\n<li><a class=\"SmallLinks\" title=\"\" href=\"https:\/\/yachtcharter-connection.com\/de\/datca-823\"> Datca <\/a><\/li>\n<li><a class=\"SmallLinks\" title=\"\" href=\"https:\/\/yachtcharter-connection.com\/de\/fethiye-938\"> Fethiye <\/a><\/li>\n<li><a class=\"SmallLinks\" title=\"\" href=\"https:\/\/yachtcharter-connection.com\/de\/finike-256\"> Finike <\/a><\/li>\n<li><a class=\"SmallLinks\" title=\"\" href=\"https:\/\/yachtcharter-connection.com\/de\/g%c3%b6cek-632\"> G\u00f6cek <\/a><\/li>\n<li><a class=\"SmallLinks\" title=\"\" href=\"https:\/\/yachtcharter-connection.com\/de\/istanbul-233\"> Istanbul <\/a><\/li>\n<li><a class=\"SmallLinks\" title=\"\" href=\"https:\/\/yachtcharter-connection.com\/de\/izmir-teos-326\"> Izmir \/ Teos <\/a><\/li>\n<li><a class=\"SmallLinks\" title=\"\" href=\"https:\/\/yachtcharter-connection.com\/de\/kalkan-228\"> Kalkan <\/a><\/li>\n<li><a class=\"SmallLinks\" title=\"\" href=\"https:\/\/yachtcharter-connection.com\/de\/karaca-s%c3%b6g%c3%bct-663\"> Karaca S\u00f6g\u00fct <\/a><\/li>\n<li><a class=\"SmallLinks\" title=\"\" href=\"https:\/\/yachtcharter-connection.com\/de\/kas-823\"> Kas <\/a><\/li>\n<li><a class=\"SmallLinks\" title=\"\" href=\"https:\/\/yachtcharter-connection.com\/de\/kemer-799\"> Kemer <\/a><\/li>\n<li><a class=\"SmallLinks\" title=\"\" href=\"https:\/\/yachtcharter-connection.com\/de\/kusadasi-891\"> Kusadasi <\/a><\/li>\n<li><a class=\"SmallLinks\" title=\"\" href=\"https:\/\/yachtcharter-connection.com\/de\/marmaris-884\"> Marmaris <\/a><\/li>\n<li><a class=\"SmallLinks\" title=\"\" href=\"https:\/\/yachtcharter-connection.com\/de\/orhaniye-231\"> Orhaniye <\/a><\/li>\n<li><a class=\"SmallLinks\" title=\"\" href=\"https:\/\/yachtcharter-connection.com\/de\/yachtcharter-turgutreis-bodrum-halbinsel\"> Turgutreis \/ Bodrum Halbinsel <\/a><\/li>\n<li><a class=\"SmallLinks\" title=\"\" href=\"https:\/\/yachtcharter-connection.com\/de\/yalikavak-bodrum-halbinsel\"> Yalikavak \/ Bodrum Halbinsel <\/a><\/li>\n<\/ul>\n<\/div>\n<\/td>\n<\/tr>\n<\/tbody>\n<\/table>\n","protected":false},"excerpt":{"rendered":"<p>Yachtcharter T\u00fcrkei Hinweis: Bitte etwas Geduld, die Ladezeit der Charterangebote dauern evtl. einen kleinen Moment. &nbsp; Die Zeiten, als die t\u00fcrkische K\u00fcste unter Yachtcharter-Seglern eher als Geheimtipp galt, sind l\u00e4ngst vorbei. Insbesondere der S\u00fcdwesten des Landes ist im Yachtcharter T\u00fcrkei-Tourismus mittlerweile sehr beliebt, das Angebot der Yachtcharter T\u00fcrkei-Unternehmen ist hervorragend,<\/p>\n","protected":false},"author":11,"featured_media":0,"parent":101,"menu_order":0,"comment_status":"open","ping_status":"open","template":"","meta":[],"aioseo_notices":[],"_links":{"self":[{"href":"https:\/\/yachtcharter-connection.com\/de\/wp-json\/wp\/v2\/pages\/467"}],"collection":[{"href":"https:\/\/yachtcharter-connection.com\/de\/wp-json\/wp\/v2\/pages"}],"about":[{"href":"https:\/\/yachtcharter-connection.com\/de\/wp-json\/wp\/v2\/types\/page"}],"author":[{"embeddable":true,"href":"https:\/\/yachtcharter-connection.com\/de\/wp-json\/wp\/v2\/users\/11"}],"replies":[{"embeddable":true,"href":"https:\/\/yachtcharter-connection.com\/de\/wp-json\/wp\/v2\/comments?post=467"}],"version-history":[{"count":13,"href":"https:\/\/yachtcharter-connection.com\/de\/wp-json\/wp\/v2\/pages\/467\/revisions"}],"predecessor-version":[{"id":31409,"href":"https:\/\/yachtcharter-connection.com\/de\/wp-json\/wp\/v2\/pages\/467\/revisions\/31409"}],"up":[{"embeddable":true,"href":"https:\/\/yachtcharter-connection.com\/de\/wp-json\/wp\/v2\/pages\/101"}],"wp:attachment":[{"href":"https:\/\/yachtcharter-connection.com\/de\/wp-json\/wp\/v2\/media?parent=467"}],"curies":[{"name":"wp","href":"https:\/\/api.w.org\/{rel}","templated":true}]}}