{"id":468,"date":"2012-12-23T05:22:52","date_gmt":"2012-12-23T05:22:52","guid":{"rendered":"http:\/\/yachtcharter-connection.com.w01e47c6.kasserver.com\/yachtcharter-vereinigtes-k%c3%b6nigreich\/"},"modified":"2017-07-12T04:30:49","modified_gmt":"2017-07-12T02:30:49","slug":"yachtcharter-vereinigtes-koenigreich","status":"publish","type":"page","link":"https:\/\/yachtcharter-connection.com\/de\/land\/yachtcharter-vereinigtes-koenigreich\/","title":{"rendered":"Vereinigtes K\u00f6nigreich"},"content":{"rendered":"<h3><span style=\"font-weight: bold;\">Yachtcharter Gro\u00dfbritannien<br \/>\n<\/span><\/h3>\n<p><span style=\"font-weight: bold;\"><br \/>\n<\/span><b><span style=\"font-family: Arial;\"><!--[if !supportEmptyParas]--> <!--[endif]--><o:p><\/o:p><\/span><\/b><img loading=\"lazy\" class=\"content-image\"  height=\"200\" width=\"300\" src=\"https:\/\/yachtcharter-connection.com\/wp-content\/uploads\/converted_files\/18940\/18940-56222620823cb.jpg\" alt=\"\" \/>Mit Kapit\u00e4nen und Freibeutern wie Sir Francis Drake oder Admiral Nelson haben die Briten ganze Weltreiche erobert, Gro\u00dfbritannien gilt auch als Mutterland des Yachtsports: Schon Kaiser Wilhelm II. segelte hier mit diversen Rennyachten, die er stets auf &bdquo;Meteor&ldquo; taufte, Regatten gegen den britischen Hochadel, Anfang des 20. Jahrhunderts, als der Segelsport noch als elit\u00e4r als &bdquo;Herrensegeln&ldquo; bezeichnet wurde. Wer auf der Isle of Wight in Cowes neben den gro\u00dfen Kanonen steht, mit denen der Nobelclub Royal Yacht Suadron seine Regatten lautstark anzuschie\u00dfen pflegt, sp\u00fcrt Yacht-Historie hautnah. In den internationalen Regattafeldern oder bei spektakul\u00e4ren Rekordversuchen ist das Vereinigte K\u00f6nigreich immer noch Spitze. Als Charter-Revier spielt es noch eine eher untergeordnete Rolle. Aber die Engl\u00e4nder freuen sich \u00fcber Yachtcharter-G\u00e4ste, in vielen kleinen H\u00e4fen an der S\u00fcdk\u00fcste hat man gelbe Muringbojen f\u00fcr sie ausgelegt, auch in den \u00f6rtlichen Yachtclubs ist man h\u00e4ufig willkommen.<\/p>\n<p><span style=\"font-family: Arial;\"> <br \/>\nDabei sind insbesondere der Solent, das beliebteste Revier der Briten selbst, und die S\u00fcdwestk\u00fcste von Cornwall mit einer malerischen Inselwelt bis zu den Scilly-Inseln reizvolle Sommerreviere. Mit Gezeiten-Navigation sollten sich Charterer aber hier in Atlantik, \u00c4rmelkanal und in der keltischen See auskennen &ndash; Kenntnis der Admiral Tide Tables und T\u00f6rnplanung nach Ebbe und Flut ist Pflicht. <\/p>\n<p>Eine gro\u00dfe Yachtcharter-Basis gibt es unter anderem im modernen Port Solent. Unweit von Port Solent liegt Beaulieu: Der &bdquo;Beaulieu Boat Jumble&ldquo; genie\u00dft im Apri seinen Ruf als gr\u00f6\u00dfter Bootsflohmarkt der Welt &ndash; anlegen kann man an Pf\u00e4hlen im Fluss. Beliebte Seglerh\u00e4fen: Chichester Harbour, nahe Plymouth bei glattem Wasser gut gesch\u00fctzt,  und Lymington.  Gro\u00dfe Marinas gibt es an der S\u00fcd- und S\u00fcdwestk\u00fcste au\u00dferdem in Southampton (Ocean Marina Village), Plymouth oder Torquai in Devon.<\/p>\n<p>Devon und Cornwall verf\u00fcgen zusammen \u00fcber 350 Kilometer K\u00fcstenlinie. Cornwall reizt durch die vorgelagerte Inselwelt der Scillys  und landschaftliche Sch\u00f6nheit. Hunderte von Str\u00e4nden, elegante Seeb\u00e4der und historische Fischerd\u00f6rfer wollen erkundet werden. In Falmouth operiert sogar die Austern-Fang-Flotte noch unter Segeln. Die Scilly-Inseln mit \u00fcber 50 Eilanden sind dank Golfstrom so etwas wie die englische S\u00fcdsee &ndash; mit Bl\u00fctenmeeren im Fr\u00fchjahr und teils subtropischer Vegetation. St. Mary&rsquo;s ist touristisch ziemlich gut erschlossen, sehenswert die &bdquo;Abbey Gardens&ldquo; auf der Insel Tresco.<\/p>\n<p>Inselhopping ist auch an der britischen Ostk\u00fcste machbar, sprich auf den Kanalinseln &ndash; allerdings darf man sich vom Tidenhub bis zu zw\u00f6lf Metern nicht abschrecken lassen. Ausgangspunkt nach hier ist eher die Bretagne, da die Inseln zwar zu Gro\u00dfbritannien geh\u00f6ren, geographisch jedoch eher bei Frankreich liegen. Franz\u00f6sischer Charme und Old England liegen hier nah beieinander. Die Inseln &ndash; Jersey und Guernsey sind die bekanntesten, Alderney, Herm und Sark sind nicht jedem gel\u00e4ufig &ndash; umfassen zusammen rund 200 Quadratkilometer. Mit den rund 140.000 Inselbewohnern kann man sich Englisch und Franz\u00f6sisch verst\u00e4ndigen, das Klima ist mild, die Vegetation subtropisch. Buchten, ausgedehnte Sandstr\u00e4nde und viel Gr\u00fcn erwarten Segler auf Jersey, der gr\u00f6\u00dften Insel &ndash; au\u00dferdem Nightlife und malerische G\u00e4sschen in der lebhaften Stadt St. Helen. Auf Guernsey, wo es etwas ruhiger zugeht, ist der Hafen von St. Peter Port Anziehungspunkt f\u00fcr viele Segler. Sark gilt als unabh\u00e4ngiger Staat &ndash; alle Inseln haben \u00fcbrigens eine eigene W\u00e4hrung, die an das britische Pfund gekoppelt ist.<\/p>\n<p>Wer es rauer mag, kann auch in Schottland auf T\u00f6rn gehen &ndash; es gab auch schon &bdquo;Whisky-Flottillen&ldquo; auf den Spuren der ber\u00fchmtesten Whisky-Brennereien. Insel-Hopping und Whisky gibt es auf den Hebriden vor der schottischen Nordwestk\u00fcste. Chartern kann man unter anderem auf der Insel Skye, Die Inseln Rum und Mull mit dem Hafenst\u00e4dtchen Tobermory oder Oban am Festland k\u00f6nnten T\u00f6rnziele sein, aber auch die \u00c4u\u00dferen Hebriden mit den Inseln Harras, Lewis, Barra oder Uist.<\/p>\n<p>Die S\u00fcdk\u00fcste der Briten ist auch f\u00fcr Familien gut geeignet, der Norden eher f\u00fcr erprobte Yachtcharter-Crews. Das Preisniveau ist relativ hoch &ndash; aber im Gegensatz zu fr\u00fcheren Zeiten, als in England gute K\u00fcche aus halbgarem Gem\u00fcse und zerkochtem Fleisch bestand, ist das kulinarische Angebot inzwischen vielf\u00e4ltig und teils hervorragend. Auch in kleinen Pubs wid inzwischen gut gekocht!<\/p>\n<p>\n<b>Yachtcharter-Angebote f\u00fcr Gro\u00dfbritannien machen wir Ihnen gern auf Anfrage!<\/b><\/p>\n<p><b>Seewetter vor Ort:<\/b><br \/>\nBBC Shipping Forecast, 243, 1062 kHz, 1.48, 06.20, 13.01, 18.54<br \/>\nHM Coastguard: Kan\u00e4le 10,23, 73, 84, 96 &ndash; alle 4 Stunden, Ank\u00fcndigung auf Kanal 16<\/span><!--[endif]--><o:p><\/o:p><\/p>\n<p><\/p>\n<table  class=\"RegionsAndSubregions\" cellspacing=\"0\" border=\"0\" style=\"border-collapse:collapse;\">\n<tbody>\n<tr>\n<td>\n<div class=\"SubregionRepeaterTitle\">\n<h2><a href=\"https:\/\/yachtcharter-connection.com\/yachtcharter-%c3%a4rmelkanal\"> \u00c4rmelkanal <\/h2>\n<\/div>\n<div class=\"SmallLinks\">\n<ul>\n<li><a class=\"SmallLinks\" href=\"https:\/\/yachtcharter-connection.com\/christchurch-harbour-275\" title=\"\"> Christchurch Harbour <\/a><\/li>\n<li><a class=\"SmallLinks\" href=\"https:\/\/yachtcharter-connection.com\/gosport-607\" title=\"\"> Gosport <\/a><\/li>\n<li><a class=\"SmallLinks\" href=\"https:\/\/yachtcharter-connection.com\/hamble-844\" title=\"\"> Hamble <\/a><\/li>\n<li><a class=\"SmallLinks\" href=\"https:\/\/yachtcharter-connection.com\/lymington-787\" title=\"\"> Lymington <\/a><\/li>\n<li><a class=\"SmallLinks\" href=\"https:\/\/yachtcharter-connection.com\/southampton-283\" title=\"\"> Southampton <\/a><\/li>\n<\/ul>\n<\/div>\n<\/td>\n<td>\n<div class=\"SubregionRepeaterTitle\">\n<h2><a href=\"https:\/\/yachtcharter-connection.com\/yachtcharter-west-schottland\"> West Schottland <\/h2>\n<\/div>\n<div class=\"SmallLinks\">\n<ul>\n<li><a class=\"SmallLinks\" href=\"https:\/\/yachtcharter-connection.com\/isle-of-skye-armadale-666\" title=\"\"> Isle of Skye \/ Armadale <\/a><\/li>\n<li><a class=\"SmallLinks\" href=\"https:\/\/yachtcharter-connection.com\/largs-482\" title=\"\"> Largs <\/a><\/li>\n<li><a class=\"SmallLinks\" href=\"https:\/\/yachtcharter-connection.com\/oban-323\" title=\"\"> Oban <\/a><\/li>\n<\/ul>\n<\/div>\n<\/td>\n<\/tr>\n<tr><\/tr>\n<\/tbody>\n<\/table>\n","protected":false},"excerpt":{"rendered":"<p>Yachtcharter Gro\u00dfbritannien Mit Kapit\u00e4nen und Freibeutern wie Sir Francis Drake oder Admiral Nelson haben die Briten ganze Weltreiche erobert, Gro\u00dfbritannien gilt auch als Mutterland des Yachtsports: Schon Kaiser Wilhelm II. segelte hier mit diversen Rennyachten, die er stets auf &bdquo;Meteor&ldquo; taufte, Regatten gegen den britischen Hochadel, Anfang des 20. Jahrhunderts,<\/p>\n","protected":false},"author":11,"featured_media":0,"parent":101,"menu_order":0,"comment_status":"open","ping_status":"open","template":"","meta":[],"aioseo_notices":[],"_links":{"self":[{"href":"https:\/\/yachtcharter-connection.com\/de\/wp-json\/wp\/v2\/pages\/468"}],"collection":[{"href":"https:\/\/yachtcharter-connection.com\/de\/wp-json\/wp\/v2\/pages"}],"about":[{"href":"https:\/\/yachtcharter-connection.com\/de\/wp-json\/wp\/v2\/types\/page"}],"author":[{"embeddable":true,"href":"https:\/\/yachtcharter-connection.com\/de\/wp-json\/wp\/v2\/users\/11"}],"replies":[{"embeddable":true,"href":"https:\/\/yachtcharter-connection.com\/de\/wp-json\/wp\/v2\/comments?post=468"}],"version-history":[{"count":1,"href":"https:\/\/yachtcharter-connection.com\/de\/wp-json\/wp\/v2\/pages\/468\/revisions"}],"predecessor-version":[{"id":12406,"href":"https:\/\/yachtcharter-connection.com\/de\/wp-json\/wp\/v2\/pages\/468\/revisions\/12406"}],"up":[{"embeddable":true,"href":"https:\/\/yachtcharter-connection.com\/de\/wp-json\/wp\/v2\/pages\/101"}],"wp:attachment":[{"href":"https:\/\/yachtcharter-connection.com\/de\/wp-json\/wp\/v2\/media?parent=468"}],"curies":[{"name":"wp","href":"https:\/\/api.w.org\/{rel}","templated":true}]}}