{"id":469,"date":"2013-08-26T20:23:03","date_gmt":"2013-08-26T20:23:03","guid":{"rendered":"http:\/\/yachtcharter-connection.com.w01e47c6.kasserver.com\/yachtcharter-usa-vereinigte-staaten\/"},"modified":"2018-11-29T18:13:47","modified_gmt":"2018-11-29T16:13:47","slug":"yachtcharter-usa-vereinigte-staaten","status":"publish","type":"page","link":"https:\/\/yachtcharter-connection.com\/de\/land\/yachtcharter-usa-vereinigte-staaten\/","title":{"rendered":"USA (Vereinigte Staaten)"},"content":{"rendered":"<h3>Yachtcharter USA<\/h3>\n<p><img loading=\"lazy\" class=\"content-image\" src=\"https:\/\/yachtcharter-connection.com\/wp-content\/uploads\/converted_files\/18941\/18941-5622262221f8e.jpg\" alt=\"\" width=\"300\" height=\"181\" \/>Zwar sind die US-Amerikaner begeisterte Segler und Yachtcharter-Fans, nicht umsonst haben sie eine wahre Ewigkeit ihre \u201eKanne\u201c, den America\u2019s Cup, vehement verteidigt. Zwar hat das Land der fr\u00fcher einmal unbegrenzten M\u00f6glichkeiten diverse sehr attraktive Segelreviere zu bieten. Zur typischen Yachtcharter-Destination f\u00fcr Europ\u00e4er haben sich die USA dabei bisher nicht entwickelt. Dabei kann man mit der Charteryacht sogar bis in das Herz der Millionenmetropole New York fahren.<\/p>\n<p>Die wichtigsten Yachtcharter-Reviere in den USA sind die Ostk\u00fcste mit Neuengland und Florida und die U.S. Virgin Islands \u2013 aber auch die Pazifikk\u00fcste Kaliforniens, die gro\u00dfen Seen oder sogar Alaska sind vielleicht f\u00fcr die Yachtcharter-Crews reizvoll, die einmal etwas v\u00f6llig anderes erleben und ersegeln m\u00f6chten.<\/p>\n<h4>Yachtcharter Kalifornien<\/h4>\n<p>In Kalifornien sind Newport Beach oder San Diego als Segel-Area schon vom America\u2019s Cup her bekannt \u2013 gesegelt wird \u00fcberall an der K\u00fcste. Ein sch\u00f6ner Ausflug, auch f\u00fcr einen Kurzt\u00f6rn im Rahmen eines Landurlaubs geeignet, f\u00fchrt von Marina del Rey, dem riesigen Yachthafen bei Los Angeles, nach Catalina Island. Hier ankern Yachtcharter-Crews in der Bucht von Avalon, w\u00e4hrend man sich die Postkartenidylle des Eilandes zu Fu\u00df anschaut. Inselbesitzer Wrigley hat hier sogar Bisons. Und nicht nur die Pazifkk\u00fcste ist Segelrevier: Auch die kalifornischen Seen, allen voran Lake Tahoe, haben Boots-Fans und Yachtcharter-Seglern viel zu bieten.<\/p>\n<h4>Yachtcharter USA Ostk\u00fcste \u2013 Florida, Neuengland<\/h4>\n<p>Im Hochsommer lockt Neuengland Yachtcharter-Crews im Osten der USA, insbesondere Massachusetts, Rhode Island und Connecticut : Pittoreske Architektur, Fischerh\u00e4fen, Marinas, exzellente K\u00fcche mit Clam Chowder, Lobster und allem, was Fisch-Fans m\u00f6gen \u2013 insbesondere die Gegend um Cape Code mit der quirligen Stadt Provincetown s\u00fcdlich von Boston ist Segler-Mekka, mit Newport, den Inseln Martha\u2019s Vineyard, Nantucket Island und Cuttyhunk oder der Bucht von New Haven. Gezeiten-Navigation sollten Yachtcharter-Skipper hier beherrschen.<\/p>\n<p>An Land typische Holzh\u00e4user, kleine wei\u00df gestrichene Kirchen aus Holz, Landh\u00e4user und Villen des amerikanischen Geldadels \u2013 die Geschichte Neuenglands, die zur\u00fcck in die Zeiten der Mayflower reicht, ist \u00fcberall lebendig. Vor dem ehrw\u00fcrdigen Newport Yachtclub wurde einst um den America\u2019s Cup gek\u00e4mpft. \u00dcberall sind noch Holzboote zu sehen, die nach alter nordamerikanischer Bootsbauer-Tradition entstanden sind \u2013 Treffpunkt der Gro\u00dfsegler ist allerdings Camden weiter im Norden. Die riesige Bucht von Marblehead bei Cape Ann, Heimat des Boston Yacht Clubs, die Isles of Shoals, das vornehm teure Kennenbunkport oder Portland w\u00e4ren Stationen auf dem Weg dorthin nach Maine. Und in Tenants Harbor, wo die Hummerfischerei zuhause ist, warten zur Belohnung die besten der ber\u00fchmten Maine-Lobster auf Yachtcharter-Crews.<\/p>\n<p>Weiter gen S\u00fcden ist die ganze Metropolitan Area von New York mit vielen Inseln und Yachth\u00e4fen mitten in der City ein spektakul\u00e4res Segelrevier. Maryland &#8211; an der Grenze zu Virginia &#8211; fasziniert mit dem Segel- und Yachtcharter-Revier <a href=\"~\/usa_nordost\/Yachtcharter_maryland_chesapeake_bucht.html\">Chesapeake Bay <\/a>&#8211; hier gibt es eine sehr gute Yachtcharter-Basis in <a href=\"~\/Yachtcharter_usa_vereinigte_staaten\/annapolis.html\">Annapolis<\/a> mit einer gro\u00dfen Flotte von Segelyachten. AUf halbem Web zwischen Boston und New York k\u00f6nnen Yachtcharter-Segler ihre Segelyachten in Newport auf Rhode Island chartern. North Carolina mit Jacksonville und Amelia Islands ist ebenfalls bekannt f\u00fcr seine Yachtcharter-Aktivit\u00e4ten.<\/p>\n<p>Der Sunshine State Florida an der S\u00fcdostk\u00fcste hat eine wesentlich l\u00e4ngere Yachtcharter-Saison. Florida ist touristisch eher f\u00fcr Disneyland oder Seaworld in Orlando, f\u00fcr die Everglades und nat\u00fcrlich f\u00fcr Miami mit dem Art Deco-Viertel in South Beach und dem Ocean Drive bekannt sowie f\u00fcr die Calle Ocho mit kubanischem Flair. Dabei sorgen zahlreiche Marinas f\u00fcr perfekte maritime Infrastruktur f\u00fcr Yachtcharter \u2013 nicht nur die Ostk\u00fcste am Atlantik ist interessant, sondern auch die Golfk\u00fcste Floridas \u2013 mit Tampa, Naples, Marco Island, Sarasota, St. Petersburg und Clearwater. Als Highlights eines Chartert\u00f6rns in Florida gelten die Florida Keys, Inseln und Inselchen, die wie Perlen an der Schnur weit nach S\u00fcden f\u00fchren, mit Riffs und Traumstr\u00e4nden. Yachtcharter-Crews, die vor Isla Morada den Sportfischern zuschauen oder in Key West auf den Spuren Hemingways wandern und den Sundowner mit Blick auf Sunset Key genie\u00dft, werden schnell zu absoluten Florida-Fans.<\/p>\n<p>Besonders reizvoll l\u00e4sst sich Florida \u201ebinnen\u201c erkunden \u2013 zum Beispiel per Motoryacht auf dem Intracoastal Waterway, mit Blick auf die Villen der Reichen und Sch\u00f6nen, aber auch auf viel Natur. Florida ist auch Ausgangspunkt f\u00fcr Yachtcharter-T\u00f6rns auf die Bahamas oder die Bermudas.<\/p>\n<p>Yachtcharter-St\u00fctzpunkte in Florida sind unter anderem in Miami, <a href=\"~\/Yachtcharter_usa_vereinigte_staaten\/fort_lauderdale.html\">Fort Lauderdale<\/a>, Key West und St. Petersburg \/ Palmetto.<\/p>\n<p><strong><a href=\"https:\/\/yachtcharter-connection.com\/de\/luxus-motoryachten-florida\/\">Luxus-Motoryachten Florida<\/a><\/strong><\/p>\n<h4>Yachtcharter US Virgin Islands<\/h4>\n<p>Die U.S. Virgin Islands mit ihren \u00fcber 50 Inseln, bei Amerikanern als Kreuzfahrtziel ebenso beliebt wie als Charter-Destination, sind nat\u00fcrlich per Yacht von den B.V.I. aus erreichbar \u2013 gern informieren wir Sie \u00fcber die Einreisebestimmungen. Ports of Entry sind die Hauptstadt Charlotte Amalie auf St. Thomas, Cruz Bay auf St. John und Christiansted in der Gallows Bay auf der gr\u00f6\u00dften Insel St. Croix. Der Charterbereich boomt nach wie vor, Charterst\u00fctzpunkte gibt es nat\u00fcrlich reichlich auf den USVI. 13 gut ausgestattete Marinas stehen Yachties zur Verf\u00fcgung, mehrere bereits mit W-LAN ausger\u00fcstet, die Yacht Haven Grande Marina hat sogar Kabelfernsehen. Es gibt zahlreiche ausgewiesene Ankerpl\u00e4tze und Mooringbojen sowie ein Nationalpark Mooring System. Die US Virgins sind landschaftlich sch\u00f6n, gelten allerdings als ziemlich \u00fcberlaufen und sind ein Paradies f\u00fcr Power-Shopping. Vorsicht: Die US-Virgins sind weniger sicher als die britischen Schwesterinseln: Der Au\u00dfenborder sollte grunds\u00e4tzlich vor Diebstahl gesichert werden!<\/p>\n<p><b>Wenn Sie in den USA eine Yacht chartern m\u00f6chten und online im Yachtfinder nicht f\u00fcndig werden: Fragen Sie uns, wir organisieren Ihnen gern Ihre Charteryacht in den USA.<\/b><\/p>\n<p>&nbsp;<\/p>\n<table class=\"RegionsAndSubregions\" style=\"border-collapse: collapse;\" border=\"0\" cellspacing=\"0\">\n<tbody>\n<tr>\n<td>\n<div class=\"SubregionRepeaterTitle\">\n<h2><a href=\"https:\/\/yachtcharter-connection.com\/yachtcharter-florida\"> Florida <\/a><\/h2>\n<\/div>\n<div class=\"SmallLinks\">\n<ul>\n<li><a class=\"SmallLinks\" title=\"\" href=\"https:\/\/yachtcharter-connection.com\/fort-lauderdale-622\"> Fort Lauderdale <\/a><\/li>\n<li><a class=\"SmallLinks\" title=\"\" href=\"https:\/\/yachtcharter-connection.com\/fort-myers-132\"> Fort Myers <\/a><\/li>\n<li><a class=\"SmallLinks\" title=\"\" href=\"https:\/\/yachtcharter-connection.com\/jacksonville-amelia-islands-642\"> Jacksonville \/ Amelia Islands <\/a><\/li>\n<li><a class=\"SmallLinks\" title=\"\" href=\"https:\/\/yachtcharter-connection.com\/jupiter-506\"> Jupiter <\/a><\/li>\n<li><a class=\"SmallLinks\" title=\"\" href=\"https:\/\/yachtcharter-connection.com\/key-west-999\"> Key West <\/a><\/li>\n<li><a class=\"SmallLinks\" title=\"\" href=\"https:\/\/yachtcharter-connection.com\/keys-sebastian-802\"> Keys \/ Sebastian <\/a><\/li>\n<li><a class=\"SmallLinks\" title=\"\" href=\"https:\/\/yachtcharter-connection.com\/miami-314\"> Miami <\/a><\/li>\n<li><a class=\"SmallLinks\" title=\"\" href=\"https:\/\/yachtcharter-connection.com\/punta-gorda-burnt-store-marina-563\"> Punta Gorda \/ Burnt Store Marina <\/a><\/li>\n<li><a class=\"SmallLinks\" title=\"\" href=\"https:\/\/yachtcharter-connection.com\/riviera-beach-107\"> Riviera Beach <\/a><\/li>\n<li><a class=\"SmallLinks\" title=\"\" href=\"https:\/\/yachtcharter-connection.com\/saint-pete-beach-554\"> Saint Pete Beach <\/a><\/li>\n<li><a class=\"SmallLinks\" title=\"\" href=\"https:\/\/yachtcharter-connection.com\/saint-peter-571\"> Saint Peter <\/a><\/li>\n<li><a class=\"SmallLinks\" title=\"\" href=\"https:\/\/yachtcharter-connection.com\/saint-thomas-iv-677\"> Saint Thomas IV <\/a><\/li>\n<li><a class=\"SmallLinks\" title=\"\" href=\"https:\/\/yachtcharter-connection.com\/st-petersburg-palmetto-734\"> St. Petersburg \/ Palmetto <\/a><\/li>\n<li><a class=\"SmallLinks\" title=\"\" href=\"https:\/\/yachtcharter-connection.com\/tampa-776\"> Tampa <\/a><\/li>\n<\/ul>\n<\/div>\n<\/td>\n<td>\n<div class=\"SubregionRepeaterTitle\">\n<h2><a href=\"https:\/\/yachtcharter-connection.com\/yachtcharter-maryland-chesapeake-bucht\"> Maryland \/ Chesapeake Bucht <\/a><\/h2>\n<\/div>\n<div class=\"SmallLinks\">\n<ul>\n<li><a class=\"SmallLinks\" title=\"\" href=\"https:\/\/yachtcharter-connection.com\/annapolis-255\"> Annapolis <\/a><\/li>\n<\/ul>\n<\/div>\n<\/td>\n<\/tr>\n<\/tbody>\n<\/table>\n","protected":false},"excerpt":{"rendered":"<p>Yachtcharter USA Zwar sind die US-Amerikaner begeisterte Segler und Yachtcharter-Fans, nicht umsonst haben sie eine wahre Ewigkeit ihre \u201eKanne\u201c, den America\u2019s Cup, vehement verteidigt. Zwar hat das Land der fr\u00fcher einmal unbegrenzten M\u00f6glichkeiten diverse sehr attraktive Segelreviere zu bieten. Zur typischen Yachtcharter-Destination f\u00fcr Europ\u00e4er haben sich die USA dabei bisher<\/p>\n","protected":false},"author":11,"featured_media":0,"parent":101,"menu_order":0,"comment_status":"open","ping_status":"open","template":"","meta":[],"aioseo_notices":[],"_links":{"self":[{"href":"https:\/\/yachtcharter-connection.com\/de\/wp-json\/wp\/v2\/pages\/469"}],"collection":[{"href":"https:\/\/yachtcharter-connection.com\/de\/wp-json\/wp\/v2\/pages"}],"about":[{"href":"https:\/\/yachtcharter-connection.com\/de\/wp-json\/wp\/v2\/types\/page"}],"author":[{"embeddable":true,"href":"https:\/\/yachtcharter-connection.com\/de\/wp-json\/wp\/v2\/users\/11"}],"replies":[{"embeddable":true,"href":"https:\/\/yachtcharter-connection.com\/de\/wp-json\/wp\/v2\/comments?post=469"}],"version-history":[{"count":2,"href":"https:\/\/yachtcharter-connection.com\/de\/wp-json\/wp\/v2\/pages\/469\/revisions"}],"predecessor-version":[{"id":26933,"href":"https:\/\/yachtcharter-connection.com\/de\/wp-json\/wp\/v2\/pages\/469\/revisions\/26933"}],"up":[{"embeddable":true,"href":"https:\/\/yachtcharter-connection.com\/de\/wp-json\/wp\/v2\/pages\/101"}],"wp:attachment":[{"href":"https:\/\/yachtcharter-connection.com\/de\/wp-json\/wp\/v2\/media?parent=469"}],"curies":[{"name":"wp","href":"https:\/\/api.w.org\/{rel}","templated":true}]}}