{"id":472,"date":"2011-03-14T05:08:21","date_gmt":"2011-03-14T05:08:21","guid":{"rendered":"http:\/\/yachtcharter-connection.com.w01e47c6.kasserver.com\/yachtcharter-%c3%b6sterreich\/"},"modified":"2017-07-11T02:31:29","modified_gmt":"2017-07-11T00:31:29","slug":"yachtcharter-oesterreich","status":"publish","type":"page","link":"https:\/\/yachtcharter-connection.com\/de\/land\/yachtcharter-oesterreich\/","title":{"rendered":"\u00d6sterreich"},"content":{"rendered":"<h3>Yachtcharter \u00d6sterreich<\/h3>\n<p>\n<img loading=\"lazy\" class=\"content-image\"  height=\"204\" width=\"300\" src=\"https:\/\/yachtcharter-connection.com\/wp-content\/uploads\/converted_files\/23162\/23162-5622262f352ed.jpg\" alt=\"\u00d6sterreich - Neusiedler See\" \/>Die Alpenrepublik bietet mehrere sehr sch\u00f6ne Reviere f\u00fcr Segler und Motorbootfahrer. Der Attersee ist f\u00fcr Regatten mit herrlichen traditionellen Holzbooten bekannt, der W\u00f6rthersee f\u00fcr noble Sommerfrische in K\u00e4rnten. F\u00fcr Yachtcharter sind am ehesten der Bodensee und der Neusiedler See relevant, wobei die Charterst\u00fctzpunkte am Bodensee eher am deutschen Ufer liegen.<\/p>\n<p>Der Neusiedler See, an der Grenze zur ungarischen Puszta gelegen, hat seinen ganz eigenen Reiz. Weite Schilfg\u00fcrtel am Ufer, warmes Wasser, stabiles Kontinentalklima mit 300 Sonnentagen im Jahr: Im Sommer kann es gut sein, dass sich der See bei 40 Grad Lufttemperatur selbst auf 30 Grad erw\u00e4rmt. Bei der geringen Wassertiefe von maximal 1,80 Metern sind Kielschwert-Kreuzer oder Jollen-Kreuzer f\u00fcr einen T\u00f6rn zu empfehlen. <\/p>\n<p>An Land k\u00f6nnen sich Segler auf gem\u00fctliche bildh\u00fcbsche D\u00f6rfer und St\u00e4dtchen mit typischem Burgenland-Charme freuen, mit gastfreundlichen Leuten, hervorragender pannonischer K\u00fcche mit ungarischen und regionalen Einfl\u00fcssen sowie vielen leckeren Fischgerichten und hervorragendem Burgenl\u00e4nder Wein.<\/p>\n<p>Charterboote gibt es in Rust und Weiden.<\/p>\n<table  class=\"RegionsAndSubregions\" cellspacing=\"0\" border=\"0\" style=\"border-collapse:collapse;\">\n<tbody>\n<tr>\n<td>\n<div class=\"SubregionRepeaterTitle\">\n<h2><a href=\"https:\/\/yachtcharter-connection.com\/yachtcharter-neusiedler-see\"> Neusiedler See <\/h2>\n<\/div>\n<div class=\"SmallLinks\">\n<ul>\n<li><a class=\"SmallLinks\" href=\"https:\/\/yachtcharter-connection.com\/rust-583\" title=\"\"> Rust <\/a><\/li>\n<li><a class=\"SmallLinks\" href=\"https:\/\/yachtcharter-connection.com\/weiden-780\" title=\"\"> Weiden <\/a><\/li>\n<\/ul>\n<\/div>\n<\/td>\n<\/tr>\n<\/tbody>\n<\/table>\n","protected":false},"excerpt":{"rendered":"<p>Yachtcharter \u00d6sterreich Die Alpenrepublik bietet mehrere sehr sch\u00f6ne Reviere f\u00fcr Segler und Motorbootfahrer. Der Attersee ist f\u00fcr Regatten mit herrlichen traditionellen Holzbooten bekannt, der W\u00f6rthersee f\u00fcr noble Sommerfrische in K\u00e4rnten. F\u00fcr Yachtcharter sind am ehesten der Bodensee und der Neusiedler See relevant, wobei die Charterst\u00fctzpunkte am Bodensee eher am deutschen<\/p>\n","protected":false},"author":11,"featured_media":0,"parent":101,"menu_order":0,"comment_status":"open","ping_status":"open","template":"","meta":[],"aioseo_notices":[],"_links":{"self":[{"href":"https:\/\/yachtcharter-connection.com\/de\/wp-json\/wp\/v2\/pages\/472"}],"collection":[{"href":"https:\/\/yachtcharter-connection.com\/de\/wp-json\/wp\/v2\/pages"}],"about":[{"href":"https:\/\/yachtcharter-connection.com\/de\/wp-json\/wp\/v2\/types\/page"}],"author":[{"embeddable":true,"href":"https:\/\/yachtcharter-connection.com\/de\/wp-json\/wp\/v2\/users\/11"}],"replies":[{"embeddable":true,"href":"https:\/\/yachtcharter-connection.com\/de\/wp-json\/wp\/v2\/comments?post=472"}],"version-history":[{"count":1,"href":"https:\/\/yachtcharter-connection.com\/de\/wp-json\/wp\/v2\/pages\/472\/revisions"}],"predecessor-version":[{"id":12372,"href":"https:\/\/yachtcharter-connection.com\/de\/wp-json\/wp\/v2\/pages\/472\/revisions\/12372"}],"up":[{"embeddable":true,"href":"https:\/\/yachtcharter-connection.com\/de\/wp-json\/wp\/v2\/pages\/101"}],"wp:attachment":[{"href":"https:\/\/yachtcharter-connection.com\/de\/wp-json\/wp\/v2\/media?parent=472"}],"curies":[{"name":"wp","href":"https:\/\/api.w.org\/{rel}","templated":true}]}}