{"id":473,"date":"2015-08-10T05:53:32","date_gmt":"2015-08-10T05:53:32","guid":{"rendered":"http:\/\/yachtcharter-connection.com.w01e47c6.kasserver.com\/yachtcharter-belgien\/"},"modified":"2017-07-11T02:59:17","modified_gmt":"2017-07-11T00:59:17","slug":"yachtcharter-belgien","status":"publish","type":"page","link":"https:\/\/yachtcharter-connection.com\/de\/land\/yachtcharter-belgien\/","title":{"rendered":"Belgien"},"content":{"rendered":"<h3>Yachtcharter Belgien<\/h3>\n<p>\n<img loading=\"lazy\" class=\"content-image\"  width=\"300\" height=\"225\" alt=\"\" src=\"https:\/\/yachtcharter-connection.com\/wp-content\/uploads\/converted_files\/23163\/23163-562226309f5a4.jpg\" \/>In Belgien gibt es Charterbasen in Westflandern, der einzigen Provinz Belgiens, die direkt am Meer liegt.  <\/p>\n<p><a href=\"~\/Yachtcharter_belgien\/zeebrugge.html\">Zeebrugge<\/a>, nicht weit von der wundersch\u00f6nen Stadt Brugge am Meer gelegen, ist ein moderner Hafen und spielt auch in der Handelsschifffahrt eine bedeutende Rolle. <a href=\"~\/Yachtcharter_belgien\/nieuwpoort.html\">Nieuwpoort<\/a> ist einer der bekanntesten Bade- und Urlaubsorte &ndash; die gro\u00dfe Marina ist f\u00fcr \u00fcber 1000 Yachten ausgelegt. <\/p>\n<p>F\u00fcr Charterer ist die belgische K\u00fcste Ausgangsbasis f\u00fcr T\u00f6rns nach <a href=\"~\/Yachtcharter_frankreich.html\">Frankreic<\/a>h, <a href=\"~\/Yachtcharter_england.html\">England<\/a>, <a href=\"~\/Yachtcharter_holland.html\">Holland<\/a> oder auf die Inseln im Channel.<\/p>\n<p>Belgien ist auch ein attraktives Binnenrevier,  mit Fl\u00fcssen und Seen in urspr\u00fcnglicher Landschaft und malerischen St\u00e4dten  &#8211; und hervorragendem kulinarischen Angebot!<br \/>\n<strong><br \/>\nCharteryachten Belgien: <\/strong>An der belgischen K\u00fcste stehen f\u00fcr Yachtcharter-Crews Segelyachten der Charterflotten in Nieuwpoort und Zeebrugge zur Verf\u00fcgung. Chartern Sie die beste  Yacht f\u00fcr Ihren Segelurlaub in Belgien, fragen Sie uns nach Angeboten<\/p>\n<p><\/p>\n<table  class=\"RegionsAndSubregions\" cellspacing=\"0\" border=\"0\" style=\"border-collapse:collapse;\">\n<tbody>\n<tr>\n<td>\n<div class=\"SubregionRepeaterTitle\">\n<h2><a href=\"https:\/\/yachtcharter-connection.com\/yachtcharter-belgien-fl%c3%a4mische-region\"> Belgien \/ Fl\u00e4mische Region <\/h2>\n<\/div>\n<div class=\"SmallLinks\">\n<ul>\n<li><a class=\"SmallLinks\" href=\"https:\/\/yachtcharter-connection.com\/nieuwpoort-718\" title=\"\"> Nieuwpoort <\/a><\/li>\n<li><a class=\"SmallLinks\" href=\"https:\/\/yachtcharter-connection.com\/schelde-antwerpen-332\" title=\"\"> Schelde \/ Antwerpen <\/a><\/li>\n<\/ul>\n<\/div>\n<\/td>\n<td>\n<div class=\"SubregionRepeaterTitle\">\n<h2><a href=\"https:\/\/yachtcharter-connection.com\/yachtcharter-belgien-wallonische-region\"> Belgien \/ Wallonische Region <\/h2>\n<\/div>\n<div class=\"SmallLinks\">\n<ul>\n<li><a class=\"SmallLinks\" href=\"https:\/\/yachtcharter-connection.com\/namur-jambes-890\" title=\"\"> Namur\/Jambes <\/a><\/li>\n<\/ul>\n<\/div>\n<\/td>\n<\/tr>\n<tr>\n<td>\n<div class=\"SubregionRepeaterTitle\">\n<h2><a href=\"https:\/\/yachtcharter-connection.com\/yachtcharter-belgische-k%c3%bcste\"> Belgische K\u00fcste <\/h2>\n<\/div>\n<div class=\"SmallLinks\">\n<ul>\n<li><a class=\"SmallLinks\" href=\"https:\/\/yachtcharter-connection.com\/ostende-467\" title=\"\"> Ostende <\/a><\/li>\n<li><a class=\"SmallLinks\" href=\"https:\/\/yachtcharter-connection.com\/zeebrugge-421\" title=\"\"> Zeebrugge <\/a><\/li>\n<\/ul>\n<\/div>\n<\/td>\n<\/tr>\n<\/tbody>\n<\/table>\n","protected":false},"excerpt":{"rendered":"<p>Yachtcharter Belgien In Belgien gibt es Charterbasen in Westflandern, der einzigen Provinz Belgiens, die direkt am Meer liegt. Zeebrugge, nicht weit von der wundersch\u00f6nen Stadt Brugge am Meer gelegen, ist ein moderner Hafen und spielt auch in der Handelsschifffahrt eine bedeutende Rolle. Nieuwpoort ist einer der bekanntesten Bade- und Urlaubsorte<\/p>\n","protected":false},"author":11,"featured_media":0,"parent":101,"menu_order":0,"comment_status":"open","ping_status":"open","template":"","meta":[],"aioseo_notices":[],"_links":{"self":[{"href":"https:\/\/yachtcharter-connection.com\/de\/wp-json\/wp\/v2\/pages\/473"}],"collection":[{"href":"https:\/\/yachtcharter-connection.com\/de\/wp-json\/wp\/v2\/pages"}],"about":[{"href":"https:\/\/yachtcharter-connection.com\/de\/wp-json\/wp\/v2\/types\/page"}],"author":[{"embeddable":true,"href":"https:\/\/yachtcharter-connection.com\/de\/wp-json\/wp\/v2\/users\/11"}],"replies":[{"embeddable":true,"href":"https:\/\/yachtcharter-connection.com\/de\/wp-json\/wp\/v2\/comments?post=473"}],"version-history":[{"count":1,"href":"https:\/\/yachtcharter-connection.com\/de\/wp-json\/wp\/v2\/pages\/473\/revisions"}],"predecessor-version":[{"id":12305,"href":"https:\/\/yachtcharter-connection.com\/de\/wp-json\/wp\/v2\/pages\/473\/revisions\/12305"}],"up":[{"embeddable":true,"href":"https:\/\/yachtcharter-connection.com\/de\/wp-json\/wp\/v2\/pages\/101"}],"wp:attachment":[{"href":"https:\/\/yachtcharter-connection.com\/de\/wp-json\/wp\/v2\/media?parent=473"}],"curies":[{"name":"wp","href":"https:\/\/api.w.org\/{rel}","templated":true}]}}