{"id":474,"date":"2015-08-10T05:53:32","date_gmt":"2015-08-10T05:53:32","guid":{"rendered":"http:\/\/yachtcharter-connection.com.w01e47c6.kasserver.com\/yachtcharter-bahamas\/"},"modified":"2018-11-29T18:22:16","modified_gmt":"2018-11-29T16:22:16","slug":"yachtcharter-bahamas","status":"publish","type":"page","link":"https:\/\/yachtcharter-connection.com\/de\/land\/yachtcharter-bahamas\/","title":{"rendered":"Bahamas"},"content":{"rendered":"<h1><strong>Yachtcharter Bahamas<\/strong><\/h1>\n<p><a href=\"https:\/\/yachtcharter-connection.com\/wp-content\/uploads\/2015\/08\/Bahamas-Abacos.jpg\"><img loading=\"lazy\" class=\"alignleft size-full wp-image-25337\" src=\"https:\/\/yachtcharter-connection.com\/wp-content\/uploads\/2015\/08\/Bahamas-Abacos.jpg\" alt=\"Yachtcharter Bahamas\" width=\"423\" height=\"281\" srcset=\"https:\/\/yachtcharter-connection.com\/wp-content\/uploads\/2015\/08\/Bahamas-Abacos.jpg 423w, https:\/\/yachtcharter-connection.com\/wp-content\/uploads\/2015\/08\/Bahamas-Abacos-300x199.jpg 300w\" sizes=\"(max-width: 423px) 100vw, 423px\" \/><\/a><strong>Ein bisschen britisch, sehr sicher und zauberhaft sch\u00f6n: Zwischen <a href=\"https:\/\/yachtcharter-connection.com\/de\/regionen\/karibik\/\">Karibik<\/a> und Atlantik lockt mit der Yachtcharter-Destination Bahamas ein einzigartiges Segelrevier, attraktiv fast das ganze Jahr \u00fcber. Die meisten Segelyachten und Katamarane f\u00fcr Bareboat-Charter gibt es auf den Abacos. Viele\u00a0 Luxus-Charteryachten, Superyachten und Katamarane mit Crew starten ab Nassau oder anderen H\u00e4fen und cruisen in allen Regionen des Archipels, insbesondere auch in den Exumas.<\/strong><\/p>\n<p>&nbsp;<\/p>\n<p>Auf 600 Seemeilen erstrecken sich \u00fcber 700 Inseln, von denen nur 30 bewohnt sind \u2013 vorgelagert vor <a href=\"https:\/\/yachtcharter-connection.com\/de\/regionen\/usa-s%c3%bcdost-florida-bahamas\/\">Florida<\/a> im Norden und <a href=\"https:\/\/yachtcharter-connection.com\/de\/land\/yachtcharter-kuba\/\">Kuba<\/a> im S\u00fcden 22 Nationalparks sch\u00fctzen Meer und Land. Den Zauber machen die \u00fcber 2000 Korallenriffe aus, die Cays. Yachtcharter Bahamas Crews werden die beeindruckende Unterwasser-Welt genie\u00dfen. Die flachen Gew\u00e4sser \u2013 der Name Bahamas kommt von \u201ebaja mar\u201c, auf spanisch niedriges Meer &#8211; sind vor allem f\u00fcr Katamarane geeignet.<\/p>\n<p>Die meisten Einwohner hat New Providence \u2013 \u00fcber 200.000 Menschen leben hier in und um Nassau. Die gr\u00f6\u00dfte Insel ist Andros mit knapp 8.000 Einwohnern, gefolgt vom doppelt so dicht besiedelten Abaco im Norden, Inagua im S\u00fcden und Grand Bahama im Norden des Archipels. Die Bev\u00f6lkerung der Bahamas lebt \u00fcberwiegend vom Tourismus und ist auch internationales Finanzzentrum. Wirtschaftszweige, die forciert werden, sind aber auch Schiffbau oder Gewinnung von Meersalz.<\/p>\n<h3><strong>Yachtcharter Bahamas &#8211; die Abacos<\/strong><\/h3>\n<p>Das gesamte Archipel wird kaum eine Yachtcharter Bahamas Crew in einem T\u00f6rn bereisen \u2013 die meisten Yachtcharter-Bahamas Charterer starten in <a href=\"https:\/\/yachtcharter-connection.com\/de\/regionen\/usa-s%c3%bcdost-florida-bahamas\/yachtcharter-bahamas-archipel\/great-abaco-marsh-harbour-521\/\">Marsh Harbour<\/a> auf Great Abaco und erkunden die von Korallenriffen gesch\u00fctzte ruhige Abaco-See zwischen Great and Little Abaco. DIe Abacos sind ein perfektes Segelrevier: best\u00e4ndige Passatwinde, klare ruhige See, fantastische wei\u00dfe Str\u00e4nde und malerische D\u00f6rfer mit buntgestrichenen Holzh\u00e4usern bieten das perfekte Ambiente f\u00fcr einen Yachtcharter Abacos-T\u00f6rn. Die Distanzen zwischen Inseln und sandigen Cays sind kurz, Bucht reiht sich an Bucht, ein faszinierender Schnorchelspot mit bunten Korallen an den anderen. Einer der sch\u00f6nsten Unterwasser-Spots ist der Marine Park bei Fowl Cay. Great Guana Cay, Gorda Cay, Green Turtle Cay mit Edel-Resort und einem interessanten Skulpturengarten, Elbow Cay, Man-o_War Cay oder Mores Island k\u00f6nnten weitere T\u00f6rnstationen sein. Neuengland-Charme wartet in New Plymouth oder Hope Town auf die Yachtcharter Bahamas Crews \u2013 der rot-wei\u00df gestreifte Leuchtturm bei Hope Town, nur acht Meilen von Marsh Harbour entfernt, gilt als echte Sehensw\u00fcrdigkeit.<\/p>\n<p>Die Sonne scheint auf den Bahamas auch im Winter, aber manchem Segler mag es von November bis Februar etwas zu k\u00fchl sein, wenn Kaltfronten vom Festland her\u00fcberziehen. Die beste Reisezeit f\u00fcr Yachtcharter in den Bahamas ist von M\u00e4rz bis August mit best\u00e4ndigem Passat. Danach beginnt die Hurricansaison, die bis Oktober \/ November dauert. Die Anreise auf die Bahamas erfolgt am schnellsten und g\u00fcnstigsten via Miami.<\/p>\n<h2><strong>Charteryachten Bahamas:<\/strong><\/h2>\n<p><strong>Es gibt wichtige Yachtcharter-Flotten mit Segelyachten und Katamaranen f\u00fcr Bareboat-Charter in den Bahamas, die nicht in unserem Yachtfinder gelistet sind &#8211; bitte fragen Sie nach Angeboten. Und nat\u00fcrlich senden wir Ihnen gerne auch Angebote f\u00fcr die sch\u00f6nsten Luxus-Charteryachten mit Crew in dieser Region zu.<\/strong><\/p>\n<p>&nbsp;<\/p>\n<h2><strong>Luxusyacht-Charter Bahamas:<\/strong><\/h2>\n<p><strong><a href=\"https:\/\/yachtcharter-connection.com\/wp-content\/uploads\/2015\/08\/Bahamas-luxury-yacht-charters.jpg\"><img loading=\"lazy\" class=\"alignleft wp-image-25335 size-full\" src=\"https:\/\/yachtcharter-connection.com\/wp-content\/uploads\/2015\/08\/Bahamas-luxury-yacht-charters.jpg\" alt=\"Yachtcharter Bahamas - Luxusyachten\" width=\"421\" height=\"285\" srcset=\"https:\/\/yachtcharter-connection.com\/wp-content\/uploads\/2015\/08\/Bahamas-luxury-yacht-charters.jpg 421w, https:\/\/yachtcharter-connection.com\/wp-content\/uploads\/2015\/08\/Bahamas-luxury-yacht-charters-300x203.jpg 300w\" sizes=\"(max-width: 421px) 100vw, 421px\" \/><\/a>Die Bahamas sind eine \u00e4ussest popul\u00e4re Destination f\u00fcr Charterurlaub an Bord von Luxusyachten, Superyachten oder Katamaranen mit Crew. Hier finden Sie mehr Informationen \u00fcber <span style=\"color: #0000ff;\"><a style=\"color: #0000ff;\" href=\"https:\/\/yachtcharter-connection.com\/de\/luxus-charteryachten\/\" target=\"_blank\" rel=\"noopener\">Luxusyacht-Charter.<\/a><\/span> Wir organisieren gerne Ihre Luxusyacht-Charter auf den Bahamas \u2013 bitte fragen Sie nach Angeboten!<\/strong><\/p>\n<p><strong><a href=\"https:\/\/yachtcharter-connection.com\/de\/luxurioese-segelyachten-und-katamarane-bahamas\/\">Luxuri\u00f6se Segelyachten &amp; Katamarane Bahamas<\/a><\/strong><\/p>\n<p>&nbsp;<\/p>\n<table class=\"RegionsAndSubregions\" style=\"border-collapse: collapse;\" border=\"0\" cellspacing=\"0\">\n<tbody>\n<tr>\n<td>\n<div class=\"SubregionRepeaterTitle\">\n<h2><a href=\"https:\/\/yachtcharter-connection.com\/yachtcharter-bahamas-archipel\"> Bahamas Archipel <\/a><\/h2>\n<\/div>\n<div class=\"SmallLinks\">\n<ul>\n<li><a class=\"SmallLinks\" title=\"\" href=\"https:\/\/yachtcharter-connection.com\/great-abaco-marsh-harbour-521\"> Great Abaco \/ Marsh Harbour <\/a><\/li>\n<\/ul>\n<\/div>\n<\/td>\n<\/tr>\n<\/tbody>\n<\/table>\n","protected":false},"excerpt":{"rendered":"<p>Yachtcharter Bahamas Ein bisschen britisch, sehr sicher und zauberhaft sch\u00f6n: Zwischen Karibik und Atlantik lockt mit der Yachtcharter-Destination Bahamas ein einzigartiges Segelrevier, attraktiv fast das ganze Jahr \u00fcber. Die meisten Segelyachten und Katamarane f\u00fcr Bareboat-Charter gibt es auf den Abacos. Viele\u00a0 Luxus-Charteryachten, Superyachten und Katamarane mit Crew starten ab Nassau<\/p>\n","protected":false},"author":11,"featured_media":0,"parent":101,"menu_order":0,"comment_status":"open","ping_status":"open","template":"","meta":[],"aioseo_notices":[],"_links":{"self":[{"href":"https:\/\/yachtcharter-connection.com\/de\/wp-json\/wp\/v2\/pages\/474"}],"collection":[{"href":"https:\/\/yachtcharter-connection.com\/de\/wp-json\/wp\/v2\/pages"}],"about":[{"href":"https:\/\/yachtcharter-connection.com\/de\/wp-json\/wp\/v2\/types\/page"}],"author":[{"embeddable":true,"href":"https:\/\/yachtcharter-connection.com\/de\/wp-json\/wp\/v2\/users\/11"}],"replies":[{"embeddable":true,"href":"https:\/\/yachtcharter-connection.com\/de\/wp-json\/wp\/v2\/comments?post=474"}],"version-history":[{"count":6,"href":"https:\/\/yachtcharter-connection.com\/de\/wp-json\/wp\/v2\/pages\/474\/revisions"}],"predecessor-version":[{"id":26936,"href":"https:\/\/yachtcharter-connection.com\/de\/wp-json\/wp\/v2\/pages\/474\/revisions\/26936"}],"up":[{"embeddable":true,"href":"https:\/\/yachtcharter-connection.com\/de\/wp-json\/wp\/v2\/pages\/101"}],"wp:attachment":[{"href":"https:\/\/yachtcharter-connection.com\/de\/wp-json\/wp\/v2\/media?parent=474"}],"curies":[{"name":"wp","href":"https:\/\/api.w.org\/{rel}","templated":true}]}}