{"id":477,"date":"2015-04-15T06:04:29","date_gmt":"2015-04-15T06:04:29","guid":{"rendered":"http:\/\/yachtcharter-connection.com.w01e47c6.kasserver.com\/yachtcharter-grenada\/"},"modified":"2017-07-11T04:16:37","modified_gmt":"2017-07-11T02:16:37","slug":"yachtcharter-grenada","status":"publish","type":"page","link":"https:\/\/yachtcharter-connection.com\/de\/land\/yachtcharter-grenada\/","title":{"rendered":"Grenada"},"content":{"rendered":"<h3>Yachtcharter Grenada<\/h3>\n<p>\n<img loading=\"lazy\" class=\"content-image\"  width=\"300\" height=\"244\" src=\"https:\/\/yachtcharter-connection.com\/wp-content\/uploads\/converted_files\/23167\/23167-562226482b01c.jpg\" alt=\"\" \/>Mit imposanten Wasserf\u00e4llen, \u00fcppigster Vegetation, steilen gr\u00fcnen Vulkanbergen,  exotischen Ger\u00fcchen, malerischen D\u00f6rfern und Traumbuchten lockt Grenada, auch bekannt als Gew\u00fcrzinsel. Zum Staat Grenada mit etwas \u00fcber 100.000 Einwohnern und der Hauptstadt St. George&rsquo;s, Mitglied im britischen Commonwealth, geh\u00f6ren au\u00dfer der Hauptinsel auch Petit Martinique, Carriacou sowie verschiedene kleinere Inselchen. <\/p>\n<p>Als Charter-Revier hat Grenada trotz beinahe hurrikansicherer Lage noch Nachholbedarf, aber die ersten Charter-Anbieter haben bereits Yachten hier stationiert, Marinas wurden und werden ausgebaut, neue Marinas erf\u00fcllen hohe Komfort-Anspr\u00fcche. Seit Februar 2008 wird allj\u00e4hrlich im Februar die Grenada Classic Yacht Regatta ausgetragen. <\/p>\n<p>Der Yachtcharter-Tourismus konzentriert sich in erster Linie auf den S\u00fcdwesten und Westen Grenadas. Ports of Entry sind die Hauptstadt selbst, die Spice Island Marina in Prickly Bay, die Grenada Marine Marina in St. David&rsquo;s Bay und Grenville sowie Hillsborough auf Carriacou. Zentrum des Yachtsports ist St. George&rsquo;s Harbour. Die Stadt mit ihrem kolonialen Flair ist eine der sch\u00f6nsten der s\u00fcdlichen Karibik. Das alte Hafenviertel Carenage mit kleinen pastellfarbenen H\u00e4uschen, Bauten im Kolonialstil oder dem Parlamentssitz &bdquo;York House&ldquo; lockt mit typisch westindischem Charme. Malerisch auch die M\u00e4rkte &ndash; vor allem die f\u00fcr Fisch oder Gew\u00fcrze, wo es nach Muskat, Zimt, Nelken und anderen Aromen duftet. Und nat\u00fcrlich kann man in den \u00f6rtlichen Restaurants hervorragende kreolische K\u00fcche genie\u00dfen. St. George&rsquo;s ist auch der beste Ausgangspunkt f\u00fcr Besichtigungstouren \u00fcber die Insel.<\/p>\n<p>Ankern kann man in der gro\u00dfen Bucht von St. George&rsquo;s insbesondere in der Lagune im S\u00fcden der Bucht, in der Carenage ist Ankern verboten. Aber w\u00e4hrend es fr\u00fcher nur wenige Alternativen gab, bereichern neue Marinas das Angebot f\u00fcr Chartersegler betr\u00e4chtlich. Die moderne Marina des Grenada Yacht Club direkt vor der Stadt bietet alle Services bis hin zu W\u00e4scheservice und Internet. Bei der Marina der Grenada Yacht Services im Osten der Carenage befindet sich das Immigration Office. An der Lagune wurde Port Louis Grenada als Ferienzentrum konzipiert &#8211; mit Hotels, Appartments und neuem Yachthafen, der sogar f\u00fcr Superyachten bis 90 Meter L\u00e4nge ausgelegt ist. <\/p>\n<p>Im S\u00fcdwesten der Hauptstadt liegt mit der Grande Anse Bay der sch\u00f6nste Badestrand der Insel. Ankern ist hier allerdings absolut verboten &ndash; in ganz Grenada gilt au\u00dferdem ein generelles Ankerverbot im Abstand von weniger als 200 Metern zum Ufer.  Wenn man den Saline Point umrundet hat, die S\u00fcdwestspitze der Insel und Standort des Airports, folgt an der S\u00fcdk\u00fcste Grenadas eine zauberhafte Bucht nach der anderen. Oft liegen Inselchen und Riffs davor, aber dank der Betonnung ist die Navigatiion nicht problematisch. In der True Blue Bay gibt es eine kleine Marina mit Charterbasis sowie einen Hotelkomplex und Restaurant. Hier liegt man ruhig am Steg oder an Mooringbojen und kann beim Sundowner den perfekten karibischen Sonnenuntergang genie\u00dfen. In der Prickly Bay, die auch Lance aux Epines genant wird, und der benachbarten Mt. Hartmann Bay\/ Secret Harbour gibt es mittlerweile drei Yachth\u00e4fen: Spice Island Marina, Prickly Bay Marina und Martin&rsquo;s Marina bieten viele Liegepl\u00e4tze und Mooringbojen &ndash; und traumhaftes Ambiente. Hinter Hog Island wartet in der Clarkes Court Bay die gleichnamige Marina, selbstverst\u00e4ndlich mit Dockside Bar. In der Egmont Bay w\u00e4chst Le Phare Bleu, von Schweizern gegr\u00fcndetes Resort mit Marina. Und last but not least finden Yachties alles, was sie oder ihr Schiff ben\u00f6tigen, vom Liegeplatz bis zum Restaurant oder Internet Cafe, auch im S\u00fcdosten in der St. David&rsquo;s Bay bei Grenada Marine.<\/p>\n<p><b>Carriacou &ndash; Petit Martinique<\/b><\/p>\n<p>Yachtcharter-Crews, die von Grenada nach Carriacou wollen, machen gern einen Ankerstopp in Halifax Harbour, eine Ankerbucht im Westen Grenadas mit Palmen und B\u00e4umen bis dicht ans Ufer. Sch\u00f6ne Ankerpl\u00e4tze sind auch vor Saline Island und der Ile de Ronde zu finden &ndash; beide liegen mit vielen kleinen und sehr kleinen Inseln zwischen Carriacou und Grenada. <\/p>\n<p>Carriacou hat seinen Namen noch von den Arawak-Kariben &ndash; sie nannten die Insel die &bdquo;von Riffs umgebenes Land&ldquo;. Auf der gesamten Ostseite und im S\u00fcden der Insel sind Riffs vorgelagert. An der Westk\u00fcste bietet Carriacou vor allem eins: traumhafte Str\u00e4nde. Die etwa 6.000 Einwohner leben \u00fcberwiegend von dem, was das Land hergibt (fr\u00fcher gab es hier gro\u00dfe Baumwollfelder und Zuckerrohrplantagen), Fischfang und zunehmend vom Yachttourismus. Im \u00d6rtchen Windward werden noch Segelboote nach alter Tradition gebaut,  die von eingewanderten Schotten \u00fcberliefert wurde. Im Sommer starten diese Boote dann bei der gro\u00df gefeierten Carriacou Regatta. Hauptort der Insel ist Hillsborough, einzige M\u00f6glichkeit zum Einklarieren auf Carriacou.  Mit dem Dinghy kann man an der Pier anlegen. Der Hillsborough Bay vorgelagert ist Sandy Island, ein idyllischer Tagesankerplatz mit Palmen am Bilderbuch-Strand, glasklarem Wasser und einem Riff als tollem Schnorchelgebiet. Nachts liegt es sich besser in der Tyrrell Bay im S\u00fcdwesten der Insel &ndash; hier gibt es auch zwei Marinas. Im Norden der liegt eine Lagune, die Carenage: Diese Mangroven-Lagune ist als Naturschutzgebiet ausgewiesen, nur bei Hurrikangefahr darf der \u00e4u\u00dfere Bereich angelaufen werden.  Charteryachten liegen auch gut im Carriacou Yacht Club in Hermitage. <\/p>\n<p>Petit Martinique, das direkt St. Vincent &#038; The Grenadines angrenzt, hat eine lange Seefahrer-Tradition. Die Einwohner leben haupts\u00e4chlich von Fischfang, Bootsbau und Serviceleistungen oder fahren als Crew zur See. F\u00fcr Yachten bietet eine kleine Marina alle notwendigen Einrichtungen. <\/p>\n<p><\/p>\n<table  class=\"RegionsAndSubregions\" cellspacing=\"0\" border=\"0\" style=\"border-collapse:collapse;\">\n<tbody>\n<tr>\n<td>\n<div class=\"SubregionRepeaterTitle\">\n<h2><a href=\"https:\/\/yachtcharter-connection.com\/yachtcharter-leewards-and-windwards\"> Leewards and Windwards <\/h2>\n<\/div>\n<div class=\"SmallLinks\">\n<ul>\n<li><a class=\"SmallLinks\" href=\"https:\/\/yachtcharter-connection.com\/bequia-677\" title=\"\"> Bequia <\/a><\/li>\n<li><a class=\"SmallLinks\" href=\"https:\/\/yachtcharter-connection.com\/grenada-st-george-284\" title=\"\"> Grenada \/ St. George <\/a><\/li>\n<\/ul>\n<\/div>\n<\/td>\n<\/tr>\n<\/tbody>\n<\/table>\n","protected":false},"excerpt":{"rendered":"<p>Yachtcharter Grenada Mit imposanten Wasserf\u00e4llen, \u00fcppigster Vegetation, steilen gr\u00fcnen Vulkanbergen, exotischen Ger\u00fcchen, malerischen D\u00f6rfern und Traumbuchten lockt Grenada, auch bekannt als Gew\u00fcrzinsel. Zum Staat Grenada mit etwas \u00fcber 100.000 Einwohnern und der Hauptstadt St. George&rsquo;s, Mitglied im britischen Commonwealth, geh\u00f6ren au\u00dfer der Hauptinsel auch Petit Martinique, Carriacou sowie verschiedene kleinere<\/p>\n","protected":false},"author":11,"featured_media":0,"parent":101,"menu_order":0,"comment_status":"open","ping_status":"open","template":"","meta":[],"aioseo_notices":[],"_links":{"self":[{"href":"https:\/\/yachtcharter-connection.com\/de\/wp-json\/wp\/v2\/pages\/477"}],"collection":[{"href":"https:\/\/yachtcharter-connection.com\/de\/wp-json\/wp\/v2\/pages"}],"about":[{"href":"https:\/\/yachtcharter-connection.com\/de\/wp-json\/wp\/v2\/types\/page"}],"author":[{"embeddable":true,"href":"https:\/\/yachtcharter-connection.com\/de\/wp-json\/wp\/v2\/users\/11"}],"replies":[{"embeddable":true,"href":"https:\/\/yachtcharter-connection.com\/de\/wp-json\/wp\/v2\/comments?post=477"}],"version-history":[{"count":1,"href":"https:\/\/yachtcharter-connection.com\/de\/wp-json\/wp\/v2\/pages\/477\/revisions"}],"predecessor-version":[{"id":12328,"href":"https:\/\/yachtcharter-connection.com\/de\/wp-json\/wp\/v2\/pages\/477\/revisions\/12328"}],"up":[{"embeddable":true,"href":"https:\/\/yachtcharter-connection.com\/de\/wp-json\/wp\/v2\/pages\/101"}],"wp:attachment":[{"href":"https:\/\/yachtcharter-connection.com\/de\/wp-json\/wp\/v2\/media?parent=477"}],"curies":[{"name":"wp","href":"https:\/\/api.w.org\/{rel}","templated":true}]}}