{"id":478,"date":"2015-08-10T05:53:33","date_gmt":"2015-08-10T05:53:33","guid":{"rendered":"http:\/\/yachtcharter-connection.com.w01e47c6.kasserver.com\/yachtcharter-guadeloupe\/"},"modified":"2017-07-11T03:38:37","modified_gmt":"2017-07-11T01:38:37","slug":"yachtcharter-guadeloupe","status":"publish","type":"page","link":"https:\/\/yachtcharter-connection.com\/de\/land\/yachtcharter-guadeloupe\/","title":{"rendered":"Guadeloupe"},"content":{"rendered":"<h3>Yachtcharter Guadeloupe<\/h3>\n<p>\n<img loading=\"lazy\" class=\"content-image\"  height=\"200\" width=\"300\" src=\"https:\/\/yachtcharter-connection.com\/wp-content\/uploads\/converted_files\/23168\/23168-562226499cd33.jpg\" alt=\"\" \/> Aus der Vogelperspektive  bzw. auf der Karte sieht Guadeloupe aus wie ein Schmetterling. Basse Terre hei\u00dft der westliche bergige Fl\u00fcgel mit Steilk\u00fcsten, der  vulkanischen Ursprungs ist. Grande Terre ist flach mit korallinem Kalkboden, sch\u00f6nen Palmenk\u00fcsten und riesigen Zuckerrohrplantagen. Der Rivi\u00e8re Sal\u00e9e teilt die Insel zwischen beiden H\u00e4lften &ndash; und kann, sehr vorsichtig, auch mit der Segelyacht befahren werden.<\/p>\n<p>Bevor Columbus Guadeloupe auf den heutigen Namen taufte, hie\u00df die Insel Karukera, Insel der sch\u00f6nen Wasser &ndash; und davon hat das heutige franz\u00f6sische \u00dcbersee-Departement immer noch viel: K\u00fcsten mit Farben von dunkelblau bis gr\u00fcn-t\u00fcrkis und viele Fl\u00fcsse, Teiche und Wasserf\u00e4lle im Inneren. <\/p>\n<p>Chartersegler kommen oft aus Norden von Antigua, aus S\u00fcden von Maritinique &ndash; oder chartern direkt in Guadeloupe, meist in der relativ neuen und bestens ausgestatteten Marina du Bas-du-Fort in <a href=\"~\/Yachtcharter_guadeloupe\/guadeloupe_point_a_pitre.html\">Point-\u00e0-Pitre<\/a>. Direkt neben dem Hafen kann man in der Blauen Lagune, der Lagon Bleu, sicher vor Anker liegen. Ein paar Seemeilen gen S\u00fcdosten liegt mit der Bucht von Le Goisier hinter der gleichnamigen Insel eine Gegend, die die Franzosen wegen der sch\u00f6nen Str\u00e4nde die Riviera der franz\u00f6sischen Antillen getauft haben &ndash; als Tagesankerplatz im Schutz des vorgelagerten Riffs hervorragend geeignet. Weiter gen Osten lohnt sich ein Besuch in der Marina du St. Francois &ndash; rund um die Marina gibt es Boutiquen, Restaurants und alle Versorgungsm\u00f6glichkeiten. <\/p>\n<p>Vor der S\u00fcdostk\u00fcste der Insel, direkt s\u00fcdlich von der Yachtcharter-Basis Point-\u00e0-Pitre, liegen Korallenriffs, sichere Ankerpl\u00e4tze gibt es hier nicht &ndash; da empfiehlt sich eher gleich ein Abstecher auf die Iles de Saintes. Die Westk\u00fcste bietet im wesentlichen zwei sch\u00f6ne sichere Buchten:  Franz\u00f6sische Karibik in Reinkultur bietet die  Anse Deshaies &ndash; wer von Antigua kommt, wird hier zuerst einen Stopp einlagen. Palmen, ein h\u00fcbsches D\u00f6rfchen mit einer Kirche, kleine L\u00e4dchen mit frischem Baguette und fangfrischem Fisch, gute Restaurants, ein ordentliches Dinghy-Dock. Von hier aus f\u00fchrt ein Spaziergang am Fl\u00fcsschen entlang durch den tropichen Regenwald, mit Wasserf\u00e4llen, die sich in Becken zum S\u00fcsswasserpool sammeln. Weiter s\u00fcdlich liegt die Anse \u00e0 la Barque, wo auch ab und an ein Ankerlieger anzutreffen ist. Die Hauptstadt von Guadeloupe, Basseterre, hat zwar einen Hafen f\u00fcr F\u00e4hrschiffe und Frachter, bietet aber f\u00fcr Yachties nicht viel Charme. Eine Marina gibt es knapp zwei Seemeilen weiter gen S\u00fcdosten: der Port de Rivi\u00e8re Sens mit einigen guten Restaurants.<\/p>\n<p><b>Umliegende Inseln:  Iles des Saintes, Marie Galante, Dominica<\/b><\/p>\n<p>Ein echtes Kleinod der Karibik ist die aus f\u00fcnf kleinen Inseln bestehende Gruppe der Iles de Saintes. Insbesondere Terre d&rsquo;en Haut, eine der beiden Hauptinseln, lockt mit zauberhaften Buchten und Ankerpl\u00e4tzen. Besonders malerisch: der Ort Bourg des Saintes in der Anse du Bourg, beliebter Treffpunkt f\u00fcr Yachties aus aller Welt und Wochenendziel f\u00fcr Segler aus Guadeloupe. Die Einwohner sind Nachkommen franz\u00f6sischer Normannen, dementsprechend gut ist das kulinarische Angebot. Einen Spaziergang lohnt das alte Fort Napol\u00e9on. Weiter s\u00fcdwestlich liegt die Anse \u00e0 Cointe, pittoresk mit einem Palmenhain. Gut ankern l\u00e4sst es sich auch bei der vorgelagerten Ilet de Cabrix.<\/p>\n<p>Windm\u00fchlen und Zuckerrohrfelder dominieren auf der flachen Insel Marie Galante, ankern kann man vor Saint Louis und Grand Bourg. Lebensmittel gibt es in vielen kleinen L\u00e4dchen in Saint Louis.<\/p>\n<p>Schwefelquellen, Wasserf\u00e4lle, B\u00e4che und Fl\u00fcsse, hohe Berge, tiefe Schluchten und undurchdringlicher Dschungel, \u00fcppige Vegetation mit Gummib\u00e4umen, Mahagoni, Farnen, Zedern, dazwischen Papageie und anderes Getier: Dominica, selbst\u00e4ndiger Staat im Commonwealth, ist noch wild, urspr\u00fcnglich und eine der niederschlagsreichsten Regionen der Erde. In einem Reservat lebt noch ein Kariben-Stamm, au\u00dfer Obstplantagen gibt es kaum Einkommensquellen f\u00fcr die Einwohner. Der Individual-Tourismus ist in den letzten Jahren deutlich forciert worden, bei Tauchern ist die Insel sehr beliebt &ndash; und einige Szenen aus den &bdquo;Piraten der Karibik&ldquo; sind hier gedreht worden. Sicherster Ankerplatz der Insel ist die Prince Rupert Bay mit dem Ort Portsmouth im Nordwesten Dominicas. Dieser ist auch Port of Entry, wenn man aus Norden kommt, und bietet in karibisch kleinen L\u00e4dchen in Holzh\u00e4uschen Einkaufsm\u00f6glichkeiten. Fliegende H\u00e4ndler bieten Inselrundfahrten und Bootstouren auf dem Indian River an. Einen herrlichen Blick hat man von Fort Shirliey am Prince Rupert Point aus. Ankerm\u00f6glichkeiten gibt es auch in der Anse de Mai oder bei der recht h\u00fcbschen Hauptstadt Roseau. Marinas f\u00fcr Yachtcharter-Crews gibt es in Dominica noch nicht, an den Ankerpl\u00e4tzen liegen einige Mooringbojen, teilweise wird Wassertaxi-Service angeboten.<\/p>\n<h3>Yachtcharter St. Martin \/ Sint Maarten<\/h3>\n<p>\nZu franz\u00f6sischen D\u00e9partement Guadeloupe geh\u00f6rt auch der franz\u00f6sische Teil der Insel <a href=\"https:\/\/yachtcharter-connection.com\/wp-content\/uploads\/converted_files\/23168\/23168-5622264cd6b66.jpg\">St.Martin<\/a>, wo mehrere gro\u00dfe Yachtcharter-Flotten in der <a href=\"~\/Yachtcharter_guadeloupe\/st_martin_anse_marcel.html\">Anse Marcel<\/a> und in <a href=\"~\/Yachtcharter_guadeloupe\/st_martin_marigot.html\">Marigot<\/a> stationiert sind und deren anderer Teil mit der Charterbasis <a href=\"https:\/\/yachtcharter-connection.com\/wp-content\/uploads\/converted_files\/23168\/23168-5622264fc9bd1.jpg\">Oyster Pond<\/a> zu den <a href=\"https:\/\/yachtcharter-connection.com\/wp-content\/uploads\/converted_files\/23168\/23168-5622264cd6b66.jpg\">Niederl\u00e4ndischen<\/a> Antillen z\u00e4hlt.<br type=\"_moz\" \/><br \/>\n<\/p>\n<table  class=\"RegionsAndSubregions\" cellspacing=\"0\" border=\"0\" style=\"border-collapse:collapse;\">\n<tbody>\n<tr>\n<td>\n<div class=\"SubregionRepeaterTitle\">\n<h2><a href=\"https:\/\/yachtcharter-connection.com\/yachtcharter-leewards-and-windwards\"> Leewards and Windwards <\/h2>\n<\/div>\n<div class=\"SmallLinks\">\n<ul>\n<li><a class=\"SmallLinks\" href=\"https:\/\/yachtcharter-connection.com\/guadeloupe-point-a-pitre-690\" title=\"\"> Guadeloupe \/ Point-a-Pitre <\/a><\/li>\n<li><a class=\"SmallLinks\" href=\"https:\/\/yachtcharter-connection.com\/st-martin-anse-marcel-250\" title=\"\"> St. Martin \/ Anse Marcel <\/a><\/li>\n<li><a class=\"SmallLinks\" href=\"https:\/\/yachtcharter-connection.com\/st-martin-marigot-550\" title=\"\"> St. Martin \/ Marigot <\/a><\/li>\n<\/ul>\n<\/div>\n<\/td>\n<\/tr>\n<\/tbody>\n<\/table>\n","protected":false},"excerpt":{"rendered":"<p>Yachtcharter Guadeloupe Aus der Vogelperspektive bzw. auf der Karte sieht Guadeloupe aus wie ein Schmetterling. Basse Terre hei\u00dft der westliche bergige Fl\u00fcgel mit Steilk\u00fcsten, der vulkanischen Ursprungs ist. Grande Terre ist flach mit korallinem Kalkboden, sch\u00f6nen Palmenk\u00fcsten und riesigen Zuckerrohrplantagen. Der Rivi\u00e8re Sal\u00e9e teilt die Insel zwischen beiden H\u00e4lften &ndash;<\/p>\n","protected":false},"author":11,"featured_media":0,"parent":101,"menu_order":0,"comment_status":"open","ping_status":"open","template":"","meta":[],"aioseo_notices":[],"_links":{"self":[{"href":"https:\/\/yachtcharter-connection.com\/de\/wp-json\/wp\/v2\/pages\/478"}],"collection":[{"href":"https:\/\/yachtcharter-connection.com\/de\/wp-json\/wp\/v2\/pages"}],"about":[{"href":"https:\/\/yachtcharter-connection.com\/de\/wp-json\/wp\/v2\/types\/page"}],"author":[{"embeddable":true,"href":"https:\/\/yachtcharter-connection.com\/de\/wp-json\/wp\/v2\/users\/11"}],"replies":[{"embeddable":true,"href":"https:\/\/yachtcharter-connection.com\/de\/wp-json\/wp\/v2\/comments?post=478"}],"version-history":[{"count":1,"href":"https:\/\/yachtcharter-connection.com\/de\/wp-json\/wp\/v2\/pages\/478\/revisions"}],"predecessor-version":[{"id":12332,"href":"https:\/\/yachtcharter-connection.com\/de\/wp-json\/wp\/v2\/pages\/478\/revisions\/12332"}],"up":[{"embeddable":true,"href":"https:\/\/yachtcharter-connection.com\/de\/wp-json\/wp\/v2\/pages\/101"}],"wp:attachment":[{"href":"https:\/\/yachtcharter-connection.com\/de\/wp-json\/wp\/v2\/media?parent=478"}],"curies":[{"name":"wp","href":"https:\/\/api.w.org\/{rel}","templated":true}]}}