{"id":479,"date":"2015-08-10T05:53:33","date_gmt":"2015-08-10T05:53:33","guid":{"rendered":"http:\/\/yachtcharter-connection.com.w01e47c6.kasserver.com\/yachtcharter-ungarn\/"},"modified":"2017-07-11T04:37:34","modified_gmt":"2017-07-11T02:37:34","slug":"yachtcharter-ungarn","status":"publish","type":"page","link":"https:\/\/yachtcharter-connection.com\/de\/land\/yachtcharter-ungarn\/","title":{"rendered":"Ungarn"},"content":{"rendered":"<h3>Yachtcharter Ungarn &#8211; Plattensee<\/h3>\n<p>\n<img loading=\"lazy\" class=\"content-image\"  width=\"300\" height=\"200\" src=\"https:\/\/yachtcharter-connection.com\/wp-content\/uploads\/converted_files\/23169\/23169-5622265223055.jpg\" alt=\"Yachtcharter-Plattensee\" \/>Der <a href=\"~\/binnenreviere\/Yachtcharter_balaton.html\">Balaton<\/a> oder Plattensee ist das interessanteste Segelrevier Ungarns. Er ist mit einer Fl\u00e4che von fast 600 Quadratkilometern der gr\u00f6\u00dfte See Mittel- und Westeuropas, sehr flach mit einer maximalen Tiefe von knapp mehr als 12 Metern, warm und dank Kontinentalklima im Sommer wettersicher. Die Region am Balaton ist touristisch bestens erschlossen &#8211; und bekannt f\u00fcr Weinanbau und Schnapsbrennerei.<\/p>\n<table  class=\"RegionsAndSubregions\" cellspacing=\"0\" border=\"0\" style=\"border-collapse:collapse;\">\n<tbody>\n<tr>\n<td>\n<div class=\"SubregionRepeaterTitle\">\n<h2><a href=\"https:\/\/yachtcharter-connection.com\/yachtcharter-balaton\"> Balaton <\/h2>\n<\/div>\n<div class=\"SmallLinks\">\n<ul>\n<li><a class=\"SmallLinks\" href=\"https:\/\/yachtcharter-connection.com\/balatonkenese-402\" title=\"\"> Balatonkenese <\/a><\/li>\n<\/ul>\n<\/div>\n<\/td>\n<\/tr>\n<\/tbody>\n<\/table>\n","protected":false},"excerpt":{"rendered":"<p>Yachtcharter Ungarn &#8211; Plattensee Der Balaton oder Plattensee ist das interessanteste Segelrevier Ungarns. Er ist mit einer Fl\u00e4che von fast 600 Quadratkilometern der gr\u00f6\u00dfte See Mittel- und Westeuropas, sehr flach mit einer maximalen Tiefe von knapp mehr als 12 Metern, warm und dank Kontinentalklima im Sommer wettersicher. Die Region am<\/p>\n","protected":false},"author":11,"featured_media":0,"parent":101,"menu_order":0,"comment_status":"open","ping_status":"open","template":"","meta":[],"aioseo_notices":[],"_links":{"self":[{"href":"https:\/\/yachtcharter-connection.com\/de\/wp-json\/wp\/v2\/pages\/479"}],"collection":[{"href":"https:\/\/yachtcharter-connection.com\/de\/wp-json\/wp\/v2\/pages"}],"about":[{"href":"https:\/\/yachtcharter-connection.com\/de\/wp-json\/wp\/v2\/types\/page"}],"author":[{"embeddable":true,"href":"https:\/\/yachtcharter-connection.com\/de\/wp-json\/wp\/v2\/users\/11"}],"replies":[{"embeddable":true,"href":"https:\/\/yachtcharter-connection.com\/de\/wp-json\/wp\/v2\/comments?post=479"}],"version-history":[{"count":1,"href":"https:\/\/yachtcharter-connection.com\/de\/wp-json\/wp\/v2\/pages\/479\/revisions"}],"predecessor-version":[{"id":12402,"href":"https:\/\/yachtcharter-connection.com\/de\/wp-json\/wp\/v2\/pages\/479\/revisions\/12402"}],"up":[{"embeddable":true,"href":"https:\/\/yachtcharter-connection.com\/de\/wp-json\/wp\/v2\/pages\/101"}],"wp:attachment":[{"href":"https:\/\/yachtcharter-connection.com\/de\/wp-json\/wp\/v2\/media?parent=479"}],"curies":[{"name":"wp","href":"https:\/\/api.w.org\/{rel}","templated":true}]}}