{"id":480,"date":"2011-03-14T05:08:22","date_gmt":"2011-03-14T05:08:22","guid":{"rendered":"http:\/\/yachtcharter-connection.com.w01e47c6.kasserver.com\/yachtcharter-irland\/"},"modified":"2016-10-29T18:54:18","modified_gmt":"2016-10-29T16:54:18","slug":"yachtcharter-irland","status":"publish","type":"page","link":"https:\/\/yachtcharter-connection.com\/de\/land\/yachtcharter-irland\/","title":{"rendered":"Irland"},"content":{"rendered":"<h3>Yachtcharter Irland<\/h3>\n<p>\n<img loading=\"lazy\" class=\"content-image\"  height=\"225\" width=\"300\" alt=\"\" src=\"https:\/\/yachtcharter-connection.com\/wp-content\/uploads\/converted_files\/23170\/23170-5622265519a2f.jpg\" \/> Der Royal Cork Yacht Club, gegr\u00fcndet 1720,  soll der \u00e4lteste Yachtclub der Welt sein. Obwohl die Iren so gern aufs Wasser gehen, geh\u00f6rt ihre Land nicht zu den klassischen Yachtcharter-Revieren. Irland ist eben daf\u00fcr bekannt, dass es h\u00e4ufig regnet &ndash; und das m\u00f6gen segelnde Urlauber oft nicht. Aber: Irischer Regen macht nicht nass, besagt ein Sprichwort.. Oft nieselt es nur ein bisschen, und im sch\u00f6nsten Segelrevier im S\u00fcdwesten der gr\u00fcnen Insel ist das Klima mild, die Sonne scheint im Sommer gern. Es locken Buchten und Sounds, gr\u00fcne H\u00fcgel mit Schafherden, Cottages mit bl\u00fchenden G\u00e4rten, wenig Touristen und offene, herzliche Menschen, die sich \u00fcber Besucher freuen. <\/p>\n<p>Charterer \u00fcbernehmen ihre Yachten unter anderem in <a href=\"~\/Yachtcharter_irland\/kinsale_co_cork.html\">Kinsale<\/a> im County Cork. Kinsale war fr\u00fcher eine wichtiger Flottenst\u00fctzpunkt der Marine, heute lebt die Stadt von Urlaubern und nautischem Tourismus &ndash; und ist bekannt f\u00fcr viele gute Restaurants und Pubs. Von der milit\u00e4rischen Vergangenheit  zeugen noch Fort Charles und Fort James: Beide bewachen die Einfahrt des Hafens von Kinsale, der an der M\u00fcndung des Flusses Bandon River liegt. <\/p>\n<p>Das Revier im irischen S\u00fcdwesten ist auch f\u00fcr Yachtcharter-Einsteiger geeignet, sofern sie sich mit Gezeiten-Navigation auskennen. Die K\u00fcste ist reich gegliedert, mit vielen Buchten &ndash; wer viel von Land und Leuten kennen lernen will, braucht keine gro\u00dfen Distanzen zur\u00fcckzulegen. <\/p>\n<table  class=\"RegionsAndSubregions\" cellspacing=\"0\" border=\"0\" style=\"border-collapse:collapse;\">\n<tbody>\n<tr>\n<td>\n<div class=\"SubregionRepeaterTitle\">\n<h2><a href=\"https:\/\/yachtcharter-connection.com\/yachtcharter-irische-k%c3%bcste\"> Irische K\u00fcste <\/h2>\n<\/div>\n<div class=\"SmallLinks\">\n<ul>\n<li><a class=\"SmallLinks\" href=\"https:\/\/yachtcharter-connection.com\/dingle-co-kerry-235\" title=\"\"> Dingle Co.Kerry <\/a><\/li>\n<li><a class=\"SmallLinks\" href=\"https:\/\/yachtcharter-connection.com\/kinsale-co-cork-151\" title=\"\"> Kinsale Co.Cork <\/a><\/li>\n<\/ul>\n<\/div>\n<\/td>\n<td>\n<div class=\"SubregionRepeaterTitle\">\n<h2><a href=\"https:\/\/yachtcharter-connection.com\/yachtcharter-irland-cork\"> Irland \/ Cork <\/h2>\n<\/div>\n<div class=\"SmallLinks\">\n<ul>\n<li><a class=\"SmallLinks\" href=\"https:\/\/yachtcharter-connection.com\/bantry-168\" title=\"\"> Bantry <\/a><\/li>\n<li><a class=\"SmallLinks\" href=\"https:\/\/yachtcharter-connection.com\/cork-605\" title=\"\"> Cork <\/a><\/li>\n<\/ul>\n<\/div>\n<\/td>\n<\/tr>\n<tr>\n<td>\n<div class=\"SubregionRepeaterTitle\">\n<h2><a href=\"https:\/\/yachtcharter-connection.com\/yachtcharter-irland-erne\"> Irland \/ Erne <\/h2>\n<\/div>\n<div class=\"SmallLinks\">\n<ul>\n<li><a class=\"SmallLinks\" href=\"https:\/\/yachtcharter-connection.com\/ballinamore-140\" title=\"\"> Ballinamore <\/a><\/li>\n<li><a class=\"SmallLinks\" href=\"https:\/\/yachtcharter-connection.com\/belturbet-818\" title=\"\"> Belturbet <\/a><\/li>\n<\/ul>\n<\/div>\n<\/td>\n<td>\n<div class=\"SubregionRepeaterTitle\">\n<h2><a href=\"https:\/\/yachtcharter-connection.com\/yachtcharter-irland-shannon\"> Irland \/ Shannon <\/h2>\n<\/div>\n<div class=\"SmallLinks\">\n<ul>\n<li><a class=\"SmallLinks\" href=\"https:\/\/yachtcharter-connection.com\/athlone-567\" title=\"\"> Athlone <\/a><\/li>\n<li><a class=\"SmallLinks\" href=\"https:\/\/yachtcharter-connection.com\/carrick-on-shannon-458\" title=\"\"> Carrick-on-Shannon <\/a><\/li>\n<li><a class=\"SmallLinks\" href=\"https:\/\/yachtcharter-connection.com\/portumna-223\" title=\"\"> Portumna <\/a><\/li>\n<\/ul>\n<\/div>\n<\/td>\n<\/tr>\n<tr><\/tr>\n<\/tbody>\n<\/table>\n","protected":false},"excerpt":{"rendered":"<p>Yachtcharter Irland Der Royal Cork Yacht Club, gegr\u00fcndet 1720, soll der \u00e4lteste Yachtclub der Welt sein. Obwohl die Iren so gern aufs Wasser gehen, geh\u00f6rt ihre Land nicht zu den klassischen Yachtcharter-Revieren. Irland ist eben daf\u00fcr bekannt, dass es h\u00e4ufig regnet &ndash; und das m\u00f6gen segelnde Urlauber oft nicht. Aber:<\/p>\n","protected":false},"author":11,"featured_media":0,"parent":101,"menu_order":0,"comment_status":"open","ping_status":"open","template":"","meta":[],"aioseo_notices":[],"_links":{"self":[{"href":"https:\/\/yachtcharter-connection.com\/de\/wp-json\/wp\/v2\/pages\/480"}],"collection":[{"href":"https:\/\/yachtcharter-connection.com\/de\/wp-json\/wp\/v2\/pages"}],"about":[{"href":"https:\/\/yachtcharter-connection.com\/de\/wp-json\/wp\/v2\/types\/page"}],"author":[{"embeddable":true,"href":"https:\/\/yachtcharter-connection.com\/de\/wp-json\/wp\/v2\/users\/11"}],"replies":[{"embeddable":true,"href":"https:\/\/yachtcharter-connection.com\/de\/wp-json\/wp\/v2\/comments?post=480"}],"version-history":[{"count":1,"href":"https:\/\/yachtcharter-connection.com\/de\/wp-json\/wp\/v2\/pages\/480\/revisions"}],"predecessor-version":[{"id":12340,"href":"https:\/\/yachtcharter-connection.com\/de\/wp-json\/wp\/v2\/pages\/480\/revisions\/12340"}],"up":[{"embeddable":true,"href":"https:\/\/yachtcharter-connection.com\/de\/wp-json\/wp\/v2\/pages\/101"}],"wp:attachment":[{"href":"https:\/\/yachtcharter-connection.com\/de\/wp-json\/wp\/v2\/media?parent=480"}],"curies":[{"name":"wp","href":"https:\/\/api.w.org\/{rel}","templated":true}]}}