{"id":481,"date":"2015-08-10T05:53:33","date_gmt":"2015-08-10T05:53:33","guid":{"rendered":"http:\/\/yachtcharter-connection.com.w01e47c6.kasserver.com\/yachtcharter-montenegro\/"},"modified":"2017-10-16T22:04:44","modified_gmt":"2017-10-16T20:04:44","slug":"yachtcharter-montenegro","status":"publish","type":"page","link":"https:\/\/yachtcharter-connection.com\/de\/land\/yachtcharter-montenegro\/","title":{"rendered":"Montenegro"},"content":{"rendered":"<h1><strong>Yachtcharter Montenegro<\/strong><\/h1>\n<p><a href=\"https:\/\/yachtcharter-connection.com\/wp-content\/uploads\/2015\/08\/Montenegro-Sveti-Stefanwh-600.jpg\"><img loading=\"lazy\" class=\"alignleft size-full wp-image-24708\" src=\"https:\/\/yachtcharter-connection.com\/wp-content\/uploads\/2015\/08\/Montenegro-Sveti-Stefanwh-600.jpg\" alt=\"alquiler barcos montenegro\" width=\"600\" height=\"400\" srcset=\"https:\/\/yachtcharter-connection.com\/wp-content\/uploads\/2015\/08\/Montenegro-Sveti-Stefanwh-600.jpg 600w, https:\/\/yachtcharter-connection.com\/wp-content\/uploads\/2015\/08\/Montenegro-Sveti-Stefanwh-600-300x200.jpg 300w\" sizes=\"(max-width: 600px) 100vw, 600px\" \/><\/a>Verglichen mit dem n\u00f6rdlichen Nachbarn <a href=\"https:\/\/yachtcharter-connection.com\/de\/land\/yachtcharter-kroatien\/\">Kroatien<\/a> ist das Yachtcharter-Revier Montenegro ein kleines, \u00fcberschaubares Segelrevier, in dem die maritime Infrastruktur f\u00fcr Yachtcharter jetzt zunehmend ausgebaut wird. Zwar gibt es keine vorgelagerten Inseln, aber kleine H\u00e4fen und Ankerpl\u00e4tze am Festland f\u00fcr Stopps auf dem Yachtcharter-T\u00f6rn \u2013 und als echtes Highlight die Bucht von Kotor, die Boka Kotorska, die eher an die Idylle eines Alpensees erinnert als einer der sch\u00f6nsten Fjorde Europas gilt. Die Adria-K\u00fcste Montenegros ist nur knapp 300 Kilometer lang.<\/p>\n<p>In <a href=\"https:\/\/yachtcharter-connection.com\/de\/regionen\/mittelmeer\/yachtcharter-adria-sued\/montenegro-kotor-407\/\">Kotor<\/a> selbst, wo es einen Yachtcharter-St\u00fctzpunkt gibt, ist vor allem die historische Altstadt f\u00fcr Yachtcharter-Urlauber interessant, die St\u00e4dte selbst sind ansonsten ziemlich modern ausgebaut. Herceg Novi, etwa 14 Meilen von Kotor entfernt, hat eine Marina mit Yachtcharter-Basis mitten in der Stadt. In Risan, dem \u00e4ltesten Ort in der Bucht von Kotor und vor 2300 Jahren schon wichtiger Handelshafen f\u00fcr die Illyrer, und Peran scheint die Zeit dagegen vor einigen Jahrzehnten ein bisschen stehen geblieben zu sein. In Risan gibt es noch pr\u00e4chtige Mosaiken und andere Sehensw\u00fcrdigkeiten, die auf die R\u00f6mer und Griechen zur\u00fcckgehen. In Peran bauten wohlhabende Seefahrer vor einigen hundert Jahren Prachtvillen, alte Kirchen, k\u00fcnstliche Inseln als Kirchenstandorte und barockes Erbe machen auch diesen Ort interessant f\u00fcr Yachtcharter-Urlauber. Sehenswert auch der Ort Tivat mit zwei vorgelagerten Inseln: Insel der Blumen und die \u201eInsel unserer lieben Frau\u201c.<\/p>\n<p><img loading=\"lazy\" class=\"content-image\" src=\"https:\/\/yachtcharter-connection.com\/wp-content\/uploads\/converted_files\/23171\/23171-5622265807af2.jpg\" alt=\"Montenegro_Bucht_von_Kotor\" width=\"300\" height=\"199\" \/>Meist wird man auf einem Yachtcharter-T\u00f6rn in Montenegro in Stadth\u00e4fen festmachen. An der K\u00fcste liegen Yachtcharter-Segler gut in Budva oder Bigova. Budva ist dank zahlreicher Str\u00e4nde das Zentrum des montegrinischen Tourismus. Die Altstadt mit mehreren alten Kirchen, Kneipen, Gesch\u00e4ften und Kunst-Galerien liegt auf einer Halbinsel. Ulcinj, die s\u00fcdlichste Stadt an der K\u00fcste Montenegros und fr\u00fcher Sitz von Piraten, ist bei Touristen beliebt \u2013 mit einem 13 Kilometer langen Strand, eine Insel im Flussdelta, Olivenw\u00e4ldern und restaurierter Altstadt. Bar entwickelt sich mit mehreren Marinas zum Treffpunkt der Yachtcharter-Crews \u2013 alte Festungen, ein \u00fcber 2000 Jahre alter Olivenbaum und der Skadar See als Vogelparadies machen die Stadt aber auch auf der Landseite attraktiv.<\/p>\n<p><strong>Yachtcharter Montenegro &#8211; L\u00e4nderinformationen:<\/strong><\/p>\n<p>Amtssprachen: Serbisch \/ Montenegrinisch<br \/>\nHauptstadt: Podgorica<\/p>\n<p>W\u00e4hrung: Euro (EUR)<br \/>\nUhrzeit: MEZ &#8211; UTC \/ GMT + 1 Stunden &#8211; im Sommer MESZ Mitteleurop\u00e4ische Sommerzeit<br \/>\nNetzspannung: 220 V<\/p>\n<p>Die wichtigsten Flugh\u00e4fen f\u00fcr Yachtcharter-Crews:<br \/>\n&#8211; Podgorica &#8211; TGD<br \/>\n&#8211; Tivat &#8211; TIV<\/p>\n<table class=\"RegionsAndSubregions\" style=\"border-collapse: collapse;\" border=\"0\" cellspacing=\"0\">\n<tbody>\n<tr>\n<td>\n<div class=\"SubregionRepeaterTitle\">\n<h2><a href=\"https:\/\/yachtcharter-connection.com\/yachtcharter-adria-s%c3%bcd\"> Adria \/ S\u00fcd <\/a><\/h2>\n<\/div>\n<div class=\"SmallLinks\">\n<ul>\n<li><a class=\"SmallLinks\" title=\"\" href=\"https:\/\/yachtcharter-connection.com\/montenegro-bar-808\"> Montenegro \/ Bar <\/a><\/li>\n<li><a class=\"SmallLinks\" title=\"\" href=\"https:\/\/yachtcharter-connection.com\/montenegro-budva-651\"> Montenegro \/ Budva <\/a><\/li>\n<li><a class=\"SmallLinks\" title=\"\" href=\"https:\/\/yachtcharter-connection.com\/montenegro-herzig-novi-148\"> Montenegro \/ Herzig Novi <\/a><\/li>\n<li><a class=\"SmallLinks\" title=\"\" href=\"https:\/\/yachtcharter-connection.com\/montenegro-kotor-407\"> Montenegro \/ Kotor <\/a><\/li>\n<li><a class=\"SmallLinks\" title=\"\" href=\"https:\/\/yachtcharter-connection.com\/porto-montenegro\"> Porto Montenegro <\/a><\/li>\n<\/ul>\n<\/div>\n<\/td>\n<\/tr>\n<\/tbody>\n<\/table>\n","protected":false},"excerpt":{"rendered":"<p>Yachtcharter Montenegro Verglichen mit dem n\u00f6rdlichen Nachbarn Kroatien ist das Yachtcharter-Revier Montenegro ein kleines, \u00fcberschaubares Segelrevier, in dem die maritime Infrastruktur f\u00fcr Yachtcharter jetzt zunehmend ausgebaut wird. Zwar gibt es keine vorgelagerten Inseln, aber kleine H\u00e4fen und Ankerpl\u00e4tze am Festland f\u00fcr Stopps auf dem Yachtcharter-T\u00f6rn \u2013 und als echtes Highlight<\/p>\n","protected":false},"author":11,"featured_media":0,"parent":101,"menu_order":0,"comment_status":"open","ping_status":"open","template":"","meta":[],"aioseo_notices":[],"_links":{"self":[{"href":"https:\/\/yachtcharter-connection.com\/de\/wp-json\/wp\/v2\/pages\/481"}],"collection":[{"href":"https:\/\/yachtcharter-connection.com\/de\/wp-json\/wp\/v2\/pages"}],"about":[{"href":"https:\/\/yachtcharter-connection.com\/de\/wp-json\/wp\/v2\/types\/page"}],"author":[{"embeddable":true,"href":"https:\/\/yachtcharter-connection.com\/de\/wp-json\/wp\/v2\/users\/11"}],"replies":[{"embeddable":true,"href":"https:\/\/yachtcharter-connection.com\/de\/wp-json\/wp\/v2\/comments?post=481"}],"version-history":[{"count":4,"href":"https:\/\/yachtcharter-connection.com\/de\/wp-json\/wp\/v2\/pages\/481\/revisions"}],"predecessor-version":[{"id":25264,"href":"https:\/\/yachtcharter-connection.com\/de\/wp-json\/wp\/v2\/pages\/481\/revisions\/25264"}],"up":[{"embeddable":true,"href":"https:\/\/yachtcharter-connection.com\/de\/wp-json\/wp\/v2\/pages\/101"}],"wp:attachment":[{"href":"https:\/\/yachtcharter-connection.com\/de\/wp-json\/wp\/v2\/media?parent=481"}],"curies":[{"name":"wp","href":"https:\/\/api.w.org\/{rel}","templated":true}]}}