{"id":482,"date":"2015-08-10T05:53:33","date_gmt":"2015-08-10T05:53:33","guid":{"rendered":"http:\/\/yachtcharter-connection.com.w01e47c6.kasserver.com\/yachtcharter-martinique\/"},"modified":"2024-02-10T15:35:27","modified_gmt":"2024-02-10T13:35:27","slug":"yachtcharter-martinique","status":"publish","type":"page","link":"https:\/\/yachtcharter-connection.com\/de\/land\/yachtcharter-martinique\/","title":{"rendered":"Martinique"},"content":{"rendered":"<h1><strong>Yachtcharter Martinique<\/strong><\/h1>\n<p><iframe loading=\"lazy\" class=\"wbm\" src=\"https:\/\/www.booking-manager.com\/wbm2\/page.html?companyid=662&amp;setlang=de&amp;view=SmallSearchForm&amp;hidetitle=true&amp;target=_top&amp;controllerPage=https:\/\/yachtcharter-connection.com\/mmk-results-en&amp;target=_top&amp;filter_country=MQ\" frameborder=\"0\" height=\"200\" width=\"100%\" scrolling=\"yes\" id=\"wbmResult\"><\/iframe><\/p>\n<p><img loading=\"lazy\" class=\"content-image\" src=\"https:\/\/yachtcharter-connection.com\/wp-content\/uploads\/converted_files\/23172\/23172-5622265c2da71.jpg\" alt=\"Martinique_Ankerbucht\" width=\"300\" height=\"199\" \/>Martinique ist beliebter Ausgangspunkt zahlreicher Segelt\u00f6rns \u2013 sehr viele Charteryachten sind in Fort-de-France und im S\u00fcden im riesigen Port de Plaisance in Le Marin stationiert. Ziel der Yachtcharter-Crews sind h\u00e4ufig St. Lucia und die Grenadinen. Doch auch Martinique selbst ist die Reise schon wert. Die n\u00f6rdlichste Insel der Windward Islands ist franz\u00f6sisches D\u00e9partement d\u2019Outre-Mer mit allen B\u00fcrgerrechten. Der Mont Pel\u00e9e, ein immer noch nicht ganz erloschener Vulkan, pr\u00e4gt den Norden und ist mit knapp 1400 Metern die h\u00f6chste Erhebung \u2013 auf der ganzen Insel ist die Vegetation \u00fcppig-tropisch, mit vielen Blumen (die Kariben nannten die Insel Blumeninsel gleich Madinia), Riesenfarnen, Bambus, Bananenplantagen und Ananasfeldern und immer noch Zuckerrohr f\u00fcr die Rumproduktion. Die Inselbewohner, die sich untereinander \u00fcberwiegend auf Kreolisch verst\u00e4ndigen, leben mehr und mehr vom Tourismus. Gerade in den letzten Jahren wurde auch die Infrastruktur f\u00fcr Segler ausgebaut, mit neuen Marinas wie Trois Ilets bei Fort-de-France, Le Robert und Le Francois auf der Atlantikseite sowie Sainte-Anne im S\u00fcden unweit von Le Marin. Auch gro\u00dfe Segel-Events oder Regatten machen jetzt \u00f6fter als fr\u00fcher hier Station.<\/p>\n<p>Belebter Ankerplatz f\u00fcr Yachten aus aller Welt ist die Mouillage des Flamands \u2013 Rade de Fort-de-France. Guten Schutz f\u00fcr Ankerlieger bietet die Cohe du Lementin im Nordosten der Baie de Fort-de-France, aber auch die Reede vor Trois Ilets im S\u00fcden der Bucht mit einem kleinen netten D\u00f6rfchen am Ufer oder auch Trois Etienne. Hinter der Pointe du Bout mit seiner Marina liegt die Anse Mitan, beliebter Tagesankerplatz, weil das Meer hier eher zum Baden einl\u00e4dt als direkt in der Baie de Fort-de-France. Vorsicht vor dem sogenannten \u201eIdiotenriff\u201c Caye des Couillons vor der Anse Mitan. Auf dem Weg gen S\u00fcden zum Cap Salomon wartet auf halbem Weg die Anse Noire mit schwarzem Strand auf \u2013 und Restaurants f\u00fcr den Mittagslunch. Wochenendziel der Einheimischen sind die Grande Anse d\u2019Arlet und die Petite Anse d\u2019Arlet direkt hinter dem Cap \u2013 mit Sandstrand, h\u00fcbschen Ferienh\u00e4usern, viel Gr\u00fcn und mehreren kreolischen Restaurants die gro\u00dfe, traditionellen Fischerbooten am Strand der kleinen Bucht.<\/p>\n<p>An der S\u00fcdk\u00fcste zieht sich die riesige Bucht Cul-de-Sac Marin, Startpunkt des T\u00f6rns f\u00fcr zahlreiche Yachtcharter-Crews, fast zwei Meilen weit ins Land hinein. Im Osten Martiniques, an der Atlantikk\u00fcsten, wurden in den Fischerd\u00f6rfern Le Robert und Le Francois Marinas gebaut. Die Ostk\u00fcste selbst ist wie bei vielen karibischen Inseln recht rau.<\/p>\n<p>Im Nordwesten der Insel liegt am Fu\u00df des Mont Pel\u00e9e das St\u00e4dtchen St. Pierre. Beim letzten gro\u00dfen Ausbruch des Vulkans wurde es zerst\u00f6rt, die Wracks der damals gesunkenen Schiffe sind heute Ziel der Sporttaucher. St. Pierre wurde auf den Ruinen wieder aufgebaut, in der Bucht von St. Pierre kann zum Beispiel auf dem Weg von oder nach Dominica einen Stopp einlegen. In dem pittoresken St\u00e4dtchen kann man sch\u00f6n bummeln und hervorragend essen gehen.<\/p>\n<h2>\n<p><strong>Charteryachten Martinique<\/strong><\/h2>\n<p><strong>Es gibt wichtige Yachtcharter Flotten mit Segelyachte und Katamaranen f\u00fcr Bareboat-Charter in Martinique, die nicht in unserem Yachtfinder gelistet sind &#8211; bitte fragen Sie nach Angeboten. Und nat\u00fcrlich senden wir Ihnen gerne auch Angebote f\u00fcr die sch\u00f6nsten Luxus-Charteryachten mit Crew in dieser Region zu.<\/strong><\/p>\n<h2>\n<strong>Luxusyacht-Charter Martinique<\/strong><\/h2>\n<p><strong>Martinique ist eine beliebte Destination f\u00fcr Luxusyacht-Charter und Charter auf Luxuskatamaranen mit Crew . Hier finden Sie mehr <a href=\"https:\/\/yachtcharter-connection.com\/de\/luxus-charteryachten\/\" target=\"_blank\" rel=\"noopener\"><span style=\"color: #0000ff;\">Informatione<\/span>n \u00fcber Luxusyacht-Charter<\/a>. Wir organisieren gerne Ihren Luxusyacht-Charterurlaub in Martinique \u2013 bitte fragen Sie nach Angeboten!<\/strong><\/p>\n<p>&nbsp;<\/p>\n<table class=\"RegionsAndSubregions\" style=\"border-collapse: collapse;\" border=\"0\" cellspacing=\"0\">\n<tbody>\n<tr>\n<td>\n<div class=\"SubregionRepeaterTitle\">\n<h2><a href=\"https:\/\/yachtcharter-connection.com\/yachtcharter-leewards-and-windwards\"> Leewards and Windwards <\/a><\/h2>\n<\/div>\n<div class=\"SmallLinks\">\n<ul>\n<li><a class=\"SmallLinks\" title=\"\" href=\"https:\/\/yachtcharter-connection.com\/martinique-fort-de-france-250\"> Martinique \/ Fort de France <\/a><\/li>\n<li><a class=\"SmallLinks\" title=\"\" href=\"https:\/\/yachtcharter-connection.com\/martinique-fort-de-france-440\"> Martinique \/ Fort-de-France <\/a><\/li>\n<li><a class=\"SmallLinks\" title=\"\" href=\"https:\/\/yachtcharter-connection.com\/martinique-le-marin-413\"> Martinique \/ Le Marin <\/a><\/li>\n<\/ul>\n<\/div>\n<\/td>\n<\/tr>\n<\/tbody>\n<\/table>\n","protected":false},"excerpt":{"rendered":"<p>Yachtcharter Martinique Martinique ist beliebter Ausgangspunkt zahlreicher Segelt\u00f6rns \u2013 sehr viele Charteryachten sind in Fort-de-France und im S\u00fcden im riesigen Port de Plaisance in Le Marin stationiert. Ziel der Yachtcharter-Crews sind h\u00e4ufig St. Lucia und die Grenadinen. Doch auch Martinique selbst ist die Reise schon wert. Die n\u00f6rdlichste Insel der<\/p>\n","protected":false},"author":11,"featured_media":0,"parent":101,"menu_order":0,"comment_status":"open","ping_status":"open","template":"","meta":[],"aioseo_notices":[],"_links":{"self":[{"href":"https:\/\/yachtcharter-connection.com\/de\/wp-json\/wp\/v2\/pages\/482"}],"collection":[{"href":"https:\/\/yachtcharter-connection.com\/de\/wp-json\/wp\/v2\/pages"}],"about":[{"href":"https:\/\/yachtcharter-connection.com\/de\/wp-json\/wp\/v2\/types\/page"}],"author":[{"embeddable":true,"href":"https:\/\/yachtcharter-connection.com\/de\/wp-json\/wp\/v2\/users\/11"}],"replies":[{"embeddable":true,"href":"https:\/\/yachtcharter-connection.com\/de\/wp-json\/wp\/v2\/comments?post=482"}],"version-history":[{"count":4,"href":"https:\/\/yachtcharter-connection.com\/de\/wp-json\/wp\/v2\/pages\/482\/revisions"}],"predecessor-version":[{"id":31014,"href":"https:\/\/yachtcharter-connection.com\/de\/wp-json\/wp\/v2\/pages\/482\/revisions\/31014"}],"up":[{"embeddable":true,"href":"https:\/\/yachtcharter-connection.com\/de\/wp-json\/wp\/v2\/pages\/101"}],"wp:attachment":[{"href":"https:\/\/yachtcharter-connection.com\/de\/wp-json\/wp\/v2\/media?parent=482"}],"curies":[{"name":"wp","href":"https:\/\/api.w.org\/{rel}","templated":true}]}}