{"id":483,"date":"2014-10-26T05:32:49","date_gmt":"2014-10-26T05:32:49","guid":{"rendered":"http:\/\/yachtcharter-connection.com.w01e47c6.kasserver.com\/yachtcharter-malaysia\/"},"modified":"2017-07-11T19:33:35","modified_gmt":"2017-07-11T17:33:35","slug":"yachtcharter-malaysia","status":"publish","type":"page","link":"https:\/\/yachtcharter-connection.com\/de\/land\/yachtcharter-malaysia\/","title":{"rendered":"Malaysia"},"content":{"rendered":"<h3>Yachtcharter Malaysia<\/h3>\n<p>\n<img loading=\"lazy\" class=\"content-image\"  height=\"225\" width=\"300\" alt=\"Segelrevier_Malaysia\" src=\"https:\/\/yachtcharter-connection.com\/wp-content\/uploads\/converted_files\/23173\/23173-5622265e05256.jpg\" \/>Yachtcharter in Malaysia wird immer beliebter, ist besonders bei den Nebenkosten preiswert und bietet Seglern viele M\u00f6glichkeiten, die Inselwelt und die lange K\u00fcste Malaysias zu entdecken. Es gibt immer mehr Marinas und Yacht Clubs, die den Yachtcharter-Crews alles bieten, was sie brauchen. Die Region hat sich in den letzten Jahre zu einer etablierten Segel-Destination entwickelt &#8211; mit beliebten Events wie etwa die Royal Langkawi International Regatta.<\/p>\n<p>Die Langkawi-Inselgruppe s\u00fcdlich von Thailand bietet mit \u00fcber 90 Inseln hervorragende Segelbedingungen und jede Menge gesch\u00fctzte Ankerpl\u00e4tze. die Yachtcharter-Basis in Langkawi ist ein guter Ausgangspunkt f\u00fcr Urlaubst\u00f6rns in der Andamanensee, die gesamte nautische Infrastrukur ist gut ausgebaut. Langkawi selbst bietet den Besuchern eine Reihe von Sehensw\u00fcrdigkeiten. An der Ostk\u00fcste der Insel l\u00e4sst es sich in ruhigen Buchten bestens ankern, im lebhafteren Westen laden H\u00e4fen wie Port Dickson, Port Klang, Lumut oder Penang ein. Man kannt entspannt zwischen den Inseln cruisen, Str\u00e4nde und Lagunen genie\u00dfen &#8211; oder gen Norden zur Insel Ko Tarutao segeln, dann nach Westen nach Ko Rawii, Ko Adang oder Ko Butang jenseits der thail\u00e4ndischen Grenze. Butang ist als Schnorchelparadies bekannt.<\/p>\n<p><strong>Von Langkawi aus bieten wir auch Oneway-Charter nach Phuket in Thailand an &#8211; mehr Details auf Anfrage.<\/strong><\/p>\n<p>Die Yachtcharter-Basis in Tioman liegt in S\u00fcdosten Malaysias &#8211; die Tioman Sea Park Inseln z\u00e4hlen nach Ansicht mancher Kenner zu den zehn sch\u00f6nsten Inselregionen der Welt. Die Inseln sind vulkanischen Ursprungs, mit \u00fcppig-gr\u00fcner dichter Vegetation. Str\u00e4nde mit feinem wei\u00dfen Sand und kristallklares Wasser bieten herrliches Badevergn\u00fcgen, die farbenpr\u00e4chtige Unterwasserwelt l\u00e4dt zum Schnorcheln ein.<\/p>\n<p><strong>F\u00fcr Yachtcharter ab Langkawi und Tioman steht eine Flotte von Katamaranen und Einrumpfyachten zur Verf\u00fcgung &#8211; auf Anfrage machen wir Ihnen gern ein Angebot.<\/strong><\/p>\n<table  class=\"RegionsAndSubregions\" cellspacing=\"0\" border=\"0\" style=\"border-collapse:collapse;\">\n<tbody>\n<tr>\n<td>\n<div class=\"SubregionRepeaterTitle\">\n<h2><a href=\"https:\/\/yachtcharter-connection.com\/yachtcharter-malaiische-halbinsel\"> Malaiische Halbinsel <\/h2>\n<\/div>\n<div class=\"SmallLinks\">\n<ul>\n<li><a class=\"SmallLinks\" href=\"https:\/\/yachtcharter-connection.com\/langkawi-kua-410\" title=\"\"> Langkawi \/ Kua <\/a><\/li>\n<\/ul>\n<\/div>\n<\/td>\n<\/tr>\n<\/tbody>\n<\/table>\n","protected":false},"excerpt":{"rendered":"<p>Yachtcharter Malaysia Yachtcharter in Malaysia wird immer beliebter, ist besonders bei den Nebenkosten preiswert und bietet Seglern viele M\u00f6glichkeiten, die Inselwelt und die lange K\u00fcste Malaysias zu entdecken. Es gibt immer mehr Marinas und Yacht Clubs, die den Yachtcharter-Crews alles bieten, was sie brauchen. Die Region hat sich in den<\/p>\n","protected":false},"author":11,"featured_media":0,"parent":101,"menu_order":0,"comment_status":"open","ping_status":"open","template":"","meta":[],"aioseo_notices":[],"_links":{"self":[{"href":"https:\/\/yachtcharter-connection.com\/de\/wp-json\/wp\/v2\/pages\/483"}],"collection":[{"href":"https:\/\/yachtcharter-connection.com\/de\/wp-json\/wp\/v2\/pages"}],"about":[{"href":"https:\/\/yachtcharter-connection.com\/de\/wp-json\/wp\/v2\/types\/page"}],"author":[{"embeddable":true,"href":"https:\/\/yachtcharter-connection.com\/de\/wp-json\/wp\/v2\/users\/11"}],"replies":[{"embeddable":true,"href":"https:\/\/yachtcharter-connection.com\/de\/wp-json\/wp\/v2\/comments?post=483"}],"version-history":[{"count":1,"href":"https:\/\/yachtcharter-connection.com\/de\/wp-json\/wp\/v2\/pages\/483\/revisions"}],"predecessor-version":[{"id":12356,"href":"https:\/\/yachtcharter-connection.com\/de\/wp-json\/wp\/v2\/pages\/483\/revisions\/12356"}],"up":[{"embeddable":true,"href":"https:\/\/yachtcharter-connection.com\/de\/wp-json\/wp\/v2\/pages\/101"}],"wp:attachment":[{"href":"https:\/\/yachtcharter-connection.com\/de\/wp-json\/wp\/v2\/media?parent=483"}],"curies":[{"name":"wp","href":"https:\/\/api.w.org\/{rel}","templated":true}]}}