{"id":484,"date":"2015-08-10T05:53:33","date_gmt":"2015-08-10T05:53:33","guid":{"rendered":"http:\/\/yachtcharter-connection.com.w01e47c6.kasserver.com\/yachtcharter-slowenien\/"},"modified":"2017-10-16T21:58:24","modified_gmt":"2017-10-16T19:58:24","slug":"yachtcharter-slowenien","status":"publish","type":"page","link":"https:\/\/yachtcharter-connection.com\/de\/land\/yachtcharter-slowenien\/","title":{"rendered":"Slowenien"},"content":{"rendered":"<h1><strong>Yachtcharter Slowenien<\/strong><\/h1>\n<p><img class=\"content-image\" style=\"width: 300px; height: 199px;\" src=\"https:\/\/yachtcharter-connection.com\/wp-content\/uploads\/converted_files\/23174\/23174-5622265f62c11.jpg\" alt=\"Yachtcharter-Slowenien Piran.jpg\" \/>Die Adria-K\u00fcste des Yachtcharter-Reviers Slowenien ist nur rund 45 Kilometer lang \u2013 der weit gr\u00f6\u00dfere Teil des Landes zwischen \u00d6sterreich, Italien und Kroatien ist \u201eBinnenland\u201c mit alpinem Hochgebirge, Mittelgebirgen und Ebenen, die bis nach Ungarn reichen. Trotzdem sind die Slowenen traditionell in Seefahrt und Yachtcharter \u00e4u\u00dferst aktiv. Renommierte Bootswerften oder Yacht-Designer haben hier ihren Sitz. An der kurzen K\u00fcste ist die maritime Infrastruktur f\u00fcr Yachtcharter Slowenien exzellent.<\/p>\n<p>Das Yachtcharter-Revier Slowenien in der n\u00f6rdlichen <a href=\"https:\/\/yachtcharter-connection.com\/de\/regionen\/mittelmeer\/yachtcharter-adria-nord\/\">Adria<\/a> eignet sich sowohl f\u00fcr kurze Wochenend-T\u00f6rns als auch als Ausgangsbasis f\u00fcr l\u00e4ngere Yachtcharter-T\u00f6rns nach <a href=\"https:\/\/yachtcharter-connection.com\/de\/land\/yachtcharter-italien\/\">Italien<\/a> oder weit h\u00e4ufiger in die <a href=\"https:\/\/yachtcharter-connection.com\/de\/land\/yachtcharter-kroatien\/\">kroatische<\/a> Adria. Yachtcharter Slowenien-St\u00fctzpunkte gibt es in der Primorska, dem slowenischen K\u00fcstenland, in <a href=\"https:\/\/yachtcharter-connection.com\/de\/regionen\/mittelmeer\/yachtcharter-adria-nord\/izola-973\/\">Izola<\/a> mit der gr\u00f6\u00dften Charterflotte an Segelyachten in Slowenien, <a href=\"https:\/\/yachtcharter-connection.com\/de\/regionen\/mittelmeer\/yachtcharter-adria-nord\/koper-759\/\">Koper<\/a> und <a href=\"https:\/\/yachtcharter-connection.com\/de\/regionen\/mittelmeer\/yachtcharter-adria-nord\/portoroz-391\/\">Portoroz<\/a>. Der s\u00fcdliche Abschnitt bei Koper wird auch als Slowenisch-Istrien bezeichnet.<\/p>\n<p><img loading=\"lazy\" class=\"content-image\" src=\"https:\/\/yachtcharter-connection.com\/wp-content\/uploads\/converted_files\/23174\/23174-5622266926f9d.jpg\" alt=\"\" width=\"300\" height=\"379\" \/><strong><br \/>\nYachtcharter Slowenien &#8211; L\u00e4nderinformationen:<\/strong><\/p>\n<p>Amtssprache: Slowenisch<br \/>\nHauptstadt: Ljubljana<\/p>\n<p>W\u00e4hrung: Euro (EUR)<\/p>\n<p>Uhrzeit: MEZ &#8211; UTC \/ GMT + 1 Stunden &#8211; im Sommer MESZ Mitteleurop\u00e4ische Sommerzeit<br \/>\nNetzspannung: 220 V<\/p>\n<p>Die wichtigsten Flugh\u00e4fen f\u00fcr Yachtcharter-Crews in Slowenien:<\/p>\n<p>&#8211; Ljubljana &#8211; LJU<br \/>\n&#8211; Triest &#8211; TRS<\/p>\n<table class=\"RegionsAndSubregions\" style=\"border-collapse: collapse;\" border=\"0\" cellspacing=\"0\">\n<tbody>\n<tr>\n<td>\n<div class=\"SubregionRepeaterTitle\">\n<h2><a href=\"https:\/\/yachtcharter-connection.com\/yachtcharter-adria-nord\"> Adria \/ Nord <\/a><\/h2>\n<\/div>\n<div class=\"SmallLinks\">\n<ul>\n<li><a class=\"SmallLinks\" title=\"\" href=\"https:\/\/yachtcharter-connection.com\/izola-973\"> Izola <\/a><\/li>\n<li><a class=\"SmallLinks\" title=\"\" href=\"https:\/\/yachtcharter-connection.com\/koper-759\"> Koper <\/a><\/li>\n<li><a class=\"SmallLinks\" title=\"\" href=\"https:\/\/yachtcharter-connection.com\/portoroz-391\"> Portoroz <\/a><\/li>\n<\/ul>\n<\/div>\n<\/td>\n<\/tr>\n<\/tbody>\n<\/table>\n","protected":false},"excerpt":{"rendered":"<p>Yachtcharter Slowenien Die Adria-K\u00fcste des Yachtcharter-Reviers Slowenien ist nur rund 45 Kilometer lang \u2013 der weit gr\u00f6\u00dfere Teil des Landes zwischen \u00d6sterreich, Italien und Kroatien ist \u201eBinnenland\u201c mit alpinem Hochgebirge, Mittelgebirgen und Ebenen, die bis nach Ungarn reichen. Trotzdem sind die Slowenen traditionell in Seefahrt und Yachtcharter \u00e4u\u00dferst aktiv. Renommierte<\/p>\n","protected":false},"author":11,"featured_media":0,"parent":101,"menu_order":0,"comment_status":"open","ping_status":"open","template":"","meta":[],"aioseo_notices":[],"_links":{"self":[{"href":"https:\/\/yachtcharter-connection.com\/de\/wp-json\/wp\/v2\/pages\/484"}],"collection":[{"href":"https:\/\/yachtcharter-connection.com\/de\/wp-json\/wp\/v2\/pages"}],"about":[{"href":"https:\/\/yachtcharter-connection.com\/de\/wp-json\/wp\/v2\/types\/page"}],"author":[{"embeddable":true,"href":"https:\/\/yachtcharter-connection.com\/de\/wp-json\/wp\/v2\/users\/11"}],"replies":[{"embeddable":true,"href":"https:\/\/yachtcharter-connection.com\/de\/wp-json\/wp\/v2\/comments?post=484"}],"version-history":[{"count":3,"href":"https:\/\/yachtcharter-connection.com\/de\/wp-json\/wp\/v2\/pages\/484\/revisions"}],"predecessor-version":[{"id":25260,"href":"https:\/\/yachtcharter-connection.com\/de\/wp-json\/wp\/v2\/pages\/484\/revisions\/25260"}],"up":[{"embeddable":true,"href":"https:\/\/yachtcharter-connection.com\/de\/wp-json\/wp\/v2\/pages\/101"}],"wp:attachment":[{"href":"https:\/\/yachtcharter-connection.com\/de\/wp-json\/wp\/v2\/media?parent=484"}],"curies":[{"name":"wp","href":"https:\/\/api.w.org\/{rel}","templated":true}]}}