{"id":485,"date":"2015-08-10T05:53:33","date_gmt":"2015-08-10T05:53:33","guid":{"rendered":"http:\/\/yachtcharter-connection.com.w01e47c6.kasserver.com\/yachtcharter-saint-vincent-und-grenadinen\/"},"modified":"2017-07-12T04:46:55","modified_gmt":"2017-07-12T02:46:55","slug":"yachtcharter-saint-vincent-und-grenadinen","status":"publish","type":"page","link":"https:\/\/yachtcharter-connection.com\/de\/land\/yachtcharter-saint-vincent-und-grenadinen\/","title":{"rendered":"Saint Vincent und Grenadinen"},"content":{"rendered":"<h3>Yachtcharter St. Vincent &#038; Grenadinen<\/h3>\n<p>\n<img loading=\"lazy\" class=\"content-image\"  width=\"300\" height=\"199\" src=\"https:\/\/yachtcharter-connection.com\/wp-content\/uploads\/converted_files\/23175\/23175-5622266ac15b2.jpg\" alt=\"Karibik_St_Vincent_Bucht\" \/>St. Vincent ist die gr\u00f6\u00dfte Insel des kleinen Karibikstaates St. Vincent &#038; The Grenadines, einem \u00e4u\u00dferst beliebten Revier bei Yachtcharter-Crews. Dazu geh\u00f6ren au\u00dfer der St. Vincent selbst die \u00fcber 30 n\u00f6rdlichen Inseln des Archipels der Grenadinen, die gr\u00f6\u00dften davon sind Young Island, Mustique, Canouan mit einer Yachtcharter-Flotte, Mayreau, Union Island mit einer Yachtcharter-Basis, Palm Island und Petit St. Vincent. Die s\u00fcdlichen Grenadinen geh\u00f6ren dagegen offiziell zu Grenada. Die Grenadinen sind eher flach oder h\u00fcgelig und trocken, im Gegensatz zu den gro\u00dfen karibischen Inseln nicht vulkanischen Ursprungs. Ihre Vegetation ist nicht ganz so tropisch-\u00fcppig, niedrige B\u00fcsche oder Kakteen \u00fcberwiegen. <\/p>\n<p>St. Vincent dagegen besteht aus Vulkangestein: Der Mount Soufriere brach das letzte Mal Anfang des 20. Jahrhunderts kurz nach dem Ausbruch des Mont St. Pel\u00e9e auf Martinique aus, Ende der siebziger Jahre gab es gewaltige Gasexplosionen. Heute pausiert der immer Vulkan, in der Mitte des Kraters ist ein See mit einer Insel entstanden, aber der Mount Soufriere gilt immer noch als aktiv. Von etwa 110.000 Einwohnern leben \u00fcber ein Viertel in der Hauptstadt Kingstown, weniger als zehn Prozent auf den Grenadines. Haupteinkommensquelle ist Landwirtschaft, \u00fcberwiegend Anbau von Bananen, Kakaobohnen und Gew\u00fcrze spielen eine kleinere Rolle. Die Region galt lange als eine der \u00e4rmsten der Karibik. Inzwischen wird verst\u00e4rkt in Tourismus investiert. Mit Tropenw\u00e4ldern, Fl\u00fcssen, in denen man baden kann, Vulkanszenerie, Wasserf\u00e4llen und Sandstr\u00e4nden bringt die Insel alle Voraussetzungen daf\u00fcr mit.<\/p>\n<p>Von Norden kommend ist die erste gr\u00f6\u00dfere Bucht die von Chateaubelair, erst seit 2007 Port of Entry &ndash; offiziell zwar schon seit fast 40 Jahren, aber dieses Dekret war nie umgesetzt worden . Das gro\u00dfe Fischerdorf ist der viergr\u00f6\u00dfte Ort der Insel, inzwischen auch schon touristisch erschlossen. Bei Chateau, wie das Dorf meist genannt wird, gibt es auch arch\u00e4ologische Funde, Relikte der Carib Indianer. Die neuen Zoll- und Immigration-Geb\u00e4ude liegen nahe am Dock. Die Bucht hat sch\u00f6ne Ankerpl\u00e4tze und Schnorchelspots. <\/p>\n<p>Inmitten \u00fcppiger Natur ankert man in der Cumberland Bay mit Landleinen zu einer Palme. Am Ufer an der M\u00fcndung eines kleinen Baches spielen Kinder, kleine Hunde und kleine Ferkel friedlich zusammen. Zwei Restaurants freuen sich \u00fcber Segelcrews, die hier abends Fisch und Crayfish, eine spezielle Hummerart, speisen wollen. Beliebter Ankerplatz, nur wenig weiter s\u00fcdlich, ist die Wallilabou Bay. Hier wird man schon von den Boat-Boys empfangen, sie helfen auch beim Ausbringen der Landleinen. Vor dem Anchorage Hotel &#038; Restaurant liegen auch Mooringbojen. Das Zollb\u00fcro liegt gleich hinter dem Dinghysteg.  <\/p>\n<p>Gleich hinter der Wallilabou Bay folgt s\u00fcdlich die Keaton Bay. Auch hier liegen Mooringbojen vor dem Rockside Cafe von Rosi Morgan und ihrem Mann Orlando Tucker, dass alle Serviceleistungen f\u00fcr Yachties anbietet &ndash; vom W\u00e4schewaschen, Internet-Service, Organisation von Ausfl\u00fcgen, Hilfe beim Einklarieren oder gute K\u00fcche bis zu perfekt gemixten Drinks, und das alles auf deutsch, englisch und kreolisch. Traumhaftes Ambiente geh\u00f6rt sowieso dazu.  Rund vier Meilen vor Kingstown versteckt sich die kleine Bucht Petit Byahaut. Hier gibt es Natur pur, exklusives Ambiente im hervorragenden Restaurant des exklusiven Petit Byahaut Resorts und eine Tauchbasis.  Einen kleinen Hafen, aber nicht unbedingt tolle Umgebung, finden Segler in Ottley Hall unterhalb von Fort Charlotte nahe bei Kingstown.<\/p>\n<p>Die Hauptstadt Kingstown selbst wirkt mit ihren unz\u00e4hligen kleinen Holz- und Steinh\u00e4usern noch typisch westindisch, belebt und quirlig. Auf dem Kingstown Markt gibt es nicht nur Lebensmittel, sondern auch Kunsthandwerkliches zu kaufen. Anglikanische und katholische Kathedrale, Botanischer Garten und das Fort Charlotte, das auch ein Museum beherbergt gelten als die interessanteste Spots in und um  Kingstown.  Young Island selbst ist ein  tropisch-gr\u00fcnes Inselchen mit einem Resorthotel, vor dem Nordufer l\u00e4sst es sich gut ankern. Im S\u00fcden Young Islands ragt steil und felsig Duvernette Island aus dem Wasser, mit Dinghy Dock im Norden &ndash; das Fort Duvernette darauf diente einst zum Schutz vor Piraten. Der Blick von oben ist atemberaubend!<\/p>\n<p>Young und Duvernette Island markieren die Einfahrt zur Blue Lagoon am S\u00fcdzipfel St. Vincents. Hier bietet die Blue Lagoon Marina allen Komfort, hier sind die meisten auf der Insel beheimateten Charteryachten auch stationiert. <\/p>\n<p>Im S\u00fcden von St. Vincent liegt <a href=\"~\/Yachtcharter_grenada\/bequia.html\"><u><b>Bequia<\/b><\/u><\/a>, bekannt als Insel der K\u00fcnstler und beliebtes Ziel f\u00fcr viele Charter Crews, die hier alles finden, was das Herz begehrt.<\/p>\n<h4>Mustique<\/h4>\n<p>\nDie gerade mal f\u00fcnf Quadratkilometer kleine private Insel Mustique ist von Bequia aus gerade noch zu sehen. Ber\u00fchmt ist sie vor allem f\u00fcr gutbetuchte Besucher und Hausbesitzer: Die englische Prinzessin Margaret war hier h\u00e4ufig, in einem Haus, das Colin Tennant alias Lord Glenconnor ihr zu Hochzeit schenkte. Der Lord hatte die Insel gekauft, um sie zu einem Resort f\u00fcr die High Society zu enwickeln. David Bowie oder Tommy Hilfiger gef\u00e4llt es hier ausgesprochen gut, das Anwesen von Rolling Stone Mick Jagger geh\u00f6rt zu den wichtigsten Highlights der relativ kurzen Inselrundfahrt. Von den sieben Zuckerplantagen ist heute lediglich eine Zuckerm\u00fchle \u00fcbrig geblieben. <\/p>\n<p>Yachten liegen in der Britannia Bay, wo die Mustique Compang Mooringsbojen ausgelegt hat. Das Dingy-Dock liegt direkt neben der Betonpier.  Lieblingsplatz der Segler ist Basil&rsquo;s Bar: Ein &bdquo;Sex on the Beach&ldquo; als Sundowner, ein traumhafter karibischer Segeltag findet hier seinen perfekten Abschluss.<\/p>\n<h4>Mayreau und Tobago Cays<\/h4>\n<p>\nAuf der kleinen Insel Mayreau leben nur 300 Menschen, alle im D\u00f6rfchen Mayreau Village auf einem H\u00fcgel im S\u00fcdwesten der trockenen Insel. Stra\u00dfenl\u00e4rm ist auf der Insel Fehlanzeige &ndash; Mayreau ist noch ein echtes karibisch-urspr\u00fcngliches Paradies. Ankern k\u00f6nnen Yachten zwar auch in der Salt Whistle Bay im Norden (mit Restaurant und &bdquo;Yachtie Bar&ldquo; oder in der Windward Bay im S\u00fcdosten von Mayreau &ndash; hier lockt das Riff als exzellentes Schnorchelrevier. Am sichersten liegt man allerdings in der Saline Bay, wo es auch ein Dinghy Dock gibt. Ein kleiner Fu\u00dfmarsch f\u00fchrt h\u00fcgelan ins Village, wo man von der Kirche aus am h\u00f6chsten Punkt einen wundervollen Panoramablick hat &ndash; und wo zahlreiche Bars, Restaurants und Shops auf hungrige und durstige Segler warten. Unter Yachties ber\u00fchmt: Dennis&rsquo; Hideaway, aber die anderen Kneipen stehen ihm wohl kaum nach.<\/p>\n<p>Von Mayreau ist es nur ein kurzer Schlag zu den Tobago Cays, weltber\u00fchmtes Postkarten-Idyll und sicherlich einer der sch\u00f6nsten Gegenden der Karibik. Zur Hochsaison kann es hier auch voll werden, vor allem, wenn zwischen ankernden Yachten auch noch die Beiboote von Kreuzfahrern wie Club Med II oder Royal Clipper von Schiff zu Strand pendeln. <\/p>\n<p>Dunkelblaues Wasser am Riff, hellgr\u00fcnes unter dem Kiel vor Anker, unter Wasser eine bunte faszinierende Welt mit Korallen und Fische aller Art: Die Tobago Cays sind Nationalpark, mit den vier unbewohnten Inseln Petit Rameau, Petit Bateau, Jamesby und Baradal und dem Horseshoe Reef &ndash; Hufeisenriff. Die Str\u00e4nde sind traumhaft sch\u00f6n, die Einfahrt durch die n\u00f6rdliche Passage mittels Richtbaken nichts sonderlich schwierig. Versorgungsm\u00f6glichkeiten gibt es hier nicht: Wer \u00fcber Nacht bleibt, kocht in der Pantry.<\/p>\n<p>\n<br type=\"_moz\" \/><br \/>\n<\/p>\n<table  class=\"RegionsAndSubregions\" cellspacing=\"0\" border=\"0\" style=\"border-collapse:collapse;\">\n<tbody>\n<tr>\n<td>\n<div class=\"SubregionRepeaterTitle\">\n<h2><a href=\"https:\/\/yachtcharter-connection.com\/yachtcharter-leewards-and-windwards\"> Leewards and Windwards <\/h2>\n<\/div>\n<div class=\"SmallLinks\">\n<ul>\n<li><a class=\"SmallLinks\" href=\"https:\/\/yachtcharter-connection.com\/canouan-569\" title=\"\"> Canouan <\/a><\/li>\n<li><a class=\"SmallLinks\" href=\"https:\/\/yachtcharter-connection.com\/saint-vincent-382\" title=\"\"> Saint Vincent <\/a><\/li>\n<li><a class=\"SmallLinks\" href=\"https:\/\/yachtcharter-connection.com\/union-island-clifton-habour-798\" title=\"\"> Union Island \/ Clifton Habour <\/a><\/li>\n<\/ul>\n<\/div>\n<\/td>\n<\/tr>\n<\/tbody>\n<\/table>\n","protected":false},"excerpt":{"rendered":"<p>Yachtcharter St. Vincent &#038; Grenadinen St. Vincent ist die gr\u00f6\u00dfte Insel des kleinen Karibikstaates St. Vincent &#038; The Grenadines, einem \u00e4u\u00dferst beliebten Revier bei Yachtcharter-Crews. Dazu geh\u00f6ren au\u00dfer der St. Vincent selbst die \u00fcber 30 n\u00f6rdlichen Inseln des Archipels der Grenadinen, die gr\u00f6\u00dften davon sind Young Island, Mustique, Canouan mit<\/p>\n","protected":false},"author":11,"featured_media":0,"parent":101,"menu_order":0,"comment_status":"open","ping_status":"open","template":"","meta":[],"aioseo_notices":[],"_links":{"self":[{"href":"https:\/\/yachtcharter-connection.com\/de\/wp-json\/wp\/v2\/pages\/485"}],"collection":[{"href":"https:\/\/yachtcharter-connection.com\/de\/wp-json\/wp\/v2\/pages"}],"about":[{"href":"https:\/\/yachtcharter-connection.com\/de\/wp-json\/wp\/v2\/types\/page"}],"author":[{"embeddable":true,"href":"https:\/\/yachtcharter-connection.com\/de\/wp-json\/wp\/v2\/users\/11"}],"replies":[{"embeddable":true,"href":"https:\/\/yachtcharter-connection.com\/de\/wp-json\/wp\/v2\/comments?post=485"}],"version-history":[{"count":1,"href":"https:\/\/yachtcharter-connection.com\/de\/wp-json\/wp\/v2\/pages\/485\/revisions"}],"predecessor-version":[{"id":12386,"href":"https:\/\/yachtcharter-connection.com\/de\/wp-json\/wp\/v2\/pages\/485\/revisions\/12386"}],"up":[{"embeddable":true,"href":"https:\/\/yachtcharter-connection.com\/de\/wp-json\/wp\/v2\/pages\/101"}],"wp:attachment":[{"href":"https:\/\/yachtcharter-connection.com\/de\/wp-json\/wp\/v2\/media?parent=485"}],"curies":[{"name":"wp","href":"https:\/\/api.w.org\/{rel}","templated":true}]}}