{"id":486,"date":"2015-08-10T05:53:33","date_gmt":"2015-08-10T05:53:33","guid":{"rendered":"http:\/\/yachtcharter-connection.com.w01e47c6.kasserver.com\/yachtcharter-britische-jungferninseln\/"},"modified":"2017-10-29T20:33:54","modified_gmt":"2017-10-29T18:33:54","slug":"yachtcharter-britische-jungferninseln","status":"publish","type":"page","link":"https:\/\/yachtcharter-connection.com\/de\/land\/yachtcharter-britische-jungferninseln\/","title":{"rendered":"Britische Jungferninseln"},"content":{"rendered":"<h1><strong>Yachtcharter British Virgin Islands \/ Britische Jungferninseln<\/strong><\/h1>\n<p><img loading=\"lazy\" class=\"content-image\" src=\"https:\/\/yachtcharter-connection.com\/wp-content\/uploads\/converted_files\/23176\/23176-5622266da52f8.jpg\" alt=\"\" width=\"300\" height=\"200\" \/>W\u00e4hrend der BVI Spring Regatta trifft sich hier die karibische Segelelite, bei Regatten des Bitter End Yacht Clubs gehen bisweilen auch America\u2019s Cup- Koryph\u00e4en an den Start. Die British Virgin Islands, selten auch noch auf deutsch Britische Jungferninseln genannt, sind ein Segelrevier der Extraklasse. Idyllisch, zauberhaft, karibisch, sehr sicher: Das Yachtcharter Revier ist wegen der \u00dcberschaubarkeit auch f\u00fcr Einsteiger und Familien bestens geeignet. Mit dem Slogan \u201eNature\u2019s little secrets\u201c wirbt das B.V.I. Tourist Board f\u00fcr das kleine Inselland, das Seglern auf einem Gebiet von etwa 32 mal 15 Meilen jede Menge Abwechslung bietet. Die insgesamt 60 Inseln sind bergig und tropisch gr\u00fcn \u2013 abgesehen von der flachen Koralleninsel Anegada im Norden des Archipels. Viele sch\u00f6ne Ankerbuchten sind durch vorgelagerte Riffs gesch\u00fctzt, an denen man herrlich Schnorcheln kann. Der Passat bl\u00e4st best\u00e4ndig im Sir Francis Drake Channel, der sich als gesch\u00fctztes Revier mit wenig Seegang zwischen den Inseln von S\u00fcdwesten nach Nordosten erstreckt. Die Distanzen sind so kurz, dass immer Land in Sicht ist.<\/p>\n<p><img loading=\"lazy\" class=\"content-image\" src=\"https:\/\/yachtcharter-connection.com\/wp-content\/uploads\/converted_files\/23176\/23176-5622266f06303.jpg\" alt=\"\" width=\"300\" height=\"115\" \/>Die nautische Infrastruktur der British Virgin Islands mit zahlreichen Marinas ist hervorragend, die Preise sind allerdings auch gehoben. Vor Anker oder an Mooringbojen ist die \u00dcbernachtung deutlich preiswerter. Allein auf <a href=\"https:\/\/yachtcharter-connection.com\/de\/regionen\/karibik\/yachtcharter-leewards-and-windwards\/tortola-road-town-519\/\">Tortola<\/a> gibt es 17 Marinas, f\u00fcnf liegen auf der zweitgr\u00f6\u00dften Insel Virgin Gorda, je eine auf Peter Island, Saba Rock und Marina Cay. Viele Marinas verf\u00fcgen auch \u00fcber eigene Mooringbojen. Weitere Bojenfelder mit moderaten Liegegeb\u00fchren gibt es auf Tortola in der Cane Garden Bay im Westen der Insel, in der Trellis Bay an der Ostseite bei Beef Island und in der Paraquita Bay \u2013 hier ist man auch sicher vor Hurricans. Vor den malerischen hohen Felsen von The Baths auf Virgin Gorda kann kann ebenso an Bojen festmachen wie in Little Harbour auf Jost von Dyke, in der Manchioneel Bay auf Cooper Island, in Anegada oder in Salt Island am Wrack der Rhone, das als besondere Attraktion Taucher und Schnorchler anzieht. \u00dcber 20 weitere Buchten, eine sch\u00f6ner als die andere, sind als offizielle Ankerpl\u00e4tze ausgewiesen \u2013 was nicht hei\u00dft, dass es nicht noch gen\u00fcgen weitere sch\u00f6ne Pl\u00e4tze gibt\u2026<\/p>\n<p>Jost von Dyke im Westen Tortolas wurde nach einem Seer\u00e4uber benannt und hat immer noch Piraten-Charme. Der Strand an der White Bay ist einer der sch\u00f6nsten der Karibik. Great Harbour ist mit seinen Holzh\u00e4uschen ein pittoreskes Karibikdorf wie aus dem Bilderbuch. Foxy\u2019s Bar, wo der Chef selbst seine G\u00e4ste oft mit Live Music unterh\u00e4lt, gilt als legend\u00e4rer Segler-Treffpunkt. Die Dekoration besteht im wesentlichen aus Yachtclub-Flaggen aus aller Welt. Sandy Spit vor Jost von Dyke hat \u201enur\u201c Sand und ein paar Palmen zu bieten &#8211; eines der beliebtesten Foto-Motive der B.V.I. und begehrter Anker-Spot. Ausweichplatz, wenn es zu voll wird, ist Sandy Cay, die den Rockefellers geh\u00f6rt.<\/p>\n<p><img loading=\"lazy\" class=\"content-image\" src=\"https:\/\/yachtcharter-connection.com\/wp-content\/uploads\/converted_files\/23176\/23176-56222671a09a9.jpg\" alt=\"\" width=\"300\" height=\"206\" \/> Optisches Highlight der Insel Virgin Gorda im Osten des Archipels sind The Baths, riesige Felsformationen, die aus dem Wasser ragen, mit Grotten und nat\u00fcrlichen kleinen Pools. Vorsicht beim Klettern: Die Felsen sind vom Meerwasser rund und glatt geschliffen. Oberhalb der Felsen bietet das Restaurant \u201eTop of the Bath\u201c einen herrlichen Blick und leckere Cocktails. Gr\u00f6\u00dfter Ort der \u201edicken Jungfrau\u201c ist Spanish Town, mit Yachthafen, guten Einkaufsm\u00f6glichkeit und hervorragenden Restaurants. Echter Seglertreffpunkt im North Sound, nur 12 Meilen von Tortola entfernt, ist der Bitter End Yachtclub, mit Marina, Wassersportbetrieb, Hotel, Pools, Strand, Boutiquen, Bars und Restaurants. Im November lockt der Club mit einer Pro-Am-Regatta auch Segler-Gr\u00f6\u00dfen hierher. Zwei Nationalparks befinden sich auf Virgin Gorda: Der Little Fort National Park, der auch Tierschutzgebiet ist, beherbert auch die Reste eines alten spanischen Forts, im Gorda Peak Nationalpark mit bunter exotischer Pflanzenwelt liegt der h\u00f6chste Punkt der Insel. Im S\u00fcden der Insel sind noch die Reste einer alten Kupfermine zu besichtigen.<\/p>\n<p>Jedes Inselchen der B.V.I. hat seinen Reiz, ob Guana Island, Great Camanoe oder das Gr\u00fcppchen The Dogs im Norden des Sir Francis Drake Channel, Saba Rock im North Sound, oder Norman Island, Peter Island, Salt Island, Cooper Island und Ginger Island, die den Channel im S\u00fcdosten begrenzen, wie Perlen an einer Schnur, mit vielen kleinen Perlen noch dazwischen. Auf Peter Island liegt eines der bekanntesten Hotelresorts der Karibik. Auf der vorgelagerten Dead Chest Island hatte einst der Pirat Blackbeard zahlreiche M\u00e4nner seiner Crew ausgesetzt, mit einer Buddel voll Rum.<\/p>\n<p>Schnorchler m\u00f6gen die H\u00f6hlen von Norman Island, Schauplatz von Stevensons \u201eSchatzinsel.\u201c Auf Salt Island gibt es immer noch kommerziell genutzte Salzseen. Vor Salt Island war 1867 das Postschiff Rhone im Hurrikan gesunken. Das Wrack ist heute Nationalpark, Taucher entdecken hier eine herrloch bunte Unterwasserwelt. Saba Rock hatte fr\u00fcher mit kleiner Bar und Dinghy-Dock Piraten-Charme, ist jetzt aber auch Standort eines Hotelkomplexes. Necker Island im Norden von Virgin Gorda geh\u00f6rt Virgin-Boss Richard Branson, wird aber auch an andere betuchte G\u00e4ste f\u00fcr Karibik-Traum-Urlaub vermietet \u2013 Koch, G\u00e4rtner und Yacht nat\u00fcrlich inklusive.<\/p>\n<p>Die v\u00f6llig flache Insel Anegada, bei deren Ansteuerung man die Anweisungen der Handb\u00fccher genau befolgen sollte, hat herrlich lange Sandstr\u00e4nde, zwei Ponds mit Flamingos und anderen V\u00f6geln, eine kleine Siedlung und angeblich mit die leckersten Hummer der Karibik.<\/p>\n<h2><strong>Charteryachten British Virgin Islands:<\/strong><\/h2>\n<p><strong>Es gibt wichtige Yachtcharter-Flotten mit Segelyachten und Katamaranen f\u00fcr Bareboat-Charter in den British Virgin Islands, die nicht in unserem Yachtfinder gelistet sind &#8211; bitte fragen Sie nach Angeboten. Und nat\u00fcrlich senden wir Ihnen gerne auch Angebote f\u00fcr die sch\u00f6nsten Luxus-Charteryachten mit Crew in dieser Region zu.<\/strong><\/p>\n<p>&nbsp;<\/p>\n<h2><strong>Luxusyacht-Charter British Virgin Islands:<\/strong><\/h2>\n<p><strong>Die BVI sind eine \u00e4usserst beliebte Destination f\u00fcr Luxusyacht-Charter und Charter auf Luxuskatamaranen mit Crew . Hier finden Sie mehr<a href=\"https:\/\/yachtcharter-connection.com\/de\/luxus-charteryachten\/\" target=\"_blank\"> Informationen \u00fcber Luxusyacht-Charter.<\/a> Wir organisieren gerne Ihren Luxusyacht-Charterurlaub in den BVI \u2013 bitte fragen Sie nach Angeboten!<\/strong><\/p>\n<p>&nbsp;<\/p>\n<p>Eine Liste mit allen wichtigen Waypoints f\u00fcr Ihre T\u00f6rnplanung finden Sie hier:<br \/>\n<a href=\"https:\/\/yachtcharter-connection.com\/wp-content\/uploads\/converted_files\/23176\/23176-5622267305855.pdf\" target=\"_blank\"><u><b>Waypoints British Virgin Islands<\/b><\/u><\/a><\/p>\n<p>Anreise: Der internationale Flughafen mit dem Airportk\u00fcrzel EIS liegt auf der Insel Beef Island, von Tortola aus \u00fcber eine Br\u00fccke erreichbar. Yachtcharter Touristen aus Europa erreichen die B.V.I. meist via Miami, Puerto Rico oder Antigua.<\/p>\n<table class=\"RegionsAndSubregions\" style=\"border-collapse: collapse;\" border=\"0\" cellspacing=\"0\">\n<tbody>\n<tr>\n<td>\n<div class=\"SubregionRepeaterTitle\">\n<h2><a href=\"https:\/\/yachtcharter-connection.com\/yachtcharter-leewards-and-windwards\"> Leewards and Windwards <\/a><\/h2>\n<\/div>\n<div class=\"SmallLinks\">\n<ul>\n<li><a class=\"SmallLinks\" title=\"\" href=\"https:\/\/yachtcharter-connection.com\/tortola-road-town-519\"> Tortola \/ Road Town <\/a><\/li>\n<\/ul>\n<\/div>\n<\/td>\n<\/tr>\n<\/tbody>\n<\/table>\n","protected":false},"excerpt":{"rendered":"<p>Yachtcharter British Virgin Islands \/ Britische Jungferninseln W\u00e4hrend der BVI Spring Regatta trifft sich hier die karibische Segelelite, bei Regatten des Bitter End Yacht Clubs gehen bisweilen auch America\u2019s Cup- Koryph\u00e4en an den Start. Die British Virgin Islands, selten auch noch auf deutsch Britische Jungferninseln genannt, sind ein Segelrevier der<\/p>\n","protected":false},"author":11,"featured_media":0,"parent":101,"menu_order":0,"comment_status":"open","ping_status":"open","template":"","meta":[],"aioseo_notices":[],"_links":{"self":[{"href":"https:\/\/yachtcharter-connection.com\/de\/wp-json\/wp\/v2\/pages\/486"}],"collection":[{"href":"https:\/\/yachtcharter-connection.com\/de\/wp-json\/wp\/v2\/pages"}],"about":[{"href":"https:\/\/yachtcharter-connection.com\/de\/wp-json\/wp\/v2\/types\/page"}],"author":[{"embeddable":true,"href":"https:\/\/yachtcharter-connection.com\/de\/wp-json\/wp\/v2\/users\/11"}],"replies":[{"embeddable":true,"href":"https:\/\/yachtcharter-connection.com\/de\/wp-json\/wp\/v2\/comments?post=486"}],"version-history":[{"count":5,"href":"https:\/\/yachtcharter-connection.com\/de\/wp-json\/wp\/v2\/pages\/486\/revisions"}],"predecessor-version":[{"id":25520,"href":"https:\/\/yachtcharter-connection.com\/de\/wp-json\/wp\/v2\/pages\/486\/revisions\/25520"}],"up":[{"embeddable":true,"href":"https:\/\/yachtcharter-connection.com\/de\/wp-json\/wp\/v2\/pages\/101"}],"wp:attachment":[{"href":"https:\/\/yachtcharter-connection.com\/de\/wp-json\/wp\/v2\/media?parent=486"}],"curies":[{"name":"wp","href":"https:\/\/api.w.org\/{rel}","templated":true}]}}