{"id":488,"date":"2015-01-30T06:05:53","date_gmt":"2015-01-30T06:05:53","guid":{"rendered":"http:\/\/yachtcharter-connection.com.w01e47c6.kasserver.com\/yachtcharter-saint-lucia\/"},"modified":"2017-07-11T04:49:14","modified_gmt":"2017-07-11T02:49:14","slug":"yachtcharter-saint-lucia","status":"publish","type":"page","link":"https:\/\/yachtcharter-connection.com\/de\/land\/yachtcharter-saint-lucia\/","title":{"rendered":"Saint Lucia"},"content":{"rendered":"<h3>Yachtcharter St. Lucia<\/h3>\n<p><\/p>\n<p><img loading=\"lazy\" class=\"content-image\"  width=\"300\" height=\"191\" src=\"https:\/\/yachtcharter-connection.com\/wp-content\/uploads\/converted_files\/27351\/27351-56222674769a3.jpg\" alt=\"\" \/>Einmal im Jahr ist die Yachtcharter-Destination St. Lucia Treffpunkt der Segel- und Yachtcharter-Szene: Die karibische Insel ist das Ziel der allj\u00e4hrlich stattfindenden Atlantic Rallye for Cruisers und damit das Einfallstor zur karibischen Inselwelt f\u00fcr viele Yachten, die die Yachtcharter-Wintersaison auf den Inseln \u00fcber dem Wind verbringen. Tropischer Regenwald, Schwefelquellen, \u00fcppige Vegetation und gro\u00dfe Plantagen kennzeichnen die bei Yachtcharter-Crews aus aller Welt beliebte Insel St. Lucia &ndash; der mit Gro\u00dfbritannien assoziierter Inselstaat ist herrlich gr\u00fcn. Die Insel ist vulkanischen Ursprung, eines der bekanntesten Foto-Motive der Yachtcharter-Segler sind die Pitons, zwei 700 Meter gro\u00dfe Berge, die optisch den S\u00fcdwesten dominieren und auf dem Yachtcharter-T\u00f6rn schon von weitem erkennbar sind. Die Insulaner des relativ dicht besiedelten Eilands setzen auf Qualit\u00e4tstourismus, sowohl in der Hotellerie als auch im Yachtcharter-Bereich.<\/p>\n<p>\nYachtcharter-Crews kommen oft von Martinique auf dem Weg in den Grenadinen hier vorbei, aber auch auf St. Lucia selbst gibt es mehrere Yachtcharter-St\u00fctzpunkte mit Segelyachten und Katamaranen. Drei f\u00fcr Yachtcharter-Tourismus hervorragend ausgestattete Marinas gibt es auf der Insel: Die <a target=\"_blank\" href=\"~\/Yachtcharter_saint_lucia\/st_lucia.html\">Rodney Bay Marina<\/a> liegt im Norden des Handelshafens der Hauptstadt Castries, die Marina der Marigot Bay an der Westk\u00fcste und Soufri\u00e8re unterhalb der Pitons im S\u00fcdwesten, zwischen Marigot und Vieux Fort. Alle drei Marinas sind auch Port of Entry, hier k\u00f6nnen Yachtcharter-Crew also bequem ein- und ausklarieren.<\/p>\n<p><img loading=\"lazy\" class=\"content-image\"  width=\"300\" height=\"225\" src=\"https:\/\/yachtcharter-connection.com\/wp-content\/uploads\/converted_files\/27351\/27351-5622267756877.jpg\" alt=\"\" \/>Die Hauptstadt Castries bietet in ihrem Hafen nur wenige Liegepl\u00e4tze f\u00fcr Yachtcharter-Crews. Ankern kann man in Vigie Cove, hier treffen sich die Yachtcharter-Crews auch in den Restaurants. Der Landgang zeigt eine Stadt, in der nur noch Reste des alten Kolonialstils erkennbar sind, etwa beim Government House. Malerisch sind die M\u00e4rkte und Markthallen, jede Menge Leben herrscht auch am Hafen: In Port Castries legen mittlerweile viele Kreuzfahrtschiffe an, hier ist gibt es auch ein gro\u00dfes Duty Free-Einkaufszentrum im spanischen Stil.  Yachtcharter-Crews, die sich Zeit f\u00fcr einen Landausflug nehmen, k\u00f6nnen etwa bei einer Plantagen-Tour alte herrschaftliche Anwesen, Zuckerm\u00fchlen und viel Koloniales mehr besichtigen.<\/p>\n<p>Die Marigot Bay ist so malerisch, dass sie schon oft als Traumkulisse f\u00fcr Filme diente &#8211; ein unbedingtes Muss auf einem Yachtcharter-T\u00f6rn in St. Lucia. Eingerahmt von tropischem Gr\u00fcn und Mangroven k\u00f6nnen Yachtcharter-Crews hier ankern oder direkt in der Marina festmachen. Restaurants, Bars und alle Versorgungsm\u00f6glichkeiten sind selbstverst\u00e4ndlich vorhanden, aber auch touristische Infrastruktur zum Buchen von Mietwagen oder Jeeptouren. Zum Schwimmen bietet sich f\u00fcr Yachtcharter-Crews ein Tagesankerplatz zweieinhalb Meilen weiter s\u00fcdlich in der Anse Cochon an, mit klaren Wasser und bunter Unterwasserwelt f\u00fcr Schnorchler im Uferbereich.<\/p>\n<p><img loading=\"lazy\" class=\"content-image\"  width=\"300\" height=\"225\" src=\"https:\/\/yachtcharter-connection.com\/wp-content\/uploads\/converted_files\/27351\/27351-56222678f1061.jpg\" alt=\"\" \/>Sch\u00f6ne Tauchrevier finden Yachtcharter-Segler auch auf dem Weg weiter nach S\u00fcden, dazu pittoreske traditionelle Fischerd\u00f6rfchen wie etwa in der Anse La Raye oder in Canaries.  Die gro\u00dfe Soufriere Bucht von der Anse Chastanet im Norden bis zu Beaumont Point im S\u00fcden ist Marine-Schutzgebiet. Yachtcharter-Crews machen hier an Mooring-Bojen der Marineschutzorganisation fest, der offizielle Wassertaxi-Service bietet Services beim Festmachen, Schnorcheltrips und Ausfl\u00fcge an. Vor allem das Korallenriff vor der Anse Chastenet lohnt sich f\u00fcr Schnorchler. Besonders sch\u00f6n liegen Yachtcharter-Crews vor Hummingbird im Norden der Bucht mit Blick auf die Pitons. Direkt am Fu\u00df der Gipfel k\u00f6nnen Yachtcharter-Skipper an einer Tonne in der Anse des Pitons festmachen. Die Marina in Soufriere ist ziemlich neu und f\u00fcr Yachtcharter-Crews bestens ausgestattet. Soufriere selbst, mit malerischen M\u00e4rkten und noch einigen Geb\u00e4uden aus der Kolonialzeit ein lohnendes Ziel auf dem Yachtcharter-T\u00f6rn in St. Lucia, ist auch Ausgangspunkt f\u00fcr Touren zum &bdquo;Drive-In&ldquo;-Vulkan, zu den Diamond-Wasserf\u00e4llen, zum Botanischen Garten und zu den Schwefelquellen.<\/p>\n<p>Zwischen Beaumont Point (Gros Piton Point) und Vieux Forts gibt es an der S\u00fcdwestk\u00fcste St. Lucias kaum gute Ankerpl\u00e4tze, erst in der Vieux Fort Bay lohnt sich f\u00fcr Yachtcharter-Crews wieder ein Stopp oder in der vor der \u00f6stlichen S\u00fcdspitze gelegenen Point Sable Bay, mit einem Naturschutzgebiet mit seltenen Tieren auf Maria Island. Zum Shoppen oder gut essen gehen k\u00f6nnen Yachtcharter-Crews mit dem Dinghy im Hafen von Vieux Fort an der Pier oder auch direkt in der Stadt anlegen.<\/p>\n<p><strong>Yachtcharter St. Lucia &#8211; L\u00e4nderinformationen:<\/strong><\/p>\n<p>St. Lucia ist Mitglied des Commonwealth.<br \/>\nSprache: Englisch &#8211; Umgangssprache: Patois<br \/>\nHauptstadt: Castries<br \/>\nW\u00e4hrung: East Caribbean Dollar \/ Ostkaribischer Dollar (XCD) &#8211; oder kurz EC$<br \/>\nZeitzone: Atlantic Standard Time UTC \/ GMT &#8211; 4 Stunden, MEZ &#8211; 5 Stunden &#8211; <br \/>\nkeine Sommerzeit<br \/>\nStromspannung: 220 V \/ 50 kHz &#8211; Adapter notwendig<\/p>\n<p>Die wichtigsten Flugh\u00e4fen f\u00fcr Yachtcharter-Crews:<br \/>\n&#8211; St. Lucia Castries &#8211; SLU<br \/>\n&#8211; St. Lucia Vieux Fort (Hewanorra) &#8211; UVF<\/p>\n<p><strong>Nautische Literatur f\u00fcr Yachtcharter-Skipper:<\/strong><br \/>\nBernhard Bartholmes &#8211; Segeln in der Karibik 1 (Martinique bis Grenada) &#8211; nautischer Reisef\u00fchrer<\/p>\n<table  class=\"RegionsAndSubregions\" cellspacing=\"0\" border=\"0\" style=\"border-collapse:collapse;\">\n<tbody>\n<tr>\n<td>\n<div class=\"SubregionRepeaterTitle\">\n<h2><a href=\"https:\/\/yachtcharter-connection.com\/yachtcharter-leewards-and-windwards\"> Leewards and Windwards <\/h2>\n<\/div>\n<div class=\"SmallLinks\">\n<ul>\n<li><a class=\"SmallLinks\" href=\"https:\/\/yachtcharter-connection.com\/st-lucia-669\" title=\"\"> St. Lucia <\/a><\/li>\n<\/ul>\n<\/div>\n<\/td>\n<\/tr>\n<\/tbody>\n<\/table>\n","protected":false},"excerpt":{"rendered":"<p>Yachtcharter St. Lucia Einmal im Jahr ist die Yachtcharter-Destination St. Lucia Treffpunkt der Segel- und Yachtcharter-Szene: Die karibische Insel ist das Ziel der allj\u00e4hrlich stattfindenden Atlantic Rallye for Cruisers und damit das Einfallstor zur karibischen Inselwelt f\u00fcr viele Yachten, die die Yachtcharter-Wintersaison auf den Inseln \u00fcber dem Wind verbringen. Tropischer<\/p>\n","protected":false},"author":11,"featured_media":0,"parent":101,"menu_order":0,"comment_status":"open","ping_status":"open","template":"","meta":[],"aioseo_notices":[],"_links":{"self":[{"href":"https:\/\/yachtcharter-connection.com\/de\/wp-json\/wp\/v2\/pages\/488"}],"collection":[{"href":"https:\/\/yachtcharter-connection.com\/de\/wp-json\/wp\/v2\/pages"}],"about":[{"href":"https:\/\/yachtcharter-connection.com\/de\/wp-json\/wp\/v2\/types\/page"}],"author":[{"embeddable":true,"href":"https:\/\/yachtcharter-connection.com\/de\/wp-json\/wp\/v2\/users\/11"}],"replies":[{"embeddable":true,"href":"https:\/\/yachtcharter-connection.com\/de\/wp-json\/wp\/v2\/comments?post=488"}],"version-history":[{"count":1,"href":"https:\/\/yachtcharter-connection.com\/de\/wp-json\/wp\/v2\/pages\/488\/revisions"}],"predecessor-version":[{"id":12382,"href":"https:\/\/yachtcharter-connection.com\/de\/wp-json\/wp\/v2\/pages\/488\/revisions\/12382"}],"up":[{"embeddable":true,"href":"https:\/\/yachtcharter-connection.com\/de\/wp-json\/wp\/v2\/pages\/101"}],"wp:attachment":[{"href":"https:\/\/yachtcharter-connection.com\/de\/wp-json\/wp\/v2\/media?parent=488"}],"curies":[{"name":"wp","href":"https:\/\/api.w.org\/{rel}","templated":true}]}}