{"id":489,"date":"2014-12-22T05:33:00","date_gmt":"2014-12-22T05:33:00","guid":{"rendered":"http:\/\/yachtcharter-connection.com.w01e47c6.kasserver.com\/yachtcharter-%c3%a4gypten\/"},"modified":"2016-10-29T18:54:08","modified_gmt":"2016-10-29T16:54:08","slug":"yachtcharter-aegypten","status":"publish","type":"page","link":"https:\/\/yachtcharter-connection.com\/de\/land\/yachtcharter-aegypten\/","title":{"rendered":"\u00c4gypten"},"content":{"rendered":"<h3>Yachtcharter \u00c4gypten<\/h3>\n<p>\n<img loading=\"lazy\" class=\"content-image\"  width=\"300\" height=\"194\" alt=\"\" src=\"https:\/\/yachtcharter-connection.com\/wp-content\/uploads\/converted_files\/27454\/27454-5622267a84bc0.jpg\" \/>\u00c4gypten ist bisher mehr als Urlaubsziel f\u00fcr Taucher und Kulturliebhaber bekannt &#8211; echten Yachtcharter-Tourismus gibt es hier kaum. Mit der Entwicklung und dem Bau mehrerer neuer Ferien-Resorts am Roten Meer, die auch \u00fcber moderne Yachth\u00e4fen verf\u00fcgen bzw. verf\u00fcgen werden, kann sich dies schnell \u00e4ndern. Yachth\u00e4fen gibt es unter anderem in Hurghada und El Gouna (Abu Tig Marina), bei Marsa Alam k\u00f6nnte Port Ghalib zur neuen Charter-Destination werden. Gerade als Winterziel ist \u00c4gypten interessant: warm, wettersicher &#8211; und von Europa aus schnell erreichbar.<\/p>\n<p>Neben einem Segelkatamaran in El Gouna bieten wir Motoryachten zum Tauchen und Cruisen an. Wer den Nil und die Sehensw\u00fcrdigkeiten am Nilufer mit einer privaten Charter erkunden m\u00f6chte, kann Yachten mit 4, 6 oder 8 Kabinen mit Besatzung chartern.<\/p>\n<p><strong>Yachtcharter \u00c4gypten &#8211; L\u00e4nderinformationen:<\/strong><\/p>\n<p>Amtssprache: Arabisch, Englisch in Touristengebieten<br \/>\nHauptstadt: Kairo<\/p>\n<p>W\u00e4hrung: \u00c4gyptisches Pfund (EGP)<\/p>\n<p>Uhrzeit: Eastern European Time UTC \/ GMT + 2 Stunden, MEZ + 1 Stunde <br \/>\nim Sommer Sommerzeit<\/p>\n<p>Netzspannung: 220 V \/ 50 kHz<\/p>\n<p>Die wichtigsten Flugh\u00e4fen: <br \/>\n&#8211; Kairo &#8211; CAI<br \/>\n&#8211; Hurghada &#8211; HRG<br \/>\n&#8211; Marsa Alam &#8211; RMF<br \/>\n&#8211; Sharm el Sheikh &#8211; SSH<br \/>\n&#8211; Luxor &#8211; LXR<\/p>\n<table  class=\"RegionsAndSubregions\" cellspacing=\"0\" border=\"0\" style=\"border-collapse:collapse;\">\n<tbody>\n<tr>\n<td>\n<div class=\"SubregionRepeaterTitle\">\n<h2><a href=\"https:\/\/yachtcharter-connection.com\/yachtcharter-rotes-meer-nord\"> Rotes Meer \/ Nord <\/h2>\n<\/div>\n<div class=\"SmallLinks\">\n<ul>\n<li><a class=\"SmallLinks\" href=\"https:\/\/yachtcharter-connection.com\/el-gouna-abu-tig-marina-641\" title=\"\"> El Gouna \/ Abu Tig Marina <\/a><\/li>\n<\/ul>\n<\/div>\n<\/td>\n<\/tr>\n<\/tbody>\n<\/table>\n","protected":false},"excerpt":{"rendered":"<p>Yachtcharter \u00c4gypten \u00c4gypten ist bisher mehr als Urlaubsziel f\u00fcr Taucher und Kulturliebhaber bekannt &#8211; echten Yachtcharter-Tourismus gibt es hier kaum. Mit der Entwicklung und dem Bau mehrerer neuer Ferien-Resorts am Roten Meer, die auch \u00fcber moderne Yachth\u00e4fen verf\u00fcgen bzw. verf\u00fcgen werden, kann sich dies schnell \u00e4ndern. Yachth\u00e4fen gibt es unter<\/p>\n","protected":false},"author":11,"featured_media":0,"parent":101,"menu_order":0,"comment_status":"open","ping_status":"open","template":"","meta":[],"aioseo_notices":[],"_links":{"self":[{"href":"https:\/\/yachtcharter-connection.com\/de\/wp-json\/wp\/v2\/pages\/489"}],"collection":[{"href":"https:\/\/yachtcharter-connection.com\/de\/wp-json\/wp\/v2\/pages"}],"about":[{"href":"https:\/\/yachtcharter-connection.com\/de\/wp-json\/wp\/v2\/types\/page"}],"author":[{"embeddable":true,"href":"https:\/\/yachtcharter-connection.com\/de\/wp-json\/wp\/v2\/users\/11"}],"replies":[{"embeddable":true,"href":"https:\/\/yachtcharter-connection.com\/de\/wp-json\/wp\/v2\/comments?post=489"}],"version-history":[{"count":1,"href":"https:\/\/yachtcharter-connection.com\/de\/wp-json\/wp\/v2\/pages\/489\/revisions"}],"predecessor-version":[{"id":12298,"href":"https:\/\/yachtcharter-connection.com\/de\/wp-json\/wp\/v2\/pages\/489\/revisions\/12298"}],"up":[{"embeddable":true,"href":"https:\/\/yachtcharter-connection.com\/de\/wp-json\/wp\/v2\/pages\/101"}],"wp:attachment":[{"href":"https:\/\/yachtcharter-connection.com\/de\/wp-json\/wp\/v2\/media?parent=489"}],"curies":[{"name":"wp","href":"https:\/\/api.w.org\/{rel}","templated":true}]}}