{"id":490,"date":"2013-10-26T05:32:15","date_gmt":"2013-10-26T05:32:15","guid":{"rendered":"http:\/\/yachtcharter-connection.com.w01e47c6.kasserver.com\/yachtcharter-antigua\/"},"modified":"2017-10-30T09:58:52","modified_gmt":"2017-10-30T07:58:52","slug":"yachtcharter-antigua","status":"publish","type":"page","link":"https:\/\/yachtcharter-connection.com\/de\/land\/yachtcharter-antigua\/","title":{"rendered":"Antigua"},"content":{"rendered":"<h1><strong>Yachtcharter Antigua<\/strong><\/h1>\n<p><a href=\"https:\/\/yachtcharter-connection.com\/wp-content\/uploads\/2014\/06\/Antigua-yacht-charters.jpg\"><img loading=\"lazy\" class=\"alignleft wp-image-25527 size-full\" src=\"https:\/\/yachtcharter-connection.com\/wp-content\/uploads\/2014\/06\/Antigua-yacht-charters.jpg\" alt=\"Yachtcharter Antigua\" width=\"500\" height=\"375\" srcset=\"https:\/\/yachtcharter-connection.com\/wp-content\/uploads\/2014\/06\/Antigua-yacht-charters.jpg 500w, https:\/\/yachtcharter-connection.com\/wp-content\/uploads\/2014\/06\/Antigua-yacht-charters-300x225.jpg 300w\" sizes=\"(max-width: 500px) 100vw, 500px\" \/><\/a>365 goldene Sandstr\u00e4nde s\u00e4umen die K\u00fcste der Yachtcharter-Destination Antigua, f\u00fcr jeden Tag des Jahres einen. Und einmal im Jahr sind zumindest einige Str\u00e4nde und H\u00e4fen brechend voll mit Seglern \u2013 mit der Antigua Classic Yacht Regatta und der Antigua Sailing Week feiern im Fr\u00fchjahr Regattafans hier ihr karibisches Saison-Finale. Das hei\u00dft: spannende Rennen, nicht nur mit Profis, sondern auch mit vielen Yachtcharter Antigua-Crews, jede Menge Party, und ganz viel Mount Gay-Rum und Wadadli-Bier.<\/p>\n<p>Die Insel Antigua im \u00e4u\u00dferen Bogen der Kleinen Antillen ist mit etwa 12 Seemeilen Ausdehnung in Ost-West-Richtung und 10 in Nord-S\u00fcd-Richtung nicht gerade riesig, aber schon allein f\u00fcr sich ein spannendes Yachtcharter-Revier. Im Norden ist die Landschaft eher flach, im S\u00fcden, wo es auch noch Regenwald gibt, bergiger \u2013 und das trockene Klima verspricht fast ganzj\u00e4hrig Segelvergn\u00fcgen vom Feinsten. \u00dcber 300 Jahre war Antigua britisch, die Franzosen herrschten nur 1666 kurz f\u00fcr elf Monate. Gem\u00e4\u00df britischer Tradition spielt man hier nat\u00fcrlich Rugby, Cricket und Golf, neben Tee Time ist auch die Tea Time kein Fremdwort. Hauptstadt ist St. John\u2019s, der Flughafen hei\u00dft V.C. Bird Airport und ist direkt mit Condor oder via London gut erreichbar. St. John\u2019s hat einen Hafen, der in erster Linie f\u00fcr Frachtverkehr und Kreuzfahrt-Touristen interessant ist \u2013 f\u00fcr Yachtcharter-Segler spielt er eher keine Rolle, die US-Navy hatte hier im Zweiten Weltkrieg einen St\u00fctzpunkt.<\/p>\n<p>&nbsp;<\/p>\n<h3><strong>Yachtcharter Antigua &#8211; voller maritimer Geschichte, faszinierend mit Buchten, Str\u00e4nden und Karibik-Feeling<\/strong><\/h3>\n<p>&nbsp;<\/p>\n<p><a href=\"https:\/\/yachtcharter-connection.com\/wp-content\/uploads\/2014\/06\/Antigua-luxury-yachts500.jpg\"><img loading=\"lazy\" class=\"alignleft size-full wp-image-25528\" src=\"https:\/\/yachtcharter-connection.com\/wp-content\/uploads\/2014\/06\/Antigua-luxury-yachts500.jpg\" alt=\"Antigua Luxusyacht-Charter\" width=\"500\" height=\"375\" srcset=\"https:\/\/yachtcharter-connection.com\/wp-content\/uploads\/2014\/06\/Antigua-luxury-yachts500.jpg 500w, https:\/\/yachtcharter-connection.com\/wp-content\/uploads\/2014\/06\/Antigua-luxury-yachts500-300x225.jpg 300w\" sizes=\"(max-width: 500px) 100vw, 500px\" \/><\/a>F\u00fcr Yachtcharter Antigua-Crews am spannendsten ist die Geschichte der Insel Antigua, die sich eher dem gehobenen Tourismus verschrieben hat, im S\u00fcden bei English Harbour: In diesem nat\u00fcrlichen Hurrican Hole, einem der sch\u00f6nsten Naturh\u00e4fen der Karibik, hatten die Briten ihren Flottenst\u00fctzpunkt aufgebaut, hier \u00fcbernahm der sp\u00e4tere Admiral Nelson das Kommando \u00fcber die Leeward Island Flotte. In der Mitte des vorigen Jahrhunderts begann die Familie Nicholson, die eigentlich nur einen Zwischenstop auf der Seereise von England nach Neuseeland einlegen wollte, die alten Offiziersgeb\u00e4ude wieder aufzubauen und den gesamten Komplex zu restaurieren: Das Admirals Inn in gediegenem britischen Stil wurde 1960 er\u00f6ffnet und ist noch heute Schauplatz des festlichen Balls zur Sailing Week. English Harbour ist heute eines der wesentlichen Zentren des karibischen Segelsports, St\u00fctzpunkt vieler Segler, die hier auch eine hervorragende Werft-Infrastruktur vorfinden.<\/p>\n<p>In Nelson\u2019s Dockyard wird wie im Mittelmeer r\u00f6misch-katholisch mit dem Heck zur Pier festgemacht \u2013 wenn der Hafen zu voll ist, k\u00f6nnen Yachtcharter-Crews gut davor in der Freeman Bay ankern. Direkt neben English Harbour liegt Falmouth Harbour, eine gro\u00dfe Bucht, in der man ebenfalls sch\u00f6n ankern kann, aber auf einige Untiefen achten muss \u2013 hier sind auch der Antigua Yacht Club und die kleine aber feine Catamaran Marina beheimatet. Den besten Blick auf beide Hafenbuchten hat man von oben: Sonntags ist ein Besuch auf dem H\u00fcgel Shirley Heights Tradition bei Seglern und Einheimischen \u2013 hier gibt es Steelband Music live, Barbecue und den Sundowner mit einem der sch\u00f6nsten Ausblicke der Karibik.<\/p>\n<p>Auf der Westseite Antiguas haben Yachtcharter-Crews zwei Lieblingspl\u00e4tze: Jolly Harbour, \u00e4hnlich angelegt wie Port Grimaud mit Ankerpl\u00e4tzen vor kleinen H\u00e4usern, exklusivem Golfclub, bestens ausgestatteter Marina, Yachtcharter-St\u00fctzpunkt und einem langen Strand direkt daneben \u2013 und die Dickenson Bay, eine unendlich lange Beach mit guten Hotels, Kneipen und viel Platz, ideal f\u00fcr eine ausgiebige Strandwanderung. Die Dickenson Bay ist bestens zum Ankern geeignet &#8211; w\u00e4hrend der Antigua Sailing Week liegen hier hunderte von Yachten, die Crews pendeln bequem per Wassertaxi an den Strand.<\/p>\n<p>\u00d6stlich von English Harbour liegen Yachtcharter Antigua-Crews v\u00f6llig gesch\u00fctzt in der Mamora Bay vor Anker, ein herrlicher Spot f\u00fcr eine Nacht oder einen faulen Bord- und Schwimmtag. Allen Komfort gibt es auf Wunsch aber auch &#8211; in der Anlage des exklusiven St. James Yacht Club mit eigener Marina.<\/p>\n<p>H\u00f6chst anspruchsvoll bis gef\u00e4hrlich ist das K\u00fcstenrevier von Nordwesten mit der Diamond Bank bis zum Man of War Point im Osten \u2013 rund 20 Seemeilen voller Inselchen und Korallenriffs. Die Ostk\u00fcste Antiguas ist wild romanisch, wie oft in der Karibik auf der Insel-Luvseite aber eben auch atlantisch-rauh. Im Parham Sound und North Sound allerdings sind ruhige Ankerpl\u00e4tze an der Leeseite der vorgelagerten Inseln Maid Island und Long Island, gute Versorgungsm\u00f6glichkeiten f\u00fcr Yachtcharter Antigua-Crews gibt es in der Crabb Marina im s\u00fcdlichen Teil des North Sound. Im S\u00fcdosten \u2013 auch hier ist die K\u00fcste Antigzas mit Inseln und Riffs stark gegliedert \u2013 bietet die Nonsuch Bay Schutz. Exzellente Schnorchelpl\u00e4tze bietet die Willoughby Bay mit dem Horse Shoe Riff.<\/p>\n<p>Antigua bildet zusammen mit der n\u00f6rdlich gelegenen Insel Barbuda einen eigenen Staat. Barbuda ist eine flache Kalkinsel, die fast komplett von Riffs umgeben ist. Der sicherste Ansteuerungspunkt ist die Cocoa Bay im S\u00fcdwesten \u2013 Yachtcharter-Crews, die hierher segeln, werden mit einem wei\u00dfen Postkartenstrand belohnt. Auf Barbuda gibt es nur wenig Hotelanlagen \u2013 die Insel steht unter Naturschutz und ist vor allem f\u00fcr ihre vielf\u00e4ltige Vogelwelt bekannt.<\/p>\n<p>&nbsp;<\/p>\n<h2><strong>Charteryachten Antigua:<\/strong><\/h2>\n<p><strong>Es gibt wichtige Yachtcharter-Flotten mit Segelyachten und Katamaranen f\u00fcr Bareboat-Charter in Antigua, die nicht in unserem Yachtfinder gelistet sind &#8211; bitte fragen Sie nach Angeboten. Und nat\u00fcrlich senden wir Ihnen gerne auch Angebote f\u00fcr\u00a0 die sch\u00f6nsten Luxus-Charteryachten mit Crew in dieser Region zu.<\/strong><\/p>\n<h2><strong>Luxusyacht-Charter Antigua:<\/strong><\/h2>\n<p><strong>Antigua ist eine \u00e4usserst beliebte Destination f\u00fcr Luxusyacht-Charter und Charter auf Luxuskatamaranen mit Crew. Hier finden Sie mehr<a href=\"https:\/\/yachtcharter-connection.com\/de\/luxus-charteryachten\/\" target=\"_blank\"> Informationen \u00fcber Luxusyacht-Charter. <\/a>Wir organisieren gerne Ihren Luxusyacht-Charterurlaub in Antigua \u2013 bitte fragen Sie nach Angeboten!<\/strong><\/p>\n<p>&nbsp;<\/p>\n<h3>Yachtcharter Antigua &amp; Barbuda &#8211; L\u00e4nderinformationen f\u00fcr Yachtcharter Crews:<\/h3>\n<p>Amtssprache: Englisch &#8211; Umgangssprache auch kreolisch<br \/>\nHauptstadt: Saint John&#8217;s<\/p>\n<p>W\u00e4hrung: East Caribbean Dollar (XCD)<\/p>\n<p>Uhrzeit: MEZ &#8211; -5 Stunden &#8211; UTC\/GMT &#8211; 4 Stunden<br \/>\nNetzspannung: 220 und 110 V &#8211; Adapter (amerikanische Stecker) sinnvoll<\/p>\n<p>Die wichtigsten Flugh\u00e4fen f\u00fcr Yachtcharter-Crews in Antigua:<\/p>\n<p>Antigua V.C. Bird &#8211; ANU<\/p>\n<p><b>Es gibt mehrere Yachtcharter-St\u00fctzpunkte in Antigua &#8211; wenn Sie auf der Suche nach Ihrer Charteryacht nicht f\u00fcndig werden, fragen Sie uns!<\/b><\/p>\n<table class=\"RegionsAndSubregions\" style=\"border-collapse: collapse;\" border=\"0\" cellspacing=\"0\">\n<tbody>\n<tr>\n<td>\n<div class=\"SubregionRepeaterTitle\">\n<h2><a href=\"https:\/\/yachtcharter-connection.com\/yachtcharter-leewards-and-windwards\"> Leewards and Windwards <\/a><\/h2>\n<\/div>\n<div class=\"SmallLinks\">\n<ul>\n<li><a class=\"SmallLinks\" title=\"\" href=\"https:\/\/yachtcharter-connection.com\/antigua-485\"> Antigua <\/a><\/li>\n<\/ul>\n<\/div>\n<\/td>\n<\/tr>\n<\/tbody>\n<\/table>\n","protected":false},"excerpt":{"rendered":"<p>Yachtcharter Antigua 365 goldene Sandstr\u00e4nde s\u00e4umen die K\u00fcste der Yachtcharter-Destination Antigua, f\u00fcr jeden Tag des Jahres einen. Und einmal im Jahr sind zumindest einige Str\u00e4nde und H\u00e4fen brechend voll mit Seglern \u2013 mit der Antigua Classic Yacht Regatta und der Antigua Sailing Week feiern im Fr\u00fchjahr Regattafans hier ihr karibisches<\/p>\n","protected":false},"author":11,"featured_media":0,"parent":101,"menu_order":0,"comment_status":"open","ping_status":"open","template":"","meta":[],"aioseo_notices":[],"_links":{"self":[{"href":"https:\/\/yachtcharter-connection.com\/de\/wp-json\/wp\/v2\/pages\/490"}],"collection":[{"href":"https:\/\/yachtcharter-connection.com\/de\/wp-json\/wp\/v2\/pages"}],"about":[{"href":"https:\/\/yachtcharter-connection.com\/de\/wp-json\/wp\/v2\/types\/page"}],"author":[{"embeddable":true,"href":"https:\/\/yachtcharter-connection.com\/de\/wp-json\/wp\/v2\/users\/11"}],"replies":[{"embeddable":true,"href":"https:\/\/yachtcharter-connection.com\/de\/wp-json\/wp\/v2\/comments?post=490"}],"version-history":[{"count":6,"href":"https:\/\/yachtcharter-connection.com\/de\/wp-json\/wp\/v2\/pages\/490\/revisions"}],"predecessor-version":[{"id":25530,"href":"https:\/\/yachtcharter-connection.com\/de\/wp-json\/wp\/v2\/pages\/490\/revisions\/25530"}],"up":[{"embeddable":true,"href":"https:\/\/yachtcharter-connection.com\/de\/wp-json\/wp\/v2\/pages\/101"}],"wp:attachment":[{"href":"https:\/\/yachtcharter-connection.com\/de\/wp-json\/wp\/v2\/media?parent=490"}],"curies":[{"name":"wp","href":"https:\/\/api.w.org\/{rel}","templated":true}]}}