{"id":531,"date":"2015-08-10T05:53:34","date_gmt":"2015-08-10T05:53:34","guid":{"rendered":"http:\/\/yachtcharter-connection.com.w01e47c6.kasserver.com\/karibik\/"},"modified":"2025-10-10T10:14:26","modified_gmt":"2025-10-10T08:14:26","slug":"karibik","status":"publish","type":"page","link":"https:\/\/yachtcharter-connection.com\/de\/regionen\/karibik\/","title":{"rendered":"Karibik"},"content":{"rendered":"<h1><strong>Yachtcharter Karibik<\/strong><\/h1>\n<p style=\"text-align: center;\">\n<span style=\"color: #ff0000;\">Hinweis: Bitte etwas Geduld, die Ladezeit der Charterangebote dauern evtl. einen kleinen Moment.<\/span><\/p>\n<p><iframe loading=\"lazy\" width=\"100%\" height=\"1000\" frameborder=\"0\" scrolling=\"auto\" src=\"https:\/\/www.booking-manager.com\/wbm2\/page.html?companyid=662&amp;setlang=de&amp;bm_view=SearchResult&amp;filter_flexibility=in_year&amp;sortBy=11&amp;sortDirection=-1&amp;filter_region=28\"><\/iframe><\/p>\n<p>&nbsp;<\/p>\n<p><img loading=\"lazy\" class=\"content-image\" src=\"https:\/\/yachtcharter-connection.com\/wp-content\/uploads\/converted_files\/18989\/18989-5624a15876ff6.jpg\" alt=\"Karibik - Grenadinen-Mayreau-Salt Whistle Bay\" width=\"501\" height=\"322\" \/>Yachtcharter Karibik &#8211; das Segel- und Yachtcharter-Revier par excellence ist eines der ersten wirklichen Yachtcharter-Reviere \u00fcberhaupt und auch bei Motor-Yachtcharter-Freunden \u00fcberhaus beliebt. Die \u201eWest Indies\u201c oder Westindischen Inseln, wie Entdecker Columbus sie bei der Eroberung dieses Yachtcharter-Paradieses getauft hatte, umfassen zusammen ein riesiges Gebiet \u2013 dazu geh\u00f6ren die <a href=\"https:\/\/yachtcharter-connection.com\/de\/land\/yachtcharter-bahamas\/\" target=\"_blank\" rel=\"noopener\"><u>Bahamas<\/u><\/a>, die noch im Atlantik und nicht im karibischen Meer liegen, die Gro\u00dfen und die Kleinen Antillen, Barbados, Trinidad und Tobago sowie die Turks and Caicos. Der Bogen, den die bei Yachtcharter-Crews so beliebten Inseln vom Golf von Mexiko bis fast nach Venezuela spannen, ist \u00fcber 2000 Seemeilen lang.<br \/>\n<strong><br \/>\nYachtcharter Karibik &#8211; \u00dcberblick \u00fcber die unterschiedlichen Yachtcharter-Reviere<\/strong><\/p>\n<p>Unter den Gro\u00dfen Antillen gilt derzeit nur <a href=\"https:\/\/yachtcharter-connection.com\/de\/land\/yachtcharter-kuba\/\" target=\"_blank\" rel=\"noopener\"><u>Kuba<\/u><\/a> mit zahlreichen vorgelagerten Cayos als Yachtcharter-Destination. Yachtcharter-Basis ist Cienfuegos im S\u00fcden der Insel. Die Dominikanische Republik und Jamaica k\u00f6nnten aber langfristig als Yachtcharter-Ziele in der Karibik dazukommen, Puerto Rico dient f\u00fcr Yachtcharter-Segler eher noch als Sprungbrett zu den Jungferninseln, die sich aufteilen in US Virgins, Spanisch Virgins und <a href=\"https:\/\/yachtcharter-connection.com\/de\/land\/yachtcharter-britische-jungferninseln\/\" target=\"_blank\" rel=\"noopener\"><u>British Virgin Islands<\/u><\/a>, wo der Yachtcharter-Tourimus im Prinzip erfunden wurde.<\/p>\n<p><a href=\"https:\/\/yachtcharter-connection.com\/wp-content\/uploads\/2024\/06\/0041-1.jpg\"><img loading=\"lazy\" class=\"alignnone size-medium wp-image-31053\" src=\"https:\/\/yachtcharter-connection.com\/wp-content\/uploads\/2024\/06\/0041-1-300x225.jpg\" alt=\"\" width=\"300\" height=\"225\" srcset=\"https:\/\/yachtcharter-connection.com\/wp-content\/uploads\/2024\/06\/0041-1-300x225.jpg 300w, https:\/\/yachtcharter-connection.com\/wp-content\/uploads\/2024\/06\/0041-1.jpg 640w\" sizes=\"(max-width: 300px) 100vw, 300px\" \/><\/a>Das Yachtcharter-Revier Virgin Island mit den BVI als eines der wichtigsten Reviere f\u00fcr Bareboat Charter und Luxus-Charteryachten, und den US Virgin Islands mit \u00fcberwiegend Charteryachten mit Crew,\u00a0 ist bereits die n\u00f6rdlichsten Region der Kleinen Antillen, die wie an einer Perlenschnur aufgereiht gr\u00fcn im t\u00fcrkisblauen karibischen Meer funkeln \u2013 weiter s\u00fcdlich teilt sich das\u00a0 Yachtcharter-Revier <a href=\"https:\/\/yachtcharter-connection.com\/de\/regionen\/karibik\/yachtcharter-leewards-and-windwards\/\" target=\"_blank\" rel=\"noopener\">Leeward Islands &amp; Windward Islands\u00a0\u00a0<\/a> auf in die Leeward Islands im n\u00f6rdlichen und die Windward Islands im\u00a0 s\u00fcdlichen Teil der Karibik.. Das Yachtcharter-Revier Karibik ist in vieler Hinsicht au\u00dferordentlich vielseitig. Zum einen sind die Inseln, wenn auch politisch unabh\u00e4ngig, alle noch vom Einfluss der entsprechenden Kolonialherrschaft gepr\u00e4gt \u2013 das hei\u00dft, britisch, spanisch, franz\u00f6sisch oder niederl\u00e4ndisch sind dann Sprache, Strukturen, Architektur und oft auch die K\u00fcche gepr\u00e4gt, nat\u00fcrlich immer mit entsprechenden karibischen oder afrikanischen Einfl\u00fcssen. Zum anderen haben sie geologisch v\u00f6llig unterschiedliche Strukturen, Vulkaninseln sandige Eilande und Koralleninseln wechseln sich ab. F\u00fcr Landausfl\u00fcge der Yachtcharter-Crews in der Karibik in Richtung Natur pur gibt es, je nach Insel, eine Vielzahl von M\u00f6glichkeiten: tropischer Regenwald, Vulkane, Wasserf\u00e4lle, und Mangrovens\u00fcmpfe. Beste Segelzeit f\u00fcr Yachtcharter-Crews ist in der Karibik allgemein November bis April mit dem best\u00e4ndigen Nordostpassat. Auf den Inseln, die einen Regenwald haben, kommt es regelm\u00e4\u00dfig zu kurzen aber warmen Schauern.<\/p>\n<p>&nbsp;<\/p>\n<h3>Yachtcharter Karibik: Destinationen<\/h3>\n<p>Wenn Sie in unserem gro\u00dfen Online-Yachtcharter-Angebot im Yachtfinder die passende Segelyacht nicht finden oder nach einer Motoryacht oder einer Luxusyacht mit Crew suchen, fragen Sie uns. Detailliertere Beschreibungen der einzelnen Yachtcharter-Reviere der Karibik finden Sie separat im Destinations-Men\u00fc unter <a href=\"https:\/\/yachtcharter-connection.com\/de\/land\/yachtcharter-antigua\/\" target=\"_blank\" rel=\"noopener\"><u>Yachtcharter Antigua<\/u><\/a>, <a href=\"https:\/\/yachtcharter-connection.com\/de\/land\/yachtcharter-britische-jungferninseln\/\" target=\"_blank\" rel=\"noopener\"><u>Yachtcharter British Virgin Islands<\/u><\/a>, <a href=\"https:\/\/yachtcharter-connection.com\/de\/land\/yachtcharter-niederlaendische-antillen\/\" target=\"_blank\" rel=\"noopener\"><u>Yachtcharter St. Martin<\/u><\/a>, <a href=\"https:\/\/yachtcharter-connection.com\/de\/land\/yachtcharter-guadeloupe\/\" target=\"_blank\" rel=\"noopener\"><u>Yachtcharter Guadeloupe<\/u><\/a><u>, <\/u><a href=\"https:\/\/yachtcharter-connection.com\/de\/land\/yachtcharter-martinique\/\" target=\"_blank\" rel=\"noopener\"><u>Yachtcharter Martinique<\/u><\/a>, <a href=\"https:\/\/yachtcharter-connection.com\/de\/land\/yachtcharter-saint-lucia\/\" target=\"_blank\" rel=\"noopener\"><u>Yachtcharter St. Lucia<\/u><\/a>, <u>Yachtcharter S<\/u><a href=\"https:\/\/yachtcharter-connection.com\/de\/land\/yachtcharter-saint-vincent-und-grenadinen\/\" target=\"_blank\" rel=\"noopener\"><u>aint Vincent &amp; The Grenadines<\/u><\/a> und <a href=\"https:\/\/yachtcharter-connection.com\/de\/land\/yachtcharter-grenada\/\" target=\"_blank\" rel=\"noopener\"><u>Yachtcharter Grenada<\/u><\/a> sowie Yachtcharter <a href=\"https:\/\/yachtcharter-connection.com\/de\/land\/yachtcharter-kuba\/\" target=\"_blank\" rel=\"noopener\"><u>Kuba<\/u><\/a>.<\/p>\n<p>&nbsp;<\/p>\n<p><strong>Yachtcharter Karibik &#8211; Navigation<\/strong><\/p>\n<p>Navigatorisch anspruchsvoller beim Yachtcharter-T\u00f6rn in der Karibik sind lediglich die Inseln mit Korallenriffen wie zum Beispiel Barbuda oder die Tobago Cays \u2013 hier ist f\u00fcr die Yachtcharter-Crews \u201eAugapfelnavigation\u201c angesagt: Dunkle Flecken im t\u00fcrkisfarbenen Wasser sind brandgef\u00e4hrlich. Der Passatwind weht meist mit vier bis sechs Beaufort, wird zwischen den hohen Inseln verst\u00e4rkt und bringt dort auch mehr Seegang mit sich. Auf der Leeseite der Inseln, der milden karibischen im Vergleich zur rauen Atlantikseite, weht der Wind meist etwas schw\u00e4cher, allerdings m\u00fcssen Yachtcharter-Skipper mit Cap-Effekten oder Fallwinde rechnen. Beim Navigieren auf dem Yachtcharter-T\u00f6rn spielt die Missweisung mit runden 13 Grad in der Karibik eine gro\u00dfe, der Strom mit maximal 2 Knoten nur eine kleine Rolle. Beim Inselhopping legen die Yachtcharter-Crews oft Distanzen je nach Segelroute von 40 bis 60 Meilen zur\u00fcck, f\u00fcr Fans k\u00fcrzerer Strecken unter den Yachtcharter-Urlaubern bieten sich in der Karibik vor allem die British Virgin Islands als relativ kleines und \u00fcberschaubares Yachtcharter-Revier an. Wichtig beim Ansteuern von Yachtcharter-H\u00e4fen in der Karibik: Bei der Betonnung gilt im Gegensatz zu den europ\u00e4ischen Normen das nordamerikanische System, nach dem beim Einlaufen die rote Tonne an Steuerbord und die gr\u00fcne Tonne an Backbord liegt \u2013 f\u00fcr Yachtcharter-Crews kurz und leicht zu merken mit der Faustregel \u201ered right returning\u201c.<\/p>\n<p><b>Yachtcharter Karibik &#8211; Nautische Literatur:<\/b><br \/>\nSegeln in der Karibik 1: Martinique bis Grenada, mit Tobago \u2013 Bernhard Bartholmes<br \/>\nSegeln in der Karibik 2: Anguilla bis Dominica \u2013 Bernhard Bartholmes<br \/>\nSegeln in der Karibik 3: Virgin Islands \u2013 Bernhard Bartholmes<\/p>\n<p>&nbsp;<\/p>\n<h2><strong>Charteryachten Karibik<\/strong><\/h2>\n<p><strong>Es gibt wichtige Yachtcharter Flotten mit Segelyachte,\u00a0 Katamaranen f\u00fcr Motoryachten f\u00fcr Bareboat-Charter inder Karibik, die nicht in unserem Yachtfinder gelistet sind &#8211; bitte fragen Sie nach Angeboten. Und nat\u00fcrlich senden wir Ihnen gerne auch Angebote f\u00fcr\u00a0 die sch\u00f6nsten Luxus-Charteryachten mit Crew in dieser Region zu.<\/strong><\/p>\n<p><strong>Luxusyacht-Charter Karibik: Virgin Islands, Leeward &amp; Windward Islands, Grenadinen, Kuba<\/strong><\/p>\n<p><strong><a href=\"https:\/\/yachtcharter-connection.com\/wp-content\/uploads\/2015\/08\/Caribbean-Luxury-yachts.jpg\"><img loading=\"lazy\" class=\"alignleft size-full wp-image-25485\" src=\"https:\/\/yachtcharter-connection.com\/wp-content\/uploads\/2015\/08\/Caribbean-Luxury-yachts.jpg\" alt=\"Luxusyacht-Charter Karibik\" width=\"500\" height=\"375\" srcset=\"https:\/\/yachtcharter-connection.com\/wp-content\/uploads\/2015\/08\/Caribbean-Luxury-yachts.jpg 500w, https:\/\/yachtcharter-connection.com\/wp-content\/uploads\/2015\/08\/Caribbean-Luxury-yachts-300x225.jpg 300w\" sizes=\"(max-width: 500px) 100vw, 500px\" \/><\/a>Die Karibik sind eine \u00e4usserst beliebte Destination f\u00fcr Luxusyacht-Charter und Charter auf Luxuskatamaranen mit Crew . Hier finden Sie mehr <span style=\"color: #0000ff;\"><a style=\"color: #0000ff;\" href=\"https:\/\/yachtcharter-connection.com\/de\/luxus-charteryachten\/\" target=\"_blank\" rel=\"noopener\">Informationen \u00fcber Luxusyacht-Charter.<\/a><\/span> Wir organisieren gerne Ihren Luxusyacht-Charterurlaub in der Karibik \u2013 bitte fragen Sie nach Angeboten!<\/strong><\/p>\n<p><strong><a href=\"https:\/\/yachtcharter-connection.com\/de\/luxus-katamarane-mit-crew-karibik\/\">Luxus-Katamarane Karibik<\/a><\/strong><\/p>\n<p><strong><a href=\"https:\/\/yachtcharter-connection.com\/de\/luxurioese-motoryachten-in-der-karibik\/\">Luxuri\u00f6se Motoryachten Karibik<\/a><\/strong><\/p>\n<p>&nbsp;<\/p>\n<table class=\"RegionsAndSubregions\" style=\"border-collapse: collapse;\" border=\"0\" cellspacing=\"0\">\n<tbody>\n<tr>\n<td>\n<div class=\"SubregionRepeaterTitle\">\n<h2>Karibik<\/h2>\n<\/div>\n<div class=\"SmallLinks\">\n<ul>\n<li><a class=\"SmallLinks\" title=\"\" href=\"https:\/\/yachtcharter-connection.com\/de\/land\/yachtcharter-kuba-cayo-largo\"> Kuba &#8211; Cayo Largo <\/a><\/li>\n<li><a class=\"SmallLinks\" title=\"\" href=\"https:\/\/yachtcharter-connection.com\/de\/land\/yachtcharter-leewards-and-windwards\"> Leewards and Windwards <\/a><\/li>\n<li><a class=\"SmallLinks\" title=\"\" href=\"https:\/\/yachtcharter-connection.com\/de\/land\/yachtcharter-zentralamerika\"> Zentralamerika <\/a><\/li>\n<\/ul>\n<\/div>\n<\/td>\n<\/tr>\n<\/tbody>\n<\/table>\n","protected":false},"excerpt":{"rendered":"<p>Yachtcharter Karibik Hinweis: Bitte etwas Geduld, die Ladezeit der Charterangebote dauern evtl. einen kleinen Moment. &nbsp; Yachtcharter Karibik &#8211; das Segel- und Yachtcharter-Revier par excellence ist eines der ersten wirklichen Yachtcharter-Reviere \u00fcberhaupt und auch bei Motor-Yachtcharter-Freunden \u00fcberhaus beliebt. Die \u201eWest Indies\u201c oder Westindischen Inseln, wie Entdecker Columbus sie bei der<\/p>\n","protected":false},"author":11,"featured_media":0,"parent":102,"menu_order":0,"comment_status":"open","ping_status":"open","template":"","meta":[],"aioseo_notices":[],"_links":{"self":[{"href":"https:\/\/yachtcharter-connection.com\/de\/wp-json\/wp\/v2\/pages\/531"}],"collection":[{"href":"https:\/\/yachtcharter-connection.com\/de\/wp-json\/wp\/v2\/pages"}],"about":[{"href":"https:\/\/yachtcharter-connection.com\/de\/wp-json\/wp\/v2\/types\/page"}],"author":[{"embeddable":true,"href":"https:\/\/yachtcharter-connection.com\/de\/wp-json\/wp\/v2\/users\/11"}],"replies":[{"embeddable":true,"href":"https:\/\/yachtcharter-connection.com\/de\/wp-json\/wp\/v2\/comments?post=531"}],"version-history":[{"count":10,"href":"https:\/\/yachtcharter-connection.com\/de\/wp-json\/wp\/v2\/pages\/531\/revisions"}],"predecessor-version":[{"id":31410,"href":"https:\/\/yachtcharter-connection.com\/de\/wp-json\/wp\/v2\/pages\/531\/revisions\/31410"}],"up":[{"embeddable":true,"href":"https:\/\/yachtcharter-connection.com\/de\/wp-json\/wp\/v2\/pages\/102"}],"wp:attachment":[{"href":"https:\/\/yachtcharter-connection.com\/de\/wp-json\/wp\/v2\/media?parent=531"}],"curies":[{"name":"wp","href":"https:\/\/api.w.org\/{rel}","templated":true}]}}