{"id":532,"date":"2015-08-10T05:53:34","date_gmt":"2015-08-10T05:53:34","guid":{"rendered":"http:\/\/yachtcharter-connection.com.w01e47c6.kasserver.com\/mittelmeer\/"},"modified":"2018-11-29T17:44:19","modified_gmt":"2018-11-29T15:44:19","slug":"mittelmeer","status":"publish","type":"page","link":"https:\/\/yachtcharter-connection.com\/de\/regionen\/mittelmeer\/","title":{"rendered":"Mittelmeer"},"content":{"rendered":"<h1><strong>Yachtcharter Mittelmeer<\/strong><\/h1>\n<p><img loading=\"lazy\" class=\"content-image\" src=\"https:\/\/yachtcharter-connection.com\/wp-content\/uploads\/converted_files\/18990\/18990-5624a16ed2644.jpg\" alt=\"Segelrevier Mittelmeer\" width=\"300\" height=\"200\" \/>Vor 2000 Jahren nannten die R\u00f6mer das Mittelmeer &#8220;Mare Nostrum&#8221; &#8211; unser Meer. Heute ist das Mittelmeehr eines der beliebtesten {#keywordl#}-Reviere f\u00fcr Crews aus aller Welt. Hunderte von Yachtcharter-Mittelmeer St\u00fctzpunkten, Tausende von Yachten &#8211; Segelyachten, Motoryachten und Luxusyachten mit kompletter Besatzung &#8211; stehen allen Yachtcharter Mittelmeer-Crews zur Verf\u00fcgung, die ihre Ferien auf dem Wasser verbringen wollen. Sie k\u00f6nnen wundersch\u00f6ne K\u00fcsten und unz\u00e4hlige Inseln erkunden, faszinierende Kulturen und L\u00e4nder, traumhafte Buchten und Str\u00e4nde, malerische D\u00f6rfer und St\u00e4dte &#8211; sie k\u00f6nnen vor Ort auf ihrem Yachtcharter-T\u00f6rn im Mittelmeer freundliche Menschen kennenlernen oder die Stille in einer Ankerbucht genie\u00dfen.<\/p>\n<p><img loading=\"lazy\" class=\"content-image\" src=\"https:\/\/yachtcharter-connection.com\/wp-content\/uploads\/converted_files\/18990\/18990-5624a170374ec.jpg\" alt=\"Charterbasis Mittelmeer\" width=\"300\" height=\"200\" \/>Bei der Planung Ihres Yachtcharter-Urlaubs am Mittelmeer haben Sie die Wahl zwischen sehr vielen Yachtcharter-St\u00fctzpunkten in der <a href=\"https:\/\/yachtcharter-connection.com\/de\/land\/yachtcharter-tuerkei\/\" target=\"_blank\" rel=\"noopener\">T\u00fcrkei<\/a>, in <a href=\"https:\/\/yachtcharter-connection.com\/de\/land\/yachtcharter-griechenland\/\" target=\"_blank\" rel=\"noopener\">Griechenland<\/a>,in der Adria <a href=\"https:\/\/yachtcharter-connection.com\/de\/land\/yachtcharter-kroatien\/\" target=\"_blank\" rel=\"noopener\">Kroatien<\/a>, <a href=\"https:\/\/yachtcharter-connection.com\/de\/land\/yachtcharter-slowenien\/\" target=\"_blank\" rel=\"noopener\">Slowenien<\/a> oder <a href=\"https:\/\/yachtcharter-connection.com\/de\/land\/yachtcharter-montenegro\/\" target=\"_blank\" rel=\"noopener\">Montenegro<\/a>, in <a href=\"https:\/\/yachtcharter-connection.com\/de\/land\/yachtcharter-italien\/\" target=\"_blank\" rel=\"noopener\">Italien<\/a>, <a href=\"https:\/\/yachtcharter-connection.com\/de\/land\/yachtcharter-malta\/\" target=\"_blank\" rel=\"noopener\">Malta<\/a>, <a href=\"https:\/\/yachtcharter-connection.com\/de\/land\/yachtcharter-frankreich\/\" target=\"_blank\" rel=\"noopener\">S\u00fcdfrankreich<\/a> und <a href=\"https:\/\/yachtcharter-connection.com\/de\/land\/yachtcharter-spanien\/\" target=\"_blank\" rel=\"noopener\">Spanien<\/a> an der Festlandsk\u00fcste und auf den <a href=\"https:\/\/yachtcharter-connection.com\/de\/regionen\/mittelmeer\/yachtcharter-balearen-mallorca-menorca-ibiza\/\">Balearen<\/a>. Detail-Informationen \u00fcber die Yachtcharter-Reviere im Mittelmeer finden Sie bei den L\u00e4nderbeschreibungen &#8211; oder suchen Sie Ihr Lieblings-Yachtcharter-Revier im Mittelmeer in den hier aufgelisteten Regionen.<\/p>\n<p><strong><a href=\"https:\/\/yachtcharter-connection.com\/de\/luxurioese-motoryachten-italien-und-frankreich\/\">Motoryachten Italien und Frankreich<\/a><\/strong><\/p>\n<p><a href=\"https:\/\/yachtcharter-connection.com\/de\/luxus-yachtcharter-italien-neapel-sizilien\/\"><strong>Luxus-Yachtcharter Italien<\/strong><\/a><\/p>\n<p><strong><a href=\"https:\/\/yachtcharter-connection.com\/de\/luxus-motoryachten-kroatien\/\">Luxus-Motoryachten Kroatien<\/a><\/strong><\/p>\n<p><strong><a href=\"https:\/\/yachtcharter-connection.com\/de\/luxus-motoryachten-griechenland\/\">Luxus-Motoryachten Griechenland<\/a><\/strong><\/p>\n<p><strong><a href=\"https:\/\/yachtcharter-connection.com\/de\/motorsegler-gulets-griechenland\/\">Motorsegler \/ Gulets Griechenland<\/a><\/strong><\/p>\n<p><strong><a href=\"https:\/\/yachtcharter-connection.com\/de\/motorsegler-gulets-kroatien\/\">Motorsegler \/ Gulets Kroatien<\/a><\/strong><\/p>\n<p><strong><a href=\"https:\/\/yachtcharter-connection.com\/de\/motorsegler-gulets-tuerkei\/\">Motorsegler \/ Gulets T\u00fcrkei<\/a><\/strong><\/p>\n<p><strong><a href=\"https:\/\/yachtcharter-connection.com\/de\/luxurioese-motoryachten-tuerkei\/\">Luxus-Motoryachten T\u00fcrkei<\/a><\/strong><\/p>\n<p>&nbsp;<\/p>\n<table class=\"RegionsAndSubregions\" style=\"border-collapse: collapse;\" border=\"0\" cellspacing=\"0\">\n<tbody>\n<tr>\n<td>\n<div class=\"SubregionRepeaterTitle\">\n<h2>Mittelmeer<\/h2>\n<\/div>\n<div class=\"SmallLinks\">\n<ul>\n<li><a class=\"SmallLinks\" title=\"\" href=\"https:\/\/yachtcharter-connection.com\/yachtcharter-adria-nord\"> Adria \/ Nord <\/a><\/li>\n<li><a class=\"SmallLinks\" title=\"\" href=\"https:\/\/yachtcharter-connection.com\/yachtcharter-adria-s%c3%bcd\"> Adria \/ S\u00fcd <\/a><\/li>\n<li><a class=\"SmallLinks\" title=\"\" href=\"https:\/\/yachtcharter-connection.com\/yachtcharter-%c3%a4g%c3%a4is-dodekanes\"> \u00c4g\u00e4is \/ Dodekanes <\/a><\/li>\n<li><a class=\"SmallLinks\" title=\"\" href=\"https:\/\/yachtcharter-connection.com\/yachtcharter-%c3%a4g%c3%a4is-saronn-golf-kykladen\"> \u00c4g\u00e4is \/ Saronn. Golf &#8211; Kykladen <\/a><\/li>\n<li><a class=\"SmallLinks\" title=\"\" href=\"https:\/\/yachtcharter-connection.com\/yachtcharter-%c3%a4g%c3%a4is-sporaden\"> \u00c4g\u00e4is \/ Sporaden <\/a><\/li>\n<li><a class=\"SmallLinks\" title=\"\" href=\"https:\/\/yachtcharter-connection.com\/yachtcharter-andalusien-costa-del-sol\"> Andalusien \/ Costa del Sol <\/a><\/li>\n<li><a class=\"SmallLinks\" title=\"\" href=\"https:\/\/yachtcharter-connection.com\/yachtcharter-balearen-mallorca-menorca-ibiza\"> Balearen (Mallorca &#8211; Menorca &#8211; Ibiza) <\/a><\/li>\n<li><a class=\"SmallLinks\" title=\"\" href=\"https:\/\/yachtcharter-connection.com\/yachtcharter-cote-dazur-ost\"> C\u00f4te d&#8217;Azur \/ Ost <\/a><\/li>\n<li><a class=\"SmallLinks\" title=\"\" href=\"https:\/\/yachtcharter-connection.com\/yachtcharter-cote-dazur-west\"> C\u00f4te d&#8217;Azur \/ West <\/a><\/li>\n<li><a class=\"SmallLinks\" title=\"\" href=\"https:\/\/yachtcharter-connection.com\/yachtcharter-insel-zypern\"> Insel Zypern <\/a><\/li>\n<li><a class=\"SmallLinks\" title=\"\" href=\"https:\/\/yachtcharter-connection.com\/yachtcharter-ionisches-meer\"> Ionisches Meer <\/a><\/li>\n<li><a class=\"SmallLinks\" title=\"\" href=\"https:\/\/yachtcharter-connection.com\/yachtcharter-italienische-adriak%c3%bcste\"> Italienische Adriak\u00fcste <\/a><\/li>\n<li><a class=\"SmallLinks\" title=\"\" href=\"https:\/\/yachtcharter-connection.com\/yachtcharter-ligurien-korsika-toskana-elba\"> Ligurien &#8211; Korsika &#8211; Toskana &#8211; Elba <\/a><\/li>\n<li><a class=\"SmallLinks\" title=\"\" href=\"https:\/\/yachtcharter-connection.com\/yachtcharter-sardinien\"> Sardinien <\/a><\/li>\n<li><a class=\"SmallLinks\" title=\"\" href=\"https:\/\/yachtcharter-connection.com\/yachtcharter-sizilien-%c3%a4olische-inseln-kalabrien\"> Sizilien &#8211; \u00c4olische Inseln &#8211; Kalabrien <\/a><\/li>\n<li><a class=\"SmallLinks\" title=\"\" href=\"https:\/\/yachtcharter-connection.com\/yachtcharter-spanische-k%c3%bcste\"> Spanische K\u00fcste <\/a><\/li>\n<li><a class=\"SmallLinks\" title=\"\" href=\"https:\/\/yachtcharter-connection.com\/yachtcharter-tunesiche-k%c3%bcste\"> Tunesische K\u00fcste <\/a><\/li>\n<li><a class=\"SmallLinks\" title=\"\" href=\"https:\/\/yachtcharter-connection.com\/yachtcharter-t%c3%bcrkische-k%c3%bcste\"> T\u00fcrkische K\u00fcste <\/a><\/li>\n<li><a class=\"SmallLinks\" title=\"\" href=\"https:\/\/yachtcharter-connection.com\/yachtcharter-tyrrhenisches-meer\"> Tyrrhenisches Meer <\/a><\/li>\n<\/ul>\n<\/div>\n<\/td>\n<\/tr>\n<\/tbody>\n<\/table>\n","protected":false},"excerpt":{"rendered":"<p>Yachtcharter Mittelmeer Vor 2000 Jahren nannten die R\u00f6mer das Mittelmeer &#8220;Mare Nostrum&#8221; &#8211; unser Meer. Heute ist das Mittelmeehr eines der beliebtesten {#keywordl#}-Reviere f\u00fcr Crews aus aller Welt. Hunderte von Yachtcharter-Mittelmeer St\u00fctzpunkten, Tausende von Yachten &#8211; Segelyachten, Motoryachten und Luxusyachten mit kompletter Besatzung &#8211; stehen allen Yachtcharter Mittelmeer-Crews zur Verf\u00fcgung,<\/p>\n","protected":false},"author":11,"featured_media":0,"parent":102,"menu_order":0,"comment_status":"open","ping_status":"open","template":"","meta":[],"aioseo_notices":[],"_links":{"self":[{"href":"https:\/\/yachtcharter-connection.com\/de\/wp-json\/wp\/v2\/pages\/532"}],"collection":[{"href":"https:\/\/yachtcharter-connection.com\/de\/wp-json\/wp\/v2\/pages"}],"about":[{"href":"https:\/\/yachtcharter-connection.com\/de\/wp-json\/wp\/v2\/types\/page"}],"author":[{"embeddable":true,"href":"https:\/\/yachtcharter-connection.com\/de\/wp-json\/wp\/v2\/users\/11"}],"replies":[{"embeddable":true,"href":"https:\/\/yachtcharter-connection.com\/de\/wp-json\/wp\/v2\/comments?post=532"}],"version-history":[{"count":5,"href":"https:\/\/yachtcharter-connection.com\/de\/wp-json\/wp\/v2\/pages\/532\/revisions"}],"predecessor-version":[{"id":26923,"href":"https:\/\/yachtcharter-connection.com\/de\/wp-json\/wp\/v2\/pages\/532\/revisions\/26923"}],"up":[{"embeddable":true,"href":"https:\/\/yachtcharter-connection.com\/de\/wp-json\/wp\/v2\/pages\/102"}],"wp:attachment":[{"href":"https:\/\/yachtcharter-connection.com\/de\/wp-json\/wp\/v2\/media?parent=532"}],"curies":[{"name":"wp","href":"https:\/\/api.w.org\/{rel}","templated":true}]}}