{"id":533,"date":"2015-08-10T05:53:34","date_gmt":"2015-08-10T05:53:34","guid":{"rendered":"http:\/\/yachtcharter-connection.com.w01e47c6.kasserver.com\/atlantik-westafrika\/"},"modified":"2017-07-11T00:24:46","modified_gmt":"2017-07-10T22:24:46","slug":"atlantik-westafrika","status":"publish","type":"page","link":"https:\/\/yachtcharter-connection.com\/de\/regionen\/atlantik-westafrika\/","title":{"rendered":"Atlantik (Westafrika)"},"content":{"rendered":"<h3>Yachtcharter &#8211; Atlantik (Westafrika)<\/h3>\n<p><img loading=\"lazy\" class=\"content-image\"  height=\"226\" width=\"300\" src=\"https:\/\/yachtcharter-connection.com\/wp-content\/uploads\/converted_files\/18991\/18991-5624a17e028e9.jpg\" alt=\"\" \/>Die Segelreviere im Atlantik westlich von Afrika sind v\u00f6llig unterschiedlich &#8211; und sehr interessant f\u00fcr Yachtcharter-Crews die gern l\u00e4ngere Distanzen segeln und auch Starkwind nicht scheuen. Auf den <a href=\"~\/atlantik_westafrika\/Yachtcharter_kanarische_inseln.html\" target=\"_blank\">Kanaren<\/a> gibt es mehrere Yachtcharter-Basen &#8211; hier finden Segler eine perfekte touristische Infrastruktur vor. Der Yachtcharter-Tourismus auf den <a href=\"~\/atlantik_westafrika\/Yachtcharter_kapverdische_inseln.html\" target=\"_blank\">Kapverden<\/a> entwickelt sich erst langsam. Wer gern ganz neue Ziele entdeckt, wird die vielf\u00e4ltige Natur lieben, die von W\u00fcste \u00fcber rote Berge bis zu gr\u00fcnen T\u00e4lern alles zu bieten hat. Auch auf den <a href=\"~\/Yachtcharter_portugal\/azoren_ilha_do_pico.html\" target=\"_blank\">Azoren<\/a> sind Charteryachten verf\u00fcgbar. Wie auch das vierte Archipel in dieser Region, die Blumeninsel Madeira (Foto), sind alle diese Inselgruppen vulkanischen Ursprungs.<\/p>\n<p><\/p>\n<table  class=\"RegionsAndSubregions\" cellspacing=\"0\" border=\"0\" style=\"border-collapse:collapse;\">\n<tbody>\n<tr>\n<td>\n<div class=\"SubregionRepeaterTitle\">\n<h2> Atlantik (Westafrika) <\/h2>\n<\/div>\n<div class=\"SmallLinks\">\n<ul>\n<li><a class=\"SmallLinks\" href=\"https:\/\/yachtcharter-connection.com\/yachtcharter-kanarische-inseln\" title=\"\"> Kanarische Inseln <\/a><\/li>\n<li><a class=\"SmallLinks\" href=\"https:\/\/yachtcharter-connection.com\/yachtcharter-kapverdische-inseln\" title=\"\"> Kapverdische Inseln <\/a><\/li>\n<\/ul>\n<\/div>\n<\/td>\n<\/tr>\n<\/tbody>\n<\/table>\n","protected":false},"excerpt":{"rendered":"<p>Yachtcharter &#8211; Atlantik (Westafrika) Die Segelreviere im Atlantik westlich von Afrika sind v\u00f6llig unterschiedlich &#8211; und sehr interessant f\u00fcr Yachtcharter-Crews die gern l\u00e4ngere Distanzen segeln und auch Starkwind nicht scheuen. Auf den Kanaren gibt es mehrere Yachtcharter-Basen &#8211; hier finden Segler eine perfekte touristische Infrastruktur vor. Der Yachtcharter-Tourismus auf den<\/p>\n","protected":false},"author":11,"featured_media":0,"parent":102,"menu_order":0,"comment_status":"open","ping_status":"open","template":"","meta":[],"aioseo_notices":[],"_links":{"self":[{"href":"https:\/\/yachtcharter-connection.com\/de\/wp-json\/wp\/v2\/pages\/533"}],"collection":[{"href":"https:\/\/yachtcharter-connection.com\/de\/wp-json\/wp\/v2\/pages"}],"about":[{"href":"https:\/\/yachtcharter-connection.com\/de\/wp-json\/wp\/v2\/types\/page"}],"author":[{"embeddable":true,"href":"https:\/\/yachtcharter-connection.com\/de\/wp-json\/wp\/v2\/users\/11"}],"replies":[{"embeddable":true,"href":"https:\/\/yachtcharter-connection.com\/de\/wp-json\/wp\/v2\/comments?post=533"}],"version-history":[{"count":1,"href":"https:\/\/yachtcharter-connection.com\/de\/wp-json\/wp\/v2\/pages\/533\/revisions"}],"predecessor-version":[{"id":12203,"href":"https:\/\/yachtcharter-connection.com\/de\/wp-json\/wp\/v2\/pages\/533\/revisions\/12203"}],"up":[{"embeddable":true,"href":"https:\/\/yachtcharter-connection.com\/de\/wp-json\/wp\/v2\/pages\/102"}],"wp:attachment":[{"href":"https:\/\/yachtcharter-connection.com\/de\/wp-json\/wp\/v2\/media?parent=533"}],"curies":[{"name":"wp","href":"https:\/\/api.w.org\/{rel}","templated":true}]}}