{"id":536,"date":"2015-08-10T05:53:34","date_gmt":"2015-08-10T05:53:34","guid":{"rendered":"http:\/\/yachtcharter-connection.com.w01e47c6.kasserver.com\/ostsee\/"},"modified":"2025-02-25T17:31:58","modified_gmt":"2025-02-25T15:31:58","slug":"ostsee","status":"publish","type":"page","link":"https:\/\/yachtcharter-connection.com\/de\/regionen\/ostsee\/","title":{"rendered":"Ostsee"},"content":{"rendered":"<h3>Yachtcharter Ostsee<\/h3>\n<p>\n<img loading=\"lazy\" class=\"content-image\"  width=\"300\" height=\"225\" alt=\"Yachtcharter Ostsee\" src=\"https:\/\/yachtcharter-connection.com\/wp-content\/uploads\/converted_files\/18994\/18994-5624a18653c1c.jpg\" \/>Die Ostsee ist eines der beliebtesten Yachtcharter-Reviere der Deutschen und der Skandinavier: Seit der \u00d6ffnung des Ostens ist das Yachtcharter-Revier erheblich gewachsen: Ostsee-Yachtcharter-Segler k\u00f6nnen jetzt fast die kompletten \u00fcber 400.000 Quadratkilometer des bis zu 460 Meter tiefen Binnenmeeres erkunden. \u00dcber die d\u00e4nischen Meerengen bzw. das Kattegat ist auch das Skagerarrak erreichbar, \u00dcbergang zur Nordsee bzw. zum Atlantik. Biologisch geh\u00f6rt das Kattegat allerdings schon nicht mehr zum Yachtcharter-Revier Ostsee &ndash; diese ist als Binnenmeer relativ arm an Sauerstoff und Arten und weniger salzig.<\/p>\n<p>Zehn Anrainerstaaten liegen an den Ufern des Yachtcharter-Revieres Ostsee: Deutschland, D\u00e4nemark, Schweden, Finnland, Russland, das Baltikum mit Estland, Lettland und Litauen sowie Polen. Die Flensburger F\u00f6rde mit der Stadt Flensburg markiert den \u00e4u\u00dfersten Wesen des Yachtcharter-Reivers Ostsee,  der n\u00f6rdlichste Punkt liegt am Bottnischen Meerbusen an der schwedisch-finnischen Grenze.  Das russische Sankt Petersburg markiert am Finnischen Meerbusen den \u00f6stlichsten Punkt &ndash; und der s\u00fcdlichste Punkt der Ostsee liegt bei Stettin am Stettiner Haff. <\/p>\n<p>Die meisten  Yachtcharter-Crews \u00fcbernehmen ihre Segelyachten allerdings \u00fcberwiegend an den Yachtcharter-St\u00fctzpunkten in den klassischen Yachtcharter-Regionen: Das gr\u00f6\u00dfte Yachtcharter-Angebot gibt es an der <a href=\"~\/ostsee\/Yachtcharter_deutsche_ostsee.html\">Deutschen Ostsee<\/a>, aber auch an den Yachtcharter-St\u00fctzpunkten in der Region <a href=\"~\/ostsee\/Yachtcharter_ost_schweden_finnland.html\">Ostschweden \/ Finnland<\/a> und <a href=\"https:\/\/yachtcharter-connection.com\/wp-content\/uploads\/converted_files\/18994\/18994-5624a18a84e7a.jpg\">Westschweden<\/a> mit der Yachtcharter-Region Bohuslan stehen jede Menge Charteryachten zur Verf\u00fcgung, einige Yachtcharter-Basen gibt es auch in <a href=\"https:\/\/yachtcharter-connection.com\/wp-content\/uploads\/converted_files\/18994\/18994-5624a18ba1193.jpg\">D\u00e4nemark<\/a>.<\/p>\n<p>Die Yachtcharter-T\u00f6rns in der Ostsee sind allerdings meist sehr international: Yachtcharter-Crews, die in der s\u00fcdlichen Ostsee ihre Segelyacht \u00fcbernehmen, erkunden gern die d\u00e4nische S\u00fcdsee. Von den \u00f6stlicheren Yachtcharter-St\u00fctzpunkten aus lassen sich die K\u00fcsten Polens oder S\u00fcdschwedens bestens erkunden. Viele Yachtcharter-Skipper \u00fcberqueren auch die Grenzen zwischen Finnland und Schweden via Aland.<\/p>\n<p>Auch im Baltikum gibt es Yachtcharter-St\u00fctzpunkte, die Segelyachten f\u00fcr Ostsee-T\u00f6rns anbieten: Die Charterbasis in Estlandliegt in Tallinn &#8211; die K\u00fcste Esltlands ist etwa 250 Seemeilen lang &#8211; vorgelagerte Inseln sorgen daf\u00fcr, dass das Revier gut gesch\u00fctzt ist. In Litauen gibt es einen Charterst\u00fctzpunkt in Klaipeda.<\/p>\n","protected":false},"excerpt":{"rendered":"<p>Yachtcharter Ostsee Die Ostsee ist eines der beliebtesten Yachtcharter-Reviere der Deutschen und der Skandinavier: Seit der \u00d6ffnung des Ostens ist das Yachtcharter-Revier erheblich gewachsen: Ostsee-Yachtcharter-Segler k\u00f6nnen jetzt fast die kompletten \u00fcber 400.000 Quadratkilometer des bis zu 460 Meter tiefen Binnenmeeres erkunden. \u00dcber die d\u00e4nischen Meerengen bzw. das Kattegat ist auch<\/p>\n","protected":false},"author":11,"featured_media":0,"parent":102,"menu_order":0,"comment_status":"open","ping_status":"open","template":"","meta":[],"aioseo_notices":[],"_links":{"self":[{"href":"https:\/\/yachtcharter-connection.com\/de\/wp-json\/wp\/v2\/pages\/536"}],"collection":[{"href":"https:\/\/yachtcharter-connection.com\/de\/wp-json\/wp\/v2\/pages"}],"about":[{"href":"https:\/\/yachtcharter-connection.com\/de\/wp-json\/wp\/v2\/types\/page"}],"author":[{"embeddable":true,"href":"https:\/\/yachtcharter-connection.com\/de\/wp-json\/wp\/v2\/users\/11"}],"replies":[{"embeddable":true,"href":"https:\/\/yachtcharter-connection.com\/de\/wp-json\/wp\/v2\/comments?post=536"}],"version-history":[{"count":2,"href":"https:\/\/yachtcharter-connection.com\/de\/wp-json\/wp\/v2\/pages\/536\/revisions"}],"predecessor-version":[{"id":31185,"href":"https:\/\/yachtcharter-connection.com\/de\/wp-json\/wp\/v2\/pages\/536\/revisions\/31185"}],"up":[{"embeddable":true,"href":"https:\/\/yachtcharter-connection.com\/de\/wp-json\/wp\/v2\/pages\/102"}],"wp:attachment":[{"href":"https:\/\/yachtcharter-connection.com\/de\/wp-json\/wp\/v2\/media?parent=536"}],"curies":[{"name":"wp","href":"https:\/\/api.w.org\/{rel}","templated":true}]}}