{"id":540,"date":"2015-08-10T05:53:34","date_gmt":"2015-08-10T05:53:34","guid":{"rendered":"http:\/\/yachtcharter-connection.com.w01e47c6.kasserver.com\/europ%c3%a4isches-nordmeer\/"},"modified":"2017-07-11T00:41:46","modified_gmt":"2017-07-10T22:41:46","slug":"europaeisches-nordmeer","status":"publish","type":"page","link":"https:\/\/yachtcharter-connection.com\/de\/regionen\/europaeisches-nordmeer\/","title":{"rendered":"Europ\u00e4isches Nordmeer"},"content":{"rendered":"<h3>Yachtcharter Europ\u00e4isches Nordmeer<\/h3>\n<p>\n<img loading=\"lazy\" class=\"content-image\"  width=\"300\" height=\"231\" alt=\"Nordmeer_Norwegen_Tromsoe\" src=\"https:\/\/yachtcharter-connection.com\/wp-content\/uploads\/converted_files\/18998\/18998-5624a1905d44a.jpg\" \/>Im Sommer, wenn die Mitternachtssonne f\u00fcr endlos lange Tage bzw. helle N\u00e4chte sorgt, wird das Nordmeer Europas auch als Yachtcharter-Revier spannend. Yachtcharter-Crews, die Natur-Erlebnisse sch\u00e4tzen, k\u00fchle Temperaturen nicht scheuen, keinen Trubel suchen und anspruchsvolle Tiden-Navigation beherrschen, werden den Yachtcharter-T\u00f6rn an der Atlantik-K\u00fcste und in den Fjorden genie\u00dfen.<\/p>\n<table  class=\"RegionsAndSubregions\" cellspacing=\"0\" border=\"0\" style=\"border-collapse:collapse;\">\n<tbody>\n<tr>\n<td>\n<div class=\"SubregionRepeaterTitle\">\n<h2> Europ\u00e4isches Nordmeer <\/h2>\n<\/div>\n<div class=\"SmallLinks\">\n<ul>\n<li><a class=\"SmallLinks\" href=\"https:\/\/yachtcharter-connection.com\/yachtcharter-norwegen-atlantikk%c3%bcste\" title=\"\"> Norwegen \/ Atlantikk\u00fcste <\/a><\/li>\n<li><a class=\"SmallLinks\" href=\"https:\/\/yachtcharter-connection.com\/yachtcharter-svalbard-archipel-spitzbergen\" title=\"\"> Svalbard Archipel \/ Spitzbergen <\/a><\/li>\n<\/ul>\n<\/div>\n<\/td>\n<\/tr>\n<\/tbody>\n<\/table>\n","protected":false},"excerpt":{"rendered":"<p>Yachtcharter Europ\u00e4isches Nordmeer Im Sommer, wenn die Mitternachtssonne f\u00fcr endlos lange Tage bzw. helle N\u00e4chte sorgt, wird das Nordmeer Europas auch als Yachtcharter-Revier spannend. Yachtcharter-Crews, die Natur-Erlebnisse sch\u00e4tzen, k\u00fchle Temperaturen nicht scheuen, keinen Trubel suchen und anspruchsvolle Tiden-Navigation beherrschen, werden den Yachtcharter-T\u00f6rn an der Atlantik-K\u00fcste und in den Fjorden genie\u00dfen.<\/p>\n","protected":false},"author":11,"featured_media":0,"parent":102,"menu_order":0,"comment_status":"open","ping_status":"open","template":"","meta":[],"aioseo_notices":[],"_links":{"self":[{"href":"https:\/\/yachtcharter-connection.com\/de\/wp-json\/wp\/v2\/pages\/540"}],"collection":[{"href":"https:\/\/yachtcharter-connection.com\/de\/wp-json\/wp\/v2\/pages"}],"about":[{"href":"https:\/\/yachtcharter-connection.com\/de\/wp-json\/wp\/v2\/types\/page"}],"author":[{"embeddable":true,"href":"https:\/\/yachtcharter-connection.com\/de\/wp-json\/wp\/v2\/users\/11"}],"replies":[{"embeddable":true,"href":"https:\/\/yachtcharter-connection.com\/de\/wp-json\/wp\/v2\/comments?post=540"}],"version-history":[{"count":1,"href":"https:\/\/yachtcharter-connection.com\/de\/wp-json\/wp\/v2\/pages\/540\/revisions"}],"predecessor-version":[{"id":12221,"href":"https:\/\/yachtcharter-connection.com\/de\/wp-json\/wp\/v2\/pages\/540\/revisions\/12221"}],"up":[{"embeddable":true,"href":"https:\/\/yachtcharter-connection.com\/de\/wp-json\/wp\/v2\/pages\/102"}],"wp:attachment":[{"href":"https:\/\/yachtcharter-connection.com\/de\/wp-json\/wp\/v2\/media?parent=540"}],"curies":[{"name":"wp","href":"https:\/\/api.w.org\/{rel}","templated":true}]}}