{"id":543,"date":"2011-03-17T13:35:41","date_gmt":"2011-03-17T13:35:41","guid":{"rendered":"http:\/\/yachtcharter-connection.com.w01e47c6.kasserver.com\/usa-nordost\/"},"modified":"2016-10-29T17:56:56","modified_gmt":"2016-10-29T15:56:56","slug":"usa-nordost","status":"publish","type":"page","link":"https:\/\/yachtcharter-connection.com\/de\/regionen\/usa-nordost\/","title":{"rendered":"USA-Nordost"},"content":{"rendered":"<h3>Yachtcharter USA &#8211; Ostk\u00fcste<\/h3>\n<p>\n<img loading=\"lazy\" class=\"content-image\"  width=\"300\" height=\"200\" src=\"https:\/\/yachtcharter-connection.com\/wp-content\/uploads\/converted_files\/19001\/19001-5624a19333ec9.jpg\" alt=\"USA_Ostk\u00fcste_Marthas_Vineyard\" \/>Das Yachtcharter-Revier im Nordosten der USA ist f\u00fcr viele Europ\u00e4er heimliche Traum-Charterdestination, f\u00fcr US-Amerikaner das Mekka des Segelsports: Yachth\u00e4fen, noble und weniger mond\u00e4ne Yachtclubs, Fischereih\u00e4fen, ewig lange Str\u00e4nde und D\u00fcnen- die ewig lange K\u00fcste mit vorgelagerten Inseln und sch\u00f6nen Buchten bietet im Sommer fast alles, was Yachtcharter-Crews sich w\u00fcnschen. Malerische Ortschaften laden zum Bummeln ein, Holzschiffe im Stil der klassischen Yacht-Designer zum Bewundern. <\/p>\n<p>Das Segelrevier im Nordosten der USA umfasst eigentlich gleich mehrere Yachtcharter-Regionen. Am bekanntesten sind unter anderem Massachusetts mit der Massachusetts Bay, der Cape Code Bay, Nantucket und Martha&#8217;s Wineyard, Rhode Island, die Gegend von Long Island in Connecticut bei New York, sowie weiter s\u00fcdlich die K\u00fcsten von Maryland und Virginia mit der Chesapeake Bay. <\/p>\n<p>Wir bieten an der Ostk\u00fcste unter anderem Segelyachten von Yachtcharter-St\u00fctzpunkten in Annapolis an der Cheseapeake Bay und in Newport auf Rhodes Islands an.<\/p>\n<p>Lesen Sie mehr \u00fcber die Yachtcharter in den <a href=\"~\/Yachtcharter_usa_vereinigte_staaten.html\" target=\"_blank\">USA<\/a> und die <a href=\"~\/usa_nordost\/Yachtcharter_maryland_chesapeake_bucht.html\" target=\"_blank\">Chesapeake Bay<\/a> .<\/p>\n<p><\/p>\n<table  class=\"RegionsAndSubregions\" cellspacing=\"0\" border=\"0\" style=\"border-collapse:collapse;\">\n<tbody>\n<tr>\n<td>\n<div class=\"SubregionRepeaterTitle\">\n<h2> USA-Nordost <\/h2>\n<\/div>\n<div class=\"SmallLinks\">\n<ul>\n<li><a class=\"SmallLinks\" href=\"https:\/\/yachtcharter-connection.com\/yachtcharter-maryland-chesapeake-bucht\" title=\"\"> Maryland \/ Chesapeake Bucht <\/a><\/li>\n<\/ul>\n<\/div>\n<\/td>\n<\/tr>\n<\/tbody>\n<\/table>\n","protected":false},"excerpt":{"rendered":"<p>Yachtcharter USA &#8211; Ostk\u00fcste Das Yachtcharter-Revier im Nordosten der USA ist f\u00fcr viele Europ\u00e4er heimliche Traum-Charterdestination, f\u00fcr US-Amerikaner das Mekka des Segelsports: Yachth\u00e4fen, noble und weniger mond\u00e4ne Yachtclubs, Fischereih\u00e4fen, ewig lange Str\u00e4nde und D\u00fcnen- die ewig lange K\u00fcste mit vorgelagerten Inseln und sch\u00f6nen Buchten bietet im Sommer fast alles, was<\/p>\n","protected":false},"author":11,"featured_media":0,"parent":102,"menu_order":0,"comment_status":"open","ping_status":"open","template":"","meta":[],"aioseo_notices":[],"_links":{"self":[{"href":"https:\/\/yachtcharter-connection.com\/de\/wp-json\/wp\/v2\/pages\/543"}],"collection":[{"href":"https:\/\/yachtcharter-connection.com\/de\/wp-json\/wp\/v2\/pages"}],"about":[{"href":"https:\/\/yachtcharter-connection.com\/de\/wp-json\/wp\/v2\/types\/page"}],"author":[{"embeddable":true,"href":"https:\/\/yachtcharter-connection.com\/de\/wp-json\/wp\/v2\/users\/11"}],"replies":[{"embeddable":true,"href":"https:\/\/yachtcharter-connection.com\/de\/wp-json\/wp\/v2\/comments?post=543"}],"version-history":[{"count":1,"href":"https:\/\/yachtcharter-connection.com\/de\/wp-json\/wp\/v2\/pages\/543\/revisions"}],"predecessor-version":[{"id":12885,"href":"https:\/\/yachtcharter-connection.com\/de\/wp-json\/wp\/v2\/pages\/543\/revisions\/12885"}],"up":[{"embeddable":true,"href":"https:\/\/yachtcharter-connection.com\/de\/wp-json\/wp\/v2\/pages\/102"}],"wp:attachment":[{"href":"https:\/\/yachtcharter-connection.com\/de\/wp-json\/wp\/v2\/media?parent=543"}],"curies":[{"name":"wp","href":"https:\/\/api.w.org\/{rel}","templated":true}]}}