{"id":546,"date":"2014-12-22T05:33:01","date_gmt":"2014-12-22T05:33:01","guid":{"rendered":"http:\/\/yachtcharter-connection.com.w01e47c6.kasserver.com\/rotes-meer\/"},"modified":"2016-10-29T17:56:55","modified_gmt":"2016-10-29T15:56:55","slug":"rotes-meer","status":"publish","type":"page","link":"https:\/\/yachtcharter-connection.com\/de\/regionen\/rotes-meer\/","title":{"rendered":"Rotes Meer"},"content":{"rendered":"<h3>Yachtcharter Rotes Meer<\/h3>\n<p>Morgens leuchtet das Meer rot in der aufgehenden Sonne, abends werden die Berge bei Sonnenuntergang rot angestrahlt: F\u00fcr den Namen des Roten Meeres gibt es noch mehr Erkl\u00e4rungen. Vor allem im europ\u00e4ischen Winter ist das Rote Meer eine beliebte touristische Destination &#8211; insbesondere die K\u00fcsten \u00c4gyptens, Israels und Jordaniens im n\u00f6rdlichen Teil. Strandurlaub, Ausfl\u00fcge in die W\u00fcste, Surfen, Schnorcheln und Tauchen stehen auf dem Programm der meisten Touristen in dieser Region. \u00dcber 2000 Kilometer Korallenriff, Koralleng\u00e4rten und malerische Wracks locken die Tauchtouristen &#8211; das Meer ist salzhaltiger als die Ozeane, deswegen gibt es weniger Plankton und damit bessere Sichtverh\u00e4ltnisse unter Wasser. Der Yachtcharter-Tourismus am Roten Meer steckt noch in den Anf\u00e4ngen, aber Motoryachten, Boote f\u00fcr Taucher und einige Segelyachten mit Crew k\u00f6nnen bereits gechartert werden.<\/p>\n<table  class=\"RegionsAndSubregions\" cellspacing=\"0\" border=\"0\" style=\"border-collapse:collapse;\">\n<tbody>\n<tr>\n<td>\n<div class=\"SubregionRepeaterTitle\">\n<h2> Rotes Meer <\/h2>\n<\/div>\n<div class=\"SmallLinks\">\n<ul>\n<li><a class=\"SmallLinks\" href=\"https:\/\/yachtcharter-connection.com\/yachtcharter-rotes-meer-nord\" title=\"\"> Rotes Meer \/ Nord <\/a><\/li>\n<\/ul>\n<\/div>\n<\/td>\n<\/tr>\n<\/tbody>\n<\/table>\n","protected":false},"excerpt":{"rendered":"<p>Yachtcharter Rotes Meer Morgens leuchtet das Meer rot in der aufgehenden Sonne, abends werden die Berge bei Sonnenuntergang rot angestrahlt: F\u00fcr den Namen des Roten Meeres gibt es noch mehr Erkl\u00e4rungen. Vor allem im europ\u00e4ischen Winter ist das Rote Meer eine beliebte touristische Destination &#8211; insbesondere die K\u00fcsten \u00c4gyptens, Israels<\/p>\n","protected":false},"author":11,"featured_media":0,"parent":102,"menu_order":0,"comment_status":"open","ping_status":"open","template":"","meta":[],"aioseo_notices":[],"_links":{"self":[{"href":"https:\/\/yachtcharter-connection.com\/de\/wp-json\/wp\/v2\/pages\/546"}],"collection":[{"href":"https:\/\/yachtcharter-connection.com\/de\/wp-json\/wp\/v2\/pages"}],"about":[{"href":"https:\/\/yachtcharter-connection.com\/de\/wp-json\/wp\/v2\/types\/page"}],"author":[{"embeddable":true,"href":"https:\/\/yachtcharter-connection.com\/de\/wp-json\/wp\/v2\/users\/11"}],"replies":[{"embeddable":true,"href":"https:\/\/yachtcharter-connection.com\/de\/wp-json\/wp\/v2\/comments?post=546"}],"version-history":[{"count":1,"href":"https:\/\/yachtcharter-connection.com\/de\/wp-json\/wp\/v2\/pages\/546\/revisions"}],"predecessor-version":[{"id":12882,"href":"https:\/\/yachtcharter-connection.com\/de\/wp-json\/wp\/v2\/pages\/546\/revisions\/12882"}],"up":[{"embeddable":true,"href":"https:\/\/yachtcharter-connection.com\/de\/wp-json\/wp\/v2\/pages\/102"}],"wp:attachment":[{"href":"https:\/\/yachtcharter-connection.com\/de\/wp-json\/wp\/v2\/media?parent=546"}],"curies":[{"name":"wp","href":"https:\/\/api.w.org\/{rel}","templated":true}]}}