{"id":738,"date":"2015-08-10T05:53:35","date_gmt":"2015-08-10T05:53:35","guid":{"rendered":"http:\/\/yachtcharter-connection.com.w01e47c6.kasserver.com\/yachtcharter-tyrrhenisches-meer\/"},"modified":"2017-10-15T22:27:00","modified_gmt":"2017-10-15T20:27:00","slug":"yachtcharter-tyrrhenisches-meer","status":"publish","type":"page","link":"https:\/\/yachtcharter-connection.com\/de\/regionen\/mittelmeer\/yachtcharter-tyrrhenisches-meer\/","title":{"rendered":"Tyrrhenisches Meer"},"content":{"rendered":"<h1>Yachtcharter Tyrrhenisches Meer: Amalfi-K\u00fcste, Pontinische Inseln, Golf von Neapel<\/h1>\n<p><img loading=\"lazy\" class=\"content-image\" src=\"https:\/\/yachtcharter-connection.com\/wp-content\/uploads\/converted_files\/19020\/19020-5624b2341203b.jpg\" alt=\"Italien_Capri\" width=\"300\" height=\"400\" \/>Die K\u00fcste bei Amalfi und Positano halten viele f\u00fcr die sch\u00f6nste Italiens, der Golf von Neapel ist mit Ischia und Capri seit hundert Jahren schon Reiseziel f\u00fcr Romantiker. Charter-Yachten k\u00f6nnen unter anderem in Salerno, Neapel, Marina di Nettuno und Procida \u00fcbernommen werden. In Amalfi selbst, wichtiger Tourismus-Standort S\u00fcditaliens, lohnt der Dom einen Abstecher, viele malerische D\u00f6rfer wie Atrani oder Vietro sul Mare liegen direkt an der K\u00fcste \u2013 mit gelben, wei\u00dfen und rosafarbenen H\u00e4uschen und vielen Zitrusb\u00e4umen. Highlight ist allerdings Positano, fr\u00fcher einmal Fischerst\u00e4dtchen \u2013 es ist in Form von beeindruckenden Terrassen angelegt.<br \/>\nAntikes darf auch hier nicht fehlen: Der Besuch des vom Vesuv zerst\u00f6rten Pompeji und von Herkulaneum steht zumindest f\u00fcr Hobby-Arch\u00e4ologen auf dem Programm.<\/p>\n<p>Den besten Blick auf Neapel, Heimatstadt der hier erfundenen Pizza, hat man von Vomero aus, einem kleinen Berg mit dem Castell S. Elmo. Weitere Highlights: Die Altstadt, Kulturerbe der UNESCO, hat noch das gleiche neapolitanische Flair wie in den Jugendjahren von Sofia Loren, die hier aufwuchs, mit engen G\u00e4sschen, Katakomben und Kirchen, M\u00e4rkte mit gesch\u00e4ftigen Verk\u00e4ufern, Cafes, in denen die Einwohner Espresso und Limoncello genie\u00dfen. Eleganter wird es am Fischerhafen Santa Lucia, im Villenviertel Posilipo.<\/p>\n<h2><strong>Yachtcharter Pontinische Inseln \u2013 Kampanisches Archipel (Ischia, Capri)<\/strong><\/h2>\n<p>Seglerisch der sch\u00f6nste T\u00f6rn in dieser Region f\u00fchrt allerdings vom Festland weg: Idealer Ausgangspunkt ist Procida, fr\u00fcher Gef\u00e4ngnisinsel, jetzt Basis mehrerer Charterfirmen im Golf von Neapel und Standort mehrer Fischerd\u00f6rfer. Von Procida gen Westen liegt mit den Pontinischen Inseln noch ein St\u00fcck unverf\u00e4lschtes urspr\u00fcngliches Italien. Ventotene im \u00f6stlichen Teil der Inselgruppe ist ein liebenswertes Fischerd\u00f6rfchen \u2013 im engen Hafen Porto Nicola sollte man aufpassen, dass sich der Anker nicht in den Ketten anderer Yachten und Fischerboote verhakt. Von hier aus kann man die alte Festung oder die bourbonische Treppe erwandern. Der moderne Hafen Cala Rossano bietet mehr Service als Porto Nicola. Die Nachbarinsel Santo Stefano war bis 1964 Strafkolonie, die \u00dcberreste des Gef\u00e4ngnisses sind immer noch zu sehen. Kurios: Mussolini wurde nach Ponza verbannt, die Gegner seines faschistischen Regimes nach Ventotene. Im Westen des Pontinischen Archipels liegt die Hauptinsel Ponza und die Nachbarinseln Gavi, Zannone und Palmarola. W\u00e4hrend Zannone und Palmarola kaum besiedelt sind, gibt es im Hafen von Ponza mittlerweile sogar Platz f\u00fcr 200 Yachten an Schwimmstegen mit Wasser und Strom. Je nach Windrichtung bieten verschiedene Buchten auch nachts Schutz, von der Cala Inferno bis zur Cala di Lucia Rosa. Historische Sehensw\u00fcrdigkeiten, kleine D\u00f6rfchen, Buchten mit glasklarem Wasser \u2013 das Archipel ist wirklich eine Reise wert, und wenn auf dem Schlag dorthin im Cockpit italienische Canzoni zu h\u00f6ren sind, halber Wind mit vier bis f\u00fcnf Beaufort weht und eine ganze Delphin-Familie springend die Yacht begleitet, bleibt dieser T\u00f6rn unvergesslich.<\/p>\n<p>Ischia und Capri, die beiden Inseln im Golf von Napoli, die zusammen mit Procida auch als \u201eFlegr\u00e4ischer\u201c oder \u201eKampanischer Archipel\u201c bezeichnet werden, eignen sich bestens f\u00fcr je einen Zwischenstop auf Hin- und R\u00fcckweg zu den Pontinischen Inseln. Der Haupthafen von Ischia ist h\u00e4ufig \u00fcberf\u00fcllt, aber so malerisch, dass man trotzdem einmal dort gelegen haben muss, und sei es, italienisch atypisch, im P\u00e4cken. Weitere H\u00e4fen sind Sant Angelo im Osten der Insel, Forio und Casamicciola. Der erloschene Vulkan Epomeo \u00fcberragt die Insel, hier kann man noch auf dem Eselsr\u00fccken hinaufklettern. Weinberge, \u00fcppige Vegetation und vor allem die Thermalg\u00e4rten machten Ischia einst ber\u00fchmt, sehenswert sind unter anderem die G\u00e4rten des Poseidon. Auf Capri gibt es mit Marina Grande einen Hafen an der Nordseite, von dem aus das Dorf Capri zu Fuss erreichbar ist. Von der Blauen Grotte in Capri hat wohl jeder schon einmal geh\u00f6rt, allerdings ist sie touristisch so \u00fcberlaufen, dass ein Besuch nicht unbedingt lohnt. Besser: das phantastische Panorama mit dem Blick \u00fcber den ganzen Golf vom Monte Solare aus.<\/p>\n<table class=\"RegionsAndSubregions\" style=\"border-collapse: collapse;\" border=\"0\" cellspacing=\"0\">\n<tbody>\n<tr>\n<td>\n<div class=\"SubregionRepeaterTitle\">\n<h2>Tyrrhenisches Meer<\/h2>\n<\/div>\n<div class=\"SmallLinks\">\n<ul>\n<li><a class=\"SmallLinks\" title=\"\" href=\"https:\/\/yachtcharter-connection.com\/agropoli-677\"> Agropoli <\/a><\/li>\n<li><a class=\"SmallLinks\" title=\"\" href=\"https:\/\/yachtcharter-connection.com\/amalfi-998\"> Amalfi <\/a><\/li>\n<li><a class=\"SmallLinks\" title=\"\" href=\"https:\/\/yachtcharter-connection.com\/civitavecchia-125\"> Civitavecchia <\/a><\/li>\n<li><a class=\"SmallLinks\" title=\"\" href=\"https:\/\/yachtcharter-connection.com\/foce-sisto-sabaudia-314\"> Foce Sisto \/ Sabaudia <\/a><\/li>\n<li><a class=\"SmallLinks\" title=\"\" href=\"https:\/\/yachtcharter-connection.com\/formia-570\"> Formia <\/a><\/li>\n<li><a class=\"SmallLinks\" title=\"\" href=\"https:\/\/yachtcharter-connection.com\/gaeta-porto-falvio-gioia-156\"> Gaeta \/ Porto Falvio Gioia <\/a><\/li>\n<li><a class=\"SmallLinks\" title=\"\" href=\"https:\/\/yachtcharter-connection.com\/ischia-casamicciola-345\"> Ischia \/ Casamicciola <\/a><\/li>\n<li><a class=\"SmallLinks\" title=\"\" href=\"https:\/\/yachtcharter-connection.com\/ischia-forio-828\"> Ischia \/ Forio <\/a><\/li>\n<li><a class=\"SmallLinks\" title=\"\" href=\"https:\/\/yachtcharter-connection.com\/ischia-lacco-ameno-643\"> Ischia \/ Lacco Ameno <\/a><\/li>\n<li><a class=\"SmallLinks\" title=\"\" href=\"https:\/\/yachtcharter-connection.com\/ischia-porto-d-ischia-911\"> Ischia \/ Porto d Ischia <\/a><\/li>\n<li><a class=\"SmallLinks\" title=\"\" href=\"https:\/\/yachtcharter-connection.com\/ischia-sant-angelo-291\"> Ischia \/ Sant Angelo <\/a><\/li>\n<li><a class=\"SmallLinks\" title=\"\" href=\"https:\/\/yachtcharter-connection.com\/neapel\"> Neapel <\/a><\/li>\n<li><a class=\"SmallLinks\" title=\"\" href=\"https:\/\/yachtcharter-connection.com\/neapel-castellammare-di-stabia\"> Neapel \/ Castellammare di Stabia <\/a><\/li>\n<li><a class=\"SmallLinks\" title=\"\" href=\"https:\/\/yachtcharter-connection.com\/neapel-pozzuoli\"> Neapel \/ Pozzuoli <\/a><\/li>\n<li><a class=\"SmallLinks\" title=\"\" href=\"https:\/\/yachtcharter-connection.com\/sorrento-541\"> Neapel \/ Sorrento <\/a><\/li>\n<li><a class=\"SmallLinks\" title=\"\" href=\"https:\/\/yachtcharter-connection.com\/nettuno-982\"> Nettuno <\/a><\/li>\n<li><a class=\"SmallLinks\" title=\"\" href=\"https:\/\/yachtcharter-connection.com\/pinetamare-670\"> Pinetamare <\/a><\/li>\n<li><a class=\"SmallLinks\" title=\"\" href=\"https:\/\/yachtcharter-connection.com\/porto-badino-sabaudia-803\"> Porto Badino \/ Sabaudia <\/a><\/li>\n<li><a class=\"SmallLinks\" title=\"\" href=\"https:\/\/yachtcharter-connection.com\/procida-marina-di-procida-508\"> Procida <\/a><\/li>\n<li><a class=\"SmallLinks\" title=\"\" href=\"https:\/\/yachtcharter-connection.com\/procida-chiaiolella-100\"> Procida \/ Chiaiolella <\/a><\/li>\n<li><a class=\"SmallLinks\" title=\"\" href=\"https:\/\/yachtcharter-connection.com\/procida-corricella-325\"> Procida \/ Corricella <\/a><\/li>\n<li><a class=\"SmallLinks\" title=\"\" href=\"https:\/\/yachtcharter-connection.com\/rom-ostia\"> Rom \/ Ostia <\/a><\/li>\n<li><a class=\"SmallLinks\" title=\"\" href=\"https:\/\/yachtcharter-connection.com\/salerno-586\"> Salerno <\/a><\/li>\n<li><a class=\"SmallLinks\" title=\"\" href=\"https:\/\/yachtcharter-connection.com\/terracina-769\"> Terracina <\/a><\/li>\n<\/ul>\n<\/div>\n<\/td>\n<\/tr>\n<\/tbody>\n<\/table>\n","protected":false},"excerpt":{"rendered":"<p>Yachtcharter Tyrrhenisches Meer: Amalfi-K\u00fcste, Pontinische Inseln, Golf von Neapel Die K\u00fcste bei Amalfi und Positano halten viele f\u00fcr die sch\u00f6nste Italiens, der Golf von Neapel ist mit Ischia und Capri seit hundert Jahren schon Reiseziel f\u00fcr Romantiker. Charter-Yachten k\u00f6nnen unter anderem in Salerno, Neapel, Marina di Nettuno und Procida \u00fcbernommen<\/p>\n","protected":false},"author":11,"featured_media":0,"parent":532,"menu_order":0,"comment_status":"open","ping_status":"open","template":"","meta":[],"aioseo_notices":[],"_links":{"self":[{"href":"https:\/\/yachtcharter-connection.com\/de\/wp-json\/wp\/v2\/pages\/738"}],"collection":[{"href":"https:\/\/yachtcharter-connection.com\/de\/wp-json\/wp\/v2\/pages"}],"about":[{"href":"https:\/\/yachtcharter-connection.com\/de\/wp-json\/wp\/v2\/types\/page"}],"author":[{"embeddable":true,"href":"https:\/\/yachtcharter-connection.com\/de\/wp-json\/wp\/v2\/users\/11"}],"replies":[{"embeddable":true,"href":"https:\/\/yachtcharter-connection.com\/de\/wp-json\/wp\/v2\/comments?post=738"}],"version-history":[{"count":4,"href":"https:\/\/yachtcharter-connection.com\/de\/wp-json\/wp\/v2\/pages\/738\/revisions"}],"predecessor-version":[{"id":25149,"href":"https:\/\/yachtcharter-connection.com\/de\/wp-json\/wp\/v2\/pages\/738\/revisions\/25149"}],"up":[{"embeddable":true,"href":"https:\/\/yachtcharter-connection.com\/de\/wp-json\/wp\/v2\/pages\/532"}],"wp:attachment":[{"href":"https:\/\/yachtcharter-connection.com\/de\/wp-json\/wp\/v2\/media?parent=738"}],"curies":[{"name":"wp","href":"https:\/\/api.w.org\/{rel}","templated":true}]}}