{"id":739,"date":"2015-08-10T05:53:35","date_gmt":"2015-08-10T05:53:35","guid":{"rendered":"http:\/\/yachtcharter-connection.com.w01e47c6.kasserver.com\/yachtcharter-ionisches-meer\/"},"modified":"2016-10-29T18:15:15","modified_gmt":"2016-10-29T16:15:15","slug":"yachtcharter-ionisches-meer","status":"publish","type":"page","link":"https:\/\/yachtcharter-connection.com\/de\/regionen\/mittelmeer\/yachtcharter-ionisches-meer\/","title":{"rendered":"Ionisches Meer"},"content":{"rendered":"<h3>Yachtcharter Griechenland &ndash; Ionisches Meer<\/h3>\n<p>\n<img loading=\"lazy\" class=\"content-image\"  height=\"225\" width=\"300\" src=\"https:\/\/yachtcharter-connection.com\/wp-content\/uploads\/converted_files\/19023\/19023-5624b2356ea32.jpg\" alt=\"Segelrevier_Griechenland_Ionisches_Meer_Lefkas\" \/>F\u00fcr Einsteiger, Genusssegler und Familien bestens geeignet ist das Ionische Meer mit seinen vielen Inseln, die sehr viel Schutz bieten. Dort werden sich auch Kinder wohl f\u00fchlen, weil die Etappen nicht so lang sind. Die Saison f\u00e4ngt schon zu Ostern an &ndash; Vorsicht: die griechisch-orthodoxen Feiertage fallen nicht immer mit den \u00fcblichen Osterterminen Westeuropas zusammen &ndash; wenn gro\u00dfe Prozessionen in Korfu zum Volksfest werden. Die gr\u00f6\u00dften Yachtcharter-St\u00fctzpunkte liegen in der Marina Gouvia in Korfu und auf Lefkas, aber auch  vereinzelt in Preveza, auf dem gegen\u00fcberliegenden Festland gelegen, gibt es einige wenige Yachten. <\/p>\n<p>\u00dcppige Vegetation findet sich auf allen Inseln im Ionischen Meer mit Pinien, Blumen, Weing\u00e4rten und dem duftenden mediterranen Kr\u00e4utern. Auf Korfu, Paxi, Lefkas, Kefalonia, Zakynthos und Ithaka haben alte Seefahrer-V\u00f6lker viele Spuren hinterlassen: Ruinen und Bauten erz\u00e4hlen von R\u00f6mern, Venezianern, Byzanthinern, T\u00fcrken &ndash; und von der Odyssee&hellip; Yachtcharter-Crews lieben die kleinen Buchten mit klarem Wasser, malerische Sandstr\u00e4nde und nicht zuletzt die kleinen quirligen Fischerh\u00e4fen.<\/p>\n<p><\/p>\n<table  class=\"RegionsAndSubregions\" cellspacing=\"0\" border=\"0\" style=\"border-collapse:collapse;\">\n<tbody>\n<tr>\n<td>\n<div class=\"SubregionRepeaterTitle\">\n<h2> Ionisches Meer <\/h2>\n<\/div>\n<div class=\"SmallLinks\">\n<ul>\n<li><a class=\"SmallLinks\" href=\"https:\/\/yachtcharter-connection.com\/crotone-907\" title=\"\"> Crotone <\/a><\/li>\n<li><a class=\"SmallLinks\" href=\"https:\/\/yachtcharter-connection.com\/gouvia-157\" title=\"\"> Gouvia <\/a><\/li>\n<li><a class=\"SmallLinks\" href=\"https:\/\/yachtcharter-connection.com\/kalamata-126\" title=\"\"> Kalamata <\/a><\/li>\n<li><a class=\"SmallLinks\" href=\"https:\/\/yachtcharter-connection.com\/kephalonia\" title=\"\"> Kephalonia <\/a><\/li>\n<li><a class=\"SmallLinks\" href=\"https:\/\/yachtcharter-connection.com\/korfu-marina-gouvia\" title=\"\"> Korfu \/ Marina Gouvia <\/a><\/li>\n<li><a class=\"SmallLinks\" href=\"https:\/\/yachtcharter-connection.com\/korfu-noak-yacht-club\" title=\"\"> Korfu \/ Noak Yacht Club <\/a><\/li>\n<li><a class=\"SmallLinks\" href=\"https:\/\/yachtcharter-connection.com\/lefkas-341\" title=\"\"> Lefkas <\/a><\/li>\n<li><a class=\"SmallLinks\" href=\"https:\/\/yachtcharter-connection.com\/lefkas-nidri-488\" title=\"\"> Lefkas \/ Nidri <\/a><\/li>\n<li><a class=\"SmallLinks\" href=\"https:\/\/yachtcharter-connection.com\/nydri-379\" title=\"\"> Nydri <\/a><\/li>\n<li><a class=\"SmallLinks\" href=\"https:\/\/yachtcharter-connection.com\/paleros-222\" title=\"\"> Paleros <\/a><\/li>\n<li><a class=\"SmallLinks\" href=\"https:\/\/yachtcharter-connection.com\/patras-946\" title=\"\"> Patras <\/a><\/li>\n<li><a class=\"SmallLinks\" href=\"https:\/\/yachtcharter-connection.com\/preveza-412\" title=\"\"> Preveza <\/a><\/li>\n<\/ul>\n<\/div>\n<\/td>\n<\/tr>\n<\/tbody>\n<\/table>\n","protected":false},"excerpt":{"rendered":"<p>Yachtcharter Griechenland &ndash; Ionisches Meer F\u00fcr Einsteiger, Genusssegler und Familien bestens geeignet ist das Ionische Meer mit seinen vielen Inseln, die sehr viel Schutz bieten. Dort werden sich auch Kinder wohl f\u00fchlen, weil die Etappen nicht so lang sind. Die Saison f\u00e4ngt schon zu Ostern an &ndash; Vorsicht: die griechisch-orthodoxen<\/p>\n","protected":false},"author":11,"featured_media":0,"parent":532,"menu_order":0,"comment_status":"open","ping_status":"open","template":"","meta":[],"aioseo_notices":[],"_links":{"self":[{"href":"https:\/\/yachtcharter-connection.com\/de\/wp-json\/wp\/v2\/pages\/739"}],"collection":[{"href":"https:\/\/yachtcharter-connection.com\/de\/wp-json\/wp\/v2\/pages"}],"about":[{"href":"https:\/\/yachtcharter-connection.com\/de\/wp-json\/wp\/v2\/types\/page"}],"author":[{"embeddable":true,"href":"https:\/\/yachtcharter-connection.com\/de\/wp-json\/wp\/v2\/users\/11"}],"replies":[{"embeddable":true,"href":"https:\/\/yachtcharter-connection.com\/de\/wp-json\/wp\/v2\/comments?post=739"}],"version-history":[{"count":1,"href":"https:\/\/yachtcharter-connection.com\/de\/wp-json\/wp\/v2\/pages\/739\/revisions"}],"predecessor-version":[{"id":12925,"href":"https:\/\/yachtcharter-connection.com\/de\/wp-json\/wp\/v2\/pages\/739\/revisions\/12925"}],"up":[{"embeddable":true,"href":"https:\/\/yachtcharter-connection.com\/de\/wp-json\/wp\/v2\/pages\/532"}],"wp:attachment":[{"href":"https:\/\/yachtcharter-connection.com\/de\/wp-json\/wp\/v2\/media?parent=739"}],"curies":[{"name":"wp","href":"https:\/\/api.w.org\/{rel}","templated":true}]}}