{"id":740,"date":"2015-08-10T05:53:36","date_gmt":"2015-08-10T05:53:36","guid":{"rendered":"http:\/\/yachtcharter-connection.com.w01e47c6.kasserver.com\/yachtcharter-t%c3%bcrkische-k%c3%bcste\/"},"modified":"2025-03-02T12:18:53","modified_gmt":"2025-03-02T10:18:53","slug":"yachtcharter-tuerkische-kueste","status":"publish","type":"page","link":"https:\/\/yachtcharter-connection.com\/de\/regionen\/mittelmeer\/yachtcharter-tuerkische-kueste\/","title":{"rendered":"T\u00fcrkische K\u00fcste"},"content":{"rendered":"<h3>Yachtcharter T\u00fcrkische K\u00fcste<\/h3>\n<p><img loading=\"lazy\" class=\"content-image\" src=\"https:\/\/yachtcharter-connection.com\/wp-content\/uploads\/converted_files\/19026\/19026-5624b236f2ee6.jpg\" alt=\"T\u00fcrkische_K\u00fcste_Yacht_am_Steg_Bucht_von_Marmaris\" width=\"300\" height=\"200\" \/>Die t\u00fcrkische K\u00fcste ist eines der beliebtesten Yachtcharter-Reviere des Mittelmeers. Yachtcharter-Crews k\u00f6nnen sich auf stabile Wetterbedingungen und freundlichen Empfang durch die einheimische Bev\u00f6lkerung verlassen.<\/p>\n<p>In der Regel kommt der Wind aus Norden oder Nordwesten, der Meltemi, der von Juni bis September weht, erreicht selten mehr als 6 Windst\u00e4rken, im S\u00fcden noch weniger. Die sch\u00f6nste Zeit f\u00fcr einen Yachtcharter-T\u00f6rn an der t\u00fcrkischen K\u00fcste ist im Fr\u00fchsommer, wenn das Meer schon warm genug zum Baden ist, und im Herbst. Aber auch im hei\u00dfen Juli und August macht der tags\u00fcber relativ konstante Wind die Temperaturen ertr\u00e4glich. An der stark gegliederten K\u00fcste m\u00fcssen Yachtcharter-Skipper mit Fallb\u00f6en und Kap-Effekten rechnen. Und vor allem in den Golfen, die wie etwa der Golf von G\u00f6kova schon fast als eigene Yachtcharter Reviere zu betrachten sind, gibt es kaum hohe Wellen.<\/p>\n<p>&nbsp;<\/p>\n<table class=\"RegionsAndSubregions\" style=\"border-collapse: collapse;\" border=\"0\" cellspacing=\"0\">\n<tbody>\n<tr>\n<td>\n<div class=\"SubregionRepeaterTitle\">\n<h2>T\u00fcrkische K\u00fcste<\/h2>\n<\/div>\n<div class=\"SmallLinks\">\n<ul>\n<li><a class=\"SmallLinks\" title=\"\" href=\"https:\/\/yachtcharter-connection.com\/de\/antalya-680\"> Antalya <\/a><\/li>\n<li><a class=\"SmallLinks\" title=\"\" href=\"https:\/\/yachtcharter-connection.com\/de\/bodrum-277\"> Bodrum <\/a><\/li>\n<li><a class=\"SmallLinks\" title=\"\" href=\"https:\/\/yachtcharter-connection.com\/de\/bozburun-960\"> Bozburun <\/a><\/li>\n<li><a class=\"SmallLinks\" title=\"\" href=\"https:\/\/yachtcharter-connection.com\/de\/cesme-marina-alacati-207\"> Cesme \/ Marina Ala\u00e7ati <\/a><\/li>\n<li><a class=\"SmallLinks\" title=\"\" href=\"https:\/\/yachtcharter-connection.com\/de\/datca-823\"> Datca <\/a><\/li>\n<li><a class=\"SmallLinks\" title=\"\" href=\"https:\/\/yachtcharter-connection.com\/de\/fethiye-938\"> Fethiye <\/a><\/li>\n<li><a class=\"SmallLinks\" title=\"\" href=\"https:\/\/yachtcharter-connection.com\/de\/finike-256\"> Finike <\/a><\/li>\n<li><a class=\"SmallLinks\" title=\"\" href=\"https:\/\/yachtcharter-connection.com\/de\/g%c3%b6cek-632\"> G\u00f6cek <\/a><\/li>\n<li><a class=\"SmallLinks\" title=\"\" href=\"https:\/\/yachtcharter-connection.com\/de\/istanbul-233\"> Istanbul <\/a><\/li>\n<li><a class=\"SmallLinks\" title=\"\" href=\"https:\/\/yachtcharter-connection.com\/de\/izmir-teos-326\"> Izmir \/ Teos <\/a><\/li>\n<li><a class=\"SmallLinks\" title=\"\" href=\"https:\/\/yachtcharter-connection.com\/de\/kalkan-228\"> Kalkan <\/a><\/li>\n<li><a class=\"SmallLinks\" title=\"\" href=\"https:\/\/yachtcharter-connection.com\/de\/karaca-s%c3%b6g%c3%bct-663\"> Karaca S\u00f6g\u00fct <\/a><\/li>\n<li><a class=\"SmallLinks\" title=\"\" href=\"https:\/\/yachtcharter-connection.com\/de\/kas-823\"> Kas <\/a><\/li>\n<li><a class=\"SmallLinks\" title=\"\" href=\"https:\/\/yachtcharter-connection.com\/de\/kemer-799\"> Kemer <\/a><\/li>\n<li><a class=\"SmallLinks\" title=\"\" href=\"https:\/\/yachtcharter-connection.com\/de\/kusadasi-891\"> Kusadasi <\/a><\/li>\n<li><a class=\"SmallLinks\" title=\"\" href=\"https:\/\/yachtcharter-connection.com\/de\/marmaris-884\"> Marmaris <\/a><\/li>\n<li><a class=\"SmallLinks\" title=\"\" href=\"https:\/\/yachtcharter-connection.com\/de\/orhaniye-231\"> Orhaniye <\/a><\/li>\n<li><a class=\"SmallLinks\" title=\"\" href=\"https:\/\/yachtcharter-connection.com\/de\/yachtcharter-turgutreis-bodrum-halbinsel\"> Turgutreis \/ Bodrum Halbinsel <\/a><\/li>\n<li><a class=\"SmallLinks\" title=\"\" href=\"https:\/\/yachtcharter-connection.com\/de\/yalikavak-bodrum-halbinsel\"> Yalikavak \/ Bodrum Halbinsel <\/a><\/li>\n<\/ul>\n<\/div>\n<\/td>\n<\/tr>\n<\/tbody>\n<\/table>\n","protected":false},"excerpt":{"rendered":"<p>Yachtcharter T\u00fcrkische K\u00fcste Die t\u00fcrkische K\u00fcste ist eines der beliebtesten Yachtcharter-Reviere des Mittelmeers. Yachtcharter-Crews k\u00f6nnen sich auf stabile Wetterbedingungen und freundlichen Empfang durch die einheimische Bev\u00f6lkerung verlassen. In der Regel kommt der Wind aus Norden oder Nordwesten, der Meltemi, der von Juni bis September weht, erreicht selten mehr als 6<\/p>\n","protected":false},"author":11,"featured_media":0,"parent":532,"menu_order":0,"comment_status":"open","ping_status":"open","template":"","meta":[],"aioseo_notices":[],"_links":{"self":[{"href":"https:\/\/yachtcharter-connection.com\/de\/wp-json\/wp\/v2\/pages\/740"}],"collection":[{"href":"https:\/\/yachtcharter-connection.com\/de\/wp-json\/wp\/v2\/pages"}],"about":[{"href":"https:\/\/yachtcharter-connection.com\/de\/wp-json\/wp\/v2\/types\/page"}],"author":[{"embeddable":true,"href":"https:\/\/yachtcharter-connection.com\/de\/wp-json\/wp\/v2\/users\/11"}],"replies":[{"embeddable":true,"href":"https:\/\/yachtcharter-connection.com\/de\/wp-json\/wp\/v2\/comments?post=740"}],"version-history":[{"count":4,"href":"https:\/\/yachtcharter-connection.com\/de\/wp-json\/wp\/v2\/pages\/740\/revisions"}],"predecessor-version":[{"id":31225,"href":"https:\/\/yachtcharter-connection.com\/de\/wp-json\/wp\/v2\/pages\/740\/revisions\/31225"}],"up":[{"embeddable":true,"href":"https:\/\/yachtcharter-connection.com\/de\/wp-json\/wp\/v2\/pages\/532"}],"wp:attachment":[{"href":"https:\/\/yachtcharter-connection.com\/de\/wp-json\/wp\/v2\/media?parent=740"}],"curies":[{"name":"wp","href":"https:\/\/api.w.org\/{rel}","templated":true}]}}