{"id":741,"date":"2015-08-10T05:53:36","date_gmt":"2015-08-10T05:53:36","guid":{"rendered":"http:\/\/yachtcharter-connection.com.w01e47c6.kasserver.com\/yachtcharter-%c3%a4g%c3%a4is-saronn-golf-kykladen\/"},"modified":"2017-10-20T10:46:33","modified_gmt":"2017-10-20T08:46:33","slug":"yachtcharter-aegaeis-saronischer-golf-kykladen","status":"publish","type":"page","link":"https:\/\/yachtcharter-connection.com\/de\/regionen\/mittelmeer\/yachtcharter-aegaeis-saronischer-golf-kykladen\/","title":{"rendered":"\u00c4g\u00e4is \/ Saronischer Golf &#8211; Kykladen"},"content":{"rendered":"<h1>Yachtcharter \u00c4g\u00e4is &#8211; Saronischer Golf \/ Kykladen<\/h1>\n<p><img loading=\"lazy\" class=\"content-image\" src=\"https:\/\/yachtcharter-connection.com\/wp-content\/uploads\/converted_files\/19029\/19029-5624b23c1202f.jpg\" alt=\"Griechenland Kykladen_Kirche mit Boot\" width=\"300\" height=\"201\" \/>Griechenland ist eines der wenigen europ\u00e4ischen L\u00e4nder, wo der Charter-T\u00f6rn direkt in der Hauptstadt beginnen kann. Der saronische Golf liegt vor der Haust\u00fcr, zahlreiche Yachtcharter-Basen direkt in und bei Athen \u2013 in Pir\u00e4us, Kalamaki und Lavrion &#8211; erm\u00f6glichen eine unkomplizierte Anreise zur Charteryacht. Die Distanzen im Golf sind klein, die Inseln malerisch: Poros mit seinem langen Kai mit zahlreichen Bars, Hydra lockt mit sicherem Hafen und mond\u00e4nem Nightlife, Spetses (bekannt f\u00fcr Bootsbautradition) und Porto Cheli mit sch\u00f6nen Badebuchten. Allerdings kann es speziell an den Sommerwochenenden auf allen Inseln voll werden: Auch die Athener sch\u00e4tzen das Revier f\u00fcr ihre Weekend-Ausfl\u00fcge.<\/p>\n<p>Der Peleponnes und auch der Argolische Golf sind ein einfaches, \u00fcberwiegend von schwachen Winden dominiertes Revier, allerdings gibt es nicht soviele Anlaufm\u00f6glichkeiten sprich Yachth\u00e4fen wie anderswo in Griechenland.<\/p>\n<p>Nat\u00fcrlich ist Athen auch Ausgangshafen f\u00fcr die Erkundung der Kykladen, aber Yachten gibt es auch direkt bei den Yachtcharter-Basen in Santorin oder Syros. Die \u00c4g\u00e4is ist hier als Segelrevier sehr beliebt, jedoch nicht unbedingt zu jeder Jahreszeit f\u00fcr Segelneulinge geeignet. Besonders in den Sommermonaten beschert der Meltemi haupts\u00e4chlich in den Kykladen Fallb\u00f6en mit bis zu 8 Beaufort. Die T\u00f6rnplanung sollte sich von vornherein an der vorherrschenden Wetterlage orientieren: Im Norden der Kykladen weht er meist aus nord\u00f6stlicher Richtung, in der Mitte aus Norden und im S\u00fcden aus Nordwest. Mehr als 200 Inseln und Inselchen geh\u00f6ren zu dieser Inselgruppe \u2013 wer hier segelt, kann Antike erkunden wie etwa die Tempel-Ruinen auf der unbewohnten Insel Delos mit ihren L\u00f6wen-Statuen, in kleinen Altstadtgassen mit vielen wei\u00dfen H\u00e4uschen bummeln, in Mykonos das Nachtleben erforschen, mit dem Leih-Moped Inseln erkunden\u2026und zwischen spannenden Segeltagen auch Str\u00e4nde und Buchten genie\u00dfen.<\/p>\n<p>Kreta, weiter im S\u00fcden gelegen, ist als Charter-Revier noch jung, baut aber derzeit die Infrastruktur mit neuen Marinas aus.<\/p>\n<table class=\"RegionsAndSubregions\" style=\"border-collapse: collapse;\" border=\"0\" cellspacing=\"0\">\n<tbody>\n<tr>\n<td>\n<div class=\"SubregionRepeaterTitle\">\n<h2>\u00c4g\u00e4is \/ Saronischer Golf &#8211; Kykladen<\/h2>\n<\/div>\n<div class=\"SmallLinks\">\n<ul>\n<li><a class=\"SmallLinks\" title=\"\" href=\"https:\/\/yachtcharter-connection.com\/%c3%a4gina\"> \u00c4gina <\/a><\/li>\n<li><a class=\"SmallLinks\" title=\"\" href=\"https:\/\/yachtcharter-connection.com\/athen-stadt-nicht-hafen\"> Athen (Stadt, nicht Hafen) <\/a><\/li>\n<li><a class=\"SmallLinks\" title=\"\" href=\"https:\/\/yachtcharter-connection.com\/finikas-560\"> Finikas <\/a><\/li>\n<li><a class=\"SmallLinks\" title=\"\" href=\"https:\/\/yachtcharter-connection.com\/glyphada-478\"> Glyphada <\/a><\/li>\n<li><a class=\"SmallLinks\" title=\"\" href=\"https:\/\/yachtcharter-connection.com\/heraklion\"> Heraklion <\/a><\/li>\n<li><a class=\"SmallLinks\" title=\"\" href=\"https:\/\/yachtcharter-connection.com\/yachtcharter-ios\"> Ios <\/a><\/li>\n<li><a class=\"SmallLinks\" title=\"\" href=\"https:\/\/yachtcharter-connection.com\/kalamaki-athen-784\"> Kalamaki (Athen) <\/a><\/li>\n<li><a class=\"SmallLinks\" title=\"\" href=\"https:\/\/yachtcharter-connection.com\/lavrion-400\"> Lavrion <\/a><\/li>\n<li><a class=\"SmallLinks\" title=\"\" href=\"https:\/\/yachtcharter-connection.com\/mykonos-335\"> Mykonos <\/a><\/li>\n<li><a class=\"SmallLinks\" title=\"\" href=\"https:\/\/yachtcharter-connection.com\/naxos-180\"> Naxos <\/a><\/li>\n<li><a class=\"SmallLinks\" title=\"\" href=\"https:\/\/yachtcharter-connection.com\/paros-870\"> Paros <\/a><\/li>\n<li><a class=\"SmallLinks\" title=\"\" href=\"https:\/\/yachtcharter-connection.com\/pir%c3%a4us\"> Pir\u00e4us <\/a><\/li>\n<li><a class=\"SmallLinks\" title=\"\" href=\"https:\/\/yachtcharter-connection.com\/poros-681\"> Poros <\/a><\/li>\n<li><a class=\"SmallLinks\" title=\"\" href=\"https:\/\/yachtcharter-connection.com\/porto-heli-254\"> Porto Heli <\/a><\/li>\n<li><a class=\"SmallLinks\" title=\"\" href=\"https:\/\/yachtcharter-connection.com\/portochelion-560\"> Portochelion <\/a><\/li>\n<li><a class=\"SmallLinks\" title=\"\" href=\"https:\/\/yachtcharter-connection.com\/santorin-968\"> Santorin <\/a><\/li>\n<li><a class=\"SmallLinks\" title=\"\" href=\"https:\/\/yachtcharter-connection.com\/serifos-251\"> Serifos <\/a><\/li>\n<li><a class=\"SmallLinks\" title=\"\" href=\"https:\/\/yachtcharter-connection.com\/syros-692\"> Syros <\/a><\/li>\n<\/ul>\n<\/div>\n<\/td>\n<\/tr>\n<\/tbody>\n<\/table>\n<p>&nbsp;<\/p>\n","protected":false},"excerpt":{"rendered":"<p>Yachtcharter \u00c4g\u00e4is &#8211; Saronischer Golf \/ Kykladen Griechenland ist eines der wenigen europ\u00e4ischen L\u00e4nder, wo der Charter-T\u00f6rn direkt in der Hauptstadt beginnen kann. Der saronische Golf liegt vor der Haust\u00fcr, zahlreiche Yachtcharter-Basen direkt in und bei Athen \u2013 in Pir\u00e4us, Kalamaki und Lavrion &#8211; erm\u00f6glichen eine unkomplizierte Anreise zur Charteryacht.<\/p>\n","protected":false},"author":11,"featured_media":0,"parent":532,"menu_order":0,"comment_status":"open","ping_status":"open","template":"","meta":[],"aioseo_notices":[],"_links":{"self":[{"href":"https:\/\/yachtcharter-connection.com\/de\/wp-json\/wp\/v2\/pages\/741"}],"collection":[{"href":"https:\/\/yachtcharter-connection.com\/de\/wp-json\/wp\/v2\/pages"}],"about":[{"href":"https:\/\/yachtcharter-connection.com\/de\/wp-json\/wp\/v2\/types\/page"}],"author":[{"embeddable":true,"href":"https:\/\/yachtcharter-connection.com\/de\/wp-json\/wp\/v2\/users\/11"}],"replies":[{"embeddable":true,"href":"https:\/\/yachtcharter-connection.com\/de\/wp-json\/wp\/v2\/comments?post=741"}],"version-history":[{"count":3,"href":"https:\/\/yachtcharter-connection.com\/de\/wp-json\/wp\/v2\/pages\/741\/revisions"}],"predecessor-version":[{"id":25299,"href":"https:\/\/yachtcharter-connection.com\/de\/wp-json\/wp\/v2\/pages\/741\/revisions\/25299"}],"up":[{"embeddable":true,"href":"https:\/\/yachtcharter-connection.com\/de\/wp-json\/wp\/v2\/pages\/532"}],"wp:attachment":[{"href":"https:\/\/yachtcharter-connection.com\/de\/wp-json\/wp\/v2\/media?parent=741"}],"curies":[{"name":"wp","href":"https:\/\/api.w.org\/{rel}","templated":true}]}}