{"id":742,"date":"2015-08-10T05:53:36","date_gmt":"2015-08-10T05:53:36","guid":{"rendered":"http:\/\/yachtcharter-connection.com.w01e47c6.kasserver.com\/yachtcharter-spanische-k%c3%bcste\/"},"modified":"2016-10-29T18:04:15","modified_gmt":"2016-10-29T16:04:15","slug":"yachtcharter-spanische-k%c3%bcste","status":"publish","type":"page","link":"https:\/\/yachtcharter-connection.com\/de\/regionen\/mittelmeer\/yachtcharter-spanische-k%c3%bcste\/","title":{"rendered":"Spanische K\u00fcste"},"content":{"rendered":"<h3>Yachtcharter Spanische K\u00fcste &#8211; Costa Brava<\/h3>\n<p>\n<img loading=\"lazy\" class=\"content-image\"  height=\"218\" width=\"300\" alt=\"Spanien_Costa_Brava_Cadaques\" src=\"https:\/\/yachtcharter-connection.com\/wp-content\/uploads\/converted_files\/19032\/19032-5624b23d66378.jpg\" \/>Die wildromantische Costa Brava bietet etwas f\u00fcrs Auge: Schroffe Felsen, darauf kleine W\u00e4ldchen mit Pinien und Akazien und typisch mediterrane Macchia-Vegetation, steile Bergh\u00e4nge, malerische Buchten versteckt zwischen Caps, die per Schiff leichter erreichbar sind als mit dem Auto \u00fcber enge Serpentinen, h\u00fcbsche Fischerd\u00f6rfer, sandige Str\u00e4nde, glasklares Wasser, eine bunte Unterwasserwelt und kulinarische K\u00f6stlichkeiten an Land. Die wilde K\u00fcste f\u00e4ngt an den Pyren\u00e4enausl\u00e4ufern nahe der franz\u00f6sischen Grenze an und reicht bis kurz vor Barcelona. <\/p>\n<p>Die Hauptstadt Katalonies kommt denn auch als Ausgangsbasis f\u00fcr den Chartert\u00f6rn in Frage, aber auch zum Beispiel Palam\u00f3s direkt an der Costa Brava. Neben dem Bummeln von Bucht zu Bucht und dem Erkunden der Fischerd\u00f6rfer wie Tamariu und Estartit stehen f\u00fcr Yachtcharter-Crews an der Costa Brava vor allem zwei Themen f\u00fcr Landg\u00e4nge an: Kultur auf den Spuren von Dali &ndash; mit Museen in Figueres und dem ber\u00fchmten Cadaques &ndash; und kulinarische Highlights: So betreibt Ferran Adri\u00e1, Erfinder der ber\u00fchmten Molekulark\u00fcche, sein Restaurant El Bulli in der N\u00e4he von Roses. <\/p>\n<p><img loading=\"lazy\" class=\"content-image\"  height=\"449\" width=\"300\" alt=\"Segelrevier_Costa_Brava_Tossa_de_Mar\" src=\"https:\/\/yachtcharter-connection.com\/wp-content\/uploads\/converted_files\/19032\/19032-5624b23ede5f7.jpg\" \/>Neben den Buchten wartet auf Charterer fast \u00fcberall eine Marina &ndash; von Palam\u00f3s (mit gleich zwei Yachth\u00e4fen) aus gen Norden Llafranc, Aiguablava, L&rsquo;Estartit, L&rsquo;Escala, Empuriabrava, Santa Margarida, Roses, Port de la Selva, Llanc\u00e0, Colera und Portbou. Nach S\u00fcden k\u00f6nnten Port d&rsquo;Aro, Cala Canyelles, Blanes, Arenys, Port Bal\u00eds,  Premi\u00e1 de Mar, Eel Masnou und die Marina Badalona auf dem T\u00f6rnplan nach Barcelona stehen. Zwischen den Marinas sind immer wieder Sandstr\u00e4nde und Calas zu finden, speziell an den langen Str\u00e4nden wir etwa bei Lloret de Mar befinden sich die typischen Touristen-Hochburgen. <\/p>\n<p>Weiter s\u00fcdlich lockt Valencia als Highlight, das seit dem America&rsquo;s Cup 2007 nat\u00fcrlich auch als Segler-Treffpunkt gilt.<\/p>\n<p>Die Winde an der Costa Brava wehen zu 70 Prozent aus nord\u00f6stlichen (Maestral) und nordwestlichen (Gregal) Richtungen &ndash; s\u00fcdlich von Cap de Creus ist das Revier gesch\u00fctzter.<\/p>\n<table  class=\"RegionsAndSubregions\" cellspacing=\"0\" border=\"0\" style=\"border-collapse:collapse;\">\n<tbody>\n<tr>\n<td>\n<div class=\"SubregionRepeaterTitle\">\n<h2> Spanische K\u00fcste <\/h2>\n<\/div>\n<div class=\"SmallLinks\">\n<ul>\n<li><a class=\"SmallLinks\" href=\"https:\/\/yachtcharter-connection.com\/altea-puerto-deportivo-campomanes-138\" title=\"\"> Altea \/ Puerto Deportivo Campomanes <\/a><\/li>\n<li><a class=\"SmallLinks\" href=\"https:\/\/yachtcharter-connection.com\/barcelona-492\" title=\"\"> Barcelona <\/a><\/li>\n<li><a class=\"SmallLinks\" href=\"https:\/\/yachtcharter-connection.com\/barcelona-masnou-453\" title=\"\"> Barcelona \/ Masnou <\/a><\/li>\n<li><a class=\"SmallLinks\" href=\"https:\/\/yachtcharter-connection.com\/benalmadena-133\" title=\"\"> Benalmadena <\/a><\/li>\n<li><a class=\"SmallLinks\" href=\"https:\/\/yachtcharter-connection.com\/castellon-portcastello-255\" title=\"\"> Castell\u00f2n \/ Portcastell\u00f3 <\/a><\/li>\n<li><a class=\"SmallLinks\" href=\"https:\/\/yachtcharter-connection.com\/costa-brava-palamos-171\" title=\"\"> Costa Brava \/ Palam\u00f3s <\/a><\/li>\n<li><a class=\"SmallLinks\" href=\"https:\/\/yachtcharter-connection.com\/costa-brava-port-lescala-208\" title=\"\"> Costa Brava \/ Port L&#39;Escala <\/a><\/li>\n<li><a class=\"SmallLinks\" href=\"https:\/\/yachtcharter-connection.com\/costa-brava-port-lestartit-273\" title=\"\"> Costa Brava \/ Port L&#39;Estartit <\/a><\/li>\n<li><a class=\"SmallLinks\" href=\"https:\/\/yachtcharter-connection.com\/costa-brava-port-palamos-214\" title=\"\"> Costa Brava \/ Port Palam\u00f3s <\/a><\/li>\n<li><a class=\"SmallLinks\" href=\"https:\/\/yachtcharter-connection.com\/costa-brava-sant-feliu-de-guixols-818\" title=\"\"> Costa Brava \/ Sant Feliu de Gu\u00edxols <\/a><\/li>\n<li><a class=\"SmallLinks\" href=\"https:\/\/yachtcharter-connection.com\/denia-766\" title=\"\"> Denia <\/a><\/li>\n<li><a class=\"SmallLinks\" href=\"https:\/\/yachtcharter-connection.com\/playo-daro-821\" title=\"\"> Playo d&#39;aro <\/a><\/li>\n<li><a class=\"SmallLinks\" href=\"https:\/\/yachtcharter-connection.com\/port-mataro-617\" title=\"\"> Port Matar\u00f3 <\/a><\/li>\n<li><a class=\"SmallLinks\" href=\"https:\/\/yachtcharter-connection.com\/valencia-669\" title=\"\"> Valencia <\/a><\/li>\n<\/ul>\n<\/div>\n<\/td>\n<\/tr>\n<\/tbody>\n<\/table>\n","protected":false},"excerpt":{"rendered":"<p>Yachtcharter Spanische K\u00fcste &#8211; Costa Brava Die wildromantische Costa Brava bietet etwas f\u00fcrs Auge: Schroffe Felsen, darauf kleine W\u00e4ldchen mit Pinien und Akazien und typisch mediterrane Macchia-Vegetation, steile Bergh\u00e4nge, malerische Buchten versteckt zwischen Caps, die per Schiff leichter erreichbar sind als mit dem Auto \u00fcber enge Serpentinen, h\u00fcbsche Fischerd\u00f6rfer, sandige<\/p>\n","protected":false},"author":11,"featured_media":0,"parent":532,"menu_order":0,"comment_status":"open","ping_status":"open","template":"","meta":[],"aioseo_notices":[],"_links":{"self":[{"href":"https:\/\/yachtcharter-connection.com\/de\/wp-json\/wp\/v2\/pages\/742"}],"collection":[{"href":"https:\/\/yachtcharter-connection.com\/de\/wp-json\/wp\/v2\/pages"}],"about":[{"href":"https:\/\/yachtcharter-connection.com\/de\/wp-json\/wp\/v2\/types\/page"}],"author":[{"embeddable":true,"href":"https:\/\/yachtcharter-connection.com\/de\/wp-json\/wp\/v2\/users\/11"}],"replies":[{"embeddable":true,"href":"https:\/\/yachtcharter-connection.com\/de\/wp-json\/wp\/v2\/comments?post=742"}],"version-history":[{"count":1,"href":"https:\/\/yachtcharter-connection.com\/de\/wp-json\/wp\/v2\/pages\/742\/revisions"}],"predecessor-version":[{"id":13026,"href":"https:\/\/yachtcharter-connection.com\/de\/wp-json\/wp\/v2\/pages\/742\/revisions\/13026"}],"up":[{"embeddable":true,"href":"https:\/\/yachtcharter-connection.com\/de\/wp-json\/wp\/v2\/pages\/532"}],"wp:attachment":[{"href":"https:\/\/yachtcharter-connection.com\/de\/wp-json\/wp\/v2\/media?parent=742"}],"curies":[{"name":"wp","href":"https:\/\/api.w.org\/{rel}","templated":true}]}}