{"id":743,"date":"2015-08-10T05:53:36","date_gmt":"2015-08-10T05:53:36","guid":{"rendered":"http:\/\/yachtcharter-connection.com.w01e47c6.kasserver.com\/yachtcharter-cote-dazur-ost\/"},"modified":"2017-10-15T12:48:25","modified_gmt":"2017-10-15T10:48:25","slug":"yachtcharter-cote-dazur-ost","status":"publish","type":"page","link":"https:\/\/yachtcharter-connection.com\/de\/regionen\/mittelmeer\/yachtcharter-cote-dazur-ost\/","title":{"rendered":"C\u00f4te d&#8217;Azur \/ Ost"},"content":{"rendered":"<h3>Yachtcharter C\u00f2te d&#8217;Azur<\/h3>\n<p>\n<img loading=\"lazy\" class=\"content-image\"  height=\"200\" width=\"300\" src=\"https:\/\/yachtcharter-connection.com\/wp-content\/uploads\/converted_files\/19035\/19035-5624b240761e0.jpg\" alt=\"Cote d'Azur - Motoryachten in Nizza\" \/>Navigatorisch ist die s\u00fcdfranz\u00f6sische K\u00fcste eher wenig anspruchsvoll und vom Wetter her stabil, wenn nicht gerade Mistrallage herrscht. Ankerbuchten gibt es wenig, daf\u00fcr aber H\u00e4fen und teilweise recht mond\u00e4ne Marinas im \u00dcberfluss.  Der Reiz dieses Reviers liegt jedoch haupts\u00e4chlich an Land. Besonders die alten Stadtkerne vieler Orte haben trotz Jet- Set, Exklusivit\u00e4t, Stars und Sternchen ihren Charme bewahrt und ein einzigartiges Flair. Attraktive Bars und mond\u00e4nes Nightlife warten allerorten &ndash; vom Star&rsquo;s &#038; Bars in Monte Carlo bis zu Bar du Sube in St. Tropez. Nat\u00fcrlich lassen sich von der Charteryacht w\u00e4hrend des T\u00f6rns auch die zahlreichen Promi-Events bestens beobachten wie etwa Formel 1-Rennen in oder das Filmfest in Cannes &ndash; das sind die Zeiten, in denen zumindest im Luxus- und Megayacht-Sektor fast alles ausgebucht ist und Liegepl\u00e4tze zu Rarit\u00e4ten werden. <\/p>\n<p>Aber das echte Seglerherz schl\u00e4gt vor allem bei einer anderen Art von Events h\u00f6her: Was einmal mit einer Klassiker-Regatta in St. Tropez rund um eine Tonne namens La Nioulargue begonnen hatte, hat sich l\u00e4ngst zu einem Regatta-Circuit der sch\u00f6nsten segelnden klassischen Yachten entwickelt und tourt im Sommer als Panerai Classic Yachts Challenge durchs Mittelmeer. Im Juni finden die ersten Wettfahren in Europa bei den Voiles d&rsquo;Antibes statt, im September trifft man sich bei den R\u00e9gates Royales in Cannes. Auch au\u00dferhalb der Panerai Challenge werden zahlreiche Classic Weeks organisiert. Und wer Dennis Connor und andere America&rsquo;s Cup-Gr\u00f6\u00dfen in den Klassiker-Cockpits sieht, kann sich dem Hauch von Seglernostalgie nicht entziehen beim Anblick blankgeputzten Messings und gl\u00e4nzenden Mahagonis.<br type=\"_moz\" \/><br \/>\n<\/p>\n<table  class=\"RegionsAndSubregions\" cellspacing=\"0\" border=\"0\" style=\"border-collapse:collapse;\">\n<tbody>\n<tr>\n<td>\n<div class=\"SubregionRepeaterTitle\">\n<h2> C\u00f4te d&#39;Azur \/ Ost <\/h2>\n<\/div>\n<div class=\"SmallLinks\">\n<ul>\n<li><a class=\"SmallLinks\" href=\"https:\/\/yachtcharter-connection.com\/antibes-124\" title=\"\"> Antibes <\/a><\/li>\n<li><a class=\"SmallLinks\" href=\"https:\/\/yachtcharter-connection.com\/argens-669\" title=\"\"> Argens <\/a><\/li>\n<li><a class=\"SmallLinks\" href=\"https:\/\/yachtcharter-connection.com\/beaucaire-878\" title=\"\"> Beaucaire <\/a><\/li>\n<li><a class=\"SmallLinks\" href=\"https:\/\/yachtcharter-connection.com\/bellegarde-919\" title=\"\"> Bellegarde <\/a><\/li>\n<li><a class=\"SmallLinks\" href=\"https:\/\/yachtcharter-connection.com\/cannes-290\" title=\"\"> Cannes <\/a><\/li>\n<li><a class=\"SmallLinks\" href=\"https:\/\/yachtcharter-connection.com\/cogolin-556\" title=\"\"> Cogolin <\/a><\/li>\n<li><a class=\"SmallLinks\" href=\"https:\/\/yachtcharter-connection.com\/golfe-juan-626\" title=\"\"> Golfe Juan <\/a><\/li>\n<li><a class=\"SmallLinks\" href=\"https:\/\/yachtcharter-connection.com\/menton-garavan-501\" title=\"\"> Menton \/ Garavan <\/a><\/li>\n<li><a class=\"SmallLinks\" href=\"https:\/\/yachtcharter-connection.com\/monaco-142\" title=\"\"> Monaco <\/a><\/li>\n<li><a class=\"SmallLinks\" href=\"https:\/\/yachtcharter-connection.com\/nizza\" title=\"\"> Nizza <\/a><\/li>\n<li><a class=\"SmallLinks\" href=\"https:\/\/yachtcharter-connection.com\/port-cassafieres-camar-417\" title=\"\"> Port Cassafieres (Camar.) <\/a><\/li>\n<li><a class=\"SmallLinks\" href=\"https:\/\/yachtcharter-connection.com\/port-cassafieres-midi-854\" title=\"\"> Port Cassafieres (Midi) <\/a><\/li>\n<li><a class=\"SmallLinks\" href=\"https:\/\/yachtcharter-connection.com\/port-grimaud-327\" title=\"\"> Port Grimaud <\/a><\/li>\n<li><a class=\"SmallLinks\" href=\"https:\/\/yachtcharter-connection.com\/roquebrune-192\" title=\"\"> Roquebrune <\/a><\/li>\n<li><a class=\"SmallLinks\" href=\"https:\/\/yachtcharter-connection.com\/st-cyprien-714\" title=\"\"> St. Cyprien <\/a><\/li>\n<li><a class=\"SmallLinks\" href=\"https:\/\/yachtcharter-connection.com\/st-raphael-317\" title=\"\"> St. Raphael <\/a><\/li>\n<\/ul>\n<\/div>\n<\/td>\n<\/tr>\n<\/tbody>\n<\/table>\n","protected":false},"excerpt":{"rendered":"<p>Yachtcharter C\u00f2te d&#8217;Azur Navigatorisch ist die s\u00fcdfranz\u00f6sische K\u00fcste eher wenig anspruchsvoll und vom Wetter her stabil, wenn nicht gerade Mistrallage herrscht. Ankerbuchten gibt es wenig, daf\u00fcr aber H\u00e4fen und teilweise recht mond\u00e4ne Marinas im \u00dcberfluss. Der Reiz dieses Reviers liegt jedoch haupts\u00e4chlich an Land. Besonders die alten Stadtkerne vieler Orte<\/p>\n","protected":false},"author":11,"featured_media":0,"parent":532,"menu_order":0,"comment_status":"open","ping_status":"open","template":"","meta":[],"aioseo_notices":[],"_links":{"self":[{"href":"https:\/\/yachtcharter-connection.com\/de\/wp-json\/wp\/v2\/pages\/743"}],"collection":[{"href":"https:\/\/yachtcharter-connection.com\/de\/wp-json\/wp\/v2\/pages"}],"about":[{"href":"https:\/\/yachtcharter-connection.com\/de\/wp-json\/wp\/v2\/types\/page"}],"author":[{"embeddable":true,"href":"https:\/\/yachtcharter-connection.com\/de\/wp-json\/wp\/v2\/users\/11"}],"replies":[{"embeddable":true,"href":"https:\/\/yachtcharter-connection.com\/de\/wp-json\/wp\/v2\/comments?post=743"}],"version-history":[{"count":2,"href":"https:\/\/yachtcharter-connection.com\/de\/wp-json\/wp\/v2\/pages\/743\/revisions"}],"predecessor-version":[{"id":25227,"href":"https:\/\/yachtcharter-connection.com\/de\/wp-json\/wp\/v2\/pages\/743\/revisions\/25227"}],"up":[{"embeddable":true,"href":"https:\/\/yachtcharter-connection.com\/de\/wp-json\/wp\/v2\/pages\/532"}],"wp:attachment":[{"href":"https:\/\/yachtcharter-connection.com\/de\/wp-json\/wp\/v2\/media?parent=743"}],"curies":[{"name":"wp","href":"https:\/\/api.w.org\/{rel}","templated":true}]}}