{"id":744,"date":"2015-08-10T05:53:36","date_gmt":"2015-08-10T05:53:36","guid":{"rendered":"http:\/\/yachtcharter-connection.com.w01e47c6.kasserver.com\/yachtcharter-adria-s%c3%bcd\/"},"modified":"2025-03-02T12:50:40","modified_gmt":"2025-03-02T10:50:40","slug":"yachtcharter-adria-sued","status":"publish","type":"page","link":"https:\/\/yachtcharter-connection.com\/de\/regionen\/mittelmeer\/yachtcharter-adria-sued\/","title":{"rendered":"Adria \/ S\u00fcd"},"content":{"rendered":"<h3>Yachtcharter S\u00fcdliche Adria<\/h3>\n<p><img loading=\"lazy\" class=\"content-image\" src=\"https:\/\/yachtcharter-connection.com\/wp-content\/uploads\/converted_files\/19038\/19038-5624b241e15e7.jpg\" alt=\"Segelrevier-Kroatien-Dalmatien-S\u00fcdliche Adria\" width=\"300\" height=\"225\" \/>Einige der sch\u00f6nsten Yachtcharter-Reviere des Mittelmeers liegen an der K\u00fcste der s\u00fcdlichen Adria. Zahlreiche Yachtcharter-Basen haben ihren Sitz in modernen Marinas im mittleren und s\u00fcdlichen Kroatien. Die beliebtesten Yachtcharter-St\u00fctzpunkte in Mittel- und S\u00fcd-Dalmatien sind die Yachtcharter-Basen in Trogir, Split, Marina Kastela und Dubrovnik.<\/p>\n<p>Auch in Montenegro gibt es bereits mehr M\u00f6glichkeiten f\u00fcr Yachtcharter-Urlauber als noch vor einigen Jahren, der Yachtcharter-Tourismus w\u00e4chst: Montenegro mit Yachtcharter-Basis in Kotor ist ein Land f\u00fcr Yachtcharter-Crews, die Neuland erkunden wollen.<\/p>\n<p>Mehr Informationen sind bei den detaillierten Beschreibungen von <a href=\"~\/Yachtcharter_kroatien.html\" target=\"_blank\" rel=\"noopener\">Yachtcharter Kroatien<\/a> und <a href=\"~\/Yachtcharter_montenegro.html\" target=\"_blank\" rel=\"noopener\">Yachtcharter Montenegro <\/a>zu finden.<\/p>\n<p>&nbsp;<\/p>\n<table class=\"RegionsAndSubregions\" style=\"border-collapse: collapse;\" border=\"0\" cellspacing=\"0\">\n<tbody>\n<tr>\n<td>\n<div class=\"SubregionRepeaterTitle\">\n<h2>Adria \/ S\u00fcd<\/h2>\n<\/div>\n<div class=\"SmallLinks\">\n<ul>\n<li><a class=\"SmallLinks\" title=\"\" href=\"https:\/\/yachtcharter-connection.com\/de\/baska-voda-870\"> Baska Voda <\/a><\/li>\n<li><a class=\"SmallLinks\" title=\"\" href=\"https:\/\/yachtcharter-connection.com\/de\/yachtcharter-brac-milna-split\"> Brac \/ Milna (Split) <\/a><\/li>\n<li><a class=\"SmallLinks\" title=\"\" href=\"https:\/\/yachtcharter-connection.com\/de\/dubrovnik-314\"> Dubrovnik <\/a><\/li>\n<li><a class=\"SmallLinks\" title=\"\" href=\"https:\/\/yachtcharter-connection.com\/yachtcharter-korcula\"> Korcula <\/a><\/li>\n<li><a class=\"SmallLinks\" title=\"\" href=\"https:\/\/yachtcharter-connection.com\/de\/krvavica-525\"> Krvavica <\/a><\/li>\n<li><a class=\"SmallLinks\" title=\"\" href=\"https:\/\/yachtcharter-connection.com\/marinaana-185\"> Marina Agana <\/a><\/li>\n<li><a class=\"SmallLinks\" title=\"\" href=\"https:\/\/yachtcharter-connection.com\/de\/marina-kastela-673\"> Marina Kastela <\/a><\/li>\n<li><a class=\"SmallLinks\" title=\"\" href=\"https:\/\/yachtcharter-connection.com\/de\/marina-tu%c4%8depi-812\"> Marina Tu\u010depi <\/a><\/li>\n<li><a class=\"SmallLinks\" title=\"\" href=\"https:\/\/yachtcharter-connection.com\/de\/primosten-marina-kremik-576\"> Primosten \/ Marina Kremik <\/a><\/li>\n<li><a class=\"SmallLinks\" title=\"\" href=\"https:\/\/yachtcharter-connection.com\/de\/rogoznica-360\"> Rogoznica <\/a><\/li>\n<li><a class=\"SmallLinks\" title=\"\" href=\"https:\/\/yachtcharter-connection.com\/de\/skradin-279\"> Skradin <\/a><\/li>\n<li><a class=\"SmallLinks\" title=\"\" href=\"https:\/\/yachtcharter-connection.com\/de\/solin-948\"> Solin <\/a><\/li>\n<li><a class=\"SmallLinks\" title=\"\" href=\"https:\/\/yachtcharter-connection.com\/de\/solta-rogac-split-587\"> Solta \/ Rogac (Split) <\/a><\/li>\n<li><a class=\"SmallLinks\" title=\"\" href=\"https:\/\/yachtcharter-connection.com\/de\/split-812\"> Split <\/a><\/li>\n<li><a class=\"SmallLinks\" title=\"\" href=\"https:\/\/yachtcharter-connection.com\/de\/trogir-412\"> Trogir <\/a><\/li>\n<li><a class=\"SmallLinks\" title=\"\" href=\"https:\/\/yachtcharter-connection.com\/de\/vinisce-786\"> Vinisce <\/a><\/li>\n<\/ul>\n<\/div>\n<\/td>\n<\/tr>\n<\/tbody>\n<\/table>\n","protected":false},"excerpt":{"rendered":"<p>Yachtcharter S\u00fcdliche Adria Einige der sch\u00f6nsten Yachtcharter-Reviere des Mittelmeers liegen an der K\u00fcste der s\u00fcdlichen Adria. Zahlreiche Yachtcharter-Basen haben ihren Sitz in modernen Marinas im mittleren und s\u00fcdlichen Kroatien. Die beliebtesten Yachtcharter-St\u00fctzpunkte in Mittel- und S\u00fcd-Dalmatien sind die Yachtcharter-Basen in Trogir, Split, Marina Kastela und Dubrovnik. Auch in Montenegro gibt<\/p>\n","protected":false},"author":11,"featured_media":0,"parent":532,"menu_order":0,"comment_status":"open","ping_status":"open","template":"","meta":[],"aioseo_notices":[],"_links":{"self":[{"href":"https:\/\/yachtcharter-connection.com\/de\/wp-json\/wp\/v2\/pages\/744"}],"collection":[{"href":"https:\/\/yachtcharter-connection.com\/de\/wp-json\/wp\/v2\/pages"}],"about":[{"href":"https:\/\/yachtcharter-connection.com\/de\/wp-json\/wp\/v2\/types\/page"}],"author":[{"embeddable":true,"href":"https:\/\/yachtcharter-connection.com\/de\/wp-json\/wp\/v2\/users\/11"}],"replies":[{"embeddable":true,"href":"https:\/\/yachtcharter-connection.com\/de\/wp-json\/wp\/v2\/comments?post=744"}],"version-history":[{"count":3,"href":"https:\/\/yachtcharter-connection.com\/de\/wp-json\/wp\/v2\/pages\/744\/revisions"}],"predecessor-version":[{"id":31236,"href":"https:\/\/yachtcharter-connection.com\/de\/wp-json\/wp\/v2\/pages\/744\/revisions\/31236"}],"up":[{"embeddable":true,"href":"https:\/\/yachtcharter-connection.com\/de\/wp-json\/wp\/v2\/pages\/532"}],"wp:attachment":[{"href":"https:\/\/yachtcharter-connection.com\/de\/wp-json\/wp\/v2\/media?parent=744"}],"curies":[{"name":"wp","href":"https:\/\/api.w.org\/{rel}","templated":true}]}}