{"id":745,"date":"2015-08-10T05:53:36","date_gmt":"2015-08-10T05:53:36","guid":{"rendered":"http:\/\/yachtcharter-connection.com.w01e47c6.kasserver.com\/yachtcharter-algarve-costa-de-la-luz\/"},"modified":"2016-10-29T18:55:05","modified_gmt":"2016-10-29T16:55:05","slug":"yachtcharter-algarve-costa-de-la-luz","status":"publish","type":"page","link":"https:\/\/yachtcharter-connection.com\/de\/regionen\/atlantik-westeuropa\/yachtcharter-algarve-costa-de-la-luz\/","title":{"rendered":"Algarve &#8211; Costa de la Luz"},"content":{"rendered":"<h3>Yachtcharter Algarve &#8211; Costa de la Luz<\/h3>\n<p>\n<img class=\"content-image\"  src=\"https:\/\/yachtcharter-connection.com\/wp-content\/uploads\/converted_files\/19041\/19041-5624b2461a8ae.jpg\" alt=\"Yachtcharter Algarve - Costa de la Luz\" style=\"width: 300px; height: 200px;\" \/><\/p>\n<p><\/p>\n<table  class=\"RegionsAndSubregions\" cellspacing=\"0\" border=\"0\" style=\"border-collapse:collapse;\">\n<tbody>\n<tr>\n<td>\n<div class=\"SubregionRepeaterTitle\">\n<h2> Algarve &#8211; Costa de la Luz <\/h2>\n<\/div>\n<div class=\"SmallLinks\">\n<ul>\n<li><a class=\"SmallLinks\" href=\"https:\/\/yachtcharter-connection.com\/faro-marina-vilamoura-868\" title=\"\"> Faro \/ Marina Vilamoura <\/a><\/li>\n<li><a class=\"SmallLinks\" href=\"https:\/\/yachtcharter-connection.com\/huelva-315\" title=\"\"> Huelva <\/a><\/li>\n<li><a class=\"SmallLinks\" href=\"https:\/\/yachtcharter-connection.com\/lagos-390\" title=\"\"> Lagos <\/a><\/li>\n<li><a class=\"SmallLinks\" href=\"https:\/\/yachtcharter-connection.com\/lissabon-marina-cascais\" title=\"\"> Lissabon \/ Marina Cascais <\/a><\/li>\n<li><a class=\"SmallLinks\" href=\"https:\/\/yachtcharter-connection.com\/lissabon-oeiras\" title=\"\"> Lissabon \/ Oeiras <\/a><\/li>\n<li><a class=\"SmallLinks\" href=\"https:\/\/yachtcharter-connection.com\/mazagon-146\" title=\"\"> Mazag\u00f3n <\/a><\/li>\n<li><a class=\"SmallLinks\" href=\"https:\/\/yachtcharter-connection.com\/portimao-216\" title=\"\"> Portimao <\/a><\/li>\n<li><a class=\"SmallLinks\" href=\"https:\/\/yachtcharter-connection.com\/punta-umbria-580\" title=\"\"> Punta Umbr\u00eda <\/a><\/li>\n<li><a class=\"SmallLinks\" href=\"https:\/\/yachtcharter-connection.com\/yachtcharter-troia\" title=\"\"> Tr\u00f3ia <\/a><\/li>\n<\/ul>\n<\/div>\n<\/td>\n<\/tr>\n<\/tbody>\n<\/table>\n","protected":false},"excerpt":{"rendered":"<p>Yachtcharter Algarve &#8211; Costa de la Luz Algarve &#8211; Costa de la Luz Faro \/ Marina Vilamoura Huelva Lagos Lissabon \/ Marina Cascais Lissabon \/ Oeiras Mazag\u00f3n Portimao Punta Umbr\u00eda Tr\u00f3ia<\/p>\n","protected":false},"author":11,"featured_media":0,"parent":545,"menu_order":0,"comment_status":"open","ping_status":"open","template":"","meta":[],"aioseo_notices":[],"_links":{"self":[{"href":"https:\/\/yachtcharter-connection.com\/de\/wp-json\/wp\/v2\/pages\/745"}],"collection":[{"href":"https:\/\/yachtcharter-connection.com\/de\/wp-json\/wp\/v2\/pages"}],"about":[{"href":"https:\/\/yachtcharter-connection.com\/de\/wp-json\/wp\/v2\/types\/page"}],"author":[{"embeddable":true,"href":"https:\/\/yachtcharter-connection.com\/de\/wp-json\/wp\/v2\/users\/11"}],"replies":[{"embeddable":true,"href":"https:\/\/yachtcharter-connection.com\/de\/wp-json\/wp\/v2\/comments?post=745"}],"version-history":[{"count":1,"href":"https:\/\/yachtcharter-connection.com\/de\/wp-json\/wp\/v2\/pages\/745\/revisions"}],"predecessor-version":[{"id":13559,"href":"https:\/\/yachtcharter-connection.com\/de\/wp-json\/wp\/v2\/pages\/745\/revisions\/13559"}],"up":[{"embeddable":true,"href":"https:\/\/yachtcharter-connection.com\/de\/wp-json\/wp\/v2\/pages\/545"}],"wp:attachment":[{"href":"https:\/\/yachtcharter-connection.com\/de\/wp-json\/wp\/v2\/media?parent=745"}],"curies":[{"name":"wp","href":"https:\/\/api.w.org\/{rel}","templated":true}]}}