{"id":746,"date":"2015-08-10T05:53:36","date_gmt":"2015-08-10T03:53:36","guid":{"rendered":"http:\/\/yachtcharter-connection.com.w01e47c6.kasserver.com\/yachtcharter-kanarische-inseln\/"},"modified":"2025-10-10T10:15:24","modified_gmt":"2025-10-10T08:15:24","slug":"yachtcharter-kanarische-inseln","status":"publish","type":"page","link":"https:\/\/yachtcharter-connection.com\/de\/regionen\/atlantik-westafrika\/yachtcharter-kanarische-inseln\/","title":{"rendered":"Kanarische Inseln"},"content":{"rendered":"<h1>Yachtcharter Kanarische Inseln<\/h1>\n<p style=\"text-align: center;\">\n<span style=\"color: #ff0000;\">Hinweis: Bitte etwas Geduld, die Ladezeit der Charterangebote dauern evtl. einen kleinen Moment.<\/span><\/p>\n<p><iframe loading=\"lazy\" width=\"100%\" height=\"1000\" frameborder=\"0\" scrolling=\"auto\" src=\"https:\/\/www.booking-manager.com\/wbm2\/page.html?companyid=662&amp;setlang=de&amp;bm_view=SearchResult&amp;filter_flexibility=in_year&amp;sortBy=11&amp;sortDirection=-1&amp;filter_region=14&amp;filter_country=ES\"><\/iframe><\/p>\n<p>&nbsp;<\/p>\n<p><a href=\"https:\/\/yachtcharter-connection.com\/wp-content\/uploads\/2015\/08\/Canary-Islands-Fuerteventura-Corralejo-view-to-Lanzarote800600.jpg\"><img loading=\"lazy\" class=\"alignleft size-full wp-image-25018\" src=\"https:\/\/yachtcharter-connection.com\/wp-content\/uploads\/2015\/08\/Canary-Islands-Fuerteventura-Corralejo-view-to-Lanzarote800600.jpg\" alt=\"Canary Islands Sailing\" width=\"600\" height=\"448\" srcset=\"https:\/\/yachtcharter-connection.com\/wp-content\/uploads\/2015\/08\/Canary-Islands-Fuerteventura-Corralejo-view-to-Lanzarote800600.jpg 600w, https:\/\/yachtcharter-connection.com\/wp-content\/uploads\/2015\/08\/Canary-Islands-Fuerteventura-Corralejo-view-to-Lanzarote800600-300x224.jpg 300w\" sizes=\"(max-width: 600px) 100vw, 600px\" \/><\/a>Treffpunkt der Seglerszene sind die Kanarischen Inseln, die als Yachtcharter-Revier zunehmend beliebter werden, vor allem im November, wenn sich Hunderte von Yachten hier versammeln, um gemeinsam zur Atlantik\u00fcberquerung mit der Atlantic Rallye for Cruisers in Richtung St. Lucia zu starten. Die sieben Inseln vor der afrikanischen K\u00fcste waren schon f\u00fcr die Seefahrer und Eroberer von Columbus bis Sir Francis Drake wichtiger Zwischenstopp auf dem Weg in die Neue Welt.<\/p>\n<p>Ein typisches Yachtcharter-Revier f\u00fcr die Massen sind die Kanaren zwar noch nicht. Aber immer mehr Yachtcharter Kanaren-Crews freuen sich auf anspruchsvolles Segeln. Das Yachtcharter-Revier Kanarische Inseln reizt zudem durch die v\u00f6llig unterschiedlichen Landschaften auf den verschiedenen Inseln, die somit auch beim Landgang jede Menge Abwechslung bieten. D\u00fcnenlandschaften, Bergtouren, Stadt-Trubel in Las Palmas oder der idyllische Hafen von Puerto Mogan auf Gran Canaria, der schneebedeckte Teide, das malerische Puerto de la Cruz, Touristen-Shoppingmeilen oder vertr\u00e4umte Hafenorte wie Los Abrigos auf Teneriffa, Lava-Tour auf dem Vulkan und faszinierende Bauwerke von Manrique auf Lanzarote, W\u00fcstenlandschaften und endlose Str\u00e4nde auf Fuerteventura, Naturidylle auf La Gomera, Segeln zum Whale-Watching zwischen den Inseln &#8211; Abwechslung gibt es genug!<\/p>\n<p>Die richtige Planung der langen Distanzen und das Handling der Yacht im meist kr\u00e4ftigen Wind setzt schon einige Segelerfahrung seitens der Yachtcharter-Crews voraus, die sich auch mit Gezeiten auskennen sollten. Zwischen den Inseln entwickelt sich ein enormer D\u00fcseneffekt, bei dem der Wind etwa 15 Knoten st\u00e4rker weht als auf freier See. Dadurch entsteht zudem hoher Seegang. Ankerbuchten f\u00fcr Yachtcharter-Crews gibt es im gesamten Gebiet kaum.<\/p>\n<p><a href=\"https:\/\/yachtcharter-connection.com\/wp-content\/uploads\/2015\/08\/Canary-Islands-Tenerife-Marina-del-Sur800600.jpg\"><img loading=\"lazy\" class=\"alignleft size-full wp-image-25019\" src=\"https:\/\/yachtcharter-connection.com\/wp-content\/uploads\/2015\/08\/Canary-Islands-Tenerife-Marina-del-Sur800600.jpg\" alt=\"Canary-Islands-Tenerife-Marina-del-Sur800600\" width=\"600\" height=\"413\" srcset=\"https:\/\/yachtcharter-connection.com\/wp-content\/uploads\/2015\/08\/Canary-Islands-Tenerife-Marina-del-Sur800600.jpg 600w, https:\/\/yachtcharter-connection.com\/wp-content\/uploads\/2015\/08\/Canary-Islands-Tenerife-Marina-del-Sur800600-300x207.jpg 300w\" sizes=\"(max-width: 600px) 100vw, 600px\" \/><\/a>Daf\u00fcr entstanden in den letzten Jahren zunehmend moderne Marinas mit kompletter Infrastruktur f\u00fcr Yachtcharter-Crews. Chartersegler, die lange Distanzen scheuen, k\u00f6nnen jetzt auch bequem einen Genuss-Yachtcharter-T\u00f6rn entlang den K\u00fcsten etwa einer der gro\u00dfen Inseln mit &#8220;Hafen-Hopping&#8221; verbringen und haben dabei eine deutlich gr\u00f6\u00dfere Auswahl an Yachth\u00e4fen als fr\u00fcher.<\/p>\n<p>Und die Yachtcharter Kanaren-Crew kann nach dem Segeltag getrost die Bordk\u00fcche kalt lassen, weil es in jedem Hafen eine gro\u00dfe Auswahl an Restaurants gibt \u2013 und diese sind auf den Kanaren meist gut und preiswert, bieten viele leckere Fischgerichte, Steaks zu akzeptablen Preisen und als Spezialit\u00e4t Papas arrugadas, mit Meersalz gekochte Kartoffeln in scharfer Mojo-Sauce, f\u00fcr manche schnell ein neues Leibgericht. Da die Kanaren innerhalb der Europ\u00e4ischen Union immer noch einen Sonderstatus genie\u00dfen, f\u00fchlen sich auch Shopping-Freunde \u00fcberall wohl.<\/p>\n<p><strong>Charteryachten auf den Kanaren<\/strong> gibt es auf mehreren Inseln; f\u00fcr Yachtcharter in Gran Canaria unter anderem in <a href=\"https:\/\/yachtcharter-connection.com\/de\/regionen\/atlantik-westafrika\/yachtcharter-kanarische-inseln\/gran-canaria-las-palmas-de-gran-canaria-802\/\" target=\"_blank\" rel=\"noopener\">Las Palmas<\/a> , Yachtcharter Teneriffa-Crews starten in <a href=\"https:\/\/yachtcharter-connection.com\/de\/regionen\/atlantik-westafrika\/yachtcharter-kanarische-inseln\/teneriffa-santa-cruz-de-tenerife\/\" target=\"_blank\" rel=\"noopener\">Santa Cruz de Tenerife<\/a> oder im nahegelegenen <a href=\"https:\/\/yachtcharter-connection.com\/de\/regionen\/atlantik-westafrika\/yachtcharter-kanarische-inseln\/teneriffa-puerto-deportivo-radazul\/\" target=\"_blank\" rel=\"noopener\">Puerto Deportivo Radazul<\/a>, im S\u00fcdosten in <a href=\"https:\/\/yachtcharter-connection.com\/de\/regionen\/atlantik-westafrika\/yachtcharter-kanarische-inseln\/teneriffa-san-miguel\/\" target=\"_blank\" rel=\"noopener\">San Miguel<\/a> und in der\u00a0 <a href=\"https:\/\/yachtcharter-connection.com\/de\/regionen\/atlantik-westafrika\/yachtcharter-kanarische-inseln\/teneriffa-arona-las-galletas\/\" target=\"_blank\" rel=\"noopener\">Marina del Sur &#8211; Las Galletas<\/a>, in Lanzarote gibt es Charterflotten mit Segelyachten unter anderem in <a href=\"https:\/\/yachtcharter-connection.com\/de\/regionen\/atlantik-westafrika\/yachtcharter-kanarische-inseln\/yachtcharter-lanzarote-arrecife\/\" target=\"_blank\" rel=\"noopener\">Arrecife<\/a>\u00a0 oder in der <a href=\"https:\/\/yachtcharter-connection.com\/de\/regionen\/atlantik-westafrika\/yachtcharter-kanarische-inseln\/lanzarote-marina-rubicon-383\/\" target=\"_blank\" rel=\"noopener\">Marina Rubicon auf Lanzarote<\/a>. Das Netz an Yachtliegepl\u00e4tzen wurde und wird kr\u00e4ftig ausgebaut.<\/p>\n<p>&nbsp;<\/p>\n<table class=\"RegionsAndSubregions\" style=\"border-collapse: collapse;\" border=\"0\" cellspacing=\"0\">\n<tbody>\n<tr>\n<td>\n<div class=\"SubregionRepeaterTitle\">\n<h2>Kanarische Inseln<\/h2>\n<\/div>\n<div class=\"SmallLinks\">\n<ul>\n<li><a class=\"SmallLinks\" title=\"\" href=\"https:\/\/yachtcharter-connection.com\/de\/azoren-ilha-do-pico\"> Azoren \/ Ilha do Pico <\/a><\/li>\n<li><a class=\"SmallLinks\" title=\"\" href=\"https:\/\/yachtcharter-connection.com\/de\/azoren-st-miguel\"> Azoren \/ St. Miguel <\/a><\/li>\n<li><a class=\"SmallLinks\" title=\"\" href=\"https:\/\/yachtcharter-connection.com\/de\/gran-canaria-las-palmas-de-gran-canaria-802\"> Gran Canaria \/ Las Palmas de Gran Canaria <\/a><\/li>\n<li><a class=\"SmallLinks\" title=\"\" href=\"https:\/\/yachtcharter-connection.com\/de\/gran-canaria-puerto-de-mogan-986\"> Gran Canaria \/ Puerto de Mogan <\/a><\/li>\n<li><a class=\"SmallLinks\" title=\"\" href=\"https:\/\/yachtcharter-connection.com\/de\/gran-canaria-puerto-rico-295\"> Gran Canaria \/ Puerto Rico <\/a><\/li>\n<li><a class=\"SmallLinks\" title=\"\" href=\"https:\/\/yachtcharter-connection.com\/de\/la-gomera-san-sebastian-692\"> La Gomera \/ San Sebasti\u00e0n <\/a><\/li>\n<li><a class=\"SmallLinks\" title=\"\" href=\"https:\/\/yachtcharter-connection.com\/de\/yachtcharter-lanzarote-arrecife\"> Lanzarote \/ Arrecife <\/a><\/li>\n<li><a class=\"SmallLinks\" title=\"\" href=\"https:\/\/yachtcharter-connection.com\/de\/yachtcharter-lanzarote-isla-graciosa-caleta-de-sebo\"> Lanzarote \/ Isla Graciosa \/ Caleta de Sebo <\/a><\/li>\n<li><a class=\"SmallLinks\" title=\"\" href=\"https:\/\/yachtcharter-connection.com\/de\/lanzarote-marina-rubicon-383\"> Lanzarote \/ Marina Rubicon <\/a><\/li>\n<li><a class=\"SmallLinks\" title=\"\" href=\"https:\/\/yachtcharter-connection.com\/de\/lanzarote-puerto-calero-538\"> Lanzarote \/ Puerto Calero <\/a><\/li>\n<li><a class=\"SmallLinks\" title=\"\" href=\"https:\/\/yachtcharter-connection.com\/de\/las-palmas-604\"> Las Palmas <\/a><\/li>\n<li><a class=\"SmallLinks\" title=\"\" href=\"https:\/\/yachtcharter-connection.com\/de\/yachtcharter-madeira-funchal\"> Madeira \/ Funchal <\/a><\/li>\n<li><a class=\"SmallLinks\" title=\"\" href=\"https:\/\/yachtcharter-connection.com\/de\/teneriffa-arona-las-galletas\"> Teneriffa \/ Las Galletas <\/a><\/li>\n<li><a class=\"SmallLinks\" title=\"\" href=\"https:\/\/yachtcharter-connection.com\/de\/teneriffa-puerto-colon\"> Teneriffa \/ Puerto Colon <\/a><\/li>\n<li><a class=\"SmallLinks\" title=\"\" href=\"https:\/\/yachtcharter-connection.com\/de\/teneriffa-puerto-deportivo-radazul\"> Teneriffa \/ Puerto Deportivo Radazul <\/a><\/li>\n<li><a class=\"SmallLinks\" title=\"\" href=\"https:\/\/yachtcharter-connection.com\/de\/teneriffa-san-miguel\"> Teneriffa \/ San Miguel <\/a><\/li>\n<li><a class=\"SmallLinks\" title=\"\" href=\"https:\/\/yachtcharter-connection.com\/de\/teneriffa-santa-cruz-de-tenerife\"> Teneriffa \/ Santa Cruz de Tenerife <\/a><\/li>\n<\/ul>\n<\/div>\n<\/td>\n<\/tr>\n<\/tbody>\n<\/table>\n","protected":false},"excerpt":{"rendered":"<p>Yachtcharter Kanarische Inseln Hinweis: Bitte etwas Geduld, die Ladezeit der Charterangebote dauern evtl. einen kleinen Moment. &nbsp; Treffpunkt der Seglerszene sind die Kanarischen Inseln, die als Yachtcharter-Revier zunehmend beliebter werden, vor allem im November, wenn sich Hunderte von Yachten hier versammeln, um gemeinsam zur Atlantik\u00fcberquerung mit der Atlantic Rallye for<\/p>\n","protected":false},"author":11,"featured_media":0,"parent":533,"menu_order":0,"comment_status":"open","ping_status":"closed","template":"","meta":[],"aioseo_notices":[],"_links":{"self":[{"href":"https:\/\/yachtcharter-connection.com\/de\/wp-json\/wp\/v2\/pages\/746"}],"collection":[{"href":"https:\/\/yachtcharter-connection.com\/de\/wp-json\/wp\/v2\/pages"}],"about":[{"href":"https:\/\/yachtcharter-connection.com\/de\/wp-json\/wp\/v2\/types\/page"}],"author":[{"embeddable":true,"href":"https:\/\/yachtcharter-connection.com\/de\/wp-json\/wp\/v2\/users\/11"}],"replies":[{"embeddable":true,"href":"https:\/\/yachtcharter-connection.com\/de\/wp-json\/wp\/v2\/comments?post=746"}],"version-history":[{"count":7,"href":"https:\/\/yachtcharter-connection.com\/de\/wp-json\/wp\/v2\/pages\/746\/revisions"}],"predecessor-version":[{"id":31411,"href":"https:\/\/yachtcharter-connection.com\/de\/wp-json\/wp\/v2\/pages\/746\/revisions\/31411"}],"up":[{"embeddable":true,"href":"https:\/\/yachtcharter-connection.com\/de\/wp-json\/wp\/v2\/pages\/533"}],"wp:attachment":[{"href":"https:\/\/yachtcharter-connection.com\/de\/wp-json\/wp\/v2\/media?parent=746"}],"curies":[{"name":"wp","href":"https:\/\/api.w.org\/{rel}","templated":true}]}}