{"id":747,"date":"2015-08-10T05:53:36","date_gmt":"2015-08-10T05:53:36","guid":{"rendered":"http:\/\/yachtcharter-connection.com.w01e47c6.kasserver.com\/yachtcharter-deutsche-ostsee\/"},"modified":"2016-10-29T18:04:54","modified_gmt":"2016-10-29T16:04:54","slug":"yachtcharter-deutsche-ostsee","status":"publish","type":"page","link":"https:\/\/yachtcharter-connection.com\/de\/regionen\/ostsee\/yachtcharter-deutsche-ostsee\/","title":{"rendered":"Deutsche Ostsee"},"content":{"rendered":"<h3>Yachtcharter Deutsche Ostsee<\/h3>\n<p><img loading=\"lazy\" class=\"content-image\"  width=\"300\" height=\"193\" alt=\"Yachtcharter Deutsche Ostsee\" src=\"https:\/\/yachtcharter-connection.com\/wp-content\/uploads\/converted_files\/19047\/19047-5624b259c39b1.jpg\" \/>Das Yachtcharter-Revier Deutsche Ostsee ist als Heimatrevier vor allem bei deutschen Yachtcharter-Crews beliebt. Allein die K\u00fcstenl\u00e4nge betr\u00e4gt \u00fcber 2000 Kilometer: Etwas \u00fcber 500 Kilometer misst die K\u00fcste Schleswig-Holsteins, fast 1.500 Kilometer die K\u00fcste Mecklenburg-Vorpommerns, wo sich seit \u00d6ffnung der Grenzen die Infrastruktur f\u00fcr Yachtcharter drastisch verbessert hat. <\/p>\n<p>Auch die M\u00f6glichkeiten f\u00fcr den Yachtcharter-T\u00f6rn sind weit vielf\u00e4ltiger geworden: Ob die Yachtcharter-Skipper von der s\u00fcdlichen Ostsee aus Kurs auf die d\u00e4nische S\u00fcdsee nehmen oder von R\u00fcgen aus gen Polen oder Bornholm segeln: Das Yachtcharter-Revier deutsche Ostsee bietet genug M\u00f6glichkeiten f\u00fcr die unterschiedlichsten Urlaubst\u00f6rns &ndash; und oft ist auch das Wetter besser als sein Ruf. So waren im Jahr 2009 der Dar\u00df (am Nothafen Dar\u00dfer Ort) und die Insel Fehmarn die sonnenreichsten Orte Deutschlands.<\/p>\n<p>Viel Platz finden die Yachtcharter-Crews in zahlreichen modernen Yachtcharter-H\u00e4fen entlang der ganzen K\u00fcste. Viele bieten &ndash; neben den \u00fcblichen Angeboten f\u00fcr Yachtcharter-Lieger &#8211; spezielle Einrichtungen f\u00fcr Kinder, WLAN und Freizeitm\u00f6glichkeiten. Die historischen Hansest\u00e4dte L\u00fcbeck, Wismar, Rostock, Stralsund oder Greifswald laden ebenso zum Landspaziergang ein wie moderne Seeb\u00e4der und malerische D\u00f6rfer oder die atemberaubende Natur wie etwa auf R\u00fcgen. Sehr gesch\u00fctzt sind Yachtcharter-Crews in der Schleim\u00fcndung, in der Flensburger und Kieler F\u00f6rde, in der L\u00fcbecker Bucht oder auch in den Boddengew\u00e4ssern unterwegs, l\u00e4ngere Distanzen bis zum n\u00e4chsten Yachtcharter-Hafen m\u00fcssen vor allem Osten zwischen Rostock und Stralsund zur\u00fcckgelegt werden.<\/p>\n<p>Das Angebot an Segelyachten an der deutschen Ostsee ist riesig: Die gr\u00f6\u00dften Yachtcharter-St\u00fctzpunkte im westlichen Teil sind in Flensburg an der F\u00f6rde, in Burgtiefe auf der Insel Fehmarn, in Kiel, Heiligenhafen und L\u00fcbeck &ndash; im \u00f6stlichen Teil \u00fcbernehmen die meisten Yachtcharter-Urlauber ihre Segelyachten auf R\u00fcgen in Lauterbach oder Breege, in Stralsund oder in Greifswald. Auch in Kappeln, Eckernf\u00f6rde, Rostock, Wismar und anderen Ostsee-Marinas gibt es Yachtcharter-Angebote.<\/p>\n<p><\/p>\n<table  class=\"RegionsAndSubregions\" cellspacing=\"0\" border=\"0\" style=\"border-collapse:collapse;\">\n<tbody>\n<tr>\n<td>\n<div class=\"SubregionRepeaterTitle\">\n<h2> Deutsche Ostsee <\/h2>\n<\/div>\n<div class=\"SmallLinks\">\n<ul>\n<li><a class=\"SmallLinks\" href=\"https:\/\/yachtcharter-connection.com\/aabenraa-d%c3%a4nemark\" title=\"\"> Aabenraa D\u00e4nemark <\/a><\/li>\n<li><a class=\"SmallLinks\" href=\"https:\/\/yachtcharter-connection.com\/eckernf%c3%b6rde-484\" title=\"\"> Eckernf\u00f6rde <\/a><\/li>\n<li><a class=\"SmallLinks\" href=\"https:\/\/yachtcharter-connection.com\/fehmarn-burgtiefe-370\" title=\"\"> Fehmarn \/ Burgtiefe <\/a><\/li>\n<li><a class=\"SmallLinks\" href=\"https:\/\/yachtcharter-connection.com\/flensburg-320\" title=\"\"> Flensburg <\/a><\/li>\n<li><a class=\"SmallLinks\" href=\"https:\/\/yachtcharter-connection.com\/greifswald-465\" title=\"\"> Greifswald <\/a><\/li>\n<li><a class=\"SmallLinks\" href=\"https:\/\/yachtcharter-connection.com\/yachtcharter-gro%c3%9fenbrode-heiligenhafen\" title=\"\"> Gro\u00dfenbrode (Heiligenhafen) <\/a><\/li>\n<li><a class=\"SmallLinks\" href=\"https:\/\/yachtcharter-connection.com\/heiligenhafen-669\" title=\"\"> Heiligenhafen <\/a><\/li>\n<li><a class=\"SmallLinks\" href=\"https:\/\/yachtcharter-connection.com\/kappeln-893\" title=\"\"> Kappeln <\/a><\/li>\n<li><a class=\"SmallLinks\" href=\"https:\/\/yachtcharter-connection.com\/kiel-228\" title=\"\"> Kiel <\/a><\/li>\n<li><a class=\"SmallLinks\" href=\"https:\/\/yachtcharter-connection.com\/l%c3%bcbeck-700\" title=\"\"> L\u00fcbeck <\/a><\/li>\n<li><a class=\"SmallLinks\" href=\"https:\/\/yachtcharter-connection.com\/marina-minde-928\" title=\"\"> Marina Minde <\/a><\/li>\n<li><a class=\"SmallLinks\" href=\"https:\/\/yachtcharter-connection.com\/neustadt-795\" title=\"\"> Neustadt <\/a><\/li>\n<li><a class=\"SmallLinks\" href=\"https:\/\/yachtcharter-connection.com\/rostock-168\" title=\"\"> Rostock <\/a><\/li>\n<li><a class=\"SmallLinks\" href=\"https:\/\/yachtcharter-connection.com\/r%c3%bcgen-breege-381\" title=\"\"> R\u00fcgen \/ Breege <\/a><\/li>\n<li><a class=\"SmallLinks\" href=\"https:\/\/yachtcharter-connection.com\/r%c3%bcgen-glowe-934\" title=\"\"> R\u00fcgen \/ Glowe <\/a><\/li>\n<li><a class=\"SmallLinks\" href=\"https:\/\/yachtcharter-connection.com\/r%c3%bcgen-lauterbach-343\" title=\"\"> R\u00fcgen \/ Lauterbach <\/a><\/li>\n<li><a class=\"SmallLinks\" href=\"https:\/\/yachtcharter-connection.com\/r%c3%bcgen-schaprode-492\" title=\"\"> R\u00fcgen \/ Schaprode <\/a><\/li>\n<li><a class=\"SmallLinks\" href=\"https:\/\/yachtcharter-connection.com\/stralsund-815\" title=\"\"> Stralsund <\/a><\/li>\n<li><a class=\"SmallLinks\" href=\"https:\/\/yachtcharter-connection.com\/yachtcharter-usedom-swinem%c3%bcnde\" title=\"\"> Usedom \/ Swinem\u00fcnde <\/a><\/li>\n<li><a class=\"SmallLinks\" href=\"https:\/\/yachtcharter-connection.com\/wismar-509\" title=\"\"> Wismar <\/a><\/li>\n<\/ul>\n<\/div>\n<\/td>\n<\/tr>\n<\/tbody>\n<\/table>\n","protected":false},"excerpt":{"rendered":"<p>Yachtcharter Deutsche Ostsee Das Yachtcharter-Revier Deutsche Ostsee ist als Heimatrevier vor allem bei deutschen Yachtcharter-Crews beliebt. Allein die K\u00fcstenl\u00e4nge betr\u00e4gt \u00fcber 2000 Kilometer: Etwas \u00fcber 500 Kilometer misst die K\u00fcste Schleswig-Holsteins, fast 1.500 Kilometer die K\u00fcste Mecklenburg-Vorpommerns, wo sich seit \u00d6ffnung der Grenzen die Infrastruktur f\u00fcr Yachtcharter drastisch verbessert hat.<\/p>\n","protected":false},"author":11,"featured_media":0,"parent":536,"menu_order":0,"comment_status":"open","ping_status":"open","template":"","meta":[],"aioseo_notices":[],"_links":{"self":[{"href":"https:\/\/yachtcharter-connection.com\/de\/wp-json\/wp\/v2\/pages\/747"}],"collection":[{"href":"https:\/\/yachtcharter-connection.com\/de\/wp-json\/wp\/v2\/pages"}],"about":[{"href":"https:\/\/yachtcharter-connection.com\/de\/wp-json\/wp\/v2\/types\/page"}],"author":[{"embeddable":true,"href":"https:\/\/yachtcharter-connection.com\/de\/wp-json\/wp\/v2\/users\/11"}],"replies":[{"embeddable":true,"href":"https:\/\/yachtcharter-connection.com\/de\/wp-json\/wp\/v2\/comments?post=747"}],"version-history":[{"count":1,"href":"https:\/\/yachtcharter-connection.com\/de\/wp-json\/wp\/v2\/pages\/747\/revisions"}],"predecessor-version":[{"id":13096,"href":"https:\/\/yachtcharter-connection.com\/de\/wp-json\/wp\/v2\/pages\/747\/revisions\/13096"}],"up":[{"embeddable":true,"href":"https:\/\/yachtcharter-connection.com\/de\/wp-json\/wp\/v2\/pages\/536"}],"wp:attachment":[{"href":"https:\/\/yachtcharter-connection.com\/de\/wp-json\/wp\/v2\/media?parent=747"}],"curies":[{"name":"wp","href":"https:\/\/api.w.org\/{rel}","templated":true}]}}