{"id":749,"date":"2015-08-10T05:53:36","date_gmt":"2015-08-10T05:53:36","guid":{"rendered":"http:\/\/yachtcharter-connection.com.w01e47c6.kasserver.com\/yachtcharter-leewards-and-windwards\/"},"modified":"2017-10-29T15:08:36","modified_gmt":"2017-10-29T13:08:36","slug":"yachtcharter-leewards-and-windwards","status":"publish","type":"page","link":"https:\/\/yachtcharter-connection.com\/de\/regionen\/karibik\/yachtcharter-leewards-and-windwards\/","title":{"rendered":"Leewards and Windwards"},"content":{"rendered":"<h1><strong>Yachtcharter Leeward und Windward Islands \/ Kleine Antillen<\/strong><\/h1>\n<p><a href=\"https:\/\/yachtcharter-connection.com\/wp-content\/uploads\/2015\/08\/Caribbean-yacht-charters.jpg\"><img loading=\"lazy\" class=\"alignleft size-full wp-image-25492\" src=\"https:\/\/yachtcharter-connection.com\/wp-content\/uploads\/2015\/08\/Caribbean-yacht-charters.jpg\" alt=\"Caribbean-yacht-charters\" width=\"500\" height=\"375\" srcset=\"https:\/\/yachtcharter-connection.com\/wp-content\/uploads\/2015\/08\/Caribbean-yacht-charters.jpg 500w, https:\/\/yachtcharter-connection.com\/wp-content\/uploads\/2015\/08\/Caribbean-yacht-charters-300x225.jpg 300w\" sizes=\"(max-width: 500px) 100vw, 500px\" \/><\/a>Die kleinen Antillen, das beliebteste Yachtcharter-Revier der Karibik, reihen sich wie an einer Schnur von Nord nach S\u00fcd, beginnend mit den Leeward Islands: Die US Virgin Islands mit St. Thomas, St. Croix und St. John sind beliebtes Ziel f\u00fcr Luxus- und Megayachtcharter und Basis vieler Charterkatamarane mit Crew. Die <a href=\"https:\/\/yachtcharter-connection.com\/de\/land\/yachtcharter-britische-jungferninseln\/\" target=\"_blank\"><u>British Virgin Islands<\/u><\/a> sind ein wundersch\u00f6nes, von der Gr\u00f6\u00dfe her \u00fcberschaubares Revier , dazu sehr sicher \u2013 auch f\u00fcr wenig erfahrene Charterer bestens geeignet. Sie sind eines der wichtigsten Reviere f\u00fcr Bareboat-CHarter. Die gro\u00dfen Yachtcharter-Unternehmen haben ihre Flotten alle in oder bei der Hauptstadt Road Town auf Tortola stationiert. <a href=\"https:\/\/yachtcharter-connection.com\/de\/land\/yachtcharter-guadeloupe\/\" target=\"_blank\"><u>St. Martin<\/u><\/a> \/ <a href=\"https:\/\/yachtcharter-connection.com\/de\/land\/yachtcharter-niederlaendische-antillen\/\" target=\"_blank\"><u>Sint Maarten<\/u><\/a> ist in einen niederl\u00e4ndischen und franz\u00f6sischen Teil geteilte Insel . St. Martin geh\u00f6rt zu Guadeloupe, Sint Maarten zu den niederl\u00e4ndischen Antillen. Die Insel ist ebenfalls Standort mehrerer Yachtcharter-St\u00fctzpunkte \u2013 in Marigot, Oyster Pond und Anse Marcel. Ausserdem ist Sint Maarten \/ St. Martin Heimathafen vieler Luxus-Charteryachten. Die wichtigsten T\u00f6rnziele ab St. Martin sind die Inseln St. Barthelemy \/ St. Barths, Anguilla, Saba und Eustatia, St. Kitts und Nevis \u2013 sowie Montserrat. Viele segeln auch bis <a href=\"https:\/\/yachtcharter-connection.com\/de\/land\/yachtcharter-antigua\/\" target=\"_blank\"><u>Antigua und Barbuda<\/u><\/a> oder bis zur s\u00fcdlichsten der Leeward Islands, <a href=\"https:\/\/yachtcharter-connection.com\/de\/land\/yachtcharter-guadeloupe\/\"><u>Guadeloupe<\/u><\/a>. One-way-T\u00f6rns sind auf Anfrage meist m\u00f6glich! Sowohl in Antigua als auch in Guadeloupe in Pointe-\u00e0-Pitre k\u00f6nnen aber auch Yachten direkt vor Ort gechartert werden. F\u00fcr Naturliebhaber steht h\u00e4ufig auch Dominica auf dem T\u00f6rnplan.<\/p>\n<p>Die meisten Bareboat-Charterschiffe auf den Windward Islands sind auf <a href=\"https:\/\/yachtcharter-connection.com\/de\/land\/yachtcharter-martinique\/\" target=\"_blank\"><u>Maritinique<\/u><\/a> zu finden \u2013 in Fort de France im Westen und in Le Marin im S\u00fcden der Insel, Ausgangspunkt f\u00fcr T\u00f6rns gen S\u00fcden \u2013 via <a href=\"https:\/\/yachtcharter-connection.com\/de\/land\/yachtcharter-saint-lucia\/\" target=\"_blank\">St. Lucia<\/a> nach <a href=\"https:\/\/yachtcharter-connection.com\/de\/land\/yachtcharter-saint-vincent-und-grenadinen\/\" target=\"_blank\"><u>St. Vincent &amp; The Grenadines<\/u><\/a> oder weiter nach <a href=\"https:\/\/yachtcharter-connection.com\/de\/land\/yachtcharter-grenada\/\" target=\"_blank\"><u>Grenada<\/u><\/a>. Auch direkt auf St. Lucia, auf Union Island und Grenada gibt es Charterunternehmen.<\/p>\n<p>Exotischere Ziele, in denen es keine Bareboat-Charteryachten gibt und nur sehr vereinzelt Charteryachten mit Crew, sind Los Roques in Venezuela, Curacao oder Trinidad &amp; Tobago.<\/p>\n<p>&nbsp;<\/p>\n<h2><strong>Charteryachten Kleine Antillen &#8211; Leeward &amp; Windward Islands<\/strong><\/h2>\n<p><strong>Es gibt wichtige Yachtcharter-Flotten mit Segelyachte und Katamaranen f\u00fcr Bareboat-Charter in den Leeward &amp; Windward Islans, die nicht in unserem Yachtfinder gelistet sind &#8211; bitte fragen Sie nach Angeboten. Und nat\u00fcrlich senden wir Ihnen gerne auch Angebote f\u00fcr\u00a0 die sch\u00f6nsten Luxus-Charteryachten mit Crew in dieser Region zu.<\/strong><\/p>\n<h2>\n<strong>Luxusyacht-Charter Leeward &amp; Windward Islands<\/strong><\/h2>\n<p><strong><a href=\"https:\/\/yachtcharter-connection.com\/wp-content\/uploads\/2014\/07\/Luxury-yacht-charters-Caribbean600.jpg\"><img loading=\"lazy\" class=\"alignleft wp-image-25235\" src=\"https:\/\/yachtcharter-connection.com\/wp-content\/uploads\/2014\/07\/Luxury-yacht-charters-Caribbean600.jpg\" alt=\"Luxusyaacht Charter Karibik  Leeward &amp; Windsward Islands\" width=\"499\" height=\"328\" srcset=\"https:\/\/yachtcharter-connection.com\/wp-content\/uploads\/2014\/07\/Luxury-yacht-charters-Caribbean600.jpg 600w, https:\/\/yachtcharter-connection.com\/wp-content\/uploads\/2014\/07\/Luxury-yacht-charters-Caribbean600-300x197.jpg 300w\" sizes=\"(max-width: 499px) 100vw, 499px\" \/><\/a>ie Leewards &amp; Windwards sind eine \u00e4usserst beliebte Destination f\u00fcr Luxusyacht-Charter und Charter auf Luxuskatamaranen mit Crew . Hier finden Sie mehr Informationen \u00fcber Luxusyacht-Charter. Wir organisieren gerne Ihren Luxusyacht-Charterurlaub in den kleinen Antillen \u2013 bitte fragen Sie nach Angeboten!<\/strong><\/p>\n<table class=\"RegionsAndSubregions\" style=\"border-collapse: collapse;\" border=\"0\" cellspacing=\"0\">\n<tbody>\n<tr>\n<td>\n<div class=\"SubregionRepeaterTitle\">\n<h2>Leewards and Windwards<\/h2>\n<\/div>\n<div class=\"SmallLinks\">\n<ul>\n<li><a class=\"SmallLinks\" title=\"\" href=\"https:\/\/yachtcharter-connection.com\/antigua-485\"> Antigua <\/a><\/li>\n<li><a class=\"SmallLinks\" title=\"\" href=\"https:\/\/yachtcharter-connection.com\/bequia-677\"> Bequia <\/a><\/li>\n<li><a class=\"SmallLinks\" title=\"\" href=\"https:\/\/yachtcharter-connection.com\/bonaire-229\"> Bonaire <\/a><\/li>\n<li><a class=\"SmallLinks\" title=\"\" href=\"https:\/\/yachtcharter-connection.com\/canouan-569\"> Canouan <\/a><\/li>\n<li><a class=\"SmallLinks\" title=\"\" href=\"https:\/\/yachtcharter-connection.com\/curacao-willemstad-174\"> Cura\u00e7ao \/ Willemstad <\/a><\/li>\n<li><a class=\"SmallLinks\" title=\"\" href=\"https:\/\/yachtcharter-connection.com\/dominikanische-republik-marina-casa-de-campo\"> Dominikanische Republik \/ Marina Casa de Campo <\/a><\/li>\n<li><a class=\"SmallLinks\" title=\"\" href=\"https:\/\/yachtcharter-connection.com\/dominikanische-republik-puerto-bahia-de-samana\"> Dominikanische Republik \/ Puerto Bahia de Samana <\/a><\/li>\n<li><a class=\"SmallLinks\" title=\"\" href=\"https:\/\/yachtcharter-connection.com\/grenada-st-george-284\"> Grenada \/ St. George <\/a><\/li>\n<li><a class=\"SmallLinks\" title=\"\" href=\"https:\/\/yachtcharter-connection.com\/guadeloupe-point-a-pitre-690\"> Guadeloupe \/ Point-a-Pitre <\/a><\/li>\n<li><a class=\"SmallLinks\" title=\"\" href=\"https:\/\/yachtcharter-connection.com\/isla-margarita-731\"> Isla Margarita <\/a><\/li>\n<li><a class=\"SmallLinks\" title=\"\" href=\"https:\/\/yachtcharter-connection.com\/martinique-fort-de-france-250\"> Martinique \/ Fort de France <\/a><\/li>\n<li><a class=\"SmallLinks\" title=\"\" href=\"https:\/\/yachtcharter-connection.com\/martinique-fort-de-france-440\"> Martinique \/ Fort-de-France <\/a><\/li>\n<li><a class=\"SmallLinks\" title=\"\" href=\"https:\/\/yachtcharter-connection.com\/martinique-le-marin-413\"> Martinique \/ Le Marin <\/a><\/li>\n<li><a class=\"SmallLinks\" title=\"\" href=\"https:\/\/yachtcharter-connection.com\/puerto-la-cruz-los-roques-954\"> Puerto la cruz \/ Los Roques <\/a><\/li>\n<li><a class=\"SmallLinks\" title=\"\" href=\"https:\/\/yachtcharter-connection.com\/saint-vincent-382\"> Saint Vincent <\/a><\/li>\n<li><a class=\"SmallLinks\" title=\"\" href=\"https:\/\/yachtcharter-connection.com\/st-lucia-669\"> St. Lucia <\/a><\/li>\n<li><a class=\"SmallLinks\" title=\"\" href=\"https:\/\/yachtcharter-connection.com\/st-martin-anse-marcel-250\"> St. Martin \/ Anse Marcel <\/a><\/li>\n<li><a class=\"SmallLinks\" title=\"\" href=\"https:\/\/yachtcharter-connection.com\/st-martin-marigot-550\"> St. Martin \/ Marigot <\/a><\/li>\n<li><a class=\"SmallLinks\" title=\"\" href=\"https:\/\/yachtcharter-connection.com\/st-martin-oyster-pond-113\"> St. Martin \/ Oyster Pond <\/a><\/li>\n<li><a class=\"SmallLinks\" title=\"\" href=\"https:\/\/yachtcharter-connection.com\/tortola-road-town-519\"> Tortola \/ Road Town <\/a><\/li>\n<li><a class=\"SmallLinks\" title=\"\" href=\"https:\/\/yachtcharter-connection.com\/trinidad-chaguaramas-371\"> Trinidad \/ Chaguaramas <\/a><\/li>\n<li><a class=\"SmallLinks\" title=\"\" href=\"https:\/\/yachtcharter-connection.com\/union-island-clifton-habour-798\"> Union Island \/ Clifton Habour <\/a><\/li>\n<\/ul>\n<\/div>\n<\/td>\n<\/tr>\n<\/tbody>\n<\/table>\n","protected":false},"excerpt":{"rendered":"<p>Yachtcharter Leeward und Windward Islands \/ Kleine Antillen Die kleinen Antillen, das beliebteste Yachtcharter-Revier der Karibik, reihen sich wie an einer Schnur von Nord nach S\u00fcd, beginnend mit den Leeward Islands: Die US Virgin Islands mit St. Thomas, St. Croix und St. John sind beliebtes Ziel f\u00fcr Luxus- und Megayachtcharter<\/p>\n","protected":false},"author":11,"featured_media":0,"parent":531,"menu_order":0,"comment_status":"open","ping_status":"open","template":"","meta":[],"aioseo_notices":[],"_links":{"self":[{"href":"https:\/\/yachtcharter-connection.com\/de\/wp-json\/wp\/v2\/pages\/749"}],"collection":[{"href":"https:\/\/yachtcharter-connection.com\/de\/wp-json\/wp\/v2\/pages"}],"about":[{"href":"https:\/\/yachtcharter-connection.com\/de\/wp-json\/wp\/v2\/types\/page"}],"author":[{"embeddable":true,"href":"https:\/\/yachtcharter-connection.com\/de\/wp-json\/wp\/v2\/users\/11"}],"replies":[{"embeddable":true,"href":"https:\/\/yachtcharter-connection.com\/de\/wp-json\/wp\/v2\/comments?post=749"}],"version-history":[{"count":4,"href":"https:\/\/yachtcharter-connection.com\/de\/wp-json\/wp\/v2\/pages\/749\/revisions"}],"predecessor-version":[{"id":25494,"href":"https:\/\/yachtcharter-connection.com\/de\/wp-json\/wp\/v2\/pages\/749\/revisions\/25494"}],"up":[{"embeddable":true,"href":"https:\/\/yachtcharter-connection.com\/de\/wp-json\/wp\/v2\/pages\/531"}],"wp:attachment":[{"href":"https:\/\/yachtcharter-connection.com\/de\/wp-json\/wp\/v2\/media?parent=749"}],"curies":[{"name":"wp","href":"https:\/\/api.w.org\/{rel}","templated":true}]}}