{"id":750,"date":"2015-08-10T05:53:36","date_gmt":"2015-08-10T05:53:36","guid":{"rendered":"http:\/\/yachtcharter-connection.com.w01e47c6.kasserver.com\/yachtcharter-seychellen-archipel\/"},"modified":"2016-10-29T18:13:29","modified_gmt":"2016-10-29T16:13:29","slug":"yachtcharter-seychellen-archipel","status":"publish","type":"page","link":"https:\/\/yachtcharter-connection.com\/de\/regionen\/indischer-ozean\/yachtcharter-seychellen-archipel\/","title":{"rendered":"Seychellen Archipel"},"content":{"rendered":"<h3>Yachtcharter Seychellen Archipel<\/h3>\n<p>\n<img loading=\"lazy\" class=\"content-image\"  height=\"190\" width=\"300\" src=\"https:\/\/yachtcharter-connection.com\/wp-content\/uploads\/converted_files\/19056\/19056-5624b26a59d8a.jpg\" alt=\"Segelrevier_Seychellen_Ile_Coco_Ankerplatz\" \/>Wundersch\u00f6ne Inseln und tropisches Klima laden auf den Seychellen ganzj\u00e4hrig zum Segeln ein. Das Archipel liegt au\u00dferhalb der Hurrikanzonen. Die Lufttemperaturen schwanken zwischen 25 und 30 Grad, das 25 bis 30 Grad warme Wasser ist perfekt f\u00fcr Schwimmer und Schnorchelfans. Der S\u00fcdostpassat weht in der Sommersaison von Mitte Mai bis Oktober mit etwa 15 Knoten, nur im August bl\u00e4st er mit bis 20 &#8211; 25 Knoten. Die Monsunwinde aus s\u00fcdwestlichen Richtungen erreichen von Dezember bis M\u00e4rz etwa 10 Knoten. Zwischen Dezember und Februar ist auch mit Schauern zu rechnen.<\/p>\n<p>Die Yachtcharter-Basis als Ausgangspunkt f\u00fcr Ihren T\u00f6rn ist  Victoria auf Mah\u00e9 Island oder Praslin &#8211; kurze Fl\u00fcge verbinden Mahe mit Praslin. there are short flights between Mah\u00e9 and Praslin). Von Mah\u00e9 aus bieten sich die Inner Islands als ideales Segelrevier an, die alle h\u00f6chstens 60 Meilen von Mah\u00e9 entfernt sind. H\u00f6hepunkte des T\u00f6rns: Stops auf der drittgr\u00f6\u00dften Insel Silhouette mit einem gro\u00dfen tropischen Regenwald, Bird Island mit langen Sandstr\u00e4nden und Tausenden von V\u00f6geln, La Digue, die als sch\u00f6nste Insel gilt mit we\u00dfen Str\u00e4nden und faszinierenden Felsformationen sowie die Insel Cousin  mit einem Naturreservat f\u00fcr Schildkr\u00f6ten. <\/p>\n<p>Die Outer Islands Amirantes, Farquhar und Aldabra sind 120 to 700 Meilen von Mah\u00e9 entfernt &#8211; die Navigation ist dort ein bisschen komplizierter, in einigen Buchten gibt es spezieller Vorschriften f\u00fcr Ankerlieger. <\/p>\n<p>Lesen Sie mehr \u00fcber Yachtcharter auf den <a href=\"~\/Yachtcharter_seychellen.html\" target=\"_blank\">Seychellen<\/a>! <\/p>\n<table  class=\"RegionsAndSubregions\" cellspacing=\"0\" border=\"0\" style=\"border-collapse:collapse;\">\n<tbody>\n<tr>\n<td>\n<div class=\"SubregionRepeaterTitle\">\n<h2> Seychellen Archipel <\/h2>\n<\/div>\n<div class=\"SmallLinks\">\n<ul>\n<li><a class=\"SmallLinks\" href=\"https:\/\/yachtcharter-connection.com\/roche-caiman-victoria-405\" title=\"\"> Roche Caiman \/ Victoria <\/a><\/li>\n<li><a class=\"SmallLinks\" href=\"https:\/\/yachtcharter-connection.com\/seychellen-mahe\" title=\"\"> Seychellen \/ Mahe <\/a><\/li>\n<li><a class=\"SmallLinks\" href=\"https:\/\/yachtcharter-connection.com\/seychellen-praslin\" title=\"\"> Seychellen \/ Praslin <\/a><\/li>\n<\/ul>\n<\/div>\n<\/td>\n<\/tr>\n<\/tbody>\n<\/table>\n","protected":false},"excerpt":{"rendered":"<p>Yachtcharter Seychellen Archipel Wundersch\u00f6ne Inseln und tropisches Klima laden auf den Seychellen ganzj\u00e4hrig zum Segeln ein. Das Archipel liegt au\u00dferhalb der Hurrikanzonen. Die Lufttemperaturen schwanken zwischen 25 und 30 Grad, das 25 bis 30 Grad warme Wasser ist perfekt f\u00fcr Schwimmer und Schnorchelfans. Der S\u00fcdostpassat weht in der Sommersaison von<\/p>\n","protected":false},"author":11,"featured_media":0,"parent":534,"menu_order":0,"comment_status":"open","ping_status":"open","template":"","meta":[],"aioseo_notices":[],"_links":{"self":[{"href":"https:\/\/yachtcharter-connection.com\/de\/wp-json\/wp\/v2\/pages\/750"}],"collection":[{"href":"https:\/\/yachtcharter-connection.com\/de\/wp-json\/wp\/v2\/pages"}],"about":[{"href":"https:\/\/yachtcharter-connection.com\/de\/wp-json\/wp\/v2\/types\/page"}],"author":[{"embeddable":true,"href":"https:\/\/yachtcharter-connection.com\/de\/wp-json\/wp\/v2\/users\/11"}],"replies":[{"embeddable":true,"href":"https:\/\/yachtcharter-connection.com\/de\/wp-json\/wp\/v2\/comments?post=750"}],"version-history":[{"count":1,"href":"https:\/\/yachtcharter-connection.com\/de\/wp-json\/wp\/v2\/pages\/750\/revisions"}],"predecessor-version":[{"id":13125,"href":"https:\/\/yachtcharter-connection.com\/de\/wp-json\/wp\/v2\/pages\/750\/revisions\/13125"}],"up":[{"embeddable":true,"href":"https:\/\/yachtcharter-connection.com\/de\/wp-json\/wp\/v2\/pages\/534"}],"wp:attachment":[{"href":"https:\/\/yachtcharter-connection.com\/de\/wp-json\/wp\/v2\/media?parent=750"}],"curies":[{"name":"wp","href":"https:\/\/api.w.org\/{rel}","templated":true}]}}