{"id":752,"date":"2015-08-10T05:53:36","date_gmt":"2015-08-10T05:53:36","guid":{"rendered":"http:\/\/yachtcharter-connection.com.w01e47c6.kasserver.com\/yachtcharter-thailand-burma\/"},"modified":"2016-10-29T18:13:31","modified_gmt":"2016-10-29T16:13:31","slug":"yachtcharter-thailand-burma","status":"publish","type":"page","link":"https:\/\/yachtcharter-connection.com\/de\/regionen\/indischer-ozean\/yachtcharter-thailand-burma\/","title":{"rendered":"Thailand \/ Burma"},"content":{"rendered":"<h3>Yachtcharter Thailand<\/h3>\n<p>\n<img loading=\"lazy\" class=\"content-image\"  width=\"300\" height=\"225\" src=\"https:\/\/yachtcharter-connection.com\/wp-content\/uploads\/converted_files\/19062\/19062-5624b26d40366.jpg\" alt=\"\" \/>Faszinierende Landschaften, bizarre Felsformationen, beste Thai-K\u00fcche auch in kleinen D\u00f6rfern, freundliche Menschen, geringe Kosten an Land&#8230; Thailand bietet alles was Yachtcharter-Crews m\u00f6gen. Lesen Sie mehr \u00fcber das Segelrevier <a href=\"~\/Yachtcharter_thailand.html\" target=\"_blank\">Thailand <\/a>&#8211; und kontaktieren Sie uns auch, wenn Sie sich f\u00fcr Oneway-Charter zwischen Thailand und <a target=\"_blank\" href=\"~\/Yachtcharter_malaysia.html\">Malaysia<\/a> interessieren. <\/p>\n<table  class=\"RegionsAndSubregions\" cellspacing=\"0\" border=\"0\" style=\"border-collapse:collapse;\">\n<tbody>\n<tr>\n<td>\n<div class=\"SubregionRepeaterTitle\">\n<h2> Thailand \/ Burma <\/h2>\n<\/div>\n<div class=\"SmallLinks\">\n<ul>\n<li><a class=\"SmallLinks\" href=\"https:\/\/yachtcharter-connection.com\/hua-hin-399\" title=\"\"> Hua Hin <\/a><\/li>\n<li><a class=\"SmallLinks\" href=\"https:\/\/yachtcharter-connection.com\/ko-chang-ao-salak-phed-918\" title=\"\"> Ko Chang \/ Ao Salak Phed <\/a><\/li>\n<li><a class=\"SmallLinks\" href=\"https:\/\/yachtcharter-connection.com\/phuket-ao-chalong-403\" title=\"\"> Phuket \/ Ao Chalong <\/a><\/li>\n<li><a class=\"SmallLinks\" href=\"https:\/\/yachtcharter-connection.com\/yachtcharter-phuket-ao-po-grand-marina\" title=\"\"> Phuket \/ Ao Po Grand Marina <\/a><\/li>\n<li><a class=\"SmallLinks\" href=\"https:\/\/yachtcharter-connection.com\/phuket-boat-lagoon-926\" title=\"\"> Phuket \/ Boat Lagoon <\/a><\/li>\n<li><a class=\"SmallLinks\" href=\"https:\/\/yachtcharter-connection.com\/phuket-laem-phrao-372\" title=\"\"> Phuket \/ Laem Phrao <\/a><\/li>\n<li><a class=\"SmallLinks\" href=\"https:\/\/yachtcharter-connection.com\/phuket-yacht-haven-marina-433\" title=\"\"> Phuket \/ Yacht Haven Marina <\/a><\/li>\n<\/ul>\n<\/div>\n<\/td>\n<\/tr>\n<\/tbody>\n<\/table>\n","protected":false},"excerpt":{"rendered":"<p>Yachtcharter Thailand Faszinierende Landschaften, bizarre Felsformationen, beste Thai-K\u00fcche auch in kleinen D\u00f6rfern, freundliche Menschen, geringe Kosten an Land&#8230; Thailand bietet alles was Yachtcharter-Crews m\u00f6gen. Lesen Sie mehr \u00fcber das Segelrevier Thailand &#8211; und kontaktieren Sie uns auch, wenn Sie sich f\u00fcr Oneway-Charter zwischen Thailand und Malaysia interessieren. Thailand \/ Burma<\/p>\n","protected":false},"author":11,"featured_media":0,"parent":534,"menu_order":0,"comment_status":"open","ping_status":"open","template":"","meta":[],"aioseo_notices":[],"_links":{"self":[{"href":"https:\/\/yachtcharter-connection.com\/de\/wp-json\/wp\/v2\/pages\/752"}],"collection":[{"href":"https:\/\/yachtcharter-connection.com\/de\/wp-json\/wp\/v2\/pages"}],"about":[{"href":"https:\/\/yachtcharter-connection.com\/de\/wp-json\/wp\/v2\/types\/page"}],"author":[{"embeddable":true,"href":"https:\/\/yachtcharter-connection.com\/de\/wp-json\/wp\/v2\/users\/11"}],"replies":[{"embeddable":true,"href":"https:\/\/yachtcharter-connection.com\/de\/wp-json\/wp\/v2\/comments?post=752"}],"version-history":[{"count":1,"href":"https:\/\/yachtcharter-connection.com\/de\/wp-json\/wp\/v2\/pages\/752\/revisions"}],"predecessor-version":[{"id":13129,"href":"https:\/\/yachtcharter-connection.com\/de\/wp-json\/wp\/v2\/pages\/752\/revisions\/13129"}],"up":[{"embeddable":true,"href":"https:\/\/yachtcharter-connection.com\/de\/wp-json\/wp\/v2\/pages\/534"}],"wp:attachment":[{"href":"https:\/\/yachtcharter-connection.com\/de\/wp-json\/wp\/v2\/media?parent=752"}],"curies":[{"name":"wp","href":"https:\/\/api.w.org\/{rel}","templated":true}]}}