{"id":754,"date":"2015-08-10T05:53:36","date_gmt":"2015-08-10T05:53:36","guid":{"rendered":"http:\/\/yachtcharter-connection.com.w01e47c6.kasserver.com\/yachtcharter-%c3%a4g%c3%a4is-sporaden\/"},"modified":"2016-10-29T18:14:41","modified_gmt":"2016-10-29T16:14:41","slug":"yachtcharter-%c3%a4g%c3%a4is-sporaden","status":"publish","type":"page","link":"https:\/\/yachtcharter-connection.com\/de\/regionen\/mittelmeer\/yachtcharter-%c3%a4g%c3%a4is-sporaden\/","title":{"rendered":"\u00c4g\u00e4is \/ Sporaden"},"content":{"rendered":"<h3>Yachtcharter Griechenland &ndash; Sporaden<\/h3>\n<p>\n<img loading=\"lazy\" class=\"content-image\"  height=\"225\" width=\"300\" src=\"https:\/\/yachtcharter-connection.com\/wp-content\/uploads\/converted_files\/19068\/19068-5624b2719b1cc.jpg\" alt=\"Segelrevier_Griechenland_Sporaden\" \/>Die Sporaden im Nordwesten der \u00c4g\u00e4is sind vom ber\u00fcchtigten Starkwind weniger betroffen &ndash; wie im ionischen Meer f\u00fchlen sich hier auch weniger erfahrene Crews und Familien wohl. Die Distanzen sind \u00fcberschaubar, l\u00e4ngere Schl\u00e4ge oder gar Nachtt\u00f6rns nicht n\u00f6tig. Im Gegensatz zu den kargen Kykladen sind die Inseln deutlich gr\u00fcner, die vielen Sandstr\u00e4nde sind im Sommer sehr beliebt &ndash; ein wundersch\u00f6nes Segelrevier mit der Hauptinsel Skiathos, in der viele Charteryachten ihren Heimathafen haben, mit vielen sch\u00f6nen Buchten und den Nachbar-Eilanden Skopelos, Alonniosos, Pelagos und Skyros. <\/p>\n<p>Auch zahlreiche unbewohnte Inseln geh\u00f6ren zu den n\u00f6rdlichen Sporaden &ndash; wie Peristera, Yioura, oder Piperi. In der Hauptsaison ist das touristische Freizeitangebot gro\u00df, in der Nebensaison bleiben die Yachties und die Einheimischen eher unter sich. Die Str\u00e4nde von Skiathos und Skopelos z\u00e4hlen zu den sch\u00f6nsten der \u00c4g\u00e4is. Die \u00f6stlichen Sporaden &ndash; Lesbos, Limnos und Chios &ndash; liegen schon fast an der t\u00fcrkischen K\u00fcste.<\/p>\n<table  class=\"RegionsAndSubregions\" cellspacing=\"0\" border=\"0\" style=\"border-collapse:collapse;\">\n<tbody>\n<tr>\n<td>\n<div class=\"SubregionRepeaterTitle\">\n<h2> \u00c4g\u00e4is \/ Sporaden <\/h2>\n<\/div>\n<div class=\"SmallLinks\">\n<ul>\n<li><a class=\"SmallLinks\" href=\"https:\/\/yachtcharter-connection.com\/yachtcharter-chalkidiki-nea-moudania\" title=\"\"> Chalkidiki \/ Nea Moudania <\/a><\/li>\n<li><a class=\"SmallLinks\" href=\"https:\/\/yachtcharter-connection.com\/chalkidiki-porto-carras-342\" title=\"\"> Chalkidiki \/ Porto Carras <\/a><\/li>\n<li><a class=\"SmallLinks\" href=\"https:\/\/yachtcharter-connection.com\/chalkidiki-porto-koufo-236\" title=\"\"> Chalkidiki \/ Porto Koufo <\/a><\/li>\n<li><a class=\"SmallLinks\" href=\"https:\/\/yachtcharter-connection.com\/nea-marmara-891\" title=\"\"> Nea Marmara <\/a><\/li>\n<li><a class=\"SmallLinks\" href=\"https:\/\/yachtcharter-connection.com\/porto-koufo-872\" title=\"\"> Porto Koufo <\/a><\/li>\n<li><a class=\"SmallLinks\" href=\"https:\/\/yachtcharter-connection.com\/skiathos-379\" title=\"\"> Skiathos <\/a><\/li>\n<li><a class=\"SmallLinks\" href=\"https:\/\/yachtcharter-connection.com\/thessaloniki-kalamaria-944\" title=\"\"> Thessaloniki \/ Kalamaria <\/a><\/li>\n<li><a class=\"SmallLinks\" href=\"https:\/\/yachtcharter-connection.com\/volos-568\" title=\"\"> Volos <\/a><\/li>\n<\/ul>\n<\/div>\n<\/td>\n<\/tr>\n<\/tbody>\n<\/table>\n","protected":false},"excerpt":{"rendered":"<p>Yachtcharter Griechenland &ndash; Sporaden Die Sporaden im Nordwesten der \u00c4g\u00e4is sind vom ber\u00fcchtigten Starkwind weniger betroffen &ndash; wie im ionischen Meer f\u00fchlen sich hier auch weniger erfahrene Crews und Familien wohl. Die Distanzen sind \u00fcberschaubar, l\u00e4ngere Schl\u00e4ge oder gar Nachtt\u00f6rns nicht n\u00f6tig. Im Gegensatz zu den kargen Kykladen sind die<\/p>\n","protected":false},"author":11,"featured_media":0,"parent":532,"menu_order":0,"comment_status":"open","ping_status":"open","template":"","meta":[],"aioseo_notices":[],"_links":{"self":[{"href":"https:\/\/yachtcharter-connection.com\/de\/wp-json\/wp\/v2\/pages\/754"}],"collection":[{"href":"https:\/\/yachtcharter-connection.com\/de\/wp-json\/wp\/v2\/pages"}],"about":[{"href":"https:\/\/yachtcharter-connection.com\/de\/wp-json\/wp\/v2\/types\/page"}],"author":[{"embeddable":true,"href":"https:\/\/yachtcharter-connection.com\/de\/wp-json\/wp\/v2\/users\/11"}],"replies":[{"embeddable":true,"href":"https:\/\/yachtcharter-connection.com\/de\/wp-json\/wp\/v2\/comments?post=754"}],"version-history":[{"count":1,"href":"https:\/\/yachtcharter-connection.com\/de\/wp-json\/wp\/v2\/pages\/754\/revisions"}],"predecessor-version":[{"id":13257,"href":"https:\/\/yachtcharter-connection.com\/de\/wp-json\/wp\/v2\/pages\/754\/revisions\/13257"}],"up":[{"embeddable":true,"href":"https:\/\/yachtcharter-connection.com\/de\/wp-json\/wp\/v2\/pages\/532"}],"wp:attachment":[{"href":"https:\/\/yachtcharter-connection.com\/de\/wp-json\/wp\/v2\/media?parent=754"}],"curies":[{"name":"wp","href":"https:\/\/api.w.org\/{rel}","templated":true}]}}