{"id":756,"date":"2015-08-10T05:53:36","date_gmt":"2015-08-10T05:53:36","guid":{"rendered":"http:\/\/yachtcharter-connection.com.w01e47c6.kasserver.com\/yachtcharter-west-schweden-bohusl%c3%a4n\/"},"modified":"2016-10-29T17:56:14","modified_gmt":"2016-10-29T15:56:14","slug":"yachtcharter-west-schweden-bohusl%c3%a4n","status":"publish","type":"page","link":"https:\/\/yachtcharter-connection.com\/de\/regionen\/ostsee\/yachtcharter-west-schweden-bohusl%c3%a4n\/","title":{"rendered":"West-Schweden \/ Bohusl\u00e4n"},"content":{"rendered":"<h3>Yachtcharter Ostsee &#8211; Westschweden<\/h3>\n<p><img loading=\"lazy\" class=\"content-image\"  height=\"200\" width=\"300\" src=\"https:\/\/yachtcharter-connection.com\/wp-content\/uploads\/converted_files\/19074\/19074-5624b2732ca3b.jpg\" alt=\"Ostsee - Westschweden\" \/><\/p>\n<p><\/p>\n<table  class=\"RegionsAndSubregions\" cellspacing=\"0\" border=\"0\" style=\"border-collapse:collapse;\">\n<tbody>\n<tr>\n<td>\n<div class=\"SubregionRepeaterTitle\">\n<h2> West-Schweden \/ Bohusl\u00e4n <\/h2>\n<\/div>\n<div class=\"SmallLinks\">\n<ul>\n<li><a class=\"SmallLinks\" href=\"https:\/\/yachtcharter-connection.com\/fiskeb%c3%a4ckskil-132\" title=\"\"> Fiskeb\u00e4ckskil <\/a><\/li>\n<li><a class=\"SmallLinks\" href=\"https:\/\/yachtcharter-connection.com\/fj%c3%a4llbacka-441\" title=\"\"> Fj\u00e4llbacka <\/a><\/li>\n<li><a class=\"SmallLinks\" href=\"https:\/\/yachtcharter-connection.com\/g%c3%b6teborg-887\" title=\"\"> G\u00f6teborg <\/a><\/li>\n<li><a class=\"SmallLinks\" href=\"https:\/\/yachtcharter-connection.com\/g%c3%b6teborg-ahlstr%c3%b6ms-pir-363\" title=\"\"> G\u00f6teborg \/ Ahlstr\u00f6ms Pir <\/a><\/li>\n<li><a class=\"SmallLinks\" href=\"https:\/\/yachtcharter-connection.com\/g%c3%b6teborg-amund%c3%b6n-714\" title=\"\"> G\u00f6teborg \/ Amund\u00f6n <\/a><\/li>\n<li><a class=\"SmallLinks\" href=\"https:\/\/yachtcharter-connection.com\/g%c3%b6teborg-bj%c3%b6rland-kile-584\" title=\"\"> G\u00f6teborg \/ Bj\u00f6rland Kile <\/a><\/li>\n<li><a class=\"SmallLinks\" href=\"https:\/\/yachtcharter-connection.com\/yachtcharter-g%c3%b6teborg-city-marina\" title=\"\"> G\u00f6teborg \/ City Marina <\/a><\/li>\n<li><a class=\"SmallLinks\" href=\"https:\/\/yachtcharter-connection.com\/g%c3%b6teborg-fiskeb%c3%a4ck-216\" title=\"\"> G\u00f6teborg \/ Fiskeb\u00e4ck <\/a><\/li>\n<li><a class=\"SmallLinks\" href=\"https:\/\/yachtcharter-connection.com\/g%c3%b6teborg-h%c3%a4ls%c3%b6-863\" title=\"\"> G\u00f6teborg \/ H\u00e4ls\u00f6 <\/a><\/li>\n<li><a class=\"SmallLinks\" href=\"https:\/\/yachtcharter-connection.com\/g%c3%b6teborg-hinsholmen-275\" title=\"\"> G\u00f6teborg \/ Hinsholmen <\/a><\/li>\n<li><a class=\"SmallLinks\" href=\"https:\/\/yachtcharter-connection.com\/g%c3%b6teborg-h%c3%b6n%c3%b6-r%c3%b6d-871\" title=\"\"> G\u00f6teborg \/ H\u00f6n\u00f6 R\u00f6d <\/a><\/li>\n<li><a class=\"SmallLinks\" href=\"https:\/\/yachtcharter-connection.com\/g%c3%b6teborg-hovas-766\" title=\"\"> G\u00f6teborg \/ Hovas <\/a><\/li>\n<li><a class=\"SmallLinks\" href=\"https:\/\/yachtcharter-connection.com\/g%c3%b6teborg-klippan-813\" title=\"\"> G\u00f6teborg \/ Klippan <\/a><\/li>\n<li><a class=\"SmallLinks\" href=\"https:\/\/yachtcharter-connection.com\/g%c3%b6teborg-kullavik-572\" title=\"\"> G\u00f6teborg \/ Kullavik <\/a><\/li>\n<li><a class=\"SmallLinks\" href=\"https:\/\/yachtcharter-connection.com\/g%c3%b6teborg-langedrag-231\" title=\"\"> G\u00f6teborg \/ L\u00e5ngedrag <\/a><\/li>\n<li><a class=\"SmallLinks\" href=\"https:\/\/yachtcharter-connection.com\/g%c3%b6teborg-lerkil-189\" title=\"\"> G\u00f6teborg \/ Lerkil <\/a><\/li>\n<li><a class=\"SmallLinks\" href=\"https:\/\/yachtcharter-connection.com\/g%c3%b6teborg-lindholmen-941\" title=\"\"> G\u00f6teborg \/ Lindholmen <\/a><\/li>\n<li><a class=\"SmallLinks\" href=\"https:\/\/yachtcharter-connection.com\/g%c3%b6teborg-malevik-702\" title=\"\"> G\u00f6teborg \/ Malevik <\/a><\/li>\n<li><a class=\"SmallLinks\" href=\"https:\/\/yachtcharter-connection.com\/g%c3%b6teborg-marina-eriksberg-131\" title=\"\"> G\u00f6teborg \/ Marina Eriksberg <\/a><\/li>\n<li><a class=\"SmallLinks\" href=\"https:\/\/yachtcharter-connection.com\/g%c3%b6teborg-n%c3%a4set-326\" title=\"\"> G\u00f6teborg \/ N\u00e4set <\/a><\/li>\n<li><a class=\"SmallLinks\" href=\"https:\/\/yachtcharter-connection.com\/g%c3%b6teborg-%c3%b6nnered-956\" title=\"\"> G\u00f6teborg \/ \u00d6nnered <\/a><\/li>\n<li><a class=\"SmallLinks\" href=\"https:\/\/yachtcharter-connection.com\/g%c3%b6teborg-saltholmen-939\" title=\"\"> G\u00f6teborg \/ Saltholmen <\/a><\/li>\n<li><a class=\"SmallLinks\" href=\"https:\/\/yachtcharter-connection.com\/g%c3%b6teborg-tangudden-547\" title=\"\"> G\u00f6teborg \/ Tangudden <\/a><\/li>\n<li><a class=\"SmallLinks\" href=\"https:\/\/yachtcharter-connection.com\/g%c3%b6teborg-tj%c3%b6rn-482\" title=\"\"> G\u00f6teborg \/ Tj\u00f6rn <\/a><\/li>\n<li><a class=\"SmallLinks\" href=\"https:\/\/yachtcharter-connection.com\/g%c3%b6teborg-yttre-saltholmen-333\" title=\"\"> G\u00f6teborg \/ Yttre Saltholmen <\/a><\/li>\n<li><a class=\"SmallLinks\" href=\"https:\/\/yachtcharter-connection.com\/grebbestad-816\" title=\"\"> Grebbestad <\/a><\/li>\n<li><a class=\"SmallLinks\" href=\"https:\/\/yachtcharter-connection.com\/halden-577\" title=\"\"> Halden <\/a><\/li>\n<li><a class=\"SmallLinks\" href=\"https:\/\/yachtcharter-connection.com\/helsingborg-765\" title=\"\"> Helsingborg <\/a><\/li>\n<li><a class=\"SmallLinks\" href=\"https:\/\/yachtcharter-connection.com\/k%c3%a4llviken-890\" title=\"\"> K\u00e4llviken <\/a><\/li>\n<li><a class=\"SmallLinks\" href=\"https:\/\/yachtcharter-connection.com\/karlshamn-560\" title=\"\"> Karlshamn <\/a><\/li>\n<li><a class=\"SmallLinks\" href=\"https:\/\/yachtcharter-connection.com\/karlskrona-795\" title=\"\"> Karlskrona <\/a><\/li>\n<li><a class=\"SmallLinks\" href=\"https:\/\/yachtcharter-connection.com\/kl%c3%a4desholmen-194\" title=\"\"> Kl\u00e4desholmen <\/a><\/li>\n<li><a class=\"SmallLinks\" href=\"https:\/\/yachtcharter-connection.com\/kungshamn-717\" title=\"\"> Kungshamn <\/a><\/li>\n<li><a class=\"SmallLinks\" href=\"https:\/\/yachtcharter-connection.com\/lysekil-434\" title=\"\"> Lysekil <\/a><\/li>\n<li><a class=\"SmallLinks\" href=\"https:\/\/yachtcharter-connection.com\/lysekil-ormestad-685\" title=\"\"> Lysekil \/ Ormestad <\/a><\/li>\n<li><a class=\"SmallLinks\" href=\"https:\/\/yachtcharter-connection.com\/marstrand-620\" title=\"\"> Marstrand <\/a><\/li>\n<li><a class=\"SmallLinks\" href=\"https:\/\/yachtcharter-connection.com\/moll%c3%b6sund-259\" title=\"\"> Moll\u00f6sund <\/a><\/li>\n<li><a class=\"SmallLinks\" href=\"https:\/\/yachtcharter-connection.com\/orust-allmag-608\" title=\"\"> Orust \/ Allmag <\/a><\/li>\n<li><a class=\"SmallLinks\" href=\"https:\/\/yachtcharter-connection.com\/orust-ell%c3%b6s-243\" title=\"\"> Orust \/ Ell\u00f6s <\/a><\/li>\n<li><a class=\"SmallLinks\" href=\"https:\/\/yachtcharter-connection.com\/skagen-251\" title=\"\"> Skagen <\/a><\/li>\n<li><a class=\"SmallLinks\" href=\"https:\/\/yachtcharter-connection.com\/sk%c3%a4rhamn-129\" title=\"\"> Sk\u00e4rhamn <\/a><\/li>\n<li><a class=\"SmallLinks\" href=\"https:\/\/yachtcharter-connection.com\/stenungssund-320\" title=\"\"> Stenungssund <\/a><\/li>\n<li><a class=\"SmallLinks\" href=\"https:\/\/yachtcharter-connection.com\/stenungsund-asker%c3%b6n-919\" title=\"\"> Stenungsund \/ Asker\u00f6n <\/a><\/li>\n<li><a class=\"SmallLinks\" href=\"https:\/\/yachtcharter-connection.com\/tj%c3%b6rn-bj%c3%b6rholmen-858\" title=\"\"> Tj\u00f6rn \/ Bj\u00f6rholmen <\/a><\/li>\n<li><a class=\"SmallLinks\" href=\"https:\/\/yachtcharter-connection.com\/tj%c3%b6rn-mossholmen-750\" title=\"\"> Tj\u00f6rn \/ Mossholmen <\/a><\/li>\n<li><a class=\"SmallLinks\" href=\"https:\/\/yachtcharter-connection.com\/tj%c3%b6rn-myggen%c3%a4s-569\" title=\"\"> Tj\u00f6rn \/ Myggen\u00e4s <\/a><\/li>\n<li><a class=\"SmallLinks\" href=\"https:\/\/yachtcharter-connection.com\/tj%c3%b6rn-r%c3%b6nn%c3%a4ng-443\" title=\"\"> Tj\u00f6rn \/ R\u00f6nn\u00e4ng <\/a><\/li>\n<li><a class=\"SmallLinks\" href=\"https:\/\/yachtcharter-connection.com\/tj%c3%b6rn-sk%c3%a4rhamn-936\" title=\"\"> Tj\u00f6rn \/ Sk\u00e4rhamn <\/a><\/li>\n<li><a class=\"SmallLinks\" href=\"https:\/\/yachtcharter-connection.com\/uddevalla-k%c3%a4llviken-662\" title=\"\"> Uddevalla \/ K\u00e4llviken <\/a><\/li>\n<li><a class=\"SmallLinks\" href=\"https:\/\/yachtcharter-connection.com\/wallhamn-marina-312\" title=\"\"> Wallhamn Marina <\/a><\/li>\n<\/ul>\n<\/div>\n<\/td>\n<\/tr>\n<\/tbody>\n<\/table>\n","protected":false},"excerpt":{"rendered":"<p>Yachtcharter Ostsee &#8211; Westschweden West-Schweden \/ Bohusl\u00e4n Fiskeb\u00e4ckskil Fj\u00e4llbacka G\u00f6teborg G\u00f6teborg \/ Ahlstr\u00f6ms Pir G\u00f6teborg \/ Amund\u00f6n G\u00f6teborg \/ Bj\u00f6rland Kile G\u00f6teborg \/ City Marina G\u00f6teborg \/ Fiskeb\u00e4ck G\u00f6teborg \/ H\u00e4ls\u00f6 G\u00f6teborg \/ Hinsholmen G\u00f6teborg \/ H\u00f6n\u00f6 R\u00f6d G\u00f6teborg \/ Hovas G\u00f6teborg \/ Klippan G\u00f6teborg \/ Kullavik G\u00f6teborg \/ L\u00e5ngedrag<\/p>\n","protected":false},"author":11,"featured_media":0,"parent":536,"menu_order":0,"comment_status":"open","ping_status":"open","template":"","meta":[],"aioseo_notices":[],"_links":{"self":[{"href":"https:\/\/yachtcharter-connection.com\/de\/wp-json\/wp\/v2\/pages\/756"}],"collection":[{"href":"https:\/\/yachtcharter-connection.com\/de\/wp-json\/wp\/v2\/pages"}],"about":[{"href":"https:\/\/yachtcharter-connection.com\/de\/wp-json\/wp\/v2\/types\/page"}],"author":[{"embeddable":true,"href":"https:\/\/yachtcharter-connection.com\/de\/wp-json\/wp\/v2\/users\/11"}],"replies":[{"embeddable":true,"href":"https:\/\/yachtcharter-connection.com\/de\/wp-json\/wp\/v2\/comments?post=756"}],"version-history":[{"count":1,"href":"https:\/\/yachtcharter-connection.com\/de\/wp-json\/wp\/v2\/pages\/756\/revisions"}],"predecessor-version":[{"id":12811,"href":"https:\/\/yachtcharter-connection.com\/de\/wp-json\/wp\/v2\/pages\/756\/revisions\/12811"}],"up":[{"embeddable":true,"href":"https:\/\/yachtcharter-connection.com\/de\/wp-json\/wp\/v2\/pages\/536"}],"wp:attachment":[{"href":"https:\/\/yachtcharter-connection.com\/de\/wp-json\/wp\/v2\/media?parent=756"}],"curies":[{"name":"wp","href":"https:\/\/api.w.org\/{rel}","templated":true}]}}