{"id":757,"date":"2015-08-10T05:53:36","date_gmt":"2015-08-10T05:53:36","guid":{"rendered":"http:\/\/yachtcharter-connection.com.w01e47c6.kasserver.com\/yachtcharter-adria-nord\/"},"modified":"2025-03-02T12:45:38","modified_gmt":"2025-03-02T10:45:38","slug":"yachtcharter-adria-nord","status":"publish","type":"page","link":"https:\/\/yachtcharter-connection.com\/de\/regionen\/mittelmeer\/yachtcharter-adria-nord\/","title":{"rendered":"Adria \/ Nord"},"content":{"rendered":"<h3>Yachtcharter Adria &#8211; n\u00f6rdliche Adria<\/h3>\n<p><img loading=\"lazy\" class=\"content-image\" src=\"https:\/\/yachtcharter-connection.com\/wp-content\/uploads\/converted_files\/19077\/19077-5624b27443dfe.jpg\" alt=\"Segelrevier n\u00f6rdliche Adria - Charter Crew\" width=\"300\" height=\"307\" \/>Die Yachtcharter-Reviere in der n\u00f6rdlichen Adria teilen sich auf in die italienische Adria, Slovenien sowie Kroatien &#8211; mit Istrien im Norden, der Kvarner Bucht und der Inselgruppe der Kornaten, und mit Abstand den meisten Yachtcharter-St\u00fctzpunkten.<\/p>\n<p>Das Klima ist mediterran angenehm, die sch\u00f6nste Segelzeit und Hauptsaison f\u00fcr Yachtcharter-Tourismus dauert von Mai bis September. Das Segelwetter wird von drei Winden wesentlich bestimmt: Der Maestrale weht aus Nordwesten bei meist angenehm sch\u00f6nem Wetter. Der warme Jugo aus dem S\u00fcden wird anderswo auch Schirokko genannt. Vorsicht vor der Bora: Dieser weht aus Norden oder Nordost teils heftig vor allem bei Hochdrucklage \u00fcber dem Balkan, Sturmst\u00e4rke und heftige B\u00f6en sind h\u00e4ufig. Die Bora kann Gewitter mit sich bringen, tritt aber auch bei strahlend blauem Himmel auf. Manchmal h\u00f6rt sie aber ebenso schlagartig auf wie sie gekommen ist \u2013 den besten Wetterbericht f\u00fcr Yachtcharter-Crews liefern oft Fischer und Hafenmeister. Wenn dieser dazu r\u00e4t, das morgendliche Auslaufen auf den Mittag zu verschieben, wei\u00df er durchaus, wovon er spricht!<\/p>\n<p>Mehr Informationen zu den einzelnen Yachtcharter-Revieren der n\u00f6rdlichen Adria sind bei den Beschreibungen einzelnen L\u00e4ndern unter Destinationen zu finden.<\/p>\n<p>&nbsp;<\/p>\n<table class=\"RegionsAndSubregions\" style=\"border-collapse: collapse;\" border=\"0\" cellspacing=\"0\">\n<tbody>\n<tr>\n<td>\n<div class=\"SubregionRepeaterTitle\">\n<h2>Adria \/ Nord<\/h2>\n<\/div>\n<div class=\"SmallLinks\">\n<ul>\n<li><a class=\"SmallLinks\" title=\"\" href=\"https:\/\/yachtcharter-connection.com\/de\/biograd-587\"> Biograd <\/a><\/li>\n<li><a class=\"SmallLinks\" title=\"\" href=\"https:\/\/yachtcharter-connection.com\/de\/cres-951\"> Cres <\/a><\/li>\n<li><a class=\"SmallLinks\" title=\"\" href=\"https:\/\/yachtcharter-connection.com\/de\/crikvenica-709\"> Crikvenica <\/a><\/li>\n<li><a class=\"SmallLinks\" title=\"\" href=\"https:\/\/yachtcharter-connection.com\/de\/jezera-617\"> Jezera <\/a><\/li>\n<li><a class=\"SmallLinks\" title=\"\" href=\"https:\/\/yachtcharter-connection.com\/de\/punat-a-898\"> Krk \/ Punat <\/a><\/li>\n<li><a class=\"SmallLinks\" title=\"\" href=\"https:\/\/yachtcharter-connection.com\/de\/losinj-789\"> Losinj <\/a><\/li>\n<li><a class=\"SmallLinks\" title=\"\" href=\"https:\/\/yachtcharter-connection.com\/de\/medulin-605\"> Medulin <\/a><\/li>\n<li><a class=\"SmallLinks\" title=\"\" href=\"https:\/\/yachtcharter-connection.com\/de\/murter-691\"> Murter <\/a><\/li>\n<li><a class=\"SmallLinks\" title=\"\" href=\"https:\/\/yachtcharter-connection.com\/de\/opatija-673\"> Opatija <\/a><\/li>\n<li><a class=\"SmallLinks\" title=\"\" href=\"https:\/\/yachtcharter-connection.com\/de\/simuni-590\"> Pag \/ Simuni <\/a><\/li>\n<li><a class=\"SmallLinks\" title=\"\" href=\"https:\/\/yachtcharter-connection.com\/de\/porec-264\"> Porec <\/a><\/li>\n<li><a class=\"SmallLinks\" title=\"\" href=\"https:\/\/yachtcharter-connection.com\/de\/primosten-375\"> Primosten <\/a><\/li>\n<li><a class=\"SmallLinks\" title=\"\" href=\"https:\/\/yachtcharter-connection.com\/de\/pula-999\"> Pula <\/a><\/li>\n<li><a class=\"SmallLinks\" title=\"\" href=\"https:\/\/yachtcharter-connection.com\/de\/punat-b-249\"> Punat &#8211; B <\/a><\/li>\n<li><a class=\"SmallLinks\" title=\"\" href=\"https:\/\/yachtcharter-connection.com\/de\/rab-895\"> Rab <\/a><\/li>\n<li><a class=\"SmallLinks\" title=\"\" href=\"https:\/\/yachtcharter-connection.com\/de\/rijeka-582\"> Rijeka <\/a><\/li>\n<li><a class=\"SmallLinks\" title=\"\" href=\"https:\/\/yachtcharter-connection.com\/de\/rovinj-436\"> Rovinj <\/a><\/li>\n<li><a class=\"SmallLinks\" title=\"\" href=\"https:\/\/yachtcharter-connection.com\/de\/sibenik-638\"> Sibenik <\/a><\/li>\n<li><a class=\"SmallLinks\" title=\"\" href=\"https:\/\/yachtcharter-connection.com\/de\/sukosan-777\"> Sukosan <\/a><\/li>\n<li><a class=\"SmallLinks\" title=\"\" href=\"https:\/\/yachtcharter-connection.com\/de\/tribunj-282\"> Tribunj <\/a><\/li>\n<li><a class=\"SmallLinks\" title=\"\" href=\"https:\/\/yachtcharter-connection.com\/de\/ugljan-marina-preko-793\"> Ugljan \/ Marina Preko <\/a><\/li>\n<li><a class=\"SmallLinks\" title=\"\" href=\"https:\/\/yachtcharter-connection.com\/de\/umag-811\"> Umag <\/a><\/li>\n<li><a class=\"SmallLinks\" title=\"\" href=\"https:\/\/yachtcharter-connection.com\/de\/vodice-158\"> Vodice <\/a><\/li>\n<li><a class=\"SmallLinks\" title=\"\" href=\"https:\/\/yachtcharter-connection.com\/de\/vrsar-505\"> Vrsar <\/a><\/li>\n<li><a class=\"SmallLinks\" title=\"\" href=\"https:\/\/yachtcharter-connection.com\/de\/zadar-233\"> Zadar <\/a><\/li>\n<li><a class=\"SmallLinks\" title=\"\" href=\"https:\/\/yachtcharter-connection.com\/de\/zlatna-luka-842\"> Zlatna Luka <\/a><\/li>\n<\/ul>\n<\/div>\n<\/td>\n<\/tr>\n<\/tbody>\n<\/table>\n","protected":false},"excerpt":{"rendered":"<p>Yachtcharter Adria &#8211; n\u00f6rdliche Adria Die Yachtcharter-Reviere in der n\u00f6rdlichen Adria teilen sich auf in die italienische Adria, Slovenien sowie Kroatien &#8211; mit Istrien im Norden, der Kvarner Bucht und der Inselgruppe der Kornaten, und mit Abstand den meisten Yachtcharter-St\u00fctzpunkten. Das Klima ist mediterran angenehm, die sch\u00f6nste Segelzeit und Hauptsaison<\/p>\n","protected":false},"author":11,"featured_media":0,"parent":532,"menu_order":0,"comment_status":"open","ping_status":"open","template":"","meta":[],"aioseo_notices":[],"_links":{"self":[{"href":"https:\/\/yachtcharter-connection.com\/de\/wp-json\/wp\/v2\/pages\/757"}],"collection":[{"href":"https:\/\/yachtcharter-connection.com\/de\/wp-json\/wp\/v2\/pages"}],"about":[{"href":"https:\/\/yachtcharter-connection.com\/de\/wp-json\/wp\/v2\/types\/page"}],"author":[{"embeddable":true,"href":"https:\/\/yachtcharter-connection.com\/de\/wp-json\/wp\/v2\/users\/11"}],"replies":[{"embeddable":true,"href":"https:\/\/yachtcharter-connection.com\/de\/wp-json\/wp\/v2\/comments?post=757"}],"version-history":[{"count":3,"href":"https:\/\/yachtcharter-connection.com\/de\/wp-json\/wp\/v2\/pages\/757\/revisions"}],"predecessor-version":[{"id":31232,"href":"https:\/\/yachtcharter-connection.com\/de\/wp-json\/wp\/v2\/pages\/757\/revisions\/31232"}],"up":[{"embeddable":true,"href":"https:\/\/yachtcharter-connection.com\/de\/wp-json\/wp\/v2\/pages\/532"}],"wp:attachment":[{"href":"https:\/\/yachtcharter-connection.com\/de\/wp-json\/wp\/v2\/media?parent=757"}],"curies":[{"name":"wp","href":"https:\/\/api.w.org\/{rel}","templated":true}]}}