{"id":759,"date":"2015-08-10T05:53:36","date_gmt":"2015-08-10T05:53:36","guid":{"rendered":"http:\/\/yachtcharter-connection.com.w01e47c6.kasserver.com\/yachtcharter-ligurien-korsika-toskana-elba\/"},"modified":"2017-10-15T22:12:44","modified_gmt":"2017-10-15T20:12:44","slug":"yachtcharter-ligurien-korsika-toskana-elba","status":"publish","type":"page","link":"https:\/\/yachtcharter-connection.com\/de\/regionen\/mittelmeer\/yachtcharter-ligurien-korsika-toskana-elba\/","title":{"rendered":"Ligurien &#8211; Korsika &#8211; Toskana &#8211; Elba"},"content":{"rendered":"<h3>Yachtcharter Ligurien &#8211; Toskana &#8211; Korsika<\/h3>\n<p>\n<img loading=\"lazy\" class=\"content-image\"  height=\"225\" width=\"300\" src=\"https:\/\/yachtcharter-connection.com\/wp-content\/uploads\/converted_files\/19083\/19083-5624b2773e433.jpg\" alt=\"Italien-Ligurien-Portofino\" \/>Die Toskana und die Riviera Liguriens sind f\u00fcr Familien-  und Genie\u00dfert\u00f6rns ideal. von den Charterh\u00e4fen Livorno und Castiglioncello aus bietet sich die Erkundung der Gef\u00e4ngnisinsel Gorgona an oder ein T\u00f6rn auf die Naturschutzinsel Capraia an. Einige der Charter-Basen  wie Piombino Punta Ala oder die Etrusca Marina in Folonica eignen sich auch bestens als Ausgangsbasis f\u00fcr T\u00f6rns nach Elba. Von Porto San Stefano al Mare, weiter s\u00fcdlich gelegen, sind die Inseln Giglio mit mittelalterlichem Burgberg, Traumbuchten und viel Natur sowie Giannutri mit steilen Klippen, vielen M\u00f6wen und spannenden Grotten leicht erreichbar. Alle Inseln zusammen bilden das Toskanische Archipel &ndash; und in ihrem Norden wird aus dem Tyrrhenischen das Ligurische Meer. Wer an der Festlandsk\u00fcste bleiben will, bummelt durch pittoreske H\u00e4fen und genie\u00dft einfach italienisches Dolce far Niente. Die Toskana wartet auch mit sch\u00f6nen Str\u00e4nden auf wie in Viareggio oder Massa Marittima. Ausfl\u00fcge durch die von Pinien, Zypressen, Olivenb\u00e4umen und H\u00fcgeln gepr\u00e4gte Landschaft bieten sich nach Pisa, Lucca oder nach Carrara, wo der wei\u00dfe Marmor herkommt. <\/p>\n<p>Wer in Genua oder La Spezia chartert, kann nach S\u00fcdosten oder gen Westen segeln.  Highlights an der Riviera de Levante im S\u00fcdosten von Genua sind die &bdquo;Cinque Terre&ldquo;, f\u00fcnf D\u00f6rfer am Berg mit Weinbau, kleinen H\u00e4uschen und atemberaubender Landschaft, Portofino, der Hafen der Reichen und Sch\u00f6nen (hier kann man auch die ber\u00fchmte Sea Cloud treffen, auf Luxusyachten der Noblesse sowieso) , Sestri Levante und Rappallo . Die Riviera di Fiori, die Blumenriviera, liegt im Westen Genuas Richtung Monaco bis Venitmiglia. Seglerisch ist sie \u00e4hnlich wie die Cote d&rsquo;Azur, einen Besuch lohnen der Badeort Diano Marina, San Remo, bekannt f\u00fcr das allj\u00e4hrliche Musikfestival oder Imperia, wo auch eindrucksvolle Regatten mit Klassikern ausgerichtet werden. Die Altstadt von Genua ist auf alle F\u00e4lle einen ausf\u00fchrlichen Besuch wert &ndash; und die K\u00fcche Liguriens gilt als einfach und absolut k\u00f6stlich.<\/p>\n<h4>Yachtcharter Italien &ndash; Elba<\/h4>\n<p>Die drittgr\u00f6\u00dfte Insel Italiens liegt nur etwa eine Segel-Stunde vom Festland entfernt. Elba, als Segelrevier auch hervorragend geeignet f\u00fcr den T\u00f6rn mit den eigenen Bambini, bietet jede Menge Ankerpl\u00e4tze und Buchten, sch\u00f6ne Str\u00e4nde und gleich sechs H\u00e4fen. Charter-Yachten gibt es Portoferraio, Marciana Marina und Rio Marina. Der alte Hafen des Hauptortes Portoferraio bietet nicht ganz soviel Komfort wie manche Marina, aber umso mehr Abwechslung an der Promenade und in der Stadt.  Langweilig wird es auch beim Segeln nicht &ndash; in der Stra\u00dfe von Piombino und um Elba herum gibt es auch wiederum viele kleine Isole. <\/p>\n<p>Am Fuss des Berges Capanne liegt Marciana Marina im Inselwesten, um einen alten Fischereihafen herum gebaut.  F\u00fcr Ankerlieger gibt es genug Platz, wer mehr Komfort m\u00f6chte, liegt an Schwimmstegen in der Marina. Der Hafen ist auch ein guter Ausgangshafen f\u00fcr T\u00f6rns nach Korsika. In Rio Marina, einem typischen Dorf mit schmalen Gassen, gibt es mittlerweile Schwimmstege. Porto Azzurro gilt als einer der sch\u00f6nsten H\u00e4fen Italiens \u00fcberhaupt mit einer langgestreckten Bucht, malerischen Cafes am Wasser und alten Burgen, die den Hafen \u00fcberwachen &ndash; da sowohl Einheimische als auch Touristen dieses Ambiente lieben, herrscht reges Leben in den Stra\u00dfen und auch das Nightlife kommt nicht zu kurz. Marina di Campo im S\u00fcden ist ein echter Fischerhafen und h\u00e4ufig voll &ndash; hier ist eher Ankern angesagt.<\/p>\n<p>Aufpassen beim Wetterbericht: Elba und das gesamte Toskanische Archipel liegt genau zwischen Ligurischem und Tyrrhenischen Meer, insofern sind die Vorhersagen aus beiden Regionen relevant.<\/p>\n<h3>Yachtcharter Frankreich &#8211; Korsika<\/h3>\n<p><img loading=\"lazy\" class=\"content-image\"  height=\"193\" width=\"300\" src=\"https:\/\/yachtcharter-connection.com\/wp-content\/uploads\/converted_files\/19083\/19083-5624b278d891c.jpg\" alt=\"Segelrevier Korsika\" \/>Viele Yachtcharter-Crews machen von Elba aus einen Abstecher nach Korsika. An Charteryachten mangelt es hier allerdings auch nicht: Chartern kann man unter anderem in Ajaccio, Bastia, Bonifacio, Porto Vecchio, Propiano oder in Calvi, einer h\u00fcbschen Hafenstadt im Nordwesten mit gro\u00dfer Marina. Ajaccio, Hauptstadt der Insel am gleichnamigen Golf an der Westk\u00fcste und Geburtsstadt Napoleons,verf\u00fcgt \u00fcber zwei malerische H\u00e4fen &ndash; den Tino Rossi-Hafen und den Hafen der Admiralit\u00e4t, beide auch mit ausreichend Liegepl\u00e4tzen f\u00fcr G\u00e4ste. Bastia im Norden am Cap Corse ist vom Charakter her italienischer als Ajaccio, Der alte Hafen, \u00fcberragt von einer Zitadelle, die von der &bdquo;Pier des Draches&ldquo; aus zug\u00e4nglich ist,  ist Yacht-, Fischer- und F\u00e4hrhafen &ndash; hier kommen die F\u00e4hren aus Frankreich und Italien an. Mehr Pl\u00e4tze f\u00fcr Charterer bietet hier der Yachthafen Toga. Porto Vecchio oder Bonifacio sind gut geeignet als Ausgangsh\u00e4fen f\u00fcr T\u00f6rns gen S\u00fcden nach Sardinien oder zu den Inseln Cerbicales,  Lavezzi und Cavallo. Wie auch sonst in Frankreich mangelt es nicht an guter K\u00fcche und typischen Bars. <\/p>\n<p>Eine Liste mit Waypoints f\u00fcr Elba und Korsika finden Sie hier zum Download: <br \/>\n<a target=\"_blank\" href=\"https:\/\/yachtcharter-connection.com\/wp-content\/uploads\/converted_files\/19083\/19083-5624b27a47e07.pdf\"><u><b>Waypoints Elba \/ Korsika.<\/b><\/u><\/a><\/p>\n<table  class=\"RegionsAndSubregions\" cellspacing=\"0\" border=\"0\" style=\"border-collapse:collapse;\">\n<tbody>\n<tr>\n<td>\n<div class=\"SubregionRepeaterTitle\">\n<h2> Ligurien &#8211; Korsika &#8211; Toskana &#8211; Elba <\/h2>\n<\/div>\n<div class=\"SmallLinks\">\n<ul>\n<li><a class=\"SmallLinks\" href=\"https:\/\/yachtcharter-connection.com\/baratti-742\" title=\"\"> Baratti <\/a><\/li>\n<li><a class=\"SmallLinks\" href=\"https:\/\/yachtcharter-connection.com\/bocca-di-magra-129\" title=\"\"> Bocca di Magra <\/a><\/li>\n<li><a class=\"SmallLinks\" href=\"https:\/\/yachtcharter-connection.com\/cala-galera-971\" title=\"\"> Cala Galera <\/a><\/li>\n<li><a class=\"SmallLinks\" href=\"https:\/\/yachtcharter-connection.com\/castiglioncello-400\" title=\"\"> Castiglioncello <\/a><\/li>\n<li><a class=\"SmallLinks\" href=\"https:\/\/yachtcharter-connection.com\/yachtcharter-cecina\" title=\"\"> Cecina <\/a><\/li>\n<li><a class=\"SmallLinks\" href=\"https:\/\/yachtcharter-connection.com\/cinque-terre-343\" title=\"\"> Cinque Terre <\/a><\/li>\n<li><a class=\"SmallLinks\" href=\"https:\/\/yachtcharter-connection.com\/portovenere-569\" title=\"\"> Cinque Terre \/ Portovenere <\/a><\/li>\n<li><a class=\"SmallLinks\" href=\"https:\/\/yachtcharter-connection.com\/elba-marciana-marina-791\" title=\"\"> Elba \/ Marciana Marina <\/a><\/li>\n<li><a class=\"SmallLinks\" href=\"https:\/\/yachtcharter-connection.com\/elba-porto-azzurro-387\" title=\"\"> Elba \/ Porto Azzurro <\/a><\/li>\n<li><a class=\"SmallLinks\" href=\"https:\/\/yachtcharter-connection.com\/elba-portoferraio-863\" title=\"\"> Elba \/ Portoferraio <\/a><\/li>\n<li><a class=\"SmallLinks\" href=\"https:\/\/yachtcharter-connection.com\/elba-rio-marina-184\" title=\"\"> Elba \/ Rio Marina <\/a><\/li>\n<li><a class=\"SmallLinks\" href=\"https:\/\/yachtcharter-connection.com\/follonica-etrusca-marina-397\" title=\"\"> Follonica \/ Etrusca Marina <\/a><\/li>\n<li><a class=\"SmallLinks\" href=\"https:\/\/yachtcharter-connection.com\/genua-860\" title=\"\"> Genua <\/a><\/li>\n<li><a class=\"SmallLinks\" href=\"https:\/\/yachtcharter-connection.com\/imperia-andora-365\" title=\"\"> Imperia \/ Andora <\/a><\/li>\n<li><a class=\"SmallLinks\" href=\"https:\/\/yachtcharter-connection.com\/imperia-san-lorenzo-al-mare-896\" title=\"\"> Imperia \/ San Lorenzo al Mare <\/a><\/li>\n<li><a class=\"SmallLinks\" href=\"https:\/\/yachtcharter-connection.com\/korsika-ajaccio\" title=\"\"> Korsika \/ Ajaccio <\/a><\/li>\n<li><a class=\"SmallLinks\" href=\"https:\/\/yachtcharter-connection.com\/korsika-bastia\" title=\"\"> Korsika \/ Bastia <\/a><\/li>\n<li><a class=\"SmallLinks\" href=\"https:\/\/yachtcharter-connection.com\/korsika-bonifacio\" title=\"\"> Korsika \/ Bonifacio <\/a><\/li>\n<li><a class=\"SmallLinks\" href=\"https:\/\/yachtcharter-connection.com\/korsika-calvi\" title=\"\"> Korsika \/ Calvi <\/a><\/li>\n<li><a class=\"SmallLinks\" href=\"https:\/\/yachtcharter-connection.com\/korsika-pietranera\" title=\"\"> Korsika \/ Pietranera <\/a><\/li>\n<li><a class=\"SmallLinks\" href=\"https:\/\/yachtcharter-connection.com\/korsika-porto-vecchio\" title=\"\"> Korsika \/ Porto Vecchio <\/a><\/li>\n<li><a class=\"SmallLinks\" href=\"https:\/\/yachtcharter-connection.com\/korsika-propriano\" title=\"\"> Korsika \/ Propriano <\/a><\/li>\n<li><a class=\"SmallLinks\" href=\"https:\/\/yachtcharter-connection.com\/korsika-saint-florent\" title=\"\"> Korsika \/ Saint-Florent <\/a><\/li>\n<li><a class=\"SmallLinks\" href=\"https:\/\/yachtcharter-connection.com\/korsika-solenzara\" title=\"\"> Korsika \/ Solenzara <\/a><\/li>\n<li><a class=\"SmallLinks\" href=\"https:\/\/yachtcharter-connection.com\/la-spezia-333\" title=\"\"> La Spezia <\/a><\/li>\n<li><a class=\"SmallLinks\" href=\"https:\/\/yachtcharter-connection.com\/lavagna-595\" title=\"\"> Lavagna <\/a><\/li>\n<li><a class=\"SmallLinks\" href=\"https:\/\/yachtcharter-connection.com\/livorno-566\" title=\"\"> Livorno <\/a><\/li>\n<li><a class=\"SmallLinks\" href=\"https:\/\/yachtcharter-connection.com\/piombino-marina-salivoli-188\" title=\"\"> Piombino \/ Marina Salivoli <\/a><\/li>\n<li><a class=\"SmallLinks\" href=\"https:\/\/yachtcharter-connection.com\/piombino-porto-piombino-242\" title=\"\"> Piombino \/ Porto Piombino <\/a><\/li>\n<li><a class=\"SmallLinks\" href=\"https:\/\/yachtcharter-connection.com\/pisa-182\" title=\"\"> Pisa <\/a><\/li>\n<li><a class=\"SmallLinks\" href=\"https:\/\/yachtcharter-connection.com\/pontone-246\" title=\"\"> Pontone <\/a><\/li>\n<li><a class=\"SmallLinks\" href=\"https:\/\/yachtcharter-connection.com\/porto-ercole-478\" title=\"\"> Porto Ercole <\/a><\/li>\n<li><a class=\"SmallLinks\" href=\"https:\/\/yachtcharter-connection.com\/portofino-662\" title=\"\"> Portofino <\/a><\/li>\n<li><a class=\"SmallLinks\" href=\"https:\/\/yachtcharter-connection.com\/punta-ala-503\" title=\"\"> Punta Ala <\/a><\/li>\n<li><a class=\"SmallLinks\" href=\"https:\/\/yachtcharter-connection.com\/riva-di-traiano-290\" title=\"\"> Riva di Traiano <\/a><\/li>\n<li><a class=\"SmallLinks\" href=\"https:\/\/yachtcharter-connection.com\/rosignano-355\" title=\"\"> Rosignano <\/a><\/li>\n<li><a class=\"SmallLinks\" href=\"https:\/\/yachtcharter-connection.com\/s-stefano-al-mare-marina-degli-aregai-944\" title=\"\"> S. Stefano Al Mare \/ Marina degli Aregai <\/a><\/li>\n<li><a class=\"SmallLinks\" href=\"https:\/\/yachtcharter-connection.com\/san-remo-399\" title=\"\"> San Remo <\/a><\/li>\n<li><a class=\"SmallLinks\" href=\"https:\/\/yachtcharter-connection.com\/san-vincenzo-347\" title=\"\"> San Vincenzo <\/a><\/li>\n<li><a class=\"SmallLinks\" href=\"https:\/\/yachtcharter-connection.com\/savona-647\" title=\"\"> Savona <\/a><\/li>\n<li><a class=\"SmallLinks\" href=\"https:\/\/yachtcharter-connection.com\/talamone-214\" title=\"\"> Talamone <\/a><\/li>\n<li><a class=\"SmallLinks\" href=\"https:\/\/yachtcharter-connection.com\/viareggio-214\" title=\"\"> Viareggio <\/a><\/li>\n<\/ul>\n<\/div>\n<\/td>\n<\/tr>\n<\/tbody>\n<\/table>\n","protected":false},"excerpt":{"rendered":"<p>Yachtcharter Ligurien &#8211; Toskana &#8211; Korsika Die Toskana und die Riviera Liguriens sind f\u00fcr Familien- und Genie\u00dfert\u00f6rns ideal. von den Charterh\u00e4fen Livorno und Castiglioncello aus bietet sich die Erkundung der Gef\u00e4ngnisinsel Gorgona an oder ein T\u00f6rn auf die Naturschutzinsel Capraia an. Einige der Charter-Basen wie Piombino Punta Ala oder die<\/p>\n","protected":false},"author":11,"featured_media":0,"parent":532,"menu_order":0,"comment_status":"open","ping_status":"open","template":"","meta":[],"aioseo_notices":[],"_links":{"self":[{"href":"https:\/\/yachtcharter-connection.com\/de\/wp-json\/wp\/v2\/pages\/759"}],"collection":[{"href":"https:\/\/yachtcharter-connection.com\/de\/wp-json\/wp\/v2\/pages"}],"about":[{"href":"https:\/\/yachtcharter-connection.com\/de\/wp-json\/wp\/v2\/types\/page"}],"author":[{"embeddable":true,"href":"https:\/\/yachtcharter-connection.com\/de\/wp-json\/wp\/v2\/users\/11"}],"replies":[{"embeddable":true,"href":"https:\/\/yachtcharter-connection.com\/de\/wp-json\/wp\/v2\/comments?post=759"}],"version-history":[{"count":1,"href":"https:\/\/yachtcharter-connection.com\/de\/wp-json\/wp\/v2\/pages\/759\/revisions"}],"predecessor-version":[{"id":12940,"href":"https:\/\/yachtcharter-connection.com\/de\/wp-json\/wp\/v2\/pages\/759\/revisions\/12940"}],"up":[{"embeddable":true,"href":"https:\/\/yachtcharter-connection.com\/de\/wp-json\/wp\/v2\/pages\/532"}],"wp:attachment":[{"href":"https:\/\/yachtcharter-connection.com\/de\/wp-json\/wp\/v2\/media?parent=759"}],"curies":[{"name":"wp","href":"https:\/\/api.w.org\/{rel}","templated":true}]}}